{"id":32907,"date":"2021-01-13T13:40:27","date_gmt":"2021-01-13T13:40:27","guid":{"rendered":"https:\/\/www.ecb.ee\/linnad\/parnu-linn\/"},"modified":"2024-05-14T13:03:56","modified_gmt":"2024-05-14T13:03:56","slug":"parnu","status":"publish","type":"page","link":"https:\/\/www.ecb.ee\/fi\/kaupungit\/parnu\/","title":{"rendered":"P\u00e4rnu"},"content":{"rendered":"<h4>P\u00e4rnu on ihanteellinen kokous- ja tapahtumakohde<\/h4>\n<p>P\u00e4rnussa voi loistavasti yhdist\u00e4\u00e4 ty\u00f6n ja rentoutumisen. Kooltaankin P\u00e4rnu on mainio, kaupunki on kompakti ja joka paikkaan p\u00e4\u00e4see nopeasti. Seminaarip\u00e4iv\u00e4n ohjelmaan on helppo liitt\u00e4\u00e4 el\u00e4myksellinen kylpyl\u00e4k\u00e4ynti tai golfkierros.<\/p>\n<p>P\u00e4rnussa ei ole mik\u00e4\u00e4n ongelma j\u00e4rjest\u00e4\u00e4 kes\u00e4p\u00e4iv\u00e4t meren rannalla, seminaari saunassa, tiimikokous uima-altaalla tai liiketapaaminen historiallisessa huvilassa.<\/p>\n<h4>P\u00e4rnun hotellit ovat korkeatasoisia<\/h4>\n<p>P\u00e4rnun hotellit tarjoavat tasokkuutta ja loistavia mahdollisuuksia kokouksille. Kaupungin keskustassa on monipuolisia kokoushotelleja ja uniikkeja boutique-hotelleja niin suuriin kuin pieniin tapahtumiin. P\u00e4rnussa on per\u00e4ti yhdeks\u00e4n kylpyl\u00e4hotellia, joissa kylpyl\u00e4k\u00e4ynti sis\u00e4ltyy huoneen hintaan.<\/p>\n<p>P\u00e4rnun hotelleilla on pitk\u00e4aikaista ja ammattitaitoista kokemusta tapahtumien ja kokousten j\u00e4rjest\u00e4misest\u00e4. Talviaikakin hy\u00f6dynnet\u00e4\u00e4n, esimerkiksi rannan tuntumassa sijaitsevan Rannahotellin koko rakennuksen voi varata sesongin ulkopuolella.<\/p>\n<p>Tutustu kaikkiin P\u00e4rnun kylpyl\u00e4hotelleihin t\u00e4\u00e4ll\u00e4: <a href=\"https:\/\/visitparnu.com\/fi\/kylpylaloma\/\" target=\"_blank\" rel=\"noopener\">https:\/\/visitparnu.com\/fi\/kylpylaloma\/<\/a><\/p>\n<h4>Kiinnostavia kokouskohteita<\/h4>\n<p>P\u00e4rnun kokouspaikat mahdollistavat hyvin erilaisia ja jopa erikoisia tapahtumaformaatteja niin sis\u00e4- kuin ulkotiloissa.<\/p>\n<p>P\u00e4rnun ydinkeskustassa sijaitsevan konserttitalon lasinen julkisivu on erityisen juhlava ja vaikuttava iltavalaistuksessa. Rakennuksessa on kaksi akustiikaltaan erinomaista salia, joissa voi j\u00e4rjest\u00e4\u00e4 l\u00e4hes kaikkea kamarimusiikista suurkonsertteihin ja tieteellisist\u00e4 konferensseista banketteihin. P\u00e4rnun konserttitalo mahduttaa saleihinsa kaikkiaan noin 1100 henke\u00e4.<\/p>\n<p>P\u00e4rnun isoimmissa hotelleissa on erilliset konferenssikeskukset. Hestia Strand Hotelin ja Estonia Resort &amp; Spa Hotelin kapasiteetti on parin sadan kokousvieraan luokkaa.<\/p>\n<p>Hedon SPA &amp; Hotelin, Wasa Resort Hotelin, Ammende Villan ja P\u00e4rnu Hotelin kokoustilat ovat\u00a0hieman pienempi\u00e4, ja niihin mahtuu enimmill\u00e4\u00e4n 70 henke\u00e4.<\/p>\n<h4>El\u00e4myskohteita<\/h4>\n<p>P\u00e4rnussa voi harrastaa j\u00e4nnitt\u00e4vi\u00e4 aktiviteetteja, jotka sopivat oivasti rentoutumiseen konferenssien j\u00e4lkeen tai tiimitapaamisten oheisohjelmaksi. Tarjolla on muun muassa rentouttavia kylpyl\u00e4k\u00e4yntej\u00e4, seikkailup\u00e4ivi\u00e4 luonnossa tai kaupungin historiaan ja n\u00e4ht\u00e4vyyksiin liittyvi\u00e4 kulttuuriretki\u00e4.<\/p>\n<p>Kalatakso ja Sauga Fishing Village viev\u00e4t kalastusretkille maakunnan vesille mukavilla alumiiniveneill\u00e4, joissa on kaikki tarvittavat kalastus- ja turvavarusteet ja paikallinen kalastusopas neuvomassa.<\/p>\n<p>P\u00e4rnunlahdella p\u00e4\u00e4see liikkumaan niin purjeveneell\u00e4, katamaraanilla kuin vanhalla Hoppet -purjelaivalla. Hoppet tarjoaa seikkailuja niin merell\u00e4 kuin laiturissa: konsertteja merell\u00e4, auringonlasku- ja lahtiristeilyj\u00e4 sek\u00e4 el\u00e4mysretki\u00e4 enint\u00e4\u00e4n 50 hengelle. \u00a0My\u00f6s laivan hytiss\u00e4 voi j\u00e4rjest\u00e4\u00e4 tapahtumia, joissa kapteeni kokkaa skandinaavista ja rannikkokylien luomu- ja riistaruokaa.<\/p>\n<h4>Sykett\u00e4 nostavia extreme-seikkailuja<\/h4>\n<p><img decoding=\"async\" src=\"https:\/\/www.ecb.ee\/wp-content\/uploads\/2020\/12\/parnu-header-6.png\" \/><\/p>\n<p><a href=\"https:\/\/www.audruring.ee\/en\" target=\"_blank\" rel=\"noopener\">Porsche Ring<\/a> on koko Pohjois-Euroopan nykyaikaisin moottoriurheilukeskus, jonka radalla on FIA Grade 4 -lisenssi. Radalle p\u00e4\u00e4see ajamaan sek\u00e4 omalla autolla tai moottoripy\u00f6r\u00e4ll\u00e4 ett\u00e4 vuokraamalla rata-auton paikan p\u00e4\u00e4lt\u00e4. Porsche Ring tarjoaa erilaisia ajoel\u00e4myksi\u00e4 my\u00f6s ryhmille.<\/p>\n<p>Jos et ole viel\u00e4 l\u00f6yt\u00e4nyt yht\u00e4\u00e4n tarpeeksi hyv\u00e4\u00e4 ideaa, luonto ottaa jokaisen avosylin vastaan kaikkina vuodenaikoina.<\/p>\n<p>Vinkkej\u00e4 luontoretkiin:<br \/>\n\u2022 lumi- ja suokenk\u00e4retket, kanoottiretket<br \/>\n\u2022 surffaus tai SUP-lautailu<br \/>\n\u2022 ratsastus Marian maatilalla<br \/>\n\u2022 D\u00fc\u00fcnin rantalentopallo- ja tenniskent\u00e4t<br \/>\n\u2022 k\u00e4ynti Unescon maailmanperint\u00f6luetteloon kuuluvalla Kihnun saarella<br \/>\n\u2022 P\u00e4rnun pursiseuran merelliset el\u00e4mykset<\/p>\n<p>Muutamia erityisi\u00e4 ideoita hyv\u00e4n tunnelman luomiseksi:<br \/>\n\u2022 vierailut viini- ja siideritiloilla<br \/>\n\u2022 designty\u00f6pajat<br \/>\n\u2022 y\u00f6kylpyl\u00e4: Hedon Spa &amp; Hotelissa on y\u00f6kylpyl\u00e4 joka kuukauden toisena perjantaina, y\u00f6kylpyj\u00e4 j\u00e4rjest\u00e4v\u00e4t my\u00f6s Wasa Resort ja Hestia Hotel Strand.<\/p>\n<h4><strong>Ravintolat ja ruokael\u00e4mykset<\/strong><\/h4>\n<p>P\u00e4rnussa on useita erinomaisia ravintoloita, joissa voi nauttia herkullisesta ruoasta ja viihtyis\u00e4st\u00e4 tunnelmasta. Ruokapaikkoja on joka l\u00e4ht\u00f6\u00f6n kodikkaista kahviloista fine dining -ravintoloihin. P\u00e4rnun arvostetuimpia ravintoloita ovat ravintola Raimond, Ammende villa, Villa Wesset ja Villa Wesset Zero Waste keitti\u00f6mestarin sali, Wasa Resort Restaurant, Mon Ami, Hea Maa, Mum Caf\u00e9, ravintola Purpur ja ravintola Noot.<\/p>\n<p>Tutustu kaikkiin <a href=\"https:\/\/visitparnu.com\/fi\/ruokailut\" target=\"_blank\" rel=\"noopener\">P\u00e4rnun ravintoloihin<\/a><\/p>\n<p>Lis\u00e4tietoa kaikista majoitus- ja ruokapaikoista sek\u00e4 vapaa-ajan aktiviteeteista P\u00e4rnussa ja P\u00e4rnun maakunnassa l\u00f6ytyy <a href=\"https:\/\/visitparnu.com\/fi\/\" target=\"_blank\" rel=\"noopener\">Visit P\u00e4rnu kotisivulta<\/a><\/p>\n<h4>Yhteystiedot<\/h4>\n<p>Mik\u00e4li haluat j\u00e4rjest\u00e4\u00e4 seuraavan tapahtumasi P\u00e4rnussa, ota rohkeasti yhteytt\u00e4 tiimiimme. Autamme sinua l\u00f6yt\u00e4m\u00e4\u00e4n parhaat vaihtoehdot tarpeidesi ja toiveidesi mukaisesti. Kirjoita meille osoitteeseen <a href=\"mailto:info@destinationparnu.ee\" target=\"_blank\" rel=\"noopener\">info@destinationparnu.ee<\/a><\/p>\n<p style=\"font-weight: 400;\"><a href=\"https:\/\/vimeo.com\/632862543\">L\u00e4hde videokierrokselle kokouskaupunki P\u00e4rnuun!<\/a><\/p>\n","protected":false},"excerpt":{"rendered":"<p>P\u00e4rnu on ihanteellinen kokous- ja tapahtumakohde P\u00e4rnussa voi loistavasti yhdist\u00e4\u00e4 ty\u00f6n ja rentoutumisen. Kooltaankin P\u00e4rnu on mainio, kaupunki on kompakti ja joka paikkaan p\u00e4\u00e4see nopeasti. Seminaarip\u00e4iv\u00e4n ohjelmaan on helppo liitt\u00e4\u00e4 el\u00e4myksellinen kylpyl\u00e4k\u00e4ynti tai golfkierros. P\u00e4rnussa ei ole mik\u00e4\u00e4n ongelma j\u00e4rjest\u00e4\u00e4 kes\u00e4p\u00e4iv\u00e4t meren rannalla, seminaari saunassa, tiimikokous uima-altaalla tai liiketapaaminen historiallisessa huvilassa. P\u00e4rnun hotellit ovat korkeatasoisia [&hellip;]<\/p>\n","protected":false},"author":13,"featured_media":0,"parent":32877,"menu_order":154,"comment_status":"closed","ping_status":"closed","template":"templates\/tpl-destination.php","meta":{"_acf_changed":false,"footnotes":""},"class_list":["post-32907","page","type-page","status-publish","hentry"],"acf":[],"yoast_head":"<!-- This site is optimized with the Yoast SEO plugin v27.5 - https:\/\/yoast.com\/product\/yoast-seo-wordpress\/ -->\n<title>P\u00e4rnu - Estonian Convention Bureau<\/title>\n<meta name=\"robots\" content=\"index, follow, max-snippet:-1, max-image-preview:large, max-video-preview:-1\" \/>\n<link rel=\"canonical\" href=\"https:\/\/www.ecb.ee\/fi\/kaupungit\/parnu\/\" \/>\n<meta property=\"og:locale\" content=\"fi_FI\" \/>\n<meta property=\"og:type\" content=\"article\" \/>\n<meta property=\"og:title\" content=\"P\u00e4rnu - Estonian Convention Bureau\" \/>\n<meta property=\"og:description\" content=\"P\u00e4rnu on ihanteellinen kokous- ja tapahtumakohde P\u00e4rnussa voi loistavasti yhdist\u00e4\u00e4 ty\u00f6n ja rentoutumisen. Kooltaankin P\u00e4rnu on mainio, kaupunki on kompakti ja joka paikkaan p\u00e4\u00e4see nopeasti. Seminaarip\u00e4iv\u00e4n ohjelmaan on helppo liitt\u00e4\u00e4 el\u00e4myksellinen kylpyl\u00e4k\u00e4ynti tai golfkierros. P\u00e4rnussa ei ole mik\u00e4\u00e4n ongelma j\u00e4rjest\u00e4\u00e4 kes\u00e4p\u00e4iv\u00e4t meren rannalla, seminaari saunassa, tiimikokous uima-altaalla tai liiketapaaminen historiallisessa huvilassa. P\u00e4rnun hotellit ovat korkeatasoisia [&hellip;]\" \/>\n<meta property=\"og:url\" content=\"https:\/\/www.ecb.ee\/fi\/kaupungit\/parnu\/\" \/>\n<meta property=\"og:site_name\" content=\"Estonian Convention Bureau\" \/>\n<meta property=\"article:modified_time\" content=\"2024-05-14T13:03:56+00:00\" \/>\n<meta property=\"og:image\" content=\"https:\/\/www.ecb.ee\/wp-content\/uploads\/2020\/12\/parnu-header-6.png\" \/>\n<meta name=\"twitter:card\" content=\"summary_large_image\" \/>\n<meta name=\"twitter:label1\" content=\"Arvioitu lukuaika\" \/>\n\t<meta name=\"twitter:data1\" content=\"6 minuuttia\" \/>\n<script type=\"application\/ld+json\" class=\"yoast-schema-graph\">{\"@context\":\"https:\\\/\\\/schema.org\",\"@graph\":[{\"@type\":\"WebPage\",\"@id\":\"https:\\\/\\\/www.ecb.ee\\\/fi\\\/kaupungit\\\/parnu\\\/\",\"url\":\"https:\\\/\\\/www.ecb.ee\\\/fi\\\/kaupungit\\\/parnu\\\/\",\"name\":\"P\u00e4rnu - Estonian Convention Bureau\",\"isPartOf\":{\"@id\":\"https:\\\/\\\/www.ecb.ee\\\/#website\"},\"primaryImageOfPage\":{\"@id\":\"https:\\\/\\\/www.ecb.ee\\\/fi\\\/kaupungit\\\/parnu\\\/#primaryimage\"},\"image\":{\"@id\":\"https:\\\/\\\/www.ecb.ee\\\/fi\\\/kaupungit\\\/parnu\\\/#primaryimage\"},\"thumbnailUrl\":\"https:\\\/\\\/www.ecb.ee\\\/wp-content\\\/uploads\\\/2020\\\/12\\\/parnu-header-6.png\",\"datePublished\":\"2021-01-13T13:40:27+00:00\",\"dateModified\":\"2024-05-14T13:03:56+00:00\",\"breadcrumb\":{\"@id\":\"https:\\\/\\\/www.ecb.ee\\\/fi\\\/kaupungit\\\/parnu\\\/#breadcrumb\"},\"inLanguage\":\"fi\",\"potentialAction\":[{\"@type\":\"ReadAction\",\"target\":[\"https:\\\/\\\/www.ecb.ee\\\/fi\\\/kaupungit\\\/parnu\\\/\"]}]},{\"@type\":\"ImageObject\",\"inLanguage\":\"fi\",\"@id\":\"https:\\\/\\\/www.ecb.ee\\\/fi\\\/kaupungit\\\/parnu\\\/#primaryimage\",\"url\":\"https:\\\/\\\/www.ecb.ee\\\/wp-content\\\/uploads\\\/2020\\\/12\\\/parnu-header-6.png\",\"contentUrl\":\"https:\\\/\\\/www.ecb.ee\\\/wp-content\\\/uploads\\\/2020\\\/12\\\/parnu-header-6.png\"},{\"@type\":\"BreadcrumbList\",\"@id\":\"https:\\\/\\\/www.ecb.ee\\\/fi\\\/kaupungit\\\/parnu\\\/#breadcrumb\",\"itemListElement\":[{\"@type\":\"ListItem\",\"position\":1,\"name\":\"Home\",\"item\":\"https:\\\/\\\/www.ecb.ee\\\/fi\\\/\"},{\"@type\":\"ListItem\",\"position\":2,\"name\":\"Kaupungit\",\"item\":\"https:\\\/\\\/www.ecb.ee\\\/fi\\\/kaupungit\\\/\"},{\"@type\":\"ListItem\",\"position\":3,\"name\":\"P\u00e4rnu\"}]},{\"@type\":\"WebSite\",\"@id\":\"https:\\\/\\\/www.ecb.ee\\\/#website\",\"url\":\"https:\\\/\\\/www.ecb.ee\\\/\",\"name\":\"Estonian Convention Bureau\",\"description\":\"\",\"publisher\":{\"@id\":\"https:\\\/\\\/www.ecb.ee\\\/#organization\"},\"potentialAction\":[{\"@type\":\"SearchAction\",\"target\":{\"@type\":\"EntryPoint\",\"urlTemplate\":\"https:\\\/\\\/www.ecb.ee\\\/?s={search_term_string}\"},\"query-input\":{\"@type\":\"PropertyValueSpecification\",\"valueRequired\":true,\"valueName\":\"search_term_string\"}}],\"inLanguage\":\"fi\"},{\"@type\":\"Organization\",\"@id\":\"https:\\\/\\\/www.ecb.ee\\\/#organization\",\"name\":\"Estonian Convention Bureau\",\"url\":\"https:\\\/\\\/www.ecb.ee\\\/\",\"logo\":{\"@type\":\"ImageObject\",\"inLanguage\":\"fi\",\"@id\":\"https:\\\/\\\/www.ecb.ee\\\/#\\\/schema\\\/logo\\\/image\\\/\",\"url\":\"https:\\\/\\\/www.ecb.ee\\\/wp-content\\\/uploads\\\/2020\\\/12\\\/site_logo.svg\",\"contentUrl\":\"https:\\\/\\\/www.ecb.ee\\\/wp-content\\\/uploads\\\/2020\\\/12\\\/site_logo.svg\",\"caption\":\"Estonian Convention Bureau\"},\"image\":{\"@id\":\"https:\\\/\\\/www.ecb.ee\\\/#\\\/schema\\\/logo\\\/image\\\/\"}}]}<\/script>\n<!-- \/ Yoast SEO plugin. -->","yoast_head_json":{"title":"P\u00e4rnu - Estonian Convention Bureau","robots":{"index":"index","follow":"follow","max-snippet":"max-snippet:-1","max-image-preview":"max-image-preview:large","max-video-preview":"max-video-preview:-1"},"canonical":"https:\/\/www.ecb.ee\/fi\/kaupungit\/parnu\/","og_locale":"fi_FI","og_type":"article","og_title":"P\u00e4rnu - Estonian Convention Bureau","og_description":"P\u00e4rnu on ihanteellinen kokous- ja tapahtumakohde P\u00e4rnussa voi loistavasti yhdist\u00e4\u00e4 ty\u00f6n ja rentoutumisen. Kooltaankin P\u00e4rnu on mainio, kaupunki on kompakti ja joka paikkaan p\u00e4\u00e4see nopeasti. Seminaarip\u00e4iv\u00e4n ohjelmaan on helppo liitt\u00e4\u00e4 el\u00e4myksellinen kylpyl\u00e4k\u00e4ynti tai golfkierros. P\u00e4rnussa ei ole mik\u00e4\u00e4n ongelma j\u00e4rjest\u00e4\u00e4 kes\u00e4p\u00e4iv\u00e4t meren rannalla, seminaari saunassa, tiimikokous uima-altaalla tai liiketapaaminen historiallisessa huvilassa. P\u00e4rnun hotellit ovat korkeatasoisia [&hellip;]","og_url":"https:\/\/www.ecb.ee\/fi\/kaupungit\/parnu\/","og_site_name":"Estonian Convention Bureau","article_modified_time":"2024-05-14T13:03:56+00:00","og_image":[{"url":"https:\/\/www.ecb.ee\/wp-content\/uploads\/2020\/12\/parnu-header-6.png","type":"","width":"","height":""}],"twitter_card":"summary_large_image","twitter_misc":{"Arvioitu lukuaika":"6 minuuttia"},"schema":{"@context":"https:\/\/schema.org","@graph":[{"@type":"WebPage","@id":"https:\/\/www.ecb.ee\/fi\/kaupungit\/parnu\/","url":"https:\/\/www.ecb.ee\/fi\/kaupungit\/parnu\/","name":"P\u00e4rnu - Estonian Convention Bureau","isPartOf":{"@id":"https:\/\/www.ecb.ee\/#website"},"primaryImageOfPage":{"@id":"https:\/\/www.ecb.ee\/fi\/kaupungit\/parnu\/#primaryimage"},"image":{"@id":"https:\/\/www.ecb.ee\/fi\/kaupungit\/parnu\/#primaryimage"},"thumbnailUrl":"https:\/\/www.ecb.ee\/wp-content\/uploads\/2020\/12\/parnu-header-6.png","datePublished":"2021-01-13T13:40:27+00:00","dateModified":"2024-05-14T13:03:56+00:00","breadcrumb":{"@id":"https:\/\/www.ecb.ee\/fi\/kaupungit\/parnu\/#breadcrumb"},"inLanguage":"fi","potentialAction":[{"@type":"ReadAction","target":["https:\/\/www.ecb.ee\/fi\/kaupungit\/parnu\/"]}]},{"@type":"ImageObject","inLanguage":"fi","@id":"https:\/\/www.ecb.ee\/fi\/kaupungit\/parnu\/#primaryimage","url":"https:\/\/www.ecb.ee\/wp-content\/uploads\/2020\/12\/parnu-header-6.png","contentUrl":"https:\/\/www.ecb.ee\/wp-content\/uploads\/2020\/12\/parnu-header-6.png"},{"@type":"BreadcrumbList","@id":"https:\/\/www.ecb.ee\/fi\/kaupungit\/parnu\/#breadcrumb","itemListElement":[{"@type":"ListItem","position":1,"name":"Home","item":"https:\/\/www.ecb.ee\/fi\/"},{"@type":"ListItem","position":2,"name":"Kaupungit","item":"https:\/\/www.ecb.ee\/fi\/kaupungit\/"},{"@type":"ListItem","position":3,"name":"P\u00e4rnu"}]},{"@type":"WebSite","@id":"https:\/\/www.ecb.ee\/#website","url":"https:\/\/www.ecb.ee\/","name":"Estonian Convention Bureau","description":"","publisher":{"@id":"https:\/\/www.ecb.ee\/#organization"},"potentialAction":[{"@type":"SearchAction","target":{"@type":"EntryPoint","urlTemplate":"https:\/\/www.ecb.ee\/?s={search_term_string}"},"query-input":{"@type":"PropertyValueSpecification","valueRequired":true,"valueName":"search_term_string"}}],"inLanguage":"fi"},{"@type":"Organization","@id":"https:\/\/www.ecb.ee\/#organization","name":"Estonian Convention Bureau","url":"https:\/\/www.ecb.ee\/","logo":{"@type":"ImageObject","inLanguage":"fi","@id":"https:\/\/www.ecb.ee\/#\/schema\/logo\/image\/","url":"https:\/\/www.ecb.ee\/wp-content\/uploads\/2020\/12\/site_logo.svg","contentUrl":"https:\/\/www.ecb.ee\/wp-content\/uploads\/2020\/12\/site_logo.svg","caption":"Estonian Convention Bureau"},"image":{"@id":"https:\/\/www.ecb.ee\/#\/schema\/logo\/image\/"}}]}},"_links":{"self":[{"href":"https:\/\/www.ecb.ee\/fi\/wp-json\/wp\/v2\/pages\/32907","targetHints":{"allow":["GET"]}}],"collection":[{"href":"https:\/\/www.ecb.ee\/fi\/wp-json\/wp\/v2\/pages"}],"about":[{"href":"https:\/\/www.ecb.ee\/fi\/wp-json\/wp\/v2\/types\/page"}],"author":[{"embeddable":true,"href":"https:\/\/www.ecb.ee\/fi\/wp-json\/wp\/v2\/users\/13"}],"replies":[{"embeddable":true,"href":"https:\/\/www.ecb.ee\/fi\/wp-json\/wp\/v2\/comments?post=32907"}],"version-history":[{"count":7,"href":"https:\/\/www.ecb.ee\/fi\/wp-json\/wp\/v2\/pages\/32907\/revisions"}],"predecessor-version":[{"id":35800,"href":"https:\/\/www.ecb.ee\/fi\/wp-json\/wp\/v2\/pages\/32907\/revisions\/35800"}],"up":[{"embeddable":true,"href":"https:\/\/www.ecb.ee\/fi\/wp-json\/wp\/v2\/pages\/32877"}],"wp:attachment":[{"href":"https:\/\/www.ecb.ee\/fi\/wp-json\/wp\/v2\/media?parent=32907"}],"curies":[{"name":"wp","href":"https:\/\/api.w.org\/{rel}","templated":true}]}}