{"id":32901,"date":"2021-01-13T13:28:29","date_gmt":"2021-01-13T13:28:29","guid":{"rendered":"https:\/\/www.ecb.ee\/linnad\/tartu-linn\/"},"modified":"2026-01-12T10:14:55","modified_gmt":"2026-01-12T10:14:55","slug":"tartto","status":"publish","type":"page","link":"https:\/\/www.ecb.ee\/fi\/kaupungit\/tartto\/","title":{"rendered":"Tartto"},"content":{"rendered":"<p><strong>5 syyt\u00e4 j\u00e4rjest\u00e4\u00e4 konferenssi Tartossa!<\/strong><\/p>\n<h4>1. Tartto on Viron tieteen koti<\/h4>\n<p>Tartto on tutkimuksen ja kehityksen kehto, jossa sijaitsee yhdeks\u00e4n korkeakoulua, useita tutkimuslaitoksia, bioteknologiateollisuutta ja ohjelmistoyrityksi\u00e4. Asiantuntijoiden ja tiedon keskittyminen ovat perustana maailmaa muuttaville ideoille ja ratkaisuille.<\/p>\n<p>Tartossa j\u00e4rjestet\u00e4\u00e4n useita tieteellisi\u00e4 konferensseja, joihin osallistuu huippututkijoita eri puolilta maailmaa. Siell\u00e4 j\u00e4rjestet\u00e4\u00e4n my\u00f6s Baltian suurin kasvuyritystapahtuma sTARTUp Day. Tartto on t\u00e4ynn\u00e4 fiksuja ja yst\u00e4v\u00e4llisi\u00e4 ihmisi\u00e4, jotka kantavat huolta ymp\u00e4rist\u00f6st\u00e4 ja tulevaisuudesta.<\/p>\n<h4>2. Tartto on Euroopan kulttuurip\u00e4\u00e4kaupunki 2024<\/h4>\n<p>Tartto muodostaa yhdess\u00e4 Etel\u00e4-Viron kanssa Euroopan kulttuurip\u00e4\u00e4kaupungin vuonna 2024, mik\u00e4 antaa tilaisuuden el\u00e4v\u00f6itt\u00e4\u00e4 koko alueen kulttuuriel\u00e4m\u00e4\u00e4 ja esitell\u00e4 arvokkaita kulttuurikohteita kaikkialta maailmasta saapuville k\u00e4vij\u00f6ille.<\/p>\n<p>Kulttuurip\u00e4\u00e4kaupungin konsepti \u201dHenkiinj\u00e4\u00e4misen taito\u201d tarkoittaa niit\u00e4 tietoja, taitoja ja arvoja, jotka auttavat meit\u00e4 el\u00e4m\u00e4\u00e4n paremmin tulevaisuudessa. Konsepti korostaa ymp\u00e4rist\u00f6yst\u00e4v\u00e4llist\u00e4 kulttuuria, ihmisten v\u00e4list\u00e4 kommunikointia, inhimillisi\u00e4 kontakteja niihin liittyvine vahvoine taustayhteis\u00f6ineen sek\u00e4 tietysti kyky\u00e4 tunnistaa ja yll\u00e4pit\u00e4\u00e4 selviytymiseen vaadittavia arvoja ja taitoja.<\/p>\n<p>Konferenssin j\u00e4rjest\u00e4minen Tartossa 2024 on hyv\u00e4 tilaisuus avata omaa toimintaansa entist\u00e4 laajemmalle yleis\u00f6lle ja osallistua johonkin ainutlaatuiseen. Lis\u00e4tietoja osoitteessa <a href=\"http:\/\/www.tartu2024.ee\" target=\"_blank\" rel=\"noopener\">www.tartu2024.ee<\/a>.<\/p>\n<h4>3. Tartto on palkittu vihre\u00e4 matkakohde<\/h4>\n<p>Tarton tavoitteena on kehitty\u00e4 ja tulla joka p\u00e4iv\u00e4 paremmaksi pysyen samalla uskollisena omille arvoille, joita ovat ihmiset ja yhteisty\u00f6, vihre\u00e4 elinymp\u00e4rist\u00f6, kompaktius ja turvallisuus. Tartossa viime vuosina toteutetut lukuisat nokkelat ja ymp\u00e4rist\u00f6yst\u00e4v\u00e4lliset ratkaisut pyrkiv\u00e4t edist\u00e4m\u00e4\u00e4n sek\u00e4 paikallisten ett\u00e4 vierailijoiden hyvinvointia. Tartolla on viisaat vaateet: tulee arvostaa ihmisi\u00e4 ja heid\u00e4n mielipiteit\u00e4\u00e4n ja suosia kest\u00e4vi\u00e4 ratkaisuja.<\/p>\n<p>Kest\u00e4v\u00e4n tapahtuman j\u00e4rjest\u00e4miseksi Tartto on luonut ohjeistuksen, jota tukea yleis\u00f6tapahtumiin saavien j\u00e4rjest\u00e4jien tulee noudattaa ja joka on hyv\u00e4 opas my\u00f6s muille tapahtumaj\u00e4rjest\u00e4jille. Kansainv\u00e4linen kest\u00e4v\u00e4\u00e4 matkailua kehitt\u00e4v\u00e4 Green Destinations -j\u00e4rjest\u00f6 palkitsi Tarton vuonna 2024 vihreiden matkakohteiden platinatason tunnustuksella, mik\u00e4 lis\u00e4\u00e4 Tarton arvostusta kest\u00e4v\u00e4n\u00e4 matkailukohteena.<\/p>\n<h4>4. Tartossa on yll\u00e4tt\u00e4vi\u00e4 tapahtumapaikkoja<\/h4>\n<p>Tartto on ideaalipaikka mieleen j\u00e4\u00e4v\u00e4n kokouksen j\u00e4rjest\u00e4miseksi. Vehre\u00e4ss\u00e4 kaupunkiymp\u00e4rist\u00f6ss\u00e4 on useita viihtyisi\u00e4 kahviloita ja ravintoloita, joissa voi nauttia ruokael\u00e4myksi\u00e4 ja verkostoitua niin paikallisten kuin vieraidenkin kanssa. Kaikki on k\u00e4velyet\u00e4isyydell\u00e4, joten konferenssiin osallistuvien on helppoa ja nopeaa liikkua paikasta toiseen py\u00f6r\u00e4ll\u00e4, jalan tai julkisilla.<\/p>\n<p>Tartossa on runsaasti omaleimaisia paikkoja, jotka soveltuvat monenlaisten tapahtumien tiloiksi. On historiallisia rakennuksia, kuten Tarton yliopiston sali ja Tarton yliopiston museon valkoinen sali tai Knorringin aatelistalo. On uudempia tiloja, kuten Viron kansallismuseo, Tiedekeskus AHHAA ja Tarton luontotalo, jotka tarjoavat puitteet tieteeseen ja historiaan liittyville tapahtumille. Entiseen kampatehtaaseen luotu tapahtumakeskus Kammivabrik yhdist\u00e4\u00e4 uutta ja vanhaa.<\/p>\n<p>Huipputekniikalla varustettuja tiloja suuriin kokouksiin ja tapahtumiin l\u00f6ytyy V Spa -hotellin konferenssikeskuksesta sek\u00e4 muista Tarton hotelleista, kuten Lydiasta, Sophiasta tai SOHOsta.<\/p>\n<h4>5. Tartto tarjoaa neuvoja ja tukea j\u00e4rjest\u00e4j\u00e4lle<\/h4>\n<p>Tutkijoita ja konferenssien j\u00e4rjest\u00e4ji\u00e4 yhdist\u00e4v\u00e4 Tartu Konverentsisaadikute Klubi toimii er\u00e4\u00e4nlaisena kokousl\u00e4hettil\u00e4\u00e4n\u00e4 jakaen k\u00e4yt\u00e4nn\u00f6n kokemuksia ja tietoa konferenssien j\u00e4rjest\u00e4misest\u00e4. Klubin toiminta k\u00e4ynnistettiin yhteisty\u00f6ss\u00e4 Tarton kaupungin ja Viron konferenssitoimiston kanssa. Klubin tapaamisissa etsit\u00e4\u00e4n uusia kokouspaikkoja ja tutustutaan j\u00e4nnitt\u00e4viin aktiviteetteihin oheisohjelmia varten.<\/p>\n<p>Tule j\u00e4rjest\u00e4m\u00e4\u00e4n ikimuistoinen konferenssi Tarttoon!<\/p>\n<p>Lis\u00e4tietoa saat <a href=\"http:\/\/www.visittartu.com\" target=\"_blank\" rel=\"noopener\">www.visittartu.com<\/a> -verkkosivuilta tai tarkennetuissa kysymyksiss\u00e4 s\u00e4hk\u00f6postitse <a href=\"mailto:meet@visittartu.com\">meet@visittartu.com<\/a>.<\/p>\n<p style=\"font-weight: 400;\"><a href=\"https:\/\/vimeo.com\/632857515\">L\u00e4hde videokierrokselle kokouskaupunki Tarttoon!<\/a><\/p>\n<p style=\"font-weight: 400;\">\n","protected":false},"excerpt":{"rendered":"<p>5 syyt\u00e4 j\u00e4rjest\u00e4\u00e4 konferenssi Tartossa! 1. Tartto on Viron tieteen koti Tartto on tutkimuksen ja kehityksen kehto, jossa sijaitsee yhdeks\u00e4n korkeakoulua, useita tutkimuslaitoksia, bioteknologiateollisuutta ja ohjelmistoyrityksi\u00e4. Asiantuntijoiden ja tiedon keskittyminen ovat perustana maailmaa muuttaville ideoille ja ratkaisuille. Tartossa j\u00e4rjestet\u00e4\u00e4n useita tieteellisi\u00e4 konferensseja, joihin osallistuu huippututkijoita eri puolilta maailmaa. Siell\u00e4 j\u00e4rjestet\u00e4\u00e4n my\u00f6s Baltian suurin kasvuyritystapahtuma sTARTUp [&hellip;]<\/p>\n","protected":false},"author":13,"featured_media":32903,"parent":32877,"menu_order":152,"comment_status":"closed","ping_status":"closed","template":"templates\/tpl-destination.php","meta":{"_acf_changed":false,"footnotes":""},"class_list":["post-32901","page","type-page","status-publish","has-post-thumbnail","hentry"],"acf":[],"yoast_head":"<!-- This site is optimized with the Yoast SEO plugin v27.5 - https:\/\/yoast.com\/product\/yoast-seo-wordpress\/ -->\n<title>Tartto - Estonian Convention Bureau<\/title>\n<meta name=\"robots\" content=\"index, follow, max-snippet:-1, max-image-preview:large, max-video-preview:-1\" \/>\n<link rel=\"canonical\" href=\"https:\/\/www.ecb.ee\/fi\/kaupungit\/tartto\/\" \/>\n<meta property=\"og:locale\" content=\"fi_FI\" \/>\n<meta property=\"og:type\" content=\"article\" \/>\n<meta property=\"og:title\" content=\"Tartto - Estonian Convention Bureau\" \/>\n<meta property=\"og:description\" content=\"5 syyt\u00e4 j\u00e4rjest\u00e4\u00e4 konferenssi Tartossa! 1. Tartto on Viron tieteen koti Tartto on tutkimuksen ja kehityksen kehto, jossa sijaitsee yhdeks\u00e4n korkeakoulua, useita tutkimuslaitoksia, bioteknologiateollisuutta ja ohjelmistoyrityksi\u00e4. Asiantuntijoiden ja tiedon keskittyminen ovat perustana maailmaa muuttaville ideoille ja ratkaisuille. Tartossa j\u00e4rjestet\u00e4\u00e4n useita tieteellisi\u00e4 konferensseja, joihin osallistuu huippututkijoita eri puolilta maailmaa. Siell\u00e4 j\u00e4rjestet\u00e4\u00e4n my\u00f6s Baltian suurin kasvuyritystapahtuma sTARTUp [&hellip;]\" \/>\n<meta property=\"og:url\" content=\"https:\/\/www.ecb.ee\/fi\/kaupungit\/tartto\/\" \/>\n<meta property=\"og:site_name\" content=\"Estonian Convention Bureau\" \/>\n<meta property=\"article:modified_time\" content=\"2026-01-12T10:14:55+00:00\" \/>\n<meta property=\"og:image\" content=\"https:\/\/www.ecb.ee\/wp-content\/uploads\/2015\/09\/Visit-Tartu-logo-color_RGB-e1669017519439.png\" \/>\n\t<meta property=\"og:image:width\" content=\"1454\" \/>\n\t<meta property=\"og:image:height\" content=\"420\" \/>\n\t<meta property=\"og:image:type\" content=\"image\/png\" \/>\n<meta name=\"twitter:card\" content=\"summary_large_image\" \/>\n<meta name=\"twitter:label1\" content=\"Arvioitu lukuaika\" \/>\n\t<meta name=\"twitter:data1\" content=\"5 minuuttia\" \/>\n<script type=\"application\/ld+json\" class=\"yoast-schema-graph\">{\"@context\":\"https:\\\/\\\/schema.org\",\"@graph\":[{\"@type\":\"WebPage\",\"@id\":\"https:\\\/\\\/www.ecb.ee\\\/fi\\\/kaupungit\\\/tartto\\\/\",\"url\":\"https:\\\/\\\/www.ecb.ee\\\/fi\\\/kaupungit\\\/tartto\\\/\",\"name\":\"Tartto - Estonian Convention Bureau\",\"isPartOf\":{\"@id\":\"https:\\\/\\\/www.ecb.ee\\\/#website\"},\"primaryImageOfPage\":{\"@id\":\"https:\\\/\\\/www.ecb.ee\\\/fi\\\/kaupungit\\\/tartto\\\/#primaryimage\"},\"image\":{\"@id\":\"https:\\\/\\\/www.ecb.ee\\\/fi\\\/kaupungit\\\/tartto\\\/#primaryimage\"},\"thumbnailUrl\":\"https:\\\/\\\/www.ecb.ee\\\/wp-content\\\/uploads\\\/2015\\\/09\\\/Visit-Tartu-logo-color_RGB-e1669017519439.png\",\"datePublished\":\"2021-01-13T13:28:29+00:00\",\"dateModified\":\"2026-01-12T10:14:55+00:00\",\"breadcrumb\":{\"@id\":\"https:\\\/\\\/www.ecb.ee\\\/fi\\\/kaupungit\\\/tartto\\\/#breadcrumb\"},\"inLanguage\":\"fi\",\"potentialAction\":[{\"@type\":\"ReadAction\",\"target\":[\"https:\\\/\\\/www.ecb.ee\\\/fi\\\/kaupungit\\\/tartto\\\/\"]}]},{\"@type\":\"ImageObject\",\"inLanguage\":\"fi\",\"@id\":\"https:\\\/\\\/www.ecb.ee\\\/fi\\\/kaupungit\\\/tartto\\\/#primaryimage\",\"url\":\"https:\\\/\\\/www.ecb.ee\\\/wp-content\\\/uploads\\\/2015\\\/09\\\/Visit-Tartu-logo-color_RGB-e1669017519439.png\",\"contentUrl\":\"https:\\\/\\\/www.ecb.ee\\\/wp-content\\\/uploads\\\/2015\\\/09\\\/Visit-Tartu-logo-color_RGB-e1669017519439.png\",\"width\":1454,\"height\":420},{\"@type\":\"BreadcrumbList\",\"@id\":\"https:\\\/\\\/www.ecb.ee\\\/fi\\\/kaupungit\\\/tartto\\\/#breadcrumb\",\"itemListElement\":[{\"@type\":\"ListItem\",\"position\":1,\"name\":\"Home\",\"item\":\"https:\\\/\\\/www.ecb.ee\\\/fi\\\/\"},{\"@type\":\"ListItem\",\"position\":2,\"name\":\"Kaupungit\",\"item\":\"https:\\\/\\\/www.ecb.ee\\\/fi\\\/kaupungit\\\/\"},{\"@type\":\"ListItem\",\"position\":3,\"name\":\"Tartto\"}]},{\"@type\":\"WebSite\",\"@id\":\"https:\\\/\\\/www.ecb.ee\\\/#website\",\"url\":\"https:\\\/\\\/www.ecb.ee\\\/\",\"name\":\"Estonian Convention Bureau\",\"description\":\"\",\"publisher\":{\"@id\":\"https:\\\/\\\/www.ecb.ee\\\/#organization\"},\"potentialAction\":[{\"@type\":\"SearchAction\",\"target\":{\"@type\":\"EntryPoint\",\"urlTemplate\":\"https:\\\/\\\/www.ecb.ee\\\/?s={search_term_string}\"},\"query-input\":{\"@type\":\"PropertyValueSpecification\",\"valueRequired\":true,\"valueName\":\"search_term_string\"}}],\"inLanguage\":\"fi\"},{\"@type\":\"Organization\",\"@id\":\"https:\\\/\\\/www.ecb.ee\\\/#organization\",\"name\":\"Estonian Convention Bureau\",\"url\":\"https:\\\/\\\/www.ecb.ee\\\/\",\"logo\":{\"@type\":\"ImageObject\",\"inLanguage\":\"fi\",\"@id\":\"https:\\\/\\\/www.ecb.ee\\\/#\\\/schema\\\/logo\\\/image\\\/\",\"url\":\"https:\\\/\\\/www.ecb.ee\\\/wp-content\\\/uploads\\\/2020\\\/12\\\/site_logo.svg\",\"contentUrl\":\"https:\\\/\\\/www.ecb.ee\\\/wp-content\\\/uploads\\\/2020\\\/12\\\/site_logo.svg\",\"caption\":\"Estonian Convention Bureau\"},\"image\":{\"@id\":\"https:\\\/\\\/www.ecb.ee\\\/#\\\/schema\\\/logo\\\/image\\\/\"}}]}<\/script>\n<!-- \/ Yoast SEO plugin. -->","yoast_head_json":{"title":"Tartto - Estonian Convention Bureau","robots":{"index":"index","follow":"follow","max-snippet":"max-snippet:-1","max-image-preview":"max-image-preview:large","max-video-preview":"max-video-preview:-1"},"canonical":"https:\/\/www.ecb.ee\/fi\/kaupungit\/tartto\/","og_locale":"fi_FI","og_type":"article","og_title":"Tartto - Estonian Convention Bureau","og_description":"5 syyt\u00e4 j\u00e4rjest\u00e4\u00e4 konferenssi Tartossa! 1. Tartto on Viron tieteen koti Tartto on tutkimuksen ja kehityksen kehto, jossa sijaitsee yhdeks\u00e4n korkeakoulua, useita tutkimuslaitoksia, bioteknologiateollisuutta ja ohjelmistoyrityksi\u00e4. Asiantuntijoiden ja tiedon keskittyminen ovat perustana maailmaa muuttaville ideoille ja ratkaisuille. Tartossa j\u00e4rjestet\u00e4\u00e4n useita tieteellisi\u00e4 konferensseja, joihin osallistuu huippututkijoita eri puolilta maailmaa. Siell\u00e4 j\u00e4rjestet\u00e4\u00e4n my\u00f6s Baltian suurin kasvuyritystapahtuma sTARTUp [&hellip;]","og_url":"https:\/\/www.ecb.ee\/fi\/kaupungit\/tartto\/","og_site_name":"Estonian Convention Bureau","article_modified_time":"2026-01-12T10:14:55+00:00","og_image":[{"width":1454,"height":420,"url":"https:\/\/www.ecb.ee\/wp-content\/uploads\/2015\/09\/Visit-Tartu-logo-color_RGB-e1669017519439.png","type":"image\/png"}],"twitter_card":"summary_large_image","twitter_misc":{"Arvioitu lukuaika":"5 minuuttia"},"schema":{"@context":"https:\/\/schema.org","@graph":[{"@type":"WebPage","@id":"https:\/\/www.ecb.ee\/fi\/kaupungit\/tartto\/","url":"https:\/\/www.ecb.ee\/fi\/kaupungit\/tartto\/","name":"Tartto - Estonian Convention Bureau","isPartOf":{"@id":"https:\/\/www.ecb.ee\/#website"},"primaryImageOfPage":{"@id":"https:\/\/www.ecb.ee\/fi\/kaupungit\/tartto\/#primaryimage"},"image":{"@id":"https:\/\/www.ecb.ee\/fi\/kaupungit\/tartto\/#primaryimage"},"thumbnailUrl":"https:\/\/www.ecb.ee\/wp-content\/uploads\/2015\/09\/Visit-Tartu-logo-color_RGB-e1669017519439.png","datePublished":"2021-01-13T13:28:29+00:00","dateModified":"2026-01-12T10:14:55+00:00","breadcrumb":{"@id":"https:\/\/www.ecb.ee\/fi\/kaupungit\/tartto\/#breadcrumb"},"inLanguage":"fi","potentialAction":[{"@type":"ReadAction","target":["https:\/\/www.ecb.ee\/fi\/kaupungit\/tartto\/"]}]},{"@type":"ImageObject","inLanguage":"fi","@id":"https:\/\/www.ecb.ee\/fi\/kaupungit\/tartto\/#primaryimage","url":"https:\/\/www.ecb.ee\/wp-content\/uploads\/2015\/09\/Visit-Tartu-logo-color_RGB-e1669017519439.png","contentUrl":"https:\/\/www.ecb.ee\/wp-content\/uploads\/2015\/09\/Visit-Tartu-logo-color_RGB-e1669017519439.png","width":1454,"height":420},{"@type":"BreadcrumbList","@id":"https:\/\/www.ecb.ee\/fi\/kaupungit\/tartto\/#breadcrumb","itemListElement":[{"@type":"ListItem","position":1,"name":"Home","item":"https:\/\/www.ecb.ee\/fi\/"},{"@type":"ListItem","position":2,"name":"Kaupungit","item":"https:\/\/www.ecb.ee\/fi\/kaupungit\/"},{"@type":"ListItem","position":3,"name":"Tartto"}]},{"@type":"WebSite","@id":"https:\/\/www.ecb.ee\/#website","url":"https:\/\/www.ecb.ee\/","name":"Estonian Convention Bureau","description":"","publisher":{"@id":"https:\/\/www.ecb.ee\/#organization"},"potentialAction":[{"@type":"SearchAction","target":{"@type":"EntryPoint","urlTemplate":"https:\/\/www.ecb.ee\/?s={search_term_string}"},"query-input":{"@type":"PropertyValueSpecification","valueRequired":true,"valueName":"search_term_string"}}],"inLanguage":"fi"},{"@type":"Organization","@id":"https:\/\/www.ecb.ee\/#organization","name":"Estonian Convention Bureau","url":"https:\/\/www.ecb.ee\/","logo":{"@type":"ImageObject","inLanguage":"fi","@id":"https:\/\/www.ecb.ee\/#\/schema\/logo\/image\/","url":"https:\/\/www.ecb.ee\/wp-content\/uploads\/2020\/12\/site_logo.svg","contentUrl":"https:\/\/www.ecb.ee\/wp-content\/uploads\/2020\/12\/site_logo.svg","caption":"Estonian Convention Bureau"},"image":{"@id":"https:\/\/www.ecb.ee\/#\/schema\/logo\/image\/"}}]}},"_links":{"self":[{"href":"https:\/\/www.ecb.ee\/fi\/wp-json\/wp\/v2\/pages\/32901","targetHints":{"allow":["GET"]}}],"collection":[{"href":"https:\/\/www.ecb.ee\/fi\/wp-json\/wp\/v2\/pages"}],"about":[{"href":"https:\/\/www.ecb.ee\/fi\/wp-json\/wp\/v2\/types\/page"}],"author":[{"embeddable":true,"href":"https:\/\/www.ecb.ee\/fi\/wp-json\/wp\/v2\/users\/13"}],"replies":[{"embeddable":true,"href":"https:\/\/www.ecb.ee\/fi\/wp-json\/wp\/v2\/comments?post=32901"}],"version-history":[{"count":6,"href":"https:\/\/www.ecb.ee\/fi\/wp-json\/wp\/v2\/pages\/32901\/revisions"}],"predecessor-version":[{"id":44075,"href":"https:\/\/www.ecb.ee\/fi\/wp-json\/wp\/v2\/pages\/32901\/revisions\/44075"}],"up":[{"embeddable":true,"href":"https:\/\/www.ecb.ee\/fi\/wp-json\/wp\/v2\/pages\/32877"}],"wp:featuredmedia":[{"embeddable":true,"href":"https:\/\/www.ecb.ee\/fi\/wp-json\/wp\/v2\/media\/32903"}],"wp:attachment":[{"href":"https:\/\/www.ecb.ee\/fi\/wp-json\/wp\/v2\/media?parent=32901"}],"curies":[{"name":"wp","href":"https:\/\/api.w.org\/{rel}","templated":true}]}}