{"id":32884,"date":"2021-01-13T13:21:32","date_gmt":"2021-01-13T13:21:32","guid":{"rendered":"https:\/\/www.ecb.ee\/linnad\/tallinna-konverentsiburoo\/"},"modified":"2025-10-17T07:37:44","modified_gmt":"2025-10-17T07:37:44","slug":"tallinna","status":"publish","type":"page","link":"https:\/\/www.ecb.ee\/fi\/kaupungit\/tallinna\/","title":{"rendered":"Tallinna"},"content":{"rendered":"<h4>J\u00e4rjest\u00e4 kokous tai tapahtuma Tallinnassa<\/h4>\n<p>Tallinna on t\u00e4ydellinen tapahtumakohde konferensseista tiimitapaamisiin. Tallinna on l\u00e4hell\u00e4, vain 80 kilometri\u00e4 Helsingist\u00e4, joten matkustaminen on helppoa, nopeaa ja ymp\u00e4rist\u00f6yst\u00e4v\u00e4llist\u00e4. Liikkuminen on n\u00e4pp\u00e4r\u00e4\u00e4 my\u00f6s paikan p\u00e4\u00e4ll\u00e4, sill\u00e4 Tallinnan on kaupunkina kompakti, mik\u00e4 helpottaa niin j\u00e4rjest\u00e4jien kuin tapahtumaan osallistuvien el\u00e4m\u00e4\u00e4.<\/p>\n<p>Tallinna on monipuolinen kaupunki, josta l\u00f6ytyy laaja kirjo uniikkeja tapahtumapaikkoja joka l\u00e4ht\u00f6\u00f6n. Kaupungissa ja sen l\u00e4hiymp\u00e4rist\u00f6ss\u00e4 on paljon n\u00e4ht\u00e4v\u00e4\u00e4 ja koettavaa. Tallinna, vaikkakin tunnettu ja tuttu, kehittyy jatkuvasti ja yll\u00e4tt\u00e4\u00e4 aina jollain uudella ja kiinnostavalla. Vanhakaupunki, Rotermannin kortteli, Telliskiven luova alue, Noblessner, Kadriorg ja Pirita ovat vain muutamia esimerkkej\u00e4 j\u00e4nnitt\u00e4v\u00e4st\u00e4 kaupunkimosaiikista. Tallinna ei ole iso kaupunki, mutta t\u00e4nne mahtuu paljon. T\u00e4\u00e4ll\u00e4 tapahtumasi voi todella loistaa.<\/p>\n<h4>Tapahtumapaikat<\/h4>\n<p><img decoding=\"async\" src=\"https:\/\/www.ecb.ee\/wp-content\/uploads\/2024\/02\/Kadriorg-Palace-1.jpg\" \/><\/p>\n<p>Tallinna on t\u00e4ynn\u00e4 mahtavia mestoja erilaisten tapahtumien j\u00e4rjest\u00e4miseksi. Yli 80 eri kohteen joukosta voi poimia isoja tai pieni\u00e4, historiallisia tai nykyaikaisia, perinteisi\u00e4 tai ainutkertaisia paikkoja. Jokaisesta kaupunginosasta l\u00f6ytyy j\u00e4nnitt\u00e4vi\u00e4 ja omaleimaisia kohteita, joilla jokaisella on oma tarinansa.<\/p>\n<p>Isojen konferenssien ja tilaisuuksien j\u00e4rjest\u00e4miseen sopivat esimerkiksi <a href=\"https:\/\/www.ecb.ee\/fi\/ruum\/kulttuurikattila\/\" target=\"_blank\" rel=\"noopener\">Kulttuurikattila<\/a>, <a href=\"https:\/\/www.ecb.ee\/fi\/ruum\/tallinnan-sataman-risteilyterminaali\/\" target=\"_blank\" rel=\"noopener\">risteilyterminaali<\/a>, Tallinnan laulukentt\u00e4, <a href=\"https:\/\/www.ecb.ee\/fi\/ruum\/viron-merimuseon-lentosatama\/\" target=\"_blank\" rel=\"noopener\">Lentosatama<\/a>, <a href=\"https:\/\/www.ecb.ee\/fi\/ruum\/alexela-kontserdimaja\/\" target=\"_blank\" rel=\"noopener\">konserttitalo Alexela<\/a>, n\u00e4yttelypaviljonki Lillepaviljon ja kulttuurikeskus P\u00f5hjala Tehas. Tallinnan tapahtumapaikoille on ominaista ennen kaikkea ainoalaatuisuus, vanhan ja uuden yhdist\u00e4minen toimivaksi kokonaisuudeksi, kest\u00e4v\u00e4t k\u00e4yt\u00e4nn\u00f6t ja &#8221;kaikki onnistuu&#8221; -asenne.<\/p>\n<p>Lue my\u00f6s: <a href=\"https:\/\/www.ecb.ee\/fi\/blogi\/tallinnan-erikoiset-tapahtumapaikat-top10\/\" target=\"_blank\" rel=\"noopener\">Tallinnan erikoiset tapahtumapaikat TOP 10<\/a><\/p>\n<h4>Hotellit<\/h4>\n<p><img decoding=\"async\" src=\"https:\/\/www.ecb.ee\/wp-content\/uploads\/2023\/04\/Hilton-Tallinn-Park-41.jpg\" \/><\/p>\n<p>Tallinnan hotellit tarjoavat monipuolisia mahdollisuuksia erityyppisten kokousten j\u00e4rjest\u00e4miseen aivan ydinkeskustassa. On sek\u00e4 kansainv\u00e4lisi\u00e4 hotelliketjuja ett\u00e4 loistavia paikallisia hotelleja, ja niille, jotka vanhankaupunki on lumonnut, l\u00f6ytyy pienemmille tapahtumille lis\u00e4tenhoa antavia historiant\u00e4yteisi\u00e4 boutique-hotelleja.<\/p>\n<p>Kylpyl\u00e4- ja konferenssihotellit puolestaan tarjoavat t\u00e4ytt\u00e4 palvelua viihtyis\u00e4st\u00e4 majoituksesta, kokoustiloista ja tarjoilusta rentouttavaan kylpyl\u00e4kokemukseen, joka usein sis\u00e4ltyy huoneen hintaan. Isojen konferenssien j\u00e4rjest\u00e4miseen ovat omiaan esimerkiksi <a href=\"https:\/\/www.ecb.ee\/fi\/ruum\/swissotel-tallinn\/\" target=\"_blank\" rel=\"noopener\">Swissotel Tallinn<\/a>, <a href=\"https:\/\/www.ecb.ee\/fi\/ruum\/hilton-tallinn-park\/\" target=\"_blank\" rel=\"noopener\">Hilton Tallinn Park<\/a>, Original Sokos Hotel Viru ja <a href=\"https:\/\/www.ecb.ee\/fi\/ruum\/radisson-blu-hotel-olumpia\/\" target=\"_blank\" rel=\"noopener\">Radisson Blu Ol\u00fcmpia Hotel<\/a>, joissa voi mukavasti j\u00e4rjest\u00e4\u00e4 jopa 500 osallistujan tapahtumia. <a href=\"https:\/\/www.ecb.ee\/fi\/ruum\/radisson-collection-hotel-tallinn\/\" target=\"_blank\" rel=\"noopener\">Radisson Collection Hotel Tallinnassa<\/a> on kokoustilaa 300 hengen ja <a href=\"https:\/\/www.ecb.ee\/fi\/ruum\/nordic-hotel-forum\/\" target=\"_blank\" rel=\"noopener\">Nordic Hotel Forumissa<\/a> 200 hengen tapahtumille.<\/p>\n<h4>Oheisohjelmat<\/h4>\n<p><img decoding=\"async\" src=\"https:\/\/www.ecb.ee\/wp-content\/uploads\/2020\/12\/incentive-ideas-header.jpg\" \/><\/p>\n<p>Ryhmille on Tallinnassa helppo l\u00f6yt\u00e4\u00e4 tekemist\u00e4 niin konferenssien ja kokousten oheistoiminnaksi kuin tiimitapahtumiksi. Vanhakaupunki itsess\u00e4\u00e4n luo hienot puitteet ulko- tai sis\u00e4tiloissa tapahtuville erilaisille aktiviteeteille kuten aarteenetsint\u00e4, <a href=\"https:\/\/www.ecb.ee\/fi\/programm\/hulvaton-valokuvajahti-tallinnassa\/\" target=\"_blank\" rel=\"noopener\">valokuvamets\u00e4stys<\/a>, ravintolakierrokset, <a href=\"https:\/\/www.ecb.ee\/fi\/programm\/interaktiivinen-suunnistus-vanhassakaupungissa\/\" target=\"_blank\" rel=\"noopener\">suunnistuspelit ja immersiiviset matkat<\/a>, vain muutamia mahdollisuuksia mainiten.<\/p>\n<p>Lis\u00e4ksi Tallinnassa voi vierailla <a href=\"https:\/\/www.ecb.ee\/fi\/programm\/paikallinen-pienpanimo\/\" target=\"_blank\" rel=\"noopener\">olutpanimoissa<\/a> ja j\u00e4rjest\u00e4\u00e4 maistajaisia, osallistua designstudion ty\u00f6pajoihin (<a href=\"https:\/\/www.ecb.ee\/fi\/programm\/stella-soomlaisin-nahkastudio-ja-tyopaja\/\" target=\"_blank\" rel=\"noopener\">nahka<\/a>, keramiikka, koru, <a href=\"https:\/\/www.ecb.ee\/fi\/programm\/tauno-kangron-veistospaja\/\" target=\"_blank\" rel=\"noopener\">veistos<\/a> jne.) tai ruokakursseille (esim. suklaanvalmistus, <a href=\"https:\/\/www.ecb.ee\/fi\/programm\/marsipaanimaalaus\/\" target=\"_blank\" rel=\"noopener\">marsipaanimaalaus<\/a>, yhteiskokkailu). Tallinnan l\u00e4hiymp\u00e4rist\u00f6ss\u00e4 voi testata taitojaan ralliradalla, sukeltaa louhoslaguunissa, l\u00e4hte\u00e4\u00a0<a href=\"https:\/\/www.ecb.ee\/fi\/programm\/maaginen-suokenkavaellus\/\" target=\"_blank\" rel=\"noopener\">suokenk\u00e4vaellukselle<\/a> tai <a href=\"https:\/\/www.ecb.ee\/fi\/programm\/maastosuunnistusta-retrojeepilla\/\" target=\"_blank\" rel=\"noopener\">jeeppisafarille<\/a>. Jokainen l\u00f6yt\u00e4\u00e4 itselleen omaa aktiivisuustasoa ja kiinnostuksen kohteita vastaavaa, unohtumattomia el\u00e4myksi\u00e4 tuottavaa tekemist\u00e4.<\/p>\n<h4>Ravintolat<\/h4>\n<p>Tallinnan ravintoloiden kulmakivin\u00e4 toimivat kotimaiset kauden raaka-aineet ja omaleimainen virolainen keitti\u00f6. Loistavia makuel\u00e4myksi\u00e4 voi kokea yht\u00e4 hyvin niin ruokakriitikoiden ylist\u00e4miss\u00e4 fine dining -ravintoloissa kuin simppeleiss\u00e4 paikallisten suosimissa ruokapaikoissa. El\u00e4v\u00e4 kaupunki tarvitsee molempia.<\/p>\n<p>Tallinnassa on kaksi Michelin-t\u00e4hdell\u00e4 palkittua ravintolaa, Matthias Dietherin luotsaama <a href=\"https:\/\/www.180degrees.ee\/en\" target=\"_blank\" rel=\"noopener\">180\u00b0<\/a> ja <a href=\"https:\/\/nch.ee\/\" target=\"_blank\" rel=\"noopener\">Noa Chef&#8217;s Hall<\/a>. Jos haluat kokea todellisia makuel\u00e4myksi\u00e4, kannattaa lukea kansainv\u00e4listen Michelin Guide ja White Guide -ruokaoppaiden suosituksia. Niihin kootaan vuosittain Viron parhaat ravintolat, joista valtaosa sijaitsee Tallinnassa. Yksi on varmaa &#8211; Tallinnan ravintolat tarjoavat kulinristisia kokemuksia, joiden muisto maistuu makunystyr\u00f6iss\u00e4 pitk\u00e4\u00e4n.<\/p>\n<h4>Visit Tallinn<\/h4>\n<p><a href=\"https:\/\/visittallinn.ee\/fin\/matkailija\" target=\"_blank\" rel=\"noopener\">Visit Tallinn<\/a> on matkailun edist\u00e4misorganisaatio ja Tallinnan kaupungin matkailuosasto.<br \/>\nVisit Tallinnan liikematkailutiimi tarjoaa yhteisty\u00f6ss\u00e4 kumppaneidensa kanssa tukea, tietoa ja inspiraatiota onnistuneiden ja sujuvien tapahtumien j\u00e4rjest\u00e4miseen Tallinnassa. Jos tarvitset ilmaista ammattiapua tapahtumaj\u00e4rjest\u00e4miseen liittyviss\u00e4 asioissa, ota meihin yhteytt\u00e4 \u2013 autamme mielell\u00e4mme!<\/p>\n<p>Ota yhteytt\u00e4 s\u00e4hk\u00f6postitse <a href=\"mailto:convention@visittallinn.ee\">convention@visittallinn.ee<\/a><br \/>\nLis\u00e4tietoa l\u00f6yd\u00e4t nettisivuiltamme <a href=\"http:\/\/www.visittallinn.ee\" target=\"_blank\" rel=\"noopener\">www.visittallinn.ee<\/a><\/p>\n","protected":false},"excerpt":{"rendered":"<p>J\u00e4rjest\u00e4 kokous tai tapahtuma Tallinnassa Tallinna on t\u00e4ydellinen tapahtumakohde konferensseista tiimitapaamisiin. Tallinna on l\u00e4hell\u00e4, vain 80 kilometri\u00e4 Helsingist\u00e4, joten matkustaminen on helppoa, nopeaa ja ymp\u00e4rist\u00f6yst\u00e4v\u00e4llist\u00e4. Liikkuminen on n\u00e4pp\u00e4r\u00e4\u00e4 my\u00f6s paikan p\u00e4\u00e4ll\u00e4, sill\u00e4 Tallinnan on kaupunkina kompakti, mik\u00e4 helpottaa niin j\u00e4rjest\u00e4jien kuin tapahtumaan osallistuvien el\u00e4m\u00e4\u00e4. Tallinna on monipuolinen kaupunki, josta l\u00f6ytyy laaja kirjo uniikkeja tapahtumapaikkoja joka [&hellip;]<\/p>\n","protected":false},"author":13,"featured_media":32886,"parent":32877,"menu_order":150,"comment_status":"closed","ping_status":"closed","template":"templates\/tpl-destination.php","meta":{"_acf_changed":false,"footnotes":""},"class_list":["post-32884","page","type-page","status-publish","has-post-thumbnail","hentry"],"acf":[],"yoast_head":"<!-- This site is optimized with the Yoast SEO plugin v27.5 - https:\/\/yoast.com\/product\/yoast-seo-wordpress\/ -->\n<title>Tallinna - Estonian Convention Bureau<\/title>\n<meta name=\"robots\" content=\"index, follow, max-snippet:-1, max-image-preview:large, max-video-preview:-1\" \/>\n<link rel=\"canonical\" href=\"https:\/\/www.ecb.ee\/fi\/kaupungit\/tallinna\/\" \/>\n<meta property=\"og:locale\" content=\"fi_FI\" \/>\n<meta property=\"og:type\" content=\"article\" \/>\n<meta property=\"og:title\" content=\"Tallinna - Estonian Convention Bureau\" \/>\n<meta property=\"og:description\" content=\"J\u00e4rjest\u00e4 kokous tai tapahtuma Tallinnassa Tallinna on t\u00e4ydellinen tapahtumakohde konferensseista tiimitapaamisiin. Tallinna on l\u00e4hell\u00e4, vain 80 kilometri\u00e4 Helsingist\u00e4, joten matkustaminen on helppoa, nopeaa ja ymp\u00e4rist\u00f6yst\u00e4v\u00e4llist\u00e4. Liikkuminen on n\u00e4pp\u00e4r\u00e4\u00e4 my\u00f6s paikan p\u00e4\u00e4ll\u00e4, sill\u00e4 Tallinnan on kaupunkina kompakti, mik\u00e4 helpottaa niin j\u00e4rjest\u00e4jien kuin tapahtumaan osallistuvien el\u00e4m\u00e4\u00e4. Tallinna on monipuolinen kaupunki, josta l\u00f6ytyy laaja kirjo uniikkeja tapahtumapaikkoja joka [&hellip;]\" \/>\n<meta property=\"og:url\" content=\"https:\/\/www.ecb.ee\/fi\/kaupungit\/tallinna\/\" \/>\n<meta property=\"og:site_name\" content=\"Estonian Convention Bureau\" \/>\n<meta property=\"article:modified_time\" content=\"2025-10-17T07:37:44+00:00\" \/>\n<meta property=\"og:image\" content=\"https:\/\/www.ecb.ee\/wp-content\/uploads\/2023\/09\/tallinn.png\" \/>\n\t<meta property=\"og:image:width\" content=\"540\" \/>\n\t<meta property=\"og:image:height\" content=\"340\" \/>\n\t<meta property=\"og:image:type\" content=\"image\/png\" \/>\n<meta name=\"twitter:card\" content=\"summary_large_image\" \/>\n<meta name=\"twitter:label1\" content=\"Arvioitu lukuaika\" \/>\n\t<meta name=\"twitter:data1\" content=\"6 minuuttia\" \/>\n<script type=\"application\/ld+json\" class=\"yoast-schema-graph\">{\"@context\":\"https:\\\/\\\/schema.org\",\"@graph\":[{\"@type\":\"WebPage\",\"@id\":\"https:\\\/\\\/www.ecb.ee\\\/fi\\\/kaupungit\\\/tallinna\\\/\",\"url\":\"https:\\\/\\\/www.ecb.ee\\\/fi\\\/kaupungit\\\/tallinna\\\/\",\"name\":\"Tallinna - Estonian Convention Bureau\",\"isPartOf\":{\"@id\":\"https:\\\/\\\/www.ecb.ee\\\/#website\"},\"primaryImageOfPage\":{\"@id\":\"https:\\\/\\\/www.ecb.ee\\\/fi\\\/kaupungit\\\/tallinna\\\/#primaryimage\"},\"image\":{\"@id\":\"https:\\\/\\\/www.ecb.ee\\\/fi\\\/kaupungit\\\/tallinna\\\/#primaryimage\"},\"thumbnailUrl\":\"https:\\\/\\\/www.ecb.ee\\\/wp-content\\\/uploads\\\/2023\\\/09\\\/tallinn.png\",\"datePublished\":\"2021-01-13T13:21:32+00:00\",\"dateModified\":\"2025-10-17T07:37:44+00:00\",\"breadcrumb\":{\"@id\":\"https:\\\/\\\/www.ecb.ee\\\/fi\\\/kaupungit\\\/tallinna\\\/#breadcrumb\"},\"inLanguage\":\"fi\",\"potentialAction\":[{\"@type\":\"ReadAction\",\"target\":[\"https:\\\/\\\/www.ecb.ee\\\/fi\\\/kaupungit\\\/tallinna\\\/\"]}]},{\"@type\":\"ImageObject\",\"inLanguage\":\"fi\",\"@id\":\"https:\\\/\\\/www.ecb.ee\\\/fi\\\/kaupungit\\\/tallinna\\\/#primaryimage\",\"url\":\"https:\\\/\\\/www.ecb.ee\\\/wp-content\\\/uploads\\\/2023\\\/09\\\/tallinn.png\",\"contentUrl\":\"https:\\\/\\\/www.ecb.ee\\\/wp-content\\\/uploads\\\/2023\\\/09\\\/tallinn.png\",\"width\":540,\"height\":340},{\"@type\":\"BreadcrumbList\",\"@id\":\"https:\\\/\\\/www.ecb.ee\\\/fi\\\/kaupungit\\\/tallinna\\\/#breadcrumb\",\"itemListElement\":[{\"@type\":\"ListItem\",\"position\":1,\"name\":\"Home\",\"item\":\"https:\\\/\\\/www.ecb.ee\\\/fi\\\/\"},{\"@type\":\"ListItem\",\"position\":2,\"name\":\"Kaupungit\",\"item\":\"https:\\\/\\\/www.ecb.ee\\\/fi\\\/kaupungit\\\/\"},{\"@type\":\"ListItem\",\"position\":3,\"name\":\"Tallinna\"}]},{\"@type\":\"WebSite\",\"@id\":\"https:\\\/\\\/www.ecb.ee\\\/#website\",\"url\":\"https:\\\/\\\/www.ecb.ee\\\/\",\"name\":\"Estonian Convention Bureau\",\"description\":\"\",\"publisher\":{\"@id\":\"https:\\\/\\\/www.ecb.ee\\\/#organization\"},\"potentialAction\":[{\"@type\":\"SearchAction\",\"target\":{\"@type\":\"EntryPoint\",\"urlTemplate\":\"https:\\\/\\\/www.ecb.ee\\\/?s={search_term_string}\"},\"query-input\":{\"@type\":\"PropertyValueSpecification\",\"valueRequired\":true,\"valueName\":\"search_term_string\"}}],\"inLanguage\":\"fi\"},{\"@type\":\"Organization\",\"@id\":\"https:\\\/\\\/www.ecb.ee\\\/#organization\",\"name\":\"Estonian Convention Bureau\",\"url\":\"https:\\\/\\\/www.ecb.ee\\\/\",\"logo\":{\"@type\":\"ImageObject\",\"inLanguage\":\"fi\",\"@id\":\"https:\\\/\\\/www.ecb.ee\\\/#\\\/schema\\\/logo\\\/image\\\/\",\"url\":\"https:\\\/\\\/www.ecb.ee\\\/wp-content\\\/uploads\\\/2020\\\/12\\\/site_logo.svg\",\"contentUrl\":\"https:\\\/\\\/www.ecb.ee\\\/wp-content\\\/uploads\\\/2020\\\/12\\\/site_logo.svg\",\"caption\":\"Estonian Convention Bureau\"},\"image\":{\"@id\":\"https:\\\/\\\/www.ecb.ee\\\/#\\\/schema\\\/logo\\\/image\\\/\"}}]}<\/script>\n<!-- \/ Yoast SEO plugin. -->","yoast_head_json":{"title":"Tallinna - Estonian Convention Bureau","robots":{"index":"index","follow":"follow","max-snippet":"max-snippet:-1","max-image-preview":"max-image-preview:large","max-video-preview":"max-video-preview:-1"},"canonical":"https:\/\/www.ecb.ee\/fi\/kaupungit\/tallinna\/","og_locale":"fi_FI","og_type":"article","og_title":"Tallinna - Estonian Convention Bureau","og_description":"J\u00e4rjest\u00e4 kokous tai tapahtuma Tallinnassa Tallinna on t\u00e4ydellinen tapahtumakohde konferensseista tiimitapaamisiin. Tallinna on l\u00e4hell\u00e4, vain 80 kilometri\u00e4 Helsingist\u00e4, joten matkustaminen on helppoa, nopeaa ja ymp\u00e4rist\u00f6yst\u00e4v\u00e4llist\u00e4. Liikkuminen on n\u00e4pp\u00e4r\u00e4\u00e4 my\u00f6s paikan p\u00e4\u00e4ll\u00e4, sill\u00e4 Tallinnan on kaupunkina kompakti, mik\u00e4 helpottaa niin j\u00e4rjest\u00e4jien kuin tapahtumaan osallistuvien el\u00e4m\u00e4\u00e4. Tallinna on monipuolinen kaupunki, josta l\u00f6ytyy laaja kirjo uniikkeja tapahtumapaikkoja joka [&hellip;]","og_url":"https:\/\/www.ecb.ee\/fi\/kaupungit\/tallinna\/","og_site_name":"Estonian Convention Bureau","article_modified_time":"2025-10-17T07:37:44+00:00","og_image":[{"width":540,"height":340,"url":"https:\/\/www.ecb.ee\/wp-content\/uploads\/2023\/09\/tallinn.png","type":"image\/png"}],"twitter_card":"summary_large_image","twitter_misc":{"Arvioitu lukuaika":"6 minuuttia"},"schema":{"@context":"https:\/\/schema.org","@graph":[{"@type":"WebPage","@id":"https:\/\/www.ecb.ee\/fi\/kaupungit\/tallinna\/","url":"https:\/\/www.ecb.ee\/fi\/kaupungit\/tallinna\/","name":"Tallinna - Estonian Convention Bureau","isPartOf":{"@id":"https:\/\/www.ecb.ee\/#website"},"primaryImageOfPage":{"@id":"https:\/\/www.ecb.ee\/fi\/kaupungit\/tallinna\/#primaryimage"},"image":{"@id":"https:\/\/www.ecb.ee\/fi\/kaupungit\/tallinna\/#primaryimage"},"thumbnailUrl":"https:\/\/www.ecb.ee\/wp-content\/uploads\/2023\/09\/tallinn.png","datePublished":"2021-01-13T13:21:32+00:00","dateModified":"2025-10-17T07:37:44+00:00","breadcrumb":{"@id":"https:\/\/www.ecb.ee\/fi\/kaupungit\/tallinna\/#breadcrumb"},"inLanguage":"fi","potentialAction":[{"@type":"ReadAction","target":["https:\/\/www.ecb.ee\/fi\/kaupungit\/tallinna\/"]}]},{"@type":"ImageObject","inLanguage":"fi","@id":"https:\/\/www.ecb.ee\/fi\/kaupungit\/tallinna\/#primaryimage","url":"https:\/\/www.ecb.ee\/wp-content\/uploads\/2023\/09\/tallinn.png","contentUrl":"https:\/\/www.ecb.ee\/wp-content\/uploads\/2023\/09\/tallinn.png","width":540,"height":340},{"@type":"BreadcrumbList","@id":"https:\/\/www.ecb.ee\/fi\/kaupungit\/tallinna\/#breadcrumb","itemListElement":[{"@type":"ListItem","position":1,"name":"Home","item":"https:\/\/www.ecb.ee\/fi\/"},{"@type":"ListItem","position":2,"name":"Kaupungit","item":"https:\/\/www.ecb.ee\/fi\/kaupungit\/"},{"@type":"ListItem","position":3,"name":"Tallinna"}]},{"@type":"WebSite","@id":"https:\/\/www.ecb.ee\/#website","url":"https:\/\/www.ecb.ee\/","name":"Estonian Convention Bureau","description":"","publisher":{"@id":"https:\/\/www.ecb.ee\/#organization"},"potentialAction":[{"@type":"SearchAction","target":{"@type":"EntryPoint","urlTemplate":"https:\/\/www.ecb.ee\/?s={search_term_string}"},"query-input":{"@type":"PropertyValueSpecification","valueRequired":true,"valueName":"search_term_string"}}],"inLanguage":"fi"},{"@type":"Organization","@id":"https:\/\/www.ecb.ee\/#organization","name":"Estonian Convention Bureau","url":"https:\/\/www.ecb.ee\/","logo":{"@type":"ImageObject","inLanguage":"fi","@id":"https:\/\/www.ecb.ee\/#\/schema\/logo\/image\/","url":"https:\/\/www.ecb.ee\/wp-content\/uploads\/2020\/12\/site_logo.svg","contentUrl":"https:\/\/www.ecb.ee\/wp-content\/uploads\/2020\/12\/site_logo.svg","caption":"Estonian Convention Bureau"},"image":{"@id":"https:\/\/www.ecb.ee\/#\/schema\/logo\/image\/"}}]}},"_links":{"self":[{"href":"https:\/\/www.ecb.ee\/fi\/wp-json\/wp\/v2\/pages\/32884","targetHints":{"allow":["GET"]}}],"collection":[{"href":"https:\/\/www.ecb.ee\/fi\/wp-json\/wp\/v2\/pages"}],"about":[{"href":"https:\/\/www.ecb.ee\/fi\/wp-json\/wp\/v2\/types\/page"}],"author":[{"embeddable":true,"href":"https:\/\/www.ecb.ee\/fi\/wp-json\/wp\/v2\/users\/13"}],"replies":[{"embeddable":true,"href":"https:\/\/www.ecb.ee\/fi\/wp-json\/wp\/v2\/comments?post=32884"}],"version-history":[{"count":15,"href":"https:\/\/www.ecb.ee\/fi\/wp-json\/wp\/v2\/pages\/32884\/revisions"}],"predecessor-version":[{"id":42856,"href":"https:\/\/www.ecb.ee\/fi\/wp-json\/wp\/v2\/pages\/32884\/revisions\/42856"}],"up":[{"embeddable":true,"href":"https:\/\/www.ecb.ee\/fi\/wp-json\/wp\/v2\/pages\/32877"}],"wp:featuredmedia":[{"embeddable":true,"href":"https:\/\/www.ecb.ee\/fi\/wp-json\/wp\/v2\/media\/32886"}],"wp:attachment":[{"href":"https:\/\/www.ecb.ee\/fi\/wp-json\/wp\/v2\/media?parent=32884"}],"curies":[{"name":"wp","href":"https:\/\/api.w.org\/{rel}","templated":true}]}}