{"id":32377,"date":"2020-12-08T14:03:26","date_gmt":"2020-12-08T14:03:26","guid":{"rendered":"https:\/\/www.ecb.ee\/request-for-proposal\/"},"modified":"2024-04-04T13:36:10","modified_gmt":"2024-04-04T13:36:10","slug":"laheta-tarjouspyynto-rfp","status":"publish","type":"page","link":"https:\/\/www.ecb.ee\/fi\/laheta-tarjouspyynto-rfp\/","title":{"rendered":"L\u00e4het\u00e4 tarjouspyynt\u00f6 (RFP)"},"content":{"rendered":"<h3>L\u00e4het\u00e4 tarjouspyynt\u00f6<\/h3>\n<p>Jos haluat saada lis\u00e4tietoa siit\u00e4, mit\u00e4 Viro voi tarjota tapahtumakohteena, t\u00e4yt\u00e4 ja l\u00e4het\u00e4 alla oleva tarjouspyynt\u00f6lomake.<\/p>\n","protected":false},"excerpt":{"rendered":"<p>L\u00e4het\u00e4 tarjouspyynt\u00f6 Jos haluat saada lis\u00e4tietoa siit\u00e4, mit\u00e4 Viro voi tarjota tapahtumakohteena, t\u00e4yt\u00e4 ja l\u00e4het\u00e4 alla oleva tarjouspyynt\u00f6lomake.<\/p>\n","protected":false},"author":13,"featured_media":0,"parent":0,"menu_order":113,"comment_status":"closed","ping_status":"closed","template":"","meta":{"_acf_changed":false,"footnotes":""},"class_list":["post-32377","page","type-page","status-publish","hentry"],"acf":[],"yoast_head":"<!-- This site is optimized with the Yoast SEO plugin v27.5 - https:\/\/yoast.com\/product\/yoast-seo-wordpress\/ -->\n<title>L\u00e4het\u00e4 tarjouspyynt\u00f6 (RFP) - Estonian Convention Bureau<\/title>\n<meta name=\"robots\" content=\"index, follow, max-snippet:-1, max-image-preview:large, max-video-preview:-1\" \/>\n<link rel=\"canonical\" href=\"https:\/\/www.ecb.ee\/fi\/laheta-tarjouspyynto-rfp\/\" \/>\n<meta property=\"og:locale\" content=\"fi_FI\" \/>\n<meta property=\"og:type\" content=\"article\" \/>\n<meta property=\"og:title\" content=\"L\u00e4het\u00e4 tarjouspyynt\u00f6 (RFP) - Estonian Convention Bureau\" \/>\n<meta property=\"og:description\" content=\"L\u00e4het\u00e4 tarjouspyynt\u00f6 Jos haluat saada lis\u00e4tietoa siit\u00e4, mit\u00e4 Viro voi tarjota tapahtumakohteena, t\u00e4yt\u00e4 ja l\u00e4het\u00e4 alla oleva tarjouspyynt\u00f6lomake.\" \/>\n<meta property=\"og:url\" content=\"https:\/\/www.ecb.ee\/fi\/laheta-tarjouspyynto-rfp\/\" \/>\n<meta property=\"og:site_name\" content=\"Estonian Convention Bureau\" \/>\n<meta property=\"article:modified_time\" content=\"2024-04-04T13:36:10+00:00\" \/>\n<meta name=\"twitter:card\" content=\"summary_large_image\" \/>\n<meta name=\"twitter:label1\" content=\"Arvioitu lukuaika\" \/>\n\t<meta name=\"twitter:data1\" content=\"1 minuutti\" \/>\n<script type=\"application\/ld+json\" class=\"yoast-schema-graph\">{\"@context\":\"https:\\\/\\\/schema.org\",\"@graph\":[{\"@type\":\"WebPage\",\"@id\":\"https:\\\/\\\/www.ecb.ee\\\/fi\\\/laheta-tarjouspyynto-rfp\\\/\",\"url\":\"https:\\\/\\\/www.ecb.ee\\\/fi\\\/laheta-tarjouspyynto-rfp\\\/\",\"name\":\"L\u00e4het\u00e4 tarjouspyynt\u00f6 (RFP) - Estonian Convention Bureau\",\"isPartOf\":{\"@id\":\"https:\\\/\\\/www.ecb.ee\\\/#website\"},\"datePublished\":\"2020-12-08T14:03:26+00:00\",\"dateModified\":\"2024-04-04T13:36:10+00:00\",\"breadcrumb\":{\"@id\":\"https:\\\/\\\/www.ecb.ee\\\/fi\\\/laheta-tarjouspyynto-rfp\\\/#breadcrumb\"},\"inLanguage\":\"fi\",\"potentialAction\":[{\"@type\":\"ReadAction\",\"target\":[\"https:\\\/\\\/www.ecb.ee\\\/fi\\\/laheta-tarjouspyynto-rfp\\\/\"]}]},{\"@type\":\"BreadcrumbList\",\"@id\":\"https:\\\/\\\/www.ecb.ee\\\/fi\\\/laheta-tarjouspyynto-rfp\\\/#breadcrumb\",\"itemListElement\":[{\"@type\":\"ListItem\",\"position\":1,\"name\":\"Home\",\"item\":\"https:\\\/\\\/www.ecb.ee\\\/fi\\\/\"},{\"@type\":\"ListItem\",\"position\":2,\"name\":\"L\u00e4het\u00e4 tarjouspyynt\u00f6 (RFP)\"}]},{\"@type\":\"WebSite\",\"@id\":\"https:\\\/\\\/www.ecb.ee\\\/#website\",\"url\":\"https:\\\/\\\/www.ecb.ee\\\/\",\"name\":\"Estonian Convention Bureau\",\"description\":\"\",\"publisher\":{\"@id\":\"https:\\\/\\\/www.ecb.ee\\\/#organization\"},\"potentialAction\":[{\"@type\":\"SearchAction\",\"target\":{\"@type\":\"EntryPoint\",\"urlTemplate\":\"https:\\\/\\\/www.ecb.ee\\\/?s={search_term_string}\"},\"query-input\":{\"@type\":\"PropertyValueSpecification\",\"valueRequired\":true,\"valueName\":\"search_term_string\"}}],\"inLanguage\":\"fi\"},{\"@type\":\"Organization\",\"@id\":\"https:\\\/\\\/www.ecb.ee\\\/#organization\",\"name\":\"Estonian Convention Bureau\",\"url\":\"https:\\\/\\\/www.ecb.ee\\\/\",\"logo\":{\"@type\":\"ImageObject\",\"inLanguage\":\"fi\",\"@id\":\"https:\\\/\\\/www.ecb.ee\\\/#\\\/schema\\\/logo\\\/image\\\/\",\"url\":\"https:\\\/\\\/www.ecb.ee\\\/wp-content\\\/uploads\\\/2020\\\/12\\\/site_logo.svg\",\"contentUrl\":\"https:\\\/\\\/www.ecb.ee\\\/wp-content\\\/uploads\\\/2020\\\/12\\\/site_logo.svg\",\"caption\":\"Estonian Convention Bureau\"},\"image\":{\"@id\":\"https:\\\/\\\/www.ecb.ee\\\/#\\\/schema\\\/logo\\\/image\\\/\"}}]}<\/script>\n<!-- \/ Yoast SEO plugin. -->","yoast_head_json":{"title":"L\u00e4het\u00e4 tarjouspyynt\u00f6 (RFP) - Estonian Convention Bureau","robots":{"index":"index","follow":"follow","max-snippet":"max-snippet:-1","max-image-preview":"max-image-preview:large","max-video-preview":"max-video-preview:-1"},"canonical":"https:\/\/www.ecb.ee\/fi\/laheta-tarjouspyynto-rfp\/","og_locale":"fi_FI","og_type":"article","og_title":"L\u00e4het\u00e4 tarjouspyynt\u00f6 (RFP) - Estonian Convention Bureau","og_description":"L\u00e4het\u00e4 tarjouspyynt\u00f6 Jos haluat saada lis\u00e4tietoa siit\u00e4, mit\u00e4 Viro voi tarjota tapahtumakohteena, t\u00e4yt\u00e4 ja l\u00e4het\u00e4 alla oleva tarjouspyynt\u00f6lomake.","og_url":"https:\/\/www.ecb.ee\/fi\/laheta-tarjouspyynto-rfp\/","og_site_name":"Estonian Convention Bureau","article_modified_time":"2024-04-04T13:36:10+00:00","twitter_card":"summary_large_image","twitter_misc":{"Arvioitu lukuaika":"1 minuutti"},"schema":{"@context":"https:\/\/schema.org","@graph":[{"@type":"WebPage","@id":"https:\/\/www.ecb.ee\/fi\/laheta-tarjouspyynto-rfp\/","url":"https:\/\/www.ecb.ee\/fi\/laheta-tarjouspyynto-rfp\/","name":"L\u00e4het\u00e4 tarjouspyynt\u00f6 (RFP) - Estonian Convention Bureau","isPartOf":{"@id":"https:\/\/www.ecb.ee\/#website"},"datePublished":"2020-12-08T14:03:26+00:00","dateModified":"2024-04-04T13:36:10+00:00","breadcrumb":{"@id":"https:\/\/www.ecb.ee\/fi\/laheta-tarjouspyynto-rfp\/#breadcrumb"},"inLanguage":"fi","potentialAction":[{"@type":"ReadAction","target":["https:\/\/www.ecb.ee\/fi\/laheta-tarjouspyynto-rfp\/"]}]},{"@type":"BreadcrumbList","@id":"https:\/\/www.ecb.ee\/fi\/laheta-tarjouspyynto-rfp\/#breadcrumb","itemListElement":[{"@type":"ListItem","position":1,"name":"Home","item":"https:\/\/www.ecb.ee\/fi\/"},{"@type":"ListItem","position":2,"name":"L\u00e4het\u00e4 tarjouspyynt\u00f6 (RFP)"}]},{"@type":"WebSite","@id":"https:\/\/www.ecb.ee\/#website","url":"https:\/\/www.ecb.ee\/","name":"Estonian Convention Bureau","description":"","publisher":{"@id":"https:\/\/www.ecb.ee\/#organization"},"potentialAction":[{"@type":"SearchAction","target":{"@type":"EntryPoint","urlTemplate":"https:\/\/www.ecb.ee\/?s={search_term_string}"},"query-input":{"@type":"PropertyValueSpecification","valueRequired":true,"valueName":"search_term_string"}}],"inLanguage":"fi"},{"@type":"Organization","@id":"https:\/\/www.ecb.ee\/#organization","name":"Estonian Convention Bureau","url":"https:\/\/www.ecb.ee\/","logo":{"@type":"ImageObject","inLanguage":"fi","@id":"https:\/\/www.ecb.ee\/#\/schema\/logo\/image\/","url":"https:\/\/www.ecb.ee\/wp-content\/uploads\/2020\/12\/site_logo.svg","contentUrl":"https:\/\/www.ecb.ee\/wp-content\/uploads\/2020\/12\/site_logo.svg","caption":"Estonian Convention Bureau"},"image":{"@id":"https:\/\/www.ecb.ee\/#\/schema\/logo\/image\/"}}]}},"_links":{"self":[{"href":"https:\/\/www.ecb.ee\/fi\/wp-json\/wp\/v2\/pages\/32377","targetHints":{"allow":["GET"]}}],"collection":[{"href":"https:\/\/www.ecb.ee\/fi\/wp-json\/wp\/v2\/pages"}],"about":[{"href":"https:\/\/www.ecb.ee\/fi\/wp-json\/wp\/v2\/types\/page"}],"author":[{"embeddable":true,"href":"https:\/\/www.ecb.ee\/fi\/wp-json\/wp\/v2\/users\/13"}],"replies":[{"embeddable":true,"href":"https:\/\/www.ecb.ee\/fi\/wp-json\/wp\/v2\/comments?post=32377"}],"version-history":[{"count":5,"href":"https:\/\/www.ecb.ee\/fi\/wp-json\/wp\/v2\/pages\/32377\/revisions"}],"predecessor-version":[{"id":35437,"href":"https:\/\/www.ecb.ee\/fi\/wp-json\/wp\/v2\/pages\/32377\/revisions\/35437"}],"wp:attachment":[{"href":"https:\/\/www.ecb.ee\/fi\/wp-json\/wp\/v2\/media?parent=32377"}],"curies":[{"name":"wp","href":"https:\/\/api.w.org\/{rel}","templated":true}]}}