{"id":32358,"date":"2020-12-08T13:53:49","date_gmt":"2020-12-08T13:53:49","guid":{"rendered":"https:\/\/www.ecb.ee\/programs\/"},"modified":"2026-01-30T08:06:34","modified_gmt":"2026-01-30T08:06:34","slug":"oheisohjelmat","status":"publish","type":"page","link":"https:\/\/www.ecb.ee\/fi\/oheisohjelmat\/","title":{"rendered":"Oheisohjelmat"},"content":{"rendered":"<p>Viron pienuus tarjoaa hyv\u00e4t mahdollisuudet kokousten ja el\u00e4mystoiminnan yhdist\u00e4miseen. Mik\u00e4 voisi olla kivempaa kuin mieliinpainuva yhteinen tekeminen kiireisen neuvottelup\u00e4iv\u00e4n j\u00e4lkeen? Upeita el\u00e4myksi\u00e4 ryhmille l\u00f6ytyy niin kaupungista kuin sen ulkopuolelta koskemattoman luonnon keskelt\u00e4. Kattavasta aktiviteettivalikoimastamme l\u00f6yd\u00e4t lukuisia aktiviteetteja, jotka soveltuvat t\u00e4ydellisesti virkistys-, tyky- ja tyhyp\u00e4iviin, erilaisiin yrityksen sis\u00e4isiin juhliin sek\u00e4 tapahtumiin.<\/p>\n<p>&nbsp;<\/p>\n","protected":false},"excerpt":{"rendered":"<p>Viron pienuus tarjoaa hyv\u00e4t mahdollisuudet kokousten ja el\u00e4mystoiminnan yhdist\u00e4miseen. Mik\u00e4 voisi olla kivempaa kuin mieliinpainuva yhteinen tekeminen kiireisen neuvottelup\u00e4iv\u00e4n j\u00e4lkeen? Upeita el\u00e4myksi\u00e4 ryhmille l\u00f6ytyy niin kaupungista kuin sen ulkopuolelta koskemattoman luonnon keskelt\u00e4. Kattavasta aktiviteettivalikoimastamme l\u00f6yd\u00e4t lukuisia aktiviteetteja, jotka soveltuvat t\u00e4ydellisesti virkistys-, tyky- ja tyhyp\u00e4iviin, erilaisiin yrityksen sis\u00e4isiin juhliin sek\u00e4 tapahtumiin. &nbsp;<\/p>\n","protected":false},"author":13,"featured_media":0,"parent":0,"menu_order":101,"comment_status":"closed","ping_status":"closed","template":"templates\/tpl-programs.php","meta":{"_acf_changed":false,"footnotes":""},"class_list":["post-32358","page","type-page","status-publish","hentry"],"acf":[],"yoast_head":"<!-- This site is optimized with the Yoast SEO plugin v27.5 - https:\/\/yoast.com\/product\/yoast-seo-wordpress\/ -->\n<title>Oheisohjelmat - Estonian Convention Bureau<\/title>\n<meta name=\"robots\" content=\"index, follow, max-snippet:-1, max-image-preview:large, max-video-preview:-1\" \/>\n<link rel=\"canonical\" href=\"https:\/\/www.ecb.ee\/fi\/oheisohjelmat\/\" \/>\n<meta property=\"og:locale\" content=\"fi_FI\" \/>\n<meta property=\"og:type\" content=\"article\" \/>\n<meta property=\"og:title\" content=\"Oheisohjelmat - Estonian Convention Bureau\" \/>\n<meta property=\"og:description\" content=\"Viron pienuus tarjoaa hyv\u00e4t mahdollisuudet kokousten ja el\u00e4mystoiminnan yhdist\u00e4miseen. Mik\u00e4 voisi olla kivempaa kuin mieliinpainuva yhteinen tekeminen kiireisen neuvottelup\u00e4iv\u00e4n j\u00e4lkeen? Upeita el\u00e4myksi\u00e4 ryhmille l\u00f6ytyy niin kaupungista kuin sen ulkopuolelta koskemattoman luonnon keskelt\u00e4. Kattavasta aktiviteettivalikoimastamme l\u00f6yd\u00e4t lukuisia aktiviteetteja, jotka soveltuvat t\u00e4ydellisesti virkistys-, tyky- ja tyhyp\u00e4iviin, erilaisiin yrityksen sis\u00e4isiin juhliin sek\u00e4 tapahtumiin. &nbsp;\" \/>\n<meta property=\"og:url\" content=\"https:\/\/www.ecb.ee\/fi\/oheisohjelmat\/\" \/>\n<meta property=\"og:site_name\" content=\"Estonian Convention Bureau\" \/>\n<meta property=\"article:modified_time\" content=\"2026-01-30T08:06:34+00:00\" \/>\n<meta name=\"twitter:card\" content=\"summary_large_image\" \/>\n<meta name=\"twitter:label1\" content=\"Arvioitu lukuaika\" \/>\n\t<meta name=\"twitter:data1\" content=\"1 minuutti\" \/>\n<script type=\"application\/ld+json\" class=\"yoast-schema-graph\">{\"@context\":\"https:\\\/\\\/schema.org\",\"@graph\":[{\"@type\":\"WebPage\",\"@id\":\"https:\\\/\\\/www.ecb.ee\\\/fi\\\/oheisohjelmat\\\/\",\"url\":\"https:\\\/\\\/www.ecb.ee\\\/fi\\\/oheisohjelmat\\\/\",\"name\":\"Oheisohjelmat - Estonian Convention Bureau\",\"isPartOf\":{\"@id\":\"https:\\\/\\\/www.ecb.ee\\\/#website\"},\"datePublished\":\"2020-12-08T13:53:49+00:00\",\"dateModified\":\"2026-01-30T08:06:34+00:00\",\"breadcrumb\":{\"@id\":\"https:\\\/\\\/www.ecb.ee\\\/fi\\\/oheisohjelmat\\\/#breadcrumb\"},\"inLanguage\":\"fi\",\"potentialAction\":[{\"@type\":\"ReadAction\",\"target\":[\"https:\\\/\\\/www.ecb.ee\\\/fi\\\/oheisohjelmat\\\/\"]}]},{\"@type\":\"BreadcrumbList\",\"@id\":\"https:\\\/\\\/www.ecb.ee\\\/fi\\\/oheisohjelmat\\\/#breadcrumb\",\"itemListElement\":[{\"@type\":\"ListItem\",\"position\":1,\"name\":\"Home\",\"item\":\"https:\\\/\\\/www.ecb.ee\\\/fi\\\/\"},{\"@type\":\"ListItem\",\"position\":2,\"name\":\"Oheisohjelmat\"}]},{\"@type\":\"WebSite\",\"@id\":\"https:\\\/\\\/www.ecb.ee\\\/#website\",\"url\":\"https:\\\/\\\/www.ecb.ee\\\/\",\"name\":\"Estonian Convention Bureau\",\"description\":\"\",\"publisher\":{\"@id\":\"https:\\\/\\\/www.ecb.ee\\\/#organization\"},\"potentialAction\":[{\"@type\":\"SearchAction\",\"target\":{\"@type\":\"EntryPoint\",\"urlTemplate\":\"https:\\\/\\\/www.ecb.ee\\\/?s={search_term_string}\"},\"query-input\":{\"@type\":\"PropertyValueSpecification\",\"valueRequired\":true,\"valueName\":\"search_term_string\"}}],\"inLanguage\":\"fi\"},{\"@type\":\"Organization\",\"@id\":\"https:\\\/\\\/www.ecb.ee\\\/#organization\",\"name\":\"Estonian Convention Bureau\",\"url\":\"https:\\\/\\\/www.ecb.ee\\\/\",\"logo\":{\"@type\":\"ImageObject\",\"inLanguage\":\"fi\",\"@id\":\"https:\\\/\\\/www.ecb.ee\\\/#\\\/schema\\\/logo\\\/image\\\/\",\"url\":\"https:\\\/\\\/www.ecb.ee\\\/wp-content\\\/uploads\\\/2020\\\/12\\\/site_logo.svg\",\"contentUrl\":\"https:\\\/\\\/www.ecb.ee\\\/wp-content\\\/uploads\\\/2020\\\/12\\\/site_logo.svg\",\"caption\":\"Estonian Convention Bureau\"},\"image\":{\"@id\":\"https:\\\/\\\/www.ecb.ee\\\/#\\\/schema\\\/logo\\\/image\\\/\"}}]}<\/script>\n<!-- \/ Yoast SEO plugin. -->","yoast_head_json":{"title":"Oheisohjelmat - Estonian Convention Bureau","robots":{"index":"index","follow":"follow","max-snippet":"max-snippet:-1","max-image-preview":"max-image-preview:large","max-video-preview":"max-video-preview:-1"},"canonical":"https:\/\/www.ecb.ee\/fi\/oheisohjelmat\/","og_locale":"fi_FI","og_type":"article","og_title":"Oheisohjelmat - Estonian Convention Bureau","og_description":"Viron pienuus tarjoaa hyv\u00e4t mahdollisuudet kokousten ja el\u00e4mystoiminnan yhdist\u00e4miseen. Mik\u00e4 voisi olla kivempaa kuin mieliinpainuva yhteinen tekeminen kiireisen neuvottelup\u00e4iv\u00e4n j\u00e4lkeen? Upeita el\u00e4myksi\u00e4 ryhmille l\u00f6ytyy niin kaupungista kuin sen ulkopuolelta koskemattoman luonnon keskelt\u00e4. Kattavasta aktiviteettivalikoimastamme l\u00f6yd\u00e4t lukuisia aktiviteetteja, jotka soveltuvat t\u00e4ydellisesti virkistys-, tyky- ja tyhyp\u00e4iviin, erilaisiin yrityksen sis\u00e4isiin juhliin sek\u00e4 tapahtumiin. &nbsp;","og_url":"https:\/\/www.ecb.ee\/fi\/oheisohjelmat\/","og_site_name":"Estonian Convention Bureau","article_modified_time":"2026-01-30T08:06:34+00:00","twitter_card":"summary_large_image","twitter_misc":{"Arvioitu lukuaika":"1 minuutti"},"schema":{"@context":"https:\/\/schema.org","@graph":[{"@type":"WebPage","@id":"https:\/\/www.ecb.ee\/fi\/oheisohjelmat\/","url":"https:\/\/www.ecb.ee\/fi\/oheisohjelmat\/","name":"Oheisohjelmat - Estonian Convention Bureau","isPartOf":{"@id":"https:\/\/www.ecb.ee\/#website"},"datePublished":"2020-12-08T13:53:49+00:00","dateModified":"2026-01-30T08:06:34+00:00","breadcrumb":{"@id":"https:\/\/www.ecb.ee\/fi\/oheisohjelmat\/#breadcrumb"},"inLanguage":"fi","potentialAction":[{"@type":"ReadAction","target":["https:\/\/www.ecb.ee\/fi\/oheisohjelmat\/"]}]},{"@type":"BreadcrumbList","@id":"https:\/\/www.ecb.ee\/fi\/oheisohjelmat\/#breadcrumb","itemListElement":[{"@type":"ListItem","position":1,"name":"Home","item":"https:\/\/www.ecb.ee\/fi\/"},{"@type":"ListItem","position":2,"name":"Oheisohjelmat"}]},{"@type":"WebSite","@id":"https:\/\/www.ecb.ee\/#website","url":"https:\/\/www.ecb.ee\/","name":"Estonian Convention Bureau","description":"","publisher":{"@id":"https:\/\/www.ecb.ee\/#organization"},"potentialAction":[{"@type":"SearchAction","target":{"@type":"EntryPoint","urlTemplate":"https:\/\/www.ecb.ee\/?s={search_term_string}"},"query-input":{"@type":"PropertyValueSpecification","valueRequired":true,"valueName":"search_term_string"}}],"inLanguage":"fi"},{"@type":"Organization","@id":"https:\/\/www.ecb.ee\/#organization","name":"Estonian Convention Bureau","url":"https:\/\/www.ecb.ee\/","logo":{"@type":"ImageObject","inLanguage":"fi","@id":"https:\/\/www.ecb.ee\/#\/schema\/logo\/image\/","url":"https:\/\/www.ecb.ee\/wp-content\/uploads\/2020\/12\/site_logo.svg","contentUrl":"https:\/\/www.ecb.ee\/wp-content\/uploads\/2020\/12\/site_logo.svg","caption":"Estonian Convention Bureau"},"image":{"@id":"https:\/\/www.ecb.ee\/#\/schema\/logo\/image\/"}}]}},"_links":{"self":[{"href":"https:\/\/www.ecb.ee\/fi\/wp-json\/wp\/v2\/pages\/32358","targetHints":{"allow":["GET"]}}],"collection":[{"href":"https:\/\/www.ecb.ee\/fi\/wp-json\/wp\/v2\/pages"}],"about":[{"href":"https:\/\/www.ecb.ee\/fi\/wp-json\/wp\/v2\/types\/page"}],"author":[{"embeddable":true,"href":"https:\/\/www.ecb.ee\/fi\/wp-json\/wp\/v2\/users\/13"}],"replies":[{"embeddable":true,"href":"https:\/\/www.ecb.ee\/fi\/wp-json\/wp\/v2\/comments?post=32358"}],"version-history":[{"count":9,"href":"https:\/\/www.ecb.ee\/fi\/wp-json\/wp\/v2\/pages\/32358\/revisions"}],"predecessor-version":[{"id":44521,"href":"https:\/\/www.ecb.ee\/fi\/wp-json\/wp\/v2\/pages\/32358\/revisions\/44521"}],"wp:attachment":[{"href":"https:\/\/www.ecb.ee\/fi\/wp-json\/wp\/v2\/media?parent=32358"}],"curies":[{"name":"wp","href":"https:\/\/api.w.org\/{rel}","templated":true}]}}