{"id":32352,"date":"2020-12-08T13:51:02","date_gmt":"2020-12-08T13:51:02","guid":{"rendered":"https:\/\/www.ecb.ee\/suppliers\/"},"modified":"2024-03-05T07:21:37","modified_gmt":"2024-03-05T07:21:37","slug":"tapahtumapalvelut","status":"publish","type":"page","link":"https:\/\/www.ecb.ee\/fi\/tapahtumapalvelut\/","title":{"rendered":"Tapahtumapalvelut"},"content":{"rendered":"<p class=\"m_8455654143780496959Standard\"><span lang=\"FI\">Yritystapahtuman sujuvaksi organisoimiseksi kannattaa ottaa avuksi kokenut tapahtumaj\u00e4rjest\u00e4j\u00e4, joka hoitaa paikan valinnan ja vuokrauksen, \u00e4\u00e4ni- ja valotekniikan, tarjoilut, viihdepuolen ja esiintyj\u00e4t.<\/span><\/p>\n<p class=\"m_8455654143780496959Standard\"><span lang=\"FI\"> Joskus t\u00e4yden palvelun sijaan tarvitaan pienimuotoisempaa vapaa-ajan aktiviteetteihin, retkiohjelmiin, kuljetuksiin, ruokailuihin tai vastaaviin liittyv\u00e4\u00e4 apua paikan p\u00e4\u00e4ll\u00e4.\u00a0 T\u00e4llaisissa tapauksissa j\u00e4rjestelyj\u00e4 hoitavat paikalliset yritykset. <\/span><\/p>\n<p class=\"m_8455654143780496959Standard\"><span lang=\"FI\">Mik\u00e4li kaipaat pelkk\u00e4\u00e4 pitopalvelua, tarjolla on useita kokeneita catering-yrityksi\u00e4, jotka ovat hoitaneet tarjoilut korkean tason valtiollisista tapahtumista alkaen.\u00a0<u><\/u><u><\/u><\/span><\/p>\n","protected":false},"excerpt":{"rendered":"<p>Yritystapahtuman sujuvaksi organisoimiseksi kannattaa ottaa avuksi kokenut tapahtumaj\u00e4rjest\u00e4j\u00e4, joka hoitaa paikan valinnan ja vuokrauksen, \u00e4\u00e4ni- ja valotekniikan, tarjoilut, viihdepuolen ja esiintyj\u00e4t. Joskus t\u00e4yden palvelun sijaan tarvitaan pienimuotoisempaa vapaa-ajan aktiviteetteihin, retkiohjelmiin, kuljetuksiin, ruokailuihin tai vastaaviin liittyv\u00e4\u00e4 apua paikan p\u00e4\u00e4ll\u00e4.\u00a0 T\u00e4llaisissa tapauksissa j\u00e4rjestelyj\u00e4 hoitavat paikalliset yritykset. Mik\u00e4li kaipaat pelkk\u00e4\u00e4 pitopalvelua, tarjolla on useita kokeneita catering-yrityksi\u00e4, jotka ovat [&hellip;]<\/p>\n","protected":false},"author":13,"featured_media":0,"parent":0,"menu_order":93,"comment_status":"closed","ping_status":"closed","template":"templates\/tpl-suppliers.php","meta":{"_acf_changed":false,"footnotes":""},"class_list":["post-32352","page","type-page","status-publish","hentry"],"acf":[],"yoast_head":"<!-- This site is optimized with the Yoast SEO plugin v27.5 - https:\/\/yoast.com\/product\/yoast-seo-wordpress\/ -->\n<title>Tapahtumapalvelut - Estonian Convention Bureau<\/title>\n<meta name=\"robots\" content=\"index, follow, max-snippet:-1, max-image-preview:large, max-video-preview:-1\" \/>\n<link rel=\"canonical\" href=\"https:\/\/www.ecb.ee\/fi\/tapahtumapalvelut\/\" \/>\n<meta property=\"og:locale\" content=\"fi_FI\" \/>\n<meta property=\"og:type\" content=\"article\" \/>\n<meta property=\"og:title\" content=\"Tapahtumapalvelut - Estonian Convention Bureau\" \/>\n<meta property=\"og:description\" content=\"Yritystapahtuman sujuvaksi organisoimiseksi kannattaa ottaa avuksi kokenut tapahtumaj\u00e4rjest\u00e4j\u00e4, joka hoitaa paikan valinnan ja vuokrauksen, \u00e4\u00e4ni- ja valotekniikan, tarjoilut, viihdepuolen ja esiintyj\u00e4t. Joskus t\u00e4yden palvelun sijaan tarvitaan pienimuotoisempaa vapaa-ajan aktiviteetteihin, retkiohjelmiin, kuljetuksiin, ruokailuihin tai vastaaviin liittyv\u00e4\u00e4 apua paikan p\u00e4\u00e4ll\u00e4.\u00a0 T\u00e4llaisissa tapauksissa j\u00e4rjestelyj\u00e4 hoitavat paikalliset yritykset. Mik\u00e4li kaipaat pelkk\u00e4\u00e4 pitopalvelua, tarjolla on useita kokeneita catering-yrityksi\u00e4, jotka ovat [&hellip;]\" \/>\n<meta property=\"og:url\" content=\"https:\/\/www.ecb.ee\/fi\/tapahtumapalvelut\/\" \/>\n<meta property=\"og:site_name\" content=\"Estonian Convention Bureau\" \/>\n<meta property=\"article:modified_time\" content=\"2024-03-05T07:21:37+00:00\" \/>\n<meta name=\"twitter:card\" content=\"summary_large_image\" \/>\n<meta name=\"twitter:label1\" content=\"Arvioitu lukuaika\" \/>\n\t<meta name=\"twitter:data1\" content=\"1 minuutti\" \/>\n<script type=\"application\/ld+json\" class=\"yoast-schema-graph\">{\"@context\":\"https:\\\/\\\/schema.org\",\"@graph\":[{\"@type\":\"WebPage\",\"@id\":\"https:\\\/\\\/www.ecb.ee\\\/fi\\\/tapahtumapalvelut\\\/\",\"url\":\"https:\\\/\\\/www.ecb.ee\\\/fi\\\/tapahtumapalvelut\\\/\",\"name\":\"Tapahtumapalvelut - Estonian Convention Bureau\",\"isPartOf\":{\"@id\":\"https:\\\/\\\/www.ecb.ee\\\/#website\"},\"datePublished\":\"2020-12-08T13:51:02+00:00\",\"dateModified\":\"2024-03-05T07:21:37+00:00\",\"breadcrumb\":{\"@id\":\"https:\\\/\\\/www.ecb.ee\\\/fi\\\/tapahtumapalvelut\\\/#breadcrumb\"},\"inLanguage\":\"fi\",\"potentialAction\":[{\"@type\":\"ReadAction\",\"target\":[\"https:\\\/\\\/www.ecb.ee\\\/fi\\\/tapahtumapalvelut\\\/\"]}]},{\"@type\":\"BreadcrumbList\",\"@id\":\"https:\\\/\\\/www.ecb.ee\\\/fi\\\/tapahtumapalvelut\\\/#breadcrumb\",\"itemListElement\":[{\"@type\":\"ListItem\",\"position\":1,\"name\":\"Home\",\"item\":\"https:\\\/\\\/www.ecb.ee\\\/fi\\\/\"},{\"@type\":\"ListItem\",\"position\":2,\"name\":\"Tapahtumapalvelut\"}]},{\"@type\":\"WebSite\",\"@id\":\"https:\\\/\\\/www.ecb.ee\\\/#website\",\"url\":\"https:\\\/\\\/www.ecb.ee\\\/\",\"name\":\"Estonian Convention Bureau\",\"description\":\"\",\"publisher\":{\"@id\":\"https:\\\/\\\/www.ecb.ee\\\/#organization\"},\"potentialAction\":[{\"@type\":\"SearchAction\",\"target\":{\"@type\":\"EntryPoint\",\"urlTemplate\":\"https:\\\/\\\/www.ecb.ee\\\/?s={search_term_string}\"},\"query-input\":{\"@type\":\"PropertyValueSpecification\",\"valueRequired\":true,\"valueName\":\"search_term_string\"}}],\"inLanguage\":\"fi\"},{\"@type\":\"Organization\",\"@id\":\"https:\\\/\\\/www.ecb.ee\\\/#organization\",\"name\":\"Estonian Convention Bureau\",\"url\":\"https:\\\/\\\/www.ecb.ee\\\/\",\"logo\":{\"@type\":\"ImageObject\",\"inLanguage\":\"fi\",\"@id\":\"https:\\\/\\\/www.ecb.ee\\\/#\\\/schema\\\/logo\\\/image\\\/\",\"url\":\"https:\\\/\\\/www.ecb.ee\\\/wp-content\\\/uploads\\\/2020\\\/12\\\/site_logo.svg\",\"contentUrl\":\"https:\\\/\\\/www.ecb.ee\\\/wp-content\\\/uploads\\\/2020\\\/12\\\/site_logo.svg\",\"caption\":\"Estonian Convention Bureau\"},\"image\":{\"@id\":\"https:\\\/\\\/www.ecb.ee\\\/#\\\/schema\\\/logo\\\/image\\\/\"}}]}<\/script>\n<!-- \/ Yoast SEO plugin. -->","yoast_head_json":{"title":"Tapahtumapalvelut - Estonian Convention Bureau","robots":{"index":"index","follow":"follow","max-snippet":"max-snippet:-1","max-image-preview":"max-image-preview:large","max-video-preview":"max-video-preview:-1"},"canonical":"https:\/\/www.ecb.ee\/fi\/tapahtumapalvelut\/","og_locale":"fi_FI","og_type":"article","og_title":"Tapahtumapalvelut - Estonian Convention Bureau","og_description":"Yritystapahtuman sujuvaksi organisoimiseksi kannattaa ottaa avuksi kokenut tapahtumaj\u00e4rjest\u00e4j\u00e4, joka hoitaa paikan valinnan ja vuokrauksen, \u00e4\u00e4ni- ja valotekniikan, tarjoilut, viihdepuolen ja esiintyj\u00e4t. Joskus t\u00e4yden palvelun sijaan tarvitaan pienimuotoisempaa vapaa-ajan aktiviteetteihin, retkiohjelmiin, kuljetuksiin, ruokailuihin tai vastaaviin liittyv\u00e4\u00e4 apua paikan p\u00e4\u00e4ll\u00e4.\u00a0 T\u00e4llaisissa tapauksissa j\u00e4rjestelyj\u00e4 hoitavat paikalliset yritykset. Mik\u00e4li kaipaat pelkk\u00e4\u00e4 pitopalvelua, tarjolla on useita kokeneita catering-yrityksi\u00e4, jotka ovat [&hellip;]","og_url":"https:\/\/www.ecb.ee\/fi\/tapahtumapalvelut\/","og_site_name":"Estonian Convention Bureau","article_modified_time":"2024-03-05T07:21:37+00:00","twitter_card":"summary_large_image","twitter_misc":{"Arvioitu lukuaika":"1 minuutti"},"schema":{"@context":"https:\/\/schema.org","@graph":[{"@type":"WebPage","@id":"https:\/\/www.ecb.ee\/fi\/tapahtumapalvelut\/","url":"https:\/\/www.ecb.ee\/fi\/tapahtumapalvelut\/","name":"Tapahtumapalvelut - Estonian Convention Bureau","isPartOf":{"@id":"https:\/\/www.ecb.ee\/#website"},"datePublished":"2020-12-08T13:51:02+00:00","dateModified":"2024-03-05T07:21:37+00:00","breadcrumb":{"@id":"https:\/\/www.ecb.ee\/fi\/tapahtumapalvelut\/#breadcrumb"},"inLanguage":"fi","potentialAction":[{"@type":"ReadAction","target":["https:\/\/www.ecb.ee\/fi\/tapahtumapalvelut\/"]}]},{"@type":"BreadcrumbList","@id":"https:\/\/www.ecb.ee\/fi\/tapahtumapalvelut\/#breadcrumb","itemListElement":[{"@type":"ListItem","position":1,"name":"Home","item":"https:\/\/www.ecb.ee\/fi\/"},{"@type":"ListItem","position":2,"name":"Tapahtumapalvelut"}]},{"@type":"WebSite","@id":"https:\/\/www.ecb.ee\/#website","url":"https:\/\/www.ecb.ee\/","name":"Estonian Convention Bureau","description":"","publisher":{"@id":"https:\/\/www.ecb.ee\/#organization"},"potentialAction":[{"@type":"SearchAction","target":{"@type":"EntryPoint","urlTemplate":"https:\/\/www.ecb.ee\/?s={search_term_string}"},"query-input":{"@type":"PropertyValueSpecification","valueRequired":true,"valueName":"search_term_string"}}],"inLanguage":"fi"},{"@type":"Organization","@id":"https:\/\/www.ecb.ee\/#organization","name":"Estonian Convention Bureau","url":"https:\/\/www.ecb.ee\/","logo":{"@type":"ImageObject","inLanguage":"fi","@id":"https:\/\/www.ecb.ee\/#\/schema\/logo\/image\/","url":"https:\/\/www.ecb.ee\/wp-content\/uploads\/2020\/12\/site_logo.svg","contentUrl":"https:\/\/www.ecb.ee\/wp-content\/uploads\/2020\/12\/site_logo.svg","caption":"Estonian Convention Bureau"},"image":{"@id":"https:\/\/www.ecb.ee\/#\/schema\/logo\/image\/"}}]}},"_links":{"self":[{"href":"https:\/\/www.ecb.ee\/fi\/wp-json\/wp\/v2\/pages\/32352","targetHints":{"allow":["GET"]}}],"collection":[{"href":"https:\/\/www.ecb.ee\/fi\/wp-json\/wp\/v2\/pages"}],"about":[{"href":"https:\/\/www.ecb.ee\/fi\/wp-json\/wp\/v2\/types\/page"}],"author":[{"embeddable":true,"href":"https:\/\/www.ecb.ee\/fi\/wp-json\/wp\/v2\/users\/13"}],"replies":[{"embeddable":true,"href":"https:\/\/www.ecb.ee\/fi\/wp-json\/wp\/v2\/comments?post=32352"}],"version-history":[{"count":2,"href":"https:\/\/www.ecb.ee\/fi\/wp-json\/wp\/v2\/pages\/32352\/revisions"}],"predecessor-version":[{"id":35011,"href":"https:\/\/www.ecb.ee\/fi\/wp-json\/wp\/v2\/pages\/32352\/revisions\/35011"}],"wp:attachment":[{"href":"https:\/\/www.ecb.ee\/fi\/wp-json\/wp\/v2\/media?parent=32352"}],"curies":[{"name":"wp","href":"https:\/\/api.w.org\/{rel}","templated":true}]}}