{"id":32259,"date":"2020-12-08T13:56:20","date_gmt":"2020-12-08T13:56:20","guid":{"rendered":"https:\/\/www.ecb.ee\/about-us\/"},"modified":"2025-07-09T11:40:27","modified_gmt":"2025-07-09T11:40:27","slug":"meista","status":"publish","type":"page","link":"https:\/\/www.ecb.ee\/fi\/meista\/","title":{"rendered":"Meist\u00e4"},"content":{"rendered":"<h3>Tervetuloa kokoustamaan Viroon!<\/h3>\n<p>Kun suunnittelet yritystapahtuman, kokouksen tai konferenssin j\u00e4rjest\u00e4mist\u00e4 Tallinnassa sek\u00e4 muualla Virossa, ota rohkeasti yhteytt\u00e4 meihin. Meilt\u00e4 saat maksuttomasti ideointi- ja kartoitusapua tilojen, ohjelmien, kuljetusvaihtoehtojen ja majoituksen osalta niin kokouksiin, virkistysp\u00e4iviin, yritysjuhliin kuin kansainv\u00e4lisiin kongresseihin.<\/p>\n<p>Autamme konferenssien, kongressien ja yritystapahtumien j\u00e4rjest\u00e4ji\u00e4 l\u00f6yt\u00e4m\u00e4\u00e4n parhaat paikalliset kumppanit, tilat, tarjoilut ja oheisohjelmat kaiken kokoisiin tapahtumiin. Kaikki palvelumme ovat maksuttomia.<\/p>\n<h3>Keit\u00e4 olemme?<\/h3>\n<p>Viron konferenssitoimisto (Estonian Convention Bureau, ECB) markkinoi Viroa kansainv\u00e4listen kokousten, kongressien ja yritystapahtumien kohteena.\u00a0 ECB on paikallisten yritt\u00e4jien ja julkisen sektorin yhteisty\u00f6verkosto. Viron konferenssitoimiston toimintaa tukevat my\u00f6s Viron yritys- ja innovaatios\u00e4\u00e4ti\u00f6 sek\u00e4 Tallinnan, Tarton ja P\u00e4rnun kaupungit. Verkoston j\u00e4senet l\u00f6yd\u00e4t <strong><a href=\"https:\/\/www.ecb.ee\/fi\/ecbn-jasenet\/\" target=\"_blank\" rel=\"noopener\">t\u00e4\u00e4lt\u00e4<\/a>.\u00a0<\/strong><\/p>\n<h3><strong>Ota yhteytt\u00e4<\/strong><\/h3>\n<p>Me ECB:ss\u00e4 olemme alueen asiantuntijoita ja haluamme auttaa sinut alkuun. Tiimimme yhteystiedot l\u00f6yd\u00e4t <a href=\"https:\/\/www.ecb.ee\/fi\/ota-yhteytta\/\" target=\"_blank\" rel=\"noopener\">t\u00e4st\u00e4<\/a>. Markkinointip\u00e4\u00e4llikk\u00f6mme Riine Tiigi puhuu my\u00f6s sujuvaa suomea, jos haluat asioida suomeksi. Voit ottaa meihin yhteytt\u00e4 my\u00f6s s\u00e4hk\u00f6postitse: <a href=\"mailto:info@ecb.ee\" target=\"_blank\" rel=\"noopener\">info@ecb.ee<\/a><\/p>\n<p><img loading=\"lazy\" decoding=\"async\" class=\"alignnone size-full wp-image-37681\" src=\"https:\/\/www.ecb.ee\/wp-content\/uploads\/2024\/10\/toetajad222.jpg\" alt=\"\" width=\"1170\" height=\"200\" srcset=\"https:\/\/www.ecb.ee\/wp-content\/uploads\/2024\/10\/toetajad222.jpg 1170w, https:\/\/www.ecb.ee\/wp-content\/uploads\/2024\/10\/toetajad222-300x51.jpg 300w, https:\/\/www.ecb.ee\/wp-content\/uploads\/2024\/10\/toetajad222-1024x175.jpg 1024w, https:\/\/www.ecb.ee\/wp-content\/uploads\/2024\/10\/toetajad222-768x131.jpg 768w\" sizes=\"auto, (max-width: 1170px) 100vw, 1170px\" \/><\/p>\n<p>&nbsp;<\/p>\n","protected":false},"excerpt":{"rendered":"<p>Tervetuloa kokoustamaan Viroon! Kun suunnittelet yritystapahtuman, kokouksen tai konferenssin j\u00e4rjest\u00e4mist\u00e4 Tallinnassa sek\u00e4 muualla Virossa, ota rohkeasti yhteytt\u00e4 meihin. Meilt\u00e4 saat maksuttomasti ideointi- ja kartoitusapua tilojen, ohjelmien, kuljetusvaihtoehtojen ja majoituksen osalta niin kokouksiin, virkistysp\u00e4iviin, yritysjuhliin kuin kansainv\u00e4lisiin kongresseihin. Autamme konferenssien, kongressien ja yritystapahtumien j\u00e4rjest\u00e4ji\u00e4 l\u00f6yt\u00e4m\u00e4\u00e4n parhaat paikalliset kumppanit, tilat, tarjoilut ja oheisohjelmat kaiken kokoisiin tapahtumiin. Kaikki [&hellip;]<\/p>\n","protected":false},"author":13,"featured_media":0,"parent":0,"menu_order":106,"comment_status":"closed","ping_status":"closed","template":"templates\/tpl-about_us.php","meta":{"_acf_changed":false,"footnotes":""},"class_list":["post-32259","page","type-page","status-publish","hentry"],"acf":[],"yoast_head":"<!-- This site is optimized with the Yoast SEO plugin v27.5 - https:\/\/yoast.com\/product\/yoast-seo-wordpress\/ -->\n<title>Meist\u00e4 - Estonian Convention Bureau<\/title>\n<meta name=\"robots\" content=\"index, follow, max-snippet:-1, max-image-preview:large, max-video-preview:-1\" \/>\n<link rel=\"canonical\" href=\"https:\/\/www.ecb.ee\/fi\/meista\/\" \/>\n<meta property=\"og:locale\" content=\"fi_FI\" \/>\n<meta property=\"og:type\" content=\"article\" \/>\n<meta property=\"og:title\" content=\"Meist\u00e4 - Estonian Convention Bureau\" \/>\n<meta property=\"og:description\" content=\"Tervetuloa kokoustamaan Viroon! Kun suunnittelet yritystapahtuman, kokouksen tai konferenssin j\u00e4rjest\u00e4mist\u00e4 Tallinnassa sek\u00e4 muualla Virossa, ota rohkeasti yhteytt\u00e4 meihin. Meilt\u00e4 saat maksuttomasti ideointi- ja kartoitusapua tilojen, ohjelmien, kuljetusvaihtoehtojen ja majoituksen osalta niin kokouksiin, virkistysp\u00e4iviin, yritysjuhliin kuin kansainv\u00e4lisiin kongresseihin. Autamme konferenssien, kongressien ja yritystapahtumien j\u00e4rjest\u00e4ji\u00e4 l\u00f6yt\u00e4m\u00e4\u00e4n parhaat paikalliset kumppanit, tilat, tarjoilut ja oheisohjelmat kaiken kokoisiin tapahtumiin. Kaikki [&hellip;]\" \/>\n<meta property=\"og:url\" content=\"https:\/\/www.ecb.ee\/fi\/meista\/\" \/>\n<meta property=\"og:site_name\" content=\"Estonian Convention Bureau\" \/>\n<meta property=\"article:modified_time\" content=\"2025-07-09T11:40:27+00:00\" \/>\n<meta property=\"og:image\" content=\"https:\/\/www.ecb.ee\/wp-content\/uploads\/2024\/10\/toetajad222.jpg\" \/>\n\t<meta property=\"og:image:width\" content=\"1170\" \/>\n\t<meta property=\"og:image:height\" content=\"200\" \/>\n\t<meta property=\"og:image:type\" content=\"image\/jpeg\" \/>\n<meta name=\"twitter:card\" content=\"summary_large_image\" \/>\n<meta name=\"twitter:label1\" content=\"Arvioitu lukuaika\" \/>\n\t<meta name=\"twitter:data1\" content=\"2 minuuttia\" \/>\n<script type=\"application\/ld+json\" class=\"yoast-schema-graph\">{\"@context\":\"https:\\\/\\\/schema.org\",\"@graph\":[{\"@type\":\"WebPage\",\"@id\":\"https:\\\/\\\/www.ecb.ee\\\/fi\\\/meista\\\/\",\"url\":\"https:\\\/\\\/www.ecb.ee\\\/fi\\\/meista\\\/\",\"name\":\"Meist\u00e4 - Estonian Convention Bureau\",\"isPartOf\":{\"@id\":\"https:\\\/\\\/www.ecb.ee\\\/#website\"},\"primaryImageOfPage\":{\"@id\":\"https:\\\/\\\/www.ecb.ee\\\/fi\\\/meista\\\/#primaryimage\"},\"image\":{\"@id\":\"https:\\\/\\\/www.ecb.ee\\\/fi\\\/meista\\\/#primaryimage\"},\"thumbnailUrl\":\"https:\\\/\\\/www.ecb.ee\\\/wp-content\\\/uploads\\\/2024\\\/10\\\/toetajad222.jpg\",\"datePublished\":\"2020-12-08T13:56:20+00:00\",\"dateModified\":\"2025-07-09T11:40:27+00:00\",\"breadcrumb\":{\"@id\":\"https:\\\/\\\/www.ecb.ee\\\/fi\\\/meista\\\/#breadcrumb\"},\"inLanguage\":\"fi\",\"potentialAction\":[{\"@type\":\"ReadAction\",\"target\":[\"https:\\\/\\\/www.ecb.ee\\\/fi\\\/meista\\\/\"]}]},{\"@type\":\"ImageObject\",\"inLanguage\":\"fi\",\"@id\":\"https:\\\/\\\/www.ecb.ee\\\/fi\\\/meista\\\/#primaryimage\",\"url\":\"https:\\\/\\\/www.ecb.ee\\\/wp-content\\\/uploads\\\/2024\\\/10\\\/toetajad222.jpg\",\"contentUrl\":\"https:\\\/\\\/www.ecb.ee\\\/wp-content\\\/uploads\\\/2024\\\/10\\\/toetajad222.jpg\"},{\"@type\":\"BreadcrumbList\",\"@id\":\"https:\\\/\\\/www.ecb.ee\\\/fi\\\/meista\\\/#breadcrumb\",\"itemListElement\":[{\"@type\":\"ListItem\",\"position\":1,\"name\":\"Home\",\"item\":\"https:\\\/\\\/www.ecb.ee\\\/fi\\\/\"},{\"@type\":\"ListItem\",\"position\":2,\"name\":\"Meist\u00e4\"}]},{\"@type\":\"WebSite\",\"@id\":\"https:\\\/\\\/www.ecb.ee\\\/#website\",\"url\":\"https:\\\/\\\/www.ecb.ee\\\/\",\"name\":\"Estonian Convention Bureau\",\"description\":\"\",\"publisher\":{\"@id\":\"https:\\\/\\\/www.ecb.ee\\\/#organization\"},\"potentialAction\":[{\"@type\":\"SearchAction\",\"target\":{\"@type\":\"EntryPoint\",\"urlTemplate\":\"https:\\\/\\\/www.ecb.ee\\\/?s={search_term_string}\"},\"query-input\":{\"@type\":\"PropertyValueSpecification\",\"valueRequired\":true,\"valueName\":\"search_term_string\"}}],\"inLanguage\":\"fi\"},{\"@type\":\"Organization\",\"@id\":\"https:\\\/\\\/www.ecb.ee\\\/#organization\",\"name\":\"Estonian Convention Bureau\",\"url\":\"https:\\\/\\\/www.ecb.ee\\\/\",\"logo\":{\"@type\":\"ImageObject\",\"inLanguage\":\"fi\",\"@id\":\"https:\\\/\\\/www.ecb.ee\\\/#\\\/schema\\\/logo\\\/image\\\/\",\"url\":\"https:\\\/\\\/www.ecb.ee\\\/wp-content\\\/uploads\\\/2020\\\/12\\\/site_logo.svg\",\"contentUrl\":\"https:\\\/\\\/www.ecb.ee\\\/wp-content\\\/uploads\\\/2020\\\/12\\\/site_logo.svg\",\"caption\":\"Estonian Convention Bureau\"},\"image\":{\"@id\":\"https:\\\/\\\/www.ecb.ee\\\/#\\\/schema\\\/logo\\\/image\\\/\"}}]}<\/script>\n<!-- \/ Yoast SEO plugin. -->","yoast_head_json":{"title":"Meist\u00e4 - Estonian Convention Bureau","robots":{"index":"index","follow":"follow","max-snippet":"max-snippet:-1","max-image-preview":"max-image-preview:large","max-video-preview":"max-video-preview:-1"},"canonical":"https:\/\/www.ecb.ee\/fi\/meista\/","og_locale":"fi_FI","og_type":"article","og_title":"Meist\u00e4 - Estonian Convention Bureau","og_description":"Tervetuloa kokoustamaan Viroon! Kun suunnittelet yritystapahtuman, kokouksen tai konferenssin j\u00e4rjest\u00e4mist\u00e4 Tallinnassa sek\u00e4 muualla Virossa, ota rohkeasti yhteytt\u00e4 meihin. Meilt\u00e4 saat maksuttomasti ideointi- ja kartoitusapua tilojen, ohjelmien, kuljetusvaihtoehtojen ja majoituksen osalta niin kokouksiin, virkistysp\u00e4iviin, yritysjuhliin kuin kansainv\u00e4lisiin kongresseihin. Autamme konferenssien, kongressien ja yritystapahtumien j\u00e4rjest\u00e4ji\u00e4 l\u00f6yt\u00e4m\u00e4\u00e4n parhaat paikalliset kumppanit, tilat, tarjoilut ja oheisohjelmat kaiken kokoisiin tapahtumiin. Kaikki [&hellip;]","og_url":"https:\/\/www.ecb.ee\/fi\/meista\/","og_site_name":"Estonian Convention Bureau","article_modified_time":"2025-07-09T11:40:27+00:00","og_image":[{"width":1170,"height":200,"url":"https:\/\/www.ecb.ee\/wp-content\/uploads\/2024\/10\/toetajad222.jpg","type":"image\/jpeg"}],"twitter_card":"summary_large_image","twitter_misc":{"Arvioitu lukuaika":"2 minuuttia"},"schema":{"@context":"https:\/\/schema.org","@graph":[{"@type":"WebPage","@id":"https:\/\/www.ecb.ee\/fi\/meista\/","url":"https:\/\/www.ecb.ee\/fi\/meista\/","name":"Meist\u00e4 - Estonian Convention Bureau","isPartOf":{"@id":"https:\/\/www.ecb.ee\/#website"},"primaryImageOfPage":{"@id":"https:\/\/www.ecb.ee\/fi\/meista\/#primaryimage"},"image":{"@id":"https:\/\/www.ecb.ee\/fi\/meista\/#primaryimage"},"thumbnailUrl":"https:\/\/www.ecb.ee\/wp-content\/uploads\/2024\/10\/toetajad222.jpg","datePublished":"2020-12-08T13:56:20+00:00","dateModified":"2025-07-09T11:40:27+00:00","breadcrumb":{"@id":"https:\/\/www.ecb.ee\/fi\/meista\/#breadcrumb"},"inLanguage":"fi","potentialAction":[{"@type":"ReadAction","target":["https:\/\/www.ecb.ee\/fi\/meista\/"]}]},{"@type":"ImageObject","inLanguage":"fi","@id":"https:\/\/www.ecb.ee\/fi\/meista\/#primaryimage","url":"https:\/\/www.ecb.ee\/wp-content\/uploads\/2024\/10\/toetajad222.jpg","contentUrl":"https:\/\/www.ecb.ee\/wp-content\/uploads\/2024\/10\/toetajad222.jpg"},{"@type":"BreadcrumbList","@id":"https:\/\/www.ecb.ee\/fi\/meista\/#breadcrumb","itemListElement":[{"@type":"ListItem","position":1,"name":"Home","item":"https:\/\/www.ecb.ee\/fi\/"},{"@type":"ListItem","position":2,"name":"Meist\u00e4"}]},{"@type":"WebSite","@id":"https:\/\/www.ecb.ee\/#website","url":"https:\/\/www.ecb.ee\/","name":"Estonian Convention Bureau","description":"","publisher":{"@id":"https:\/\/www.ecb.ee\/#organization"},"potentialAction":[{"@type":"SearchAction","target":{"@type":"EntryPoint","urlTemplate":"https:\/\/www.ecb.ee\/?s={search_term_string}"},"query-input":{"@type":"PropertyValueSpecification","valueRequired":true,"valueName":"search_term_string"}}],"inLanguage":"fi"},{"@type":"Organization","@id":"https:\/\/www.ecb.ee\/#organization","name":"Estonian Convention Bureau","url":"https:\/\/www.ecb.ee\/","logo":{"@type":"ImageObject","inLanguage":"fi","@id":"https:\/\/www.ecb.ee\/#\/schema\/logo\/image\/","url":"https:\/\/www.ecb.ee\/wp-content\/uploads\/2020\/12\/site_logo.svg","contentUrl":"https:\/\/www.ecb.ee\/wp-content\/uploads\/2020\/12\/site_logo.svg","caption":"Estonian Convention Bureau"},"image":{"@id":"https:\/\/www.ecb.ee\/#\/schema\/logo\/image\/"}}]}},"_links":{"self":[{"href":"https:\/\/www.ecb.ee\/fi\/wp-json\/wp\/v2\/pages\/32259","targetHints":{"allow":["GET"]}}],"collection":[{"href":"https:\/\/www.ecb.ee\/fi\/wp-json\/wp\/v2\/pages"}],"about":[{"href":"https:\/\/www.ecb.ee\/fi\/wp-json\/wp\/v2\/types\/page"}],"author":[{"embeddable":true,"href":"https:\/\/www.ecb.ee\/fi\/wp-json\/wp\/v2\/users\/13"}],"replies":[{"embeddable":true,"href":"https:\/\/www.ecb.ee\/fi\/wp-json\/wp\/v2\/comments?post=32259"}],"version-history":[{"count":17,"href":"https:\/\/www.ecb.ee\/fi\/wp-json\/wp\/v2\/pages\/32259\/revisions"}],"predecessor-version":[{"id":41644,"href":"https:\/\/www.ecb.ee\/fi\/wp-json\/wp\/v2\/pages\/32259\/revisions\/41644"}],"wp:attachment":[{"href":"https:\/\/www.ecb.ee\/fi\/wp-json\/wp\/v2\/media?parent=32259"}],"curies":[{"name":"wp","href":"https:\/\/api.w.org\/{rel}","templated":true}]}}