{"id":31747,"date":"2023-12-08T11:26:24","date_gmt":"2023-12-08T11:26:24","guid":{"rendered":"https:\/\/www.ecb.ee\/?page_id=31747"},"modified":"2023-12-08T11:37:03","modified_gmt":"2023-12-08T11:37:03","slug":"chat-gpt-koolitus-2024","status":"publish","type":"page","link":"https:\/\/www.ecb.ee\/et\/chat-gpt-koolitus-2024\/","title":{"rendered":"Chat GPT koolitus 2024"},"content":{"rendered":"<p><strong>Chat GPT praktiline koolitus EKB liikmetele 29.jaan kl 10 \u2013 12.30<\/strong><\/p>\n<p>Korraldame <strong>29.jaanuaril 2024<\/strong> EKB liikmetele eksklusiivse \u00a0<strong>ChatGPT praktilise koolituse<\/strong>, kus saab kasulikke teadmisi, kuidas erinevates \u00fclesannetes kasutada \u00e4ra ChatGPT tehisintellekti v\u00f5imeid. Koolitaja on ChatGPT entusiast ja tippkoolitaja Priit Kallas, kes jagab lisaks ka enda kogemusi ja toob hulgaliselt n\u00e4iteid, kuidas ta ise on ChatGPT-d oma t\u00f6\u00f6s kasutab. Koolitus on m\u00f5eldud neile, kes soovivad oma oskusi ja teadmisi ChatGPT kasutamisel arendada, et saavutada paremaid tulemusi oma t\u00f6\u00f6s ja igap\u00e4evaelus.<\/p>\n<p><strong>Koolitus toimub: 29.jaanuar kl 10-12.30 Nordic Hotel Forum, Viru v\u00e4ljak 3, Tallinn<\/strong><\/p>\n<p>Koolitus on EKB liikmetele tasuta, kohtade arv piiratud.<\/p>\n<p><strong>\u00a0<\/strong><strong>REGISTREERUMISEKS PALUME T\u00c4ITA ALLOLEVA OSALEMISVORMI:<\/strong><\/p>\n<p>&nbsp;<\/p>\n","protected":false},"excerpt":{"rendered":"<p>Chat GPT praktiline koolitus EKB liikmetele 29.jaan kl 10 \u2013 12.30 Korraldame 29.jaanuaril 2024 EKB liikmetele eksklusiivse \u00a0ChatGPT praktilise koolituse, kus saab kasulikke teadmisi, kuidas erinevates \u00fclesannetes kasutada \u00e4ra ChatGPT tehisintellekti v\u00f5imeid. Koolitaja on ChatGPT entusiast ja tippkoolitaja Priit Kallas, kes jagab lisaks ka enda kogemusi ja toob hulgaliselt n\u00e4iteid, kuidas ta ise on ChatGPT-d [&hellip;]<\/p>\n","protected":false},"author":4,"featured_media":0,"parent":0,"menu_order":66,"comment_status":"closed","ping_status":"closed","template":"","meta":{"_acf_changed":false,"footnotes":""},"class_list":["post-31747","page","type-page","status-publish","hentry"],"acf":[],"yoast_head":"<!-- This site is optimized with the Yoast SEO plugin v27.4 - https:\/\/yoast.com\/product\/yoast-seo-wordpress\/ -->\n<title>Chat GPT koolitus 2024 - Estonian Convention Bureau<\/title>\n<meta name=\"robots\" content=\"index, follow, max-snippet:-1, max-image-preview:large, max-video-preview:-1\" \/>\n<link rel=\"canonical\" href=\"https:\/\/www.ecb.ee\/et\/chat-gpt-koolitus-2024\/\" \/>\n<meta property=\"og:locale\" content=\"et_EE\" \/>\n<meta property=\"og:type\" content=\"article\" \/>\n<meta property=\"og:title\" content=\"Chat GPT koolitus 2024 - Estonian Convention Bureau\" \/>\n<meta property=\"og:description\" content=\"Chat GPT praktiline koolitus EKB liikmetele 29.jaan kl 10 \u2013 12.30 Korraldame 29.jaanuaril 2024 EKB liikmetele eksklusiivse \u00a0ChatGPT praktilise koolituse, kus saab kasulikke teadmisi, kuidas erinevates \u00fclesannetes kasutada \u00e4ra ChatGPT tehisintellekti v\u00f5imeid. Koolitaja on ChatGPT entusiast ja tippkoolitaja Priit Kallas, kes jagab lisaks ka enda kogemusi ja toob hulgaliselt n\u00e4iteid, kuidas ta ise on ChatGPT-d [&hellip;]\" \/>\n<meta property=\"og:url\" content=\"https:\/\/www.ecb.ee\/et\/chat-gpt-koolitus-2024\/\" \/>\n<meta property=\"og:site_name\" content=\"Estonian Convention Bureau\" \/>\n<meta property=\"article:modified_time\" content=\"2023-12-08T11:37:03+00:00\" \/>\n<meta name=\"twitter:card\" content=\"summary_large_image\" \/>\n<meta name=\"twitter:label1\" content=\"Est. reading time\" \/>\n\t<meta name=\"twitter:data1\" content=\"1 minut\" \/>\n<script type=\"application\/ld+json\" class=\"yoast-schema-graph\">{\"@context\":\"https:\\\/\\\/schema.org\",\"@graph\":[{\"@type\":\"WebPage\",\"@id\":\"https:\\\/\\\/www.ecb.ee\\\/et\\\/chat-gpt-koolitus-2024\\\/\",\"url\":\"https:\\\/\\\/www.ecb.ee\\\/et\\\/chat-gpt-koolitus-2024\\\/\",\"name\":\"Chat GPT koolitus 2024 - Estonian Convention Bureau\",\"isPartOf\":{\"@id\":\"https:\\\/\\\/www.ecb.ee\\\/#website\"},\"datePublished\":\"2023-12-08T11:26:24+00:00\",\"dateModified\":\"2023-12-08T11:37:03+00:00\",\"breadcrumb\":{\"@id\":\"https:\\\/\\\/www.ecb.ee\\\/et\\\/chat-gpt-koolitus-2024\\\/#breadcrumb\"},\"inLanguage\":\"et\",\"potentialAction\":[{\"@type\":\"ReadAction\",\"target\":[\"https:\\\/\\\/www.ecb.ee\\\/et\\\/chat-gpt-koolitus-2024\\\/\"]}]},{\"@type\":\"BreadcrumbList\",\"@id\":\"https:\\\/\\\/www.ecb.ee\\\/et\\\/chat-gpt-koolitus-2024\\\/#breadcrumb\",\"itemListElement\":[{\"@type\":\"ListItem\",\"position\":1,\"name\":\"Home\",\"item\":\"https:\\\/\\\/www.ecb.ee\\\/et\\\/\"},{\"@type\":\"ListItem\",\"position\":2,\"name\":\"Chat GPT koolitus 2024\"}]},{\"@type\":\"WebSite\",\"@id\":\"https:\\\/\\\/www.ecb.ee\\\/#website\",\"url\":\"https:\\\/\\\/www.ecb.ee\\\/\",\"name\":\"Estonian Convention Bureau\",\"description\":\"\",\"publisher\":{\"@id\":\"https:\\\/\\\/www.ecb.ee\\\/#organization\"},\"potentialAction\":[{\"@type\":\"SearchAction\",\"target\":{\"@type\":\"EntryPoint\",\"urlTemplate\":\"https:\\\/\\\/www.ecb.ee\\\/?s={search_term_string}\"},\"query-input\":{\"@type\":\"PropertyValueSpecification\",\"valueRequired\":true,\"valueName\":\"search_term_string\"}}],\"inLanguage\":\"et\"},{\"@type\":\"Organization\",\"@id\":\"https:\\\/\\\/www.ecb.ee\\\/#organization\",\"name\":\"Estonian Convention Bureau\",\"url\":\"https:\\\/\\\/www.ecb.ee\\\/\",\"logo\":{\"@type\":\"ImageObject\",\"inLanguage\":\"et\",\"@id\":\"https:\\\/\\\/www.ecb.ee\\\/#\\\/schema\\\/logo\\\/image\\\/\",\"url\":\"https:\\\/\\\/www.ecb.ee\\\/wp-content\\\/uploads\\\/2020\\\/12\\\/site_logo.svg\",\"contentUrl\":\"https:\\\/\\\/www.ecb.ee\\\/wp-content\\\/uploads\\\/2020\\\/12\\\/site_logo.svg\",\"caption\":\"Estonian Convention Bureau\"},\"image\":{\"@id\":\"https:\\\/\\\/www.ecb.ee\\\/#\\\/schema\\\/logo\\\/image\\\/\"}}]}<\/script>\n<!-- \/ Yoast SEO plugin. -->","yoast_head_json":{"title":"Chat GPT koolitus 2024 - Estonian Convention Bureau","robots":{"index":"index","follow":"follow","max-snippet":"max-snippet:-1","max-image-preview":"max-image-preview:large","max-video-preview":"max-video-preview:-1"},"canonical":"https:\/\/www.ecb.ee\/et\/chat-gpt-koolitus-2024\/","og_locale":"et_EE","og_type":"article","og_title":"Chat GPT koolitus 2024 - Estonian Convention Bureau","og_description":"Chat GPT praktiline koolitus EKB liikmetele 29.jaan kl 10 \u2013 12.30 Korraldame 29.jaanuaril 2024 EKB liikmetele eksklusiivse \u00a0ChatGPT praktilise koolituse, kus saab kasulikke teadmisi, kuidas erinevates \u00fclesannetes kasutada \u00e4ra ChatGPT tehisintellekti v\u00f5imeid. Koolitaja on ChatGPT entusiast ja tippkoolitaja Priit Kallas, kes jagab lisaks ka enda kogemusi ja toob hulgaliselt n\u00e4iteid, kuidas ta ise on ChatGPT-d [&hellip;]","og_url":"https:\/\/www.ecb.ee\/et\/chat-gpt-koolitus-2024\/","og_site_name":"Estonian Convention Bureau","article_modified_time":"2023-12-08T11:37:03+00:00","twitter_card":"summary_large_image","twitter_misc":{"Est. reading time":"1 minut"},"schema":{"@context":"https:\/\/schema.org","@graph":[{"@type":"WebPage","@id":"https:\/\/www.ecb.ee\/et\/chat-gpt-koolitus-2024\/","url":"https:\/\/www.ecb.ee\/et\/chat-gpt-koolitus-2024\/","name":"Chat GPT koolitus 2024 - Estonian Convention Bureau","isPartOf":{"@id":"https:\/\/www.ecb.ee\/#website"},"datePublished":"2023-12-08T11:26:24+00:00","dateModified":"2023-12-08T11:37:03+00:00","breadcrumb":{"@id":"https:\/\/www.ecb.ee\/et\/chat-gpt-koolitus-2024\/#breadcrumb"},"inLanguage":"et","potentialAction":[{"@type":"ReadAction","target":["https:\/\/www.ecb.ee\/et\/chat-gpt-koolitus-2024\/"]}]},{"@type":"BreadcrumbList","@id":"https:\/\/www.ecb.ee\/et\/chat-gpt-koolitus-2024\/#breadcrumb","itemListElement":[{"@type":"ListItem","position":1,"name":"Home","item":"https:\/\/www.ecb.ee\/et\/"},{"@type":"ListItem","position":2,"name":"Chat GPT koolitus 2024"}]},{"@type":"WebSite","@id":"https:\/\/www.ecb.ee\/#website","url":"https:\/\/www.ecb.ee\/","name":"Estonian Convention Bureau","description":"","publisher":{"@id":"https:\/\/www.ecb.ee\/#organization"},"potentialAction":[{"@type":"SearchAction","target":{"@type":"EntryPoint","urlTemplate":"https:\/\/www.ecb.ee\/?s={search_term_string}"},"query-input":{"@type":"PropertyValueSpecification","valueRequired":true,"valueName":"search_term_string"}}],"inLanguage":"et"},{"@type":"Organization","@id":"https:\/\/www.ecb.ee\/#organization","name":"Estonian Convention Bureau","url":"https:\/\/www.ecb.ee\/","logo":{"@type":"ImageObject","inLanguage":"et","@id":"https:\/\/www.ecb.ee\/#\/schema\/logo\/image\/","url":"https:\/\/www.ecb.ee\/wp-content\/uploads\/2020\/12\/site_logo.svg","contentUrl":"https:\/\/www.ecb.ee\/wp-content\/uploads\/2020\/12\/site_logo.svg","caption":"Estonian Convention Bureau"},"image":{"@id":"https:\/\/www.ecb.ee\/#\/schema\/logo\/image\/"}}]}},"_links":{"self":[{"href":"https:\/\/www.ecb.ee\/et\/wp-json\/wp\/v2\/pages\/31747","targetHints":{"allow":["GET"]}}],"collection":[{"href":"https:\/\/www.ecb.ee\/et\/wp-json\/wp\/v2\/pages"}],"about":[{"href":"https:\/\/www.ecb.ee\/et\/wp-json\/wp\/v2\/types\/page"}],"author":[{"embeddable":true,"href":"https:\/\/www.ecb.ee\/et\/wp-json\/wp\/v2\/users\/4"}],"replies":[{"embeddable":true,"href":"https:\/\/www.ecb.ee\/et\/wp-json\/wp\/v2\/comments?post=31747"}],"version-history":[{"count":4,"href":"https:\/\/www.ecb.ee\/et\/wp-json\/wp\/v2\/pages\/31747\/revisions"}],"predecessor-version":[{"id":31751,"href":"https:\/\/www.ecb.ee\/et\/wp-json\/wp\/v2\/pages\/31747\/revisions\/31751"}],"wp:attachment":[{"href":"https:\/\/www.ecb.ee\/et\/wp-json\/wp\/v2\/media?parent=31747"}],"curies":[{"name":"wp","href":"https:\/\/api.w.org\/{rel}","templated":true}]}}