{"id":30259,"date":"2023-08-17T12:21:02","date_gmt":"2023-08-17T12:21:02","guid":{"rendered":"https:\/\/www.ecb.ee\/members\/"},"modified":"2023-08-23T07:08:26","modified_gmt":"2023-08-23T07:08:26","slug":"liikmed","status":"publish","type":"page","link":"https:\/\/www.ecb.ee\/et\/liikmed\/","title":{"rendered":"Eesti Konverentsib\u00fcroo liikmed"},"content":{"rendered":"<p>Eesti Konverentsib\u00fcroo on liikmesp\u00f5hine organisatsioon. Meie liikmeskond \u00fchendab endas ettev\u00f5tteid ning omavalitsusi, kellel k\u00f5igil on olemas rahvusvaheliste \u00fcrituste korraldamiseks vajalikud teadmised ning kogemustepagas ning kes soovivad tegeleda rahvusvaheliste konverentsidega. Eesti Konverentsib\u00fcroo liikmesettev\u00f5tted pakuvad laias valikus konverentsiteenuseid, konverentsikorraldusest tehnikarendi ja toitlustuseni. Meie liikmestaatus on m\u00e4rk kvaliteedist.<\/p>\n<p><strong>Juhul, kui soovite liituda Eesti Konverentsib\u00fcrooga , v\u00f5tke palun julgesti \u00fchendust meie tegevjuhi Kadri Karuga, <a href=\"mailto:kadri.karu@ecb.ee\" target=\"_blank\" rel=\"noopener\">kadri.karu@ecb.ee<\/a><\/strong><\/p>\n","protected":false},"excerpt":{"rendered":"<p>Eesti Konverentsib\u00fcroo on liikmesp\u00f5hine organisatsioon. Meie liikmeskond \u00fchendab endas ettev\u00f5tteid ning omavalitsusi, kellel k\u00f5igil on olemas rahvusvaheliste \u00fcrituste korraldamiseks vajalikud teadmised ning kogemustepagas ning kes soovivad tegeleda rahvusvaheliste konverentsidega. Eesti Konverentsib\u00fcroo liikmesettev\u00f5tted pakuvad laias valikus konverentsiteenuseid, konverentsikorraldusest tehnikarendi ja toitlustuseni. Meie liikmestaatus on m\u00e4rk kvaliteedist. Juhul, kui soovite liituda Eesti Konverentsib\u00fcrooga , v\u00f5tke palun julgesti [&hellip;]<\/p>\n","protected":false},"author":13,"featured_media":0,"parent":0,"menu_order":79,"comment_status":"closed","ping_status":"closed","template":"templates\/tpl-members.php","meta":{"_acf_changed":false,"footnotes":""},"class_list":["post-30259","page","type-page","status-publish","hentry"],"acf":[],"yoast_head":"<!-- This site is optimized with the Yoast SEO plugin v27.5 - https:\/\/yoast.com\/product\/yoast-seo-wordpress\/ -->\n<title>Eesti Konverentsib\u00fcroo liikmed - Estonian Convention Bureau<\/title>\n<meta name=\"robots\" content=\"index, follow, max-snippet:-1, max-image-preview:large, max-video-preview:-1\" \/>\n<link rel=\"canonical\" href=\"https:\/\/www.ecb.ee\/et\/liikmed\/\" \/>\n<meta property=\"og:locale\" content=\"et_EE\" \/>\n<meta property=\"og:type\" content=\"article\" \/>\n<meta property=\"og:title\" content=\"Eesti Konverentsib\u00fcroo liikmed - Estonian Convention Bureau\" \/>\n<meta property=\"og:description\" content=\"Eesti Konverentsib\u00fcroo on liikmesp\u00f5hine organisatsioon. Meie liikmeskond \u00fchendab endas ettev\u00f5tteid ning omavalitsusi, kellel k\u00f5igil on olemas rahvusvaheliste \u00fcrituste korraldamiseks vajalikud teadmised ning kogemustepagas ning kes soovivad tegeleda rahvusvaheliste konverentsidega. Eesti Konverentsib\u00fcroo liikmesettev\u00f5tted pakuvad laias valikus konverentsiteenuseid, konverentsikorraldusest tehnikarendi ja toitlustuseni. Meie liikmestaatus on m\u00e4rk kvaliteedist. Juhul, kui soovite liituda Eesti Konverentsib\u00fcrooga , v\u00f5tke palun julgesti [&hellip;]\" \/>\n<meta property=\"og:url\" content=\"https:\/\/www.ecb.ee\/et\/liikmed\/\" \/>\n<meta property=\"og:site_name\" content=\"Estonian Convention Bureau\" \/>\n<meta property=\"article:modified_time\" content=\"2023-08-23T07:08:26+00:00\" \/>\n<meta name=\"twitter:card\" content=\"summary_large_image\" \/>\n<meta name=\"twitter:label1\" content=\"Est. reading time\" \/>\n\t<meta name=\"twitter:data1\" content=\"1 minut\" \/>\n<script type=\"application\/ld+json\" class=\"yoast-schema-graph\">{\"@context\":\"https:\\\/\\\/schema.org\",\"@graph\":[{\"@type\":\"WebPage\",\"@id\":\"https:\\\/\\\/www.ecb.ee\\\/et\\\/liikmed\\\/\",\"url\":\"https:\\\/\\\/www.ecb.ee\\\/et\\\/liikmed\\\/\",\"name\":\"Eesti Konverentsib\u00fcroo liikmed - Estonian Convention Bureau\",\"isPartOf\":{\"@id\":\"https:\\\/\\\/www.ecb.ee\\\/#website\"},\"datePublished\":\"2023-08-17T12:21:02+00:00\",\"dateModified\":\"2023-08-23T07:08:26+00:00\",\"breadcrumb\":{\"@id\":\"https:\\\/\\\/www.ecb.ee\\\/et\\\/liikmed\\\/#breadcrumb\"},\"inLanguage\":\"et\",\"potentialAction\":[{\"@type\":\"ReadAction\",\"target\":[\"https:\\\/\\\/www.ecb.ee\\\/et\\\/liikmed\\\/\"]}]},{\"@type\":\"BreadcrumbList\",\"@id\":\"https:\\\/\\\/www.ecb.ee\\\/et\\\/liikmed\\\/#breadcrumb\",\"itemListElement\":[{\"@type\":\"ListItem\",\"position\":1,\"name\":\"Home\",\"item\":\"https:\\\/\\\/www.ecb.ee\\\/et\\\/\"},{\"@type\":\"ListItem\",\"position\":2,\"name\":\"Eesti Konverentsib\u00fcroo liikmed\"}]},{\"@type\":\"WebSite\",\"@id\":\"https:\\\/\\\/www.ecb.ee\\\/#website\",\"url\":\"https:\\\/\\\/www.ecb.ee\\\/\",\"name\":\"Estonian Convention Bureau\",\"description\":\"\",\"publisher\":{\"@id\":\"https:\\\/\\\/www.ecb.ee\\\/#organization\"},\"potentialAction\":[{\"@type\":\"SearchAction\",\"target\":{\"@type\":\"EntryPoint\",\"urlTemplate\":\"https:\\\/\\\/www.ecb.ee\\\/?s={search_term_string}\"},\"query-input\":{\"@type\":\"PropertyValueSpecification\",\"valueRequired\":true,\"valueName\":\"search_term_string\"}}],\"inLanguage\":\"et\"},{\"@type\":\"Organization\",\"@id\":\"https:\\\/\\\/www.ecb.ee\\\/#organization\",\"name\":\"Estonian Convention Bureau\",\"url\":\"https:\\\/\\\/www.ecb.ee\\\/\",\"logo\":{\"@type\":\"ImageObject\",\"inLanguage\":\"et\",\"@id\":\"https:\\\/\\\/www.ecb.ee\\\/#\\\/schema\\\/logo\\\/image\\\/\",\"url\":\"https:\\\/\\\/www.ecb.ee\\\/wp-content\\\/uploads\\\/2020\\\/12\\\/site_logo.svg\",\"contentUrl\":\"https:\\\/\\\/www.ecb.ee\\\/wp-content\\\/uploads\\\/2020\\\/12\\\/site_logo.svg\",\"caption\":\"Estonian Convention Bureau\"},\"image\":{\"@id\":\"https:\\\/\\\/www.ecb.ee\\\/#\\\/schema\\\/logo\\\/image\\\/\"}}]}<\/script>\n<!-- \/ Yoast SEO plugin. -->","yoast_head_json":{"title":"Eesti Konverentsib\u00fcroo liikmed - Estonian Convention Bureau","robots":{"index":"index","follow":"follow","max-snippet":"max-snippet:-1","max-image-preview":"max-image-preview:large","max-video-preview":"max-video-preview:-1"},"canonical":"https:\/\/www.ecb.ee\/et\/liikmed\/","og_locale":"et_EE","og_type":"article","og_title":"Eesti Konverentsib\u00fcroo liikmed - Estonian Convention Bureau","og_description":"Eesti Konverentsib\u00fcroo on liikmesp\u00f5hine organisatsioon. Meie liikmeskond \u00fchendab endas ettev\u00f5tteid ning omavalitsusi, kellel k\u00f5igil on olemas rahvusvaheliste \u00fcrituste korraldamiseks vajalikud teadmised ning kogemustepagas ning kes soovivad tegeleda rahvusvaheliste konverentsidega. Eesti Konverentsib\u00fcroo liikmesettev\u00f5tted pakuvad laias valikus konverentsiteenuseid, konverentsikorraldusest tehnikarendi ja toitlustuseni. Meie liikmestaatus on m\u00e4rk kvaliteedist. Juhul, kui soovite liituda Eesti Konverentsib\u00fcrooga , v\u00f5tke palun julgesti [&hellip;]","og_url":"https:\/\/www.ecb.ee\/et\/liikmed\/","og_site_name":"Estonian Convention Bureau","article_modified_time":"2023-08-23T07:08:26+00:00","twitter_card":"summary_large_image","twitter_misc":{"Est. reading time":"1 minut"},"schema":{"@context":"https:\/\/schema.org","@graph":[{"@type":"WebPage","@id":"https:\/\/www.ecb.ee\/et\/liikmed\/","url":"https:\/\/www.ecb.ee\/et\/liikmed\/","name":"Eesti Konverentsib\u00fcroo liikmed - Estonian Convention Bureau","isPartOf":{"@id":"https:\/\/www.ecb.ee\/#website"},"datePublished":"2023-08-17T12:21:02+00:00","dateModified":"2023-08-23T07:08:26+00:00","breadcrumb":{"@id":"https:\/\/www.ecb.ee\/et\/liikmed\/#breadcrumb"},"inLanguage":"et","potentialAction":[{"@type":"ReadAction","target":["https:\/\/www.ecb.ee\/et\/liikmed\/"]}]},{"@type":"BreadcrumbList","@id":"https:\/\/www.ecb.ee\/et\/liikmed\/#breadcrumb","itemListElement":[{"@type":"ListItem","position":1,"name":"Home","item":"https:\/\/www.ecb.ee\/et\/"},{"@type":"ListItem","position":2,"name":"Eesti Konverentsib\u00fcroo liikmed"}]},{"@type":"WebSite","@id":"https:\/\/www.ecb.ee\/#website","url":"https:\/\/www.ecb.ee\/","name":"Estonian Convention Bureau","description":"","publisher":{"@id":"https:\/\/www.ecb.ee\/#organization"},"potentialAction":[{"@type":"SearchAction","target":{"@type":"EntryPoint","urlTemplate":"https:\/\/www.ecb.ee\/?s={search_term_string}"},"query-input":{"@type":"PropertyValueSpecification","valueRequired":true,"valueName":"search_term_string"}}],"inLanguage":"et"},{"@type":"Organization","@id":"https:\/\/www.ecb.ee\/#organization","name":"Estonian Convention Bureau","url":"https:\/\/www.ecb.ee\/","logo":{"@type":"ImageObject","inLanguage":"et","@id":"https:\/\/www.ecb.ee\/#\/schema\/logo\/image\/","url":"https:\/\/www.ecb.ee\/wp-content\/uploads\/2020\/12\/site_logo.svg","contentUrl":"https:\/\/www.ecb.ee\/wp-content\/uploads\/2020\/12\/site_logo.svg","caption":"Estonian Convention Bureau"},"image":{"@id":"https:\/\/www.ecb.ee\/#\/schema\/logo\/image\/"}}]}},"_links":{"self":[{"href":"https:\/\/www.ecb.ee\/et\/wp-json\/wp\/v2\/pages\/30259","targetHints":{"allow":["GET"]}}],"collection":[{"href":"https:\/\/www.ecb.ee\/et\/wp-json\/wp\/v2\/pages"}],"about":[{"href":"https:\/\/www.ecb.ee\/et\/wp-json\/wp\/v2\/types\/page"}],"author":[{"embeddable":true,"href":"https:\/\/www.ecb.ee\/et\/wp-json\/wp\/v2\/users\/13"}],"replies":[{"embeddable":true,"href":"https:\/\/www.ecb.ee\/et\/wp-json\/wp\/v2\/comments?post=30259"}],"version-history":[{"count":8,"href":"https:\/\/www.ecb.ee\/et\/wp-json\/wp\/v2\/pages\/30259\/revisions"}],"predecessor-version":[{"id":30470,"href":"https:\/\/www.ecb.ee\/et\/wp-json\/wp\/v2\/pages\/30259\/revisions\/30470"}],"wp:attachment":[{"href":"https:\/\/www.ecb.ee\/et\/wp-json\/wp\/v2\/media?parent=30259"}],"curies":[{"name":"wp","href":"https:\/\/api.w.org\/{rel}","templated":true}]}}