{"id":28689,"date":"2023-03-03T11:29:06","date_gmt":"2023-03-03T11:29:06","guid":{"rendered":"https:\/\/www.ecb.ee\/?page_id=28689"},"modified":"2026-04-08T12:07:52","modified_gmt":"2026-04-08T12:07:52","slug":"konverentsi-korraldusoiguse-taotlemise-programm","status":"publish","type":"page","link":"https:\/\/www.ecb.ee\/et\/konverentsi-korraldusoiguse-taotlemise-programm\/","title":{"rendered":"Konverentsi korraldus\u00f5iguse taotlemise programm"},"content":{"rendered":"<h2><strong>Rahvusvaheliste konverentside korraldus\u00f5iguse taotlemise (<em>bidding<\/em>) programm<\/strong><\/h2>\n<p>Rahvusvaheliste konverentside Eestisse toomine algab sageli teiste riikide ja linnadega v\u00f5istlemisest <strong>konverentsi korraldus\u00f5iguse nimel<\/strong>. Selleks, et suurendada rahvusvaheliste konverentside arvu Eestis, k\u00e4ivitasime 2024.a.\u00a0 koost\u00f6\u00f6s Majandus- ja Kommunikatsiooniministeeriumi ning Ettev\u00f5tluse ja Innovatsiooni Sihtasutusega 2024. aastal &#8220;Konverentside korraldus\u00f5iguse taotlemise programmi&#8221;.<\/p>\n<p>Programmi kaudu toetame isikuid ja organisatsioone, kes<strong> soovivad oma valdkonna rahvusvahelise konverentsi Eestisse tuua<\/strong>. Programm pakub <strong>kulude katmist\u00a0<\/strong> rahvusvahelise konverentsi <strong>korraldus\u00f5iguse taotlemisel<\/strong> (<em>ingl. k. bidding<\/em>).<\/p>\n<h3><strong>Milliseid kulusid programmi raames kaetakse:\u00a0<\/strong><\/h3>\n<ul>\n<li>Korraldus\u00f5iguse taotlemiseks <strong>vajalike materjalide koostamine<\/strong>\n<ul>\n<li><strong>pakkumisdokumentide (&#8220;bid&#8221;)\u00a0 koostamine, sisu ja kujundus<\/strong>; kirjalik- ja\/v\u00f5i digimaterjal<strong>; <\/strong>t\u00f5lked<\/li>\n<li>Eestis toimuva konverentsi ja Eestit tutvustavate <strong>videomaterjalide ja esitluste tootmine<\/strong><\/li>\n<\/ul>\n<\/li>\n<\/ul>\n<ul>\n<li><strong>Eesti-poolse korraldus\u00f5iguse taotleja \u00fchele esindajale<\/strong> \u00a0<strong>osalemine rahvusvahelisel konverentsil, et korraldus\u00f5iguse taotlus esitada ja\/v\u00f5i seda kaitsta.<\/strong> EKB poolt kaetakse\n<ul>\n<li>konverentsi osalustasu<\/li>\n<li>lennupiletid (turistiklassis)<\/li>\n<li>majutuskulu<\/li>\n<\/ul>\n<\/li>\n<\/ul>\n<ul>\n<li>Taotletava konverentsi <strong>rahvusvahelise korralduskomitee<\/strong> (kuni kolmele esindajale) <strong>kohavaatluse (<em>inglise k.\u00a0<\/em><em>site inspection<\/em>) v\u00f5\u00f5rustamine<\/strong> <strong>Eestis<\/strong>. EKB poolt kaetakse:\n<ul>\n<li>lennupiletid (<em>turistiklassis<\/em>);<\/li>\n<li>majutus<\/li>\n<li>kohavaatluse programm<\/li>\n<li>toitlustus<\/li>\n<\/ul>\n<\/li>\n<\/ul>\n<p><span style=\"color: #0000ff;\"><em>* MT\u00dc Eesti Konverentsib\u00fcroo katab tegevustega seotud teenuste kulud otse teenusepakkujatele. Korraldus\u00f5iguse taotlust esitavale organisatsioonile\/isikule rahalist abi ei anta.<\/em><\/span><\/p>\n<h3 data-section-id=\"xqfcqy\" data-start=\"2079\" data-end=\"2109\">Kuidas programmis osaleda:<\/h3>\n<ul data-start=\"2111\" data-end=\"2330\">\n<li data-section-id=\"sw6bd5\" data-start=\"2111\" data-end=\"2161\">T\u00e4ida <a href=\"https:\/\/www.ecb.ee\/et\/korraldusoiguse-taotlemise-ankeet\/\" target=\"_blank\" rel=\"noopener\">korraldus\u00f5iguse taotlemise veebivorm<\/a><\/li>\n<li data-section-id=\"1ntt9d\" data-start=\"2162\" data-end=\"2201\">Taotlusi saab esitada aastaringselt, aga soovitavalt mitte hiljem kui \u00fcks kuu enne taotlemiseks vajalike tegevuste toimumist.<\/li>\n<li>Vaatame k\u00f5ik taotlused l\u00e4bi ning vastame hiljemalt 14 p\u00e4eva jooksul.<\/li>\n<li>Positiivse otsuse korral viiakse konverentsi korraldus\u00f5iguse saamiseks vajalikud tegevused l\u00e4bi koost\u00f6\u00f6s EKBga.<\/li>\n<\/ul>\n<h3><strong>N\u00f5uded\u00a0 konverentsile:<\/strong><\/h3>\n<p>Taotletav konverents peab vastama j\u00e4rgmistele tingimustele:<\/p>\n<ul>\n<li data-section-id=\"1p9c4es\" data-start=\"2546\" data-end=\"2612\">tegemist on <strong data-start=\"2560\" data-end=\"2610\">rahvusvahelise teadus- v\u00f5i erialakonverentsiga<\/strong><\/li>\n<li data-section-id=\"1v703s0\" data-start=\"2613\" data-end=\"2666\">programm kestab v\u00e4hemalt <strong data-start=\"2640\" data-end=\"2664\">2 j\u00e4rjestikust p\u00e4eva<\/strong><\/li>\n<li data-section-id=\"10s2jjt\" data-start=\"2667\" data-end=\"2708\">osaleb v\u00e4hemalt <strong data-start=\"2685\" data-end=\"2706\">120 v\u00e4lisdelegaati<\/strong><\/li>\n<li data-section-id=\"70zp78\" data-start=\"2709\" data-end=\"2751\">esindatud on v\u00e4hemalt <strong data-start=\"2733\" data-end=\"2749\">3 v\u00e4lisriiki<\/strong><\/li>\n<li data-section-id=\"1vax9lh\" data-start=\"2752\" data-end=\"2807\">konverentsi toimumine Eestis ei ole veel kinnitatud<\/li>\n<\/ul>\n<p><em>*Konverents on rahvusvahelise osav\u00f5tjaskonnaga teaduslik v\u00f5i erialane \u00fcritus ettekannete ja diskussioonidega valdkondlike teemade arutamiseks ning k\u00fcsimuste lahendamiseks. Konverentsiks ei loeta koolitust, \u00f5ppereisi, v\u00f5istlust, messi, t\u00f6\u00f6koosolekut, infop\u00e4eva v\u00f5i n\u00e4itust.<\/em><\/p>\n<h3><strong>2024-2025 bidding programmi toel Eestisse v\u00f5idetud rahvusvahelised konverentsid:<\/strong><\/h3>\n<ul>\n<li><em>6th Baltic Sea Conference on Literacy, Tallinn<\/em><\/li>\n<li><em>10th European Young Family Doctors Movement Forum, Tallinn<\/em><\/li>\n<li><em>IEEE European Test Symposium 2025, Tallinn<\/em><\/li>\n<li><em>EARLI JURE Conference, Tartu<\/em><\/li>\n<li><em>International XR-Metaverse Conference, Tallinn<\/em><\/li>\n<li><em>IUFRO All-Division 5 Conference 2027, Tartu<\/em><\/li>\n<li><em>Annual Meeting of the Behavior Genetics Association, Tartu<\/em><\/li>\n<\/ul>\n<h3><strong>K\u00fcsi lisainfot: <\/strong><\/h3>\n<p>Kavandades rahvusvahelist s\u00fcndmust Eestis,\u00a0 oleme esimeseks kontaktiks ja n\u00f5uandjaks, kelle poole p\u00f6\u00f6rduda.<\/p>\n<p>Programmi koordinator: K\u00fclli Teimann, Turunduse projektijuht<\/p>\n<p>Tel +372 50 62 229, <a href=\"mailto:kylli.teimann@ecb.ee\">kylli.teimann@ecb.ee<\/a><\/p>\n<p>&nbsp;<\/p>\n<p>&nbsp;<\/p>\n<p>&nbsp;<\/p>\n<p>&nbsp;<\/p>\n<p>&nbsp;<\/p>\n<p>&nbsp;<\/p>\n","protected":false},"excerpt":{"rendered":"<p>Rahvusvaheliste konverentside korraldus\u00f5iguse taotlemise (bidding) programm Rahvusvaheliste konverentside Eestisse toomine algab sageli teiste riikide ja linnadega v\u00f5istlemisest konverentsi korraldus\u00f5iguse nimel. Selleks, et suurendada rahvusvaheliste konverentside arvu Eestis, k\u00e4ivitasime 2024.a.\u00a0 koost\u00f6\u00f6s Majandus- ja Kommunikatsiooniministeeriumi ning Ettev\u00f5tluse ja Innovatsiooni Sihtasutusega 2024. aastal &#8220;Konverentside korraldus\u00f5iguse taotlemise programmi&#8221;. Programmi kaudu toetame isikuid ja organisatsioone, kes soovivad oma valdkonna rahvusvahelise [&hellip;]<\/p>\n","protected":false},"author":4,"featured_media":2858,"parent":0,"menu_order":195,"comment_status":"closed","ping_status":"closed","template":"","meta":{"_acf_changed":false,"footnotes":""},"class_list":["post-28689","page","type-page","status-publish","has-post-thumbnail","hentry"],"acf":[],"yoast_head":"<!-- This site is optimized with the Yoast SEO plugin v27.5 - https:\/\/yoast.com\/product\/yoast-seo-wordpress\/ -->\n<title>Konverentsi korraldus\u00f5iguse taotlemise programm - Estonian Convention Bureau<\/title>\n<meta name=\"description\" content=\"Rahvusvaheliste konverentside korraldus\u00f5iguse taotlemise programm aitab tuua konverentse Eestisse, pakkudes tuge taotlusprotsessi kulude katmisel.\" \/>\n<meta name=\"robots\" content=\"index, follow, max-snippet:-1, max-image-preview:large, max-video-preview:-1\" \/>\n<link rel=\"canonical\" href=\"https:\/\/www.ecb.ee\/et\/konverentsi-korraldusoiguse-taotlemise-programm\/\" \/>\n<meta property=\"og:locale\" content=\"et_EE\" \/>\n<meta property=\"og:type\" content=\"article\" \/>\n<meta property=\"og:title\" content=\"Konverentsi korraldus\u00f5iguse taotlemise programm - Estonian Convention Bureau\" \/>\n<meta property=\"og:description\" content=\"Rahvusvaheliste konverentside korraldus\u00f5iguse taotlemise programm aitab tuua konverentse Eestisse, pakkudes tuge taotlusprotsessi kulude katmisel.\" \/>\n<meta property=\"og:url\" content=\"https:\/\/www.ecb.ee\/et\/konverentsi-korraldusoiguse-taotlemise-programm\/\" \/>\n<meta property=\"og:site_name\" content=\"Estonian Convention Bureau\" \/>\n<meta property=\"article:modified_time\" content=\"2026-04-08T12:07:52+00:00\" \/>\n<meta property=\"og:image\" content=\"https:\/\/www.ecb.ee\/wp-content\/uploads\/2020\/12\/Latitude59-Conference-in-Tallinn.jpg\" \/>\n\t<meta property=\"og:image:width\" content=\"1210\" \/>\n\t<meta property=\"og:image:height\" content=\"805\" \/>\n\t<meta property=\"og:image:type\" content=\"image\/jpeg\" \/>\n<meta name=\"twitter:card\" content=\"summary_large_image\" \/>\n<meta name=\"twitter:label1\" content=\"Est. reading time\" \/>\n\t<meta name=\"twitter:data1\" content=\"2 minutit\" \/>\n<script type=\"application\/ld+json\" class=\"yoast-schema-graph\">{\"@context\":\"https:\\\/\\\/schema.org\",\"@graph\":[{\"@type\":\"WebPage\",\"@id\":\"https:\\\/\\\/www.ecb.ee\\\/et\\\/konverentsi-korraldusoiguse-taotlemise-programm\\\/\",\"url\":\"https:\\\/\\\/www.ecb.ee\\\/et\\\/konverentsi-korraldusoiguse-taotlemise-programm\\\/\",\"name\":\"Konverentsi korraldus\u00f5iguse taotlemise programm - Estonian Convention Bureau\",\"isPartOf\":{\"@id\":\"https:\\\/\\\/www.ecb.ee\\\/#website\"},\"primaryImageOfPage\":{\"@id\":\"https:\\\/\\\/www.ecb.ee\\\/et\\\/konverentsi-korraldusoiguse-taotlemise-programm\\\/#primaryimage\"},\"image\":{\"@id\":\"https:\\\/\\\/www.ecb.ee\\\/et\\\/konverentsi-korraldusoiguse-taotlemise-programm\\\/#primaryimage\"},\"thumbnailUrl\":\"https:\\\/\\\/www.ecb.ee\\\/wp-content\\\/uploads\\\/2020\\\/12\\\/Latitude59-Conference-in-Tallinn.jpg\",\"datePublished\":\"2023-03-03T11:29:06+00:00\",\"dateModified\":\"2026-04-08T12:07:52+00:00\",\"description\":\"Rahvusvaheliste konverentside korraldus\u00f5iguse taotlemise programm aitab tuua konverentse Eestisse, pakkudes tuge taotlusprotsessi kulude katmisel.\",\"breadcrumb\":{\"@id\":\"https:\\\/\\\/www.ecb.ee\\\/et\\\/konverentsi-korraldusoiguse-taotlemise-programm\\\/#breadcrumb\"},\"inLanguage\":\"et\",\"potentialAction\":[{\"@type\":\"ReadAction\",\"target\":[\"https:\\\/\\\/www.ecb.ee\\\/et\\\/konverentsi-korraldusoiguse-taotlemise-programm\\\/\"]}]},{\"@type\":\"ImageObject\",\"inLanguage\":\"et\",\"@id\":\"https:\\\/\\\/www.ecb.ee\\\/et\\\/konverentsi-korraldusoiguse-taotlemise-programm\\\/#primaryimage\",\"url\":\"https:\\\/\\\/www.ecb.ee\\\/wp-content\\\/uploads\\\/2020\\\/12\\\/Latitude59-Conference-in-Tallinn.jpg\",\"contentUrl\":\"https:\\\/\\\/www.ecb.ee\\\/wp-content\\\/uploads\\\/2020\\\/12\\\/Latitude59-Conference-in-Tallinn.jpg\",\"width\":1210,\"height\":805},{\"@type\":\"BreadcrumbList\",\"@id\":\"https:\\\/\\\/www.ecb.ee\\\/et\\\/konverentsi-korraldusoiguse-taotlemise-programm\\\/#breadcrumb\",\"itemListElement\":[{\"@type\":\"ListItem\",\"position\":1,\"name\":\"Home\",\"item\":\"https:\\\/\\\/www.ecb.ee\\\/et\\\/\"},{\"@type\":\"ListItem\",\"position\":2,\"name\":\"Konverentsi korraldus\u00f5iguse taotlemise programm\"}]},{\"@type\":\"WebSite\",\"@id\":\"https:\\\/\\\/www.ecb.ee\\\/#website\",\"url\":\"https:\\\/\\\/www.ecb.ee\\\/\",\"name\":\"Estonian Convention Bureau\",\"description\":\"\",\"publisher\":{\"@id\":\"https:\\\/\\\/www.ecb.ee\\\/#organization\"},\"potentialAction\":[{\"@type\":\"SearchAction\",\"target\":{\"@type\":\"EntryPoint\",\"urlTemplate\":\"https:\\\/\\\/www.ecb.ee\\\/?s={search_term_string}\"},\"query-input\":{\"@type\":\"PropertyValueSpecification\",\"valueRequired\":true,\"valueName\":\"search_term_string\"}}],\"inLanguage\":\"et\"},{\"@type\":\"Organization\",\"@id\":\"https:\\\/\\\/www.ecb.ee\\\/#organization\",\"name\":\"Estonian Convention Bureau\",\"url\":\"https:\\\/\\\/www.ecb.ee\\\/\",\"logo\":{\"@type\":\"ImageObject\",\"inLanguage\":\"et\",\"@id\":\"https:\\\/\\\/www.ecb.ee\\\/#\\\/schema\\\/logo\\\/image\\\/\",\"url\":\"https:\\\/\\\/www.ecb.ee\\\/wp-content\\\/uploads\\\/2020\\\/12\\\/site_logo.svg\",\"contentUrl\":\"https:\\\/\\\/www.ecb.ee\\\/wp-content\\\/uploads\\\/2020\\\/12\\\/site_logo.svg\",\"caption\":\"Estonian Convention Bureau\"},\"image\":{\"@id\":\"https:\\\/\\\/www.ecb.ee\\\/#\\\/schema\\\/logo\\\/image\\\/\"}}]}<\/script>\n<!-- \/ Yoast SEO plugin. -->","yoast_head_json":{"title":"Konverentsi korraldus\u00f5iguse taotlemise programm - Estonian Convention Bureau","description":"Rahvusvaheliste konverentside korraldus\u00f5iguse taotlemise programm aitab tuua konverentse Eestisse, pakkudes tuge taotlusprotsessi kulude katmisel.","robots":{"index":"index","follow":"follow","max-snippet":"max-snippet:-1","max-image-preview":"max-image-preview:large","max-video-preview":"max-video-preview:-1"},"canonical":"https:\/\/www.ecb.ee\/et\/konverentsi-korraldusoiguse-taotlemise-programm\/","og_locale":"et_EE","og_type":"article","og_title":"Konverentsi korraldus\u00f5iguse taotlemise programm - Estonian Convention Bureau","og_description":"Rahvusvaheliste konverentside korraldus\u00f5iguse taotlemise programm aitab tuua konverentse Eestisse, pakkudes tuge taotlusprotsessi kulude katmisel.","og_url":"https:\/\/www.ecb.ee\/et\/konverentsi-korraldusoiguse-taotlemise-programm\/","og_site_name":"Estonian Convention Bureau","article_modified_time":"2026-04-08T12:07:52+00:00","og_image":[{"width":1210,"height":805,"url":"https:\/\/www.ecb.ee\/wp-content\/uploads\/2020\/12\/Latitude59-Conference-in-Tallinn.jpg","type":"image\/jpeg"}],"twitter_card":"summary_large_image","twitter_misc":{"Est. reading time":"2 minutit"},"schema":{"@context":"https:\/\/schema.org","@graph":[{"@type":"WebPage","@id":"https:\/\/www.ecb.ee\/et\/konverentsi-korraldusoiguse-taotlemise-programm\/","url":"https:\/\/www.ecb.ee\/et\/konverentsi-korraldusoiguse-taotlemise-programm\/","name":"Konverentsi korraldus\u00f5iguse taotlemise programm - Estonian Convention Bureau","isPartOf":{"@id":"https:\/\/www.ecb.ee\/#website"},"primaryImageOfPage":{"@id":"https:\/\/www.ecb.ee\/et\/konverentsi-korraldusoiguse-taotlemise-programm\/#primaryimage"},"image":{"@id":"https:\/\/www.ecb.ee\/et\/konverentsi-korraldusoiguse-taotlemise-programm\/#primaryimage"},"thumbnailUrl":"https:\/\/www.ecb.ee\/wp-content\/uploads\/2020\/12\/Latitude59-Conference-in-Tallinn.jpg","datePublished":"2023-03-03T11:29:06+00:00","dateModified":"2026-04-08T12:07:52+00:00","description":"Rahvusvaheliste konverentside korraldus\u00f5iguse taotlemise programm aitab tuua konverentse Eestisse, pakkudes tuge taotlusprotsessi kulude katmisel.","breadcrumb":{"@id":"https:\/\/www.ecb.ee\/et\/konverentsi-korraldusoiguse-taotlemise-programm\/#breadcrumb"},"inLanguage":"et","potentialAction":[{"@type":"ReadAction","target":["https:\/\/www.ecb.ee\/et\/konverentsi-korraldusoiguse-taotlemise-programm\/"]}]},{"@type":"ImageObject","inLanguage":"et","@id":"https:\/\/www.ecb.ee\/et\/konverentsi-korraldusoiguse-taotlemise-programm\/#primaryimage","url":"https:\/\/www.ecb.ee\/wp-content\/uploads\/2020\/12\/Latitude59-Conference-in-Tallinn.jpg","contentUrl":"https:\/\/www.ecb.ee\/wp-content\/uploads\/2020\/12\/Latitude59-Conference-in-Tallinn.jpg","width":1210,"height":805},{"@type":"BreadcrumbList","@id":"https:\/\/www.ecb.ee\/et\/konverentsi-korraldusoiguse-taotlemise-programm\/#breadcrumb","itemListElement":[{"@type":"ListItem","position":1,"name":"Home","item":"https:\/\/www.ecb.ee\/et\/"},{"@type":"ListItem","position":2,"name":"Konverentsi korraldus\u00f5iguse taotlemise programm"}]},{"@type":"WebSite","@id":"https:\/\/www.ecb.ee\/#website","url":"https:\/\/www.ecb.ee\/","name":"Estonian Convention Bureau","description":"","publisher":{"@id":"https:\/\/www.ecb.ee\/#organization"},"potentialAction":[{"@type":"SearchAction","target":{"@type":"EntryPoint","urlTemplate":"https:\/\/www.ecb.ee\/?s={search_term_string}"},"query-input":{"@type":"PropertyValueSpecification","valueRequired":true,"valueName":"search_term_string"}}],"inLanguage":"et"},{"@type":"Organization","@id":"https:\/\/www.ecb.ee\/#organization","name":"Estonian Convention Bureau","url":"https:\/\/www.ecb.ee\/","logo":{"@type":"ImageObject","inLanguage":"et","@id":"https:\/\/www.ecb.ee\/#\/schema\/logo\/image\/","url":"https:\/\/www.ecb.ee\/wp-content\/uploads\/2020\/12\/site_logo.svg","contentUrl":"https:\/\/www.ecb.ee\/wp-content\/uploads\/2020\/12\/site_logo.svg","caption":"Estonian Convention Bureau"},"image":{"@id":"https:\/\/www.ecb.ee\/#\/schema\/logo\/image\/"}}]}},"_links":{"self":[{"href":"https:\/\/www.ecb.ee\/et\/wp-json\/wp\/v2\/pages\/28689","targetHints":{"allow":["GET"]}}],"collection":[{"href":"https:\/\/www.ecb.ee\/et\/wp-json\/wp\/v2\/pages"}],"about":[{"href":"https:\/\/www.ecb.ee\/et\/wp-json\/wp\/v2\/types\/page"}],"author":[{"embeddable":true,"href":"https:\/\/www.ecb.ee\/et\/wp-json\/wp\/v2\/users\/4"}],"replies":[{"embeddable":true,"href":"https:\/\/www.ecb.ee\/et\/wp-json\/wp\/v2\/comments?post=28689"}],"version-history":[{"count":45,"href":"https:\/\/www.ecb.ee\/et\/wp-json\/wp\/v2\/pages\/28689\/revisions"}],"predecessor-version":[{"id":45979,"href":"https:\/\/www.ecb.ee\/et\/wp-json\/wp\/v2\/pages\/28689\/revisions\/45979"}],"wp:featuredmedia":[{"embeddable":true,"href":"https:\/\/www.ecb.ee\/et\/wp-json\/wp\/v2\/media\/2858"}],"wp:attachment":[{"href":"https:\/\/www.ecb.ee\/et\/wp-json\/wp\/v2\/media?parent=28689"}],"curies":[{"name":"wp","href":"https:\/\/api.w.org\/{rel}","templated":true}]}}