{"id":27759,"date":"2022-12-22T08:17:47","date_gmt":"2022-12-22T08:17:47","guid":{"rendered":"https:\/\/www.ecb.ee\/?page_id=27759"},"modified":"2025-06-27T08:20:36","modified_gmt":"2025-06-27T08:20:36","slug":"aasta-konverentsitegu-auhinna-varasemad-voitjad","status":"publish","type":"page","link":"https:\/\/www.ecb.ee\/et\/aasta-konverentsitegu-auhinna-varasemad-voitjad\/","title":{"rendered":"Aasta Konverentsitegu auhinna v\u00f5itjad"},"content":{"rendered":"<h3>2024<\/h3>\n<ul>\n<li><strong>Aasta Konverentsitegu 2024 TALLINN: CIOR\/CIOM\/CISOR Summer Congress 2024<\/strong><\/li>\n<li><strong>Aasta Konverentsitegu 2024 TARTU: SERE2024 \u2013 14th European Conference on Ecological Restoration<\/strong><\/li>\n<\/ul>\n<h3>2023<\/h3>\n<ul>\n<li><strong>Aasta Konverentsitegu 2023: The 72nd International Federation of Medical Students Associations (IFMSA) General Assembly March Meeting<\/strong><\/li>\n<\/ul>\n<h3>2022<\/h3>\n<ul>\n<li><strong>Aasta Konverentsitegu 2022 \u00fcle 300 osalejaga konverentside kategoorias:<\/strong>\u00a0<strong>Mindvalley University<\/strong><\/li>\n<li><strong>Aasta Konverentsitegu 2022 kuni 300 osalejaga konverentside kategoorias:<\/strong> <strong>Euroopa muuseumide aastakonverents ning auhindade gala<\/strong><strong>.\u00a0<\/strong><\/li>\n<li><strong>Aasta Korporatiivs\u00fcndmus:<\/strong> <strong>Wise Days 22<\/strong><\/li>\n<li><strong>Innovatiivseim Konverentsilahendus: <\/strong><strong>Evolving Challenges in European Economies (ECEE)<\/strong><\/li>\n<\/ul>\n<h3>2019<\/h3>\n<ul>\n<li style=\"font-weight: 400;\"><strong>Aasta Konverentsitegu 2019, 300 ja enama osalejaga konverentsi kategooria\u00a0<\/strong>v\u00f5itja<strong>:\u00a0<\/strong><br \/>\n<strong>JCI (Junior Chamber International) maailmakongress<\/strong>.<\/li>\n<li><strong>Aasta Konverentistegu 2019, 100-300 osalejaga konverentsi kategoorias\u00a0<\/strong>v\u00f5itja<strong>:\u00a0<\/strong><br \/>\n<strong>ISCI <\/strong><strong>(<\/strong><strong>International Society for Child Indicators) konverents<\/strong><\/li>\n<li style=\"font-weight: 400;\"><strong>Leidlik Konverentsilahendus 2019: <\/strong><strong>Bolt Summer Summit 2019<br \/>\n<\/strong><\/li>\n<\/ul>\n<h3 style=\"font-weight: 400;\"><strong>2018<\/strong><\/h3>\n<ul>\n<li style=\"font-weight: 400;\"><strong>Aasta Konverentsitegu 2018<\/strong>\u00a0v\u00f5itja:\u00a0<strong>Euroopa organisatsiooniuurijate \u00fchenduse EGOS kollokvium<\/strong><\/li>\n<li style=\"font-weight: 400;\"><strong>Innovatiivseim konverents:<\/strong>\u00a0<strong>TalTech Visioonikonverents ning Mindvalley U.<\/strong><\/li>\n<\/ul>\n<h3 style=\"font-weight: 400;\"><strong>2017<\/strong><\/h3>\n<ul>\n<li style=\"font-weight: 400;\"><strong>Aasta Konverentsitegu 2017<\/strong>: <strong>Tallinna digitaalvaldkonna tippkohtumine (Digital Summit 2017) ja<br \/>\nEuroopa Loomakasvatuse F\u00f6deratsiooni (EAAP) aastakonverents<\/strong><\/li>\n<li style=\"font-weight: 400;\"><strong>Innovatiivseim konverents: <\/strong><strong>sTARTUp Day, Tartu<\/strong><\/li>\n<\/ul>\n<h3 style=\"font-weight: 400;\"><strong>2016<\/strong><\/h3>\n<ul>\n<li style=\"font-weight: 400;\"><strong>Aasta Konverentsitegu 2016<\/strong>:\u00a0<strong>8. Rahvusvaheline Balti Anestesioloogia ja Intensiivravi Kongress\u00a0<\/strong>(8th International Baltic Congress of Anaesthesiology and Intensive Care)<\/li>\n<li style=\"font-weight: 400;\"><strong>Innovatiivseima Konverentsilahenduse<\/strong> eripreemia: <strong>Roaster Camp 2016<\/strong>, mis t\u00f5i Eestisse 130 tipp-kohvir\u00f6stijat 18 riigist \u00fcle maailma.<\/li>\n<\/ul>\n<h3 style=\"font-weight: 400;\"><strong>2015<\/strong><\/h3>\n<ul>\n<li style=\"font-weight: 400;\"><strong>Aasta Konverentsitegu 2015<\/strong> :\u00a0<strong>25. P\u00f5hjamaade-Balti Kardioloogide Kongress (25th Nordic-Baltic Congress of Cardiology).\u00a0<\/strong><\/li>\n<li style=\"font-weight: 400;\"><strong>Innovatiivseima konverentsi eripreemia:\u00a0JCI P\u00f5hjamaade inspiratsioonikonverents, kus traditsiooniliste t\u00f6\u00f6tubade k\u00f5rval viidi 600 konverentsil osalenut elluj\u00e4\u00e4miskursusele Eesti metsadesse.<\/strong><\/li>\n<\/ul>\n<h3 style=\"font-weight: 400;\"><strong>2014<\/strong><\/h3>\n<ul>\n<li style=\"font-weight: 400;\"><strong>Aasta Konverentsitegu 2014<\/strong>:\u00a0<strong>Euroopa Majandusarvestuse Assotsiatsiooni (European Accounting Association, l\u00fch. EAA) 37. aastakongressi ja doktorikollokviumi.<\/strong><\/li>\n<li><strong>Eriauhind<\/strong> <strong>2014. aastal Eestis toimunud suurima osalejate arvuga konverentsile: Euroopa Uneuurijate Seltsi 22. Kongress (22nd Congress of the ESRS &#8211; European Sleep Research Society).<\/strong><\/li>\n<\/ul>\n<h3 style=\"font-weight: 400;\"><strong>2013<\/strong><\/h3>\n<ul>\n<li style=\"font-weight: 400;\"><strong>Aasta Konverentsitegu 2013<\/strong>:\u00a0<strong>Euroopa Alushariduse Uurijate Liidu 23. konverents\u00a0<\/strong>(23rd European Early Childhood Education Reasearch Association -EECERA- Conference)<\/li>\n<\/ul>\n<h3 style=\"font-weight: 400;\"><strong>2012<\/strong><\/h3>\n<ul>\n<li style=\"font-weight: 400;\"><strong>Aasta Konverentsitegu 2012<\/strong>:\u00a0<strong>Routes Europe 2012<\/strong><\/li>\n<\/ul>\n<h3 style=\"font-weight: 400;\"><strong>2011<\/strong><\/h3>\n<ul>\n<li style=\"font-weight: 400;\"><strong>Aasta Konverentsitegu 2011<\/strong><strong>: Euroopa Jaapani-uuringute XIII kongress (13th International Conference of the EAJS,\u00a0<\/strong>European Association of Japanese Studies).<\/li>\n<\/ul>\n","protected":false},"excerpt":{"rendered":"<p>2024 Aasta Konverentsitegu 2024 TALLINN: CIOR\/CIOM\/CISOR Summer Congress 2024 Aasta Konverentsitegu 2024 TARTU: SERE2024 \u2013 14th European Conference on Ecological Restoration 2023 Aasta Konverentsitegu 2023: The 72nd International Federation of Medical Students Associations (IFMSA) General Assembly March Meeting 2022 Aasta Konverentsitegu 2022 \u00fcle 300 osalejaga konverentside kategoorias:\u00a0Mindvalley University Aasta Konverentsitegu 2022 kuni 300 osalejaga konverentside [&hellip;]<\/p>\n","protected":false},"author":8,"featured_media":0,"parent":0,"menu_order":184,"comment_status":"closed","ping_status":"closed","template":"","meta":{"_acf_changed":false,"footnotes":""},"class_list":["post-27759","page","type-page","status-publish","hentry"],"acf":[],"yoast_head":"<!-- This site is optimized with the Yoast SEO plugin v27.5 - https:\/\/yoast.com\/product\/yoast-seo-wordpress\/ -->\n<title>Aasta Konverentsitegu auhinna v\u00f5itjad - Estonian Convention Bureau<\/title>\n<meta name=\"robots\" content=\"index, follow, max-snippet:-1, max-image-preview:large, max-video-preview:-1\" \/>\n<link rel=\"canonical\" href=\"https:\/\/www.ecb.ee\/et\/aasta-konverentsitegu-auhinna-varasemad-voitjad\/\" \/>\n<meta property=\"og:locale\" content=\"et_EE\" \/>\n<meta property=\"og:type\" content=\"article\" \/>\n<meta property=\"og:title\" content=\"Aasta Konverentsitegu auhinna v\u00f5itjad - Estonian Convention Bureau\" \/>\n<meta property=\"og:description\" content=\"2024 Aasta Konverentsitegu 2024 TALLINN: CIOR\/CIOM\/CISOR Summer Congress 2024 Aasta Konverentsitegu 2024 TARTU: SERE2024 \u2013 14th European Conference on Ecological Restoration 2023 Aasta Konverentsitegu 2023: The 72nd International Federation of Medical Students Associations (IFMSA) General Assembly March Meeting 2022 Aasta Konverentsitegu 2022 \u00fcle 300 osalejaga konverentside kategoorias:\u00a0Mindvalley University Aasta Konverentsitegu 2022 kuni 300 osalejaga konverentside [&hellip;]\" \/>\n<meta property=\"og:url\" content=\"https:\/\/www.ecb.ee\/et\/aasta-konverentsitegu-auhinna-varasemad-voitjad\/\" \/>\n<meta property=\"og:site_name\" content=\"Estonian Convention Bureau\" \/>\n<meta property=\"article:modified_time\" content=\"2025-06-27T08:20:36+00:00\" \/>\n<meta name=\"twitter:card\" content=\"summary_large_image\" \/>\n<meta name=\"twitter:label1\" content=\"Est. reading time\" \/>\n\t<meta name=\"twitter:data1\" content=\"2 minutit\" \/>\n<script type=\"application\/ld+json\" class=\"yoast-schema-graph\">{\"@context\":\"https:\\\/\\\/schema.org\",\"@graph\":[{\"@type\":\"WebPage\",\"@id\":\"https:\\\/\\\/www.ecb.ee\\\/et\\\/aasta-konverentsitegu-auhinna-varasemad-voitjad\\\/\",\"url\":\"https:\\\/\\\/www.ecb.ee\\\/et\\\/aasta-konverentsitegu-auhinna-varasemad-voitjad\\\/\",\"name\":\"Aasta Konverentsitegu auhinna v\u00f5itjad - Estonian Convention Bureau\",\"isPartOf\":{\"@id\":\"https:\\\/\\\/www.ecb.ee\\\/#website\"},\"datePublished\":\"2022-12-22T08:17:47+00:00\",\"dateModified\":\"2025-06-27T08:20:36+00:00\",\"breadcrumb\":{\"@id\":\"https:\\\/\\\/www.ecb.ee\\\/et\\\/aasta-konverentsitegu-auhinna-varasemad-voitjad\\\/#breadcrumb\"},\"inLanguage\":\"et\",\"potentialAction\":[{\"@type\":\"ReadAction\",\"target\":[\"https:\\\/\\\/www.ecb.ee\\\/et\\\/aasta-konverentsitegu-auhinna-varasemad-voitjad\\\/\"]}]},{\"@type\":\"BreadcrumbList\",\"@id\":\"https:\\\/\\\/www.ecb.ee\\\/et\\\/aasta-konverentsitegu-auhinna-varasemad-voitjad\\\/#breadcrumb\",\"itemListElement\":[{\"@type\":\"ListItem\",\"position\":1,\"name\":\"Home\",\"item\":\"https:\\\/\\\/www.ecb.ee\\\/et\\\/\"},{\"@type\":\"ListItem\",\"position\":2,\"name\":\"Aasta Konverentsitegu auhinna v\u00f5itjad\"}]},{\"@type\":\"WebSite\",\"@id\":\"https:\\\/\\\/www.ecb.ee\\\/#website\",\"url\":\"https:\\\/\\\/www.ecb.ee\\\/\",\"name\":\"Estonian Convention Bureau\",\"description\":\"\",\"publisher\":{\"@id\":\"https:\\\/\\\/www.ecb.ee\\\/#organization\"},\"potentialAction\":[{\"@type\":\"SearchAction\",\"target\":{\"@type\":\"EntryPoint\",\"urlTemplate\":\"https:\\\/\\\/www.ecb.ee\\\/?s={search_term_string}\"},\"query-input\":{\"@type\":\"PropertyValueSpecification\",\"valueRequired\":true,\"valueName\":\"search_term_string\"}}],\"inLanguage\":\"et\"},{\"@type\":\"Organization\",\"@id\":\"https:\\\/\\\/www.ecb.ee\\\/#organization\",\"name\":\"Estonian Convention Bureau\",\"url\":\"https:\\\/\\\/www.ecb.ee\\\/\",\"logo\":{\"@type\":\"ImageObject\",\"inLanguage\":\"et\",\"@id\":\"https:\\\/\\\/www.ecb.ee\\\/#\\\/schema\\\/logo\\\/image\\\/\",\"url\":\"https:\\\/\\\/www.ecb.ee\\\/wp-content\\\/uploads\\\/2020\\\/12\\\/site_logo.svg\",\"contentUrl\":\"https:\\\/\\\/www.ecb.ee\\\/wp-content\\\/uploads\\\/2020\\\/12\\\/site_logo.svg\",\"caption\":\"Estonian Convention Bureau\"},\"image\":{\"@id\":\"https:\\\/\\\/www.ecb.ee\\\/#\\\/schema\\\/logo\\\/image\\\/\"}}]}<\/script>\n<!-- \/ Yoast SEO plugin. -->","yoast_head_json":{"title":"Aasta Konverentsitegu auhinna v\u00f5itjad - Estonian Convention Bureau","robots":{"index":"index","follow":"follow","max-snippet":"max-snippet:-1","max-image-preview":"max-image-preview:large","max-video-preview":"max-video-preview:-1"},"canonical":"https:\/\/www.ecb.ee\/et\/aasta-konverentsitegu-auhinna-varasemad-voitjad\/","og_locale":"et_EE","og_type":"article","og_title":"Aasta Konverentsitegu auhinna v\u00f5itjad - Estonian Convention Bureau","og_description":"2024 Aasta Konverentsitegu 2024 TALLINN: CIOR\/CIOM\/CISOR Summer Congress 2024 Aasta Konverentsitegu 2024 TARTU: SERE2024 \u2013 14th European Conference on Ecological Restoration 2023 Aasta Konverentsitegu 2023: The 72nd International Federation of Medical Students Associations (IFMSA) General Assembly March Meeting 2022 Aasta Konverentsitegu 2022 \u00fcle 300 osalejaga konverentside kategoorias:\u00a0Mindvalley University Aasta Konverentsitegu 2022 kuni 300 osalejaga konverentside [&hellip;]","og_url":"https:\/\/www.ecb.ee\/et\/aasta-konverentsitegu-auhinna-varasemad-voitjad\/","og_site_name":"Estonian Convention Bureau","article_modified_time":"2025-06-27T08:20:36+00:00","twitter_card":"summary_large_image","twitter_misc":{"Est. reading time":"2 minutit"},"schema":{"@context":"https:\/\/schema.org","@graph":[{"@type":"WebPage","@id":"https:\/\/www.ecb.ee\/et\/aasta-konverentsitegu-auhinna-varasemad-voitjad\/","url":"https:\/\/www.ecb.ee\/et\/aasta-konverentsitegu-auhinna-varasemad-voitjad\/","name":"Aasta Konverentsitegu auhinna v\u00f5itjad - Estonian Convention Bureau","isPartOf":{"@id":"https:\/\/www.ecb.ee\/#website"},"datePublished":"2022-12-22T08:17:47+00:00","dateModified":"2025-06-27T08:20:36+00:00","breadcrumb":{"@id":"https:\/\/www.ecb.ee\/et\/aasta-konverentsitegu-auhinna-varasemad-voitjad\/#breadcrumb"},"inLanguage":"et","potentialAction":[{"@type":"ReadAction","target":["https:\/\/www.ecb.ee\/et\/aasta-konverentsitegu-auhinna-varasemad-voitjad\/"]}]},{"@type":"BreadcrumbList","@id":"https:\/\/www.ecb.ee\/et\/aasta-konverentsitegu-auhinna-varasemad-voitjad\/#breadcrumb","itemListElement":[{"@type":"ListItem","position":1,"name":"Home","item":"https:\/\/www.ecb.ee\/et\/"},{"@type":"ListItem","position":2,"name":"Aasta Konverentsitegu auhinna v\u00f5itjad"}]},{"@type":"WebSite","@id":"https:\/\/www.ecb.ee\/#website","url":"https:\/\/www.ecb.ee\/","name":"Estonian Convention Bureau","description":"","publisher":{"@id":"https:\/\/www.ecb.ee\/#organization"},"potentialAction":[{"@type":"SearchAction","target":{"@type":"EntryPoint","urlTemplate":"https:\/\/www.ecb.ee\/?s={search_term_string}"},"query-input":{"@type":"PropertyValueSpecification","valueRequired":true,"valueName":"search_term_string"}}],"inLanguage":"et"},{"@type":"Organization","@id":"https:\/\/www.ecb.ee\/#organization","name":"Estonian Convention Bureau","url":"https:\/\/www.ecb.ee\/","logo":{"@type":"ImageObject","inLanguage":"et","@id":"https:\/\/www.ecb.ee\/#\/schema\/logo\/image\/","url":"https:\/\/www.ecb.ee\/wp-content\/uploads\/2020\/12\/site_logo.svg","contentUrl":"https:\/\/www.ecb.ee\/wp-content\/uploads\/2020\/12\/site_logo.svg","caption":"Estonian Convention Bureau"},"image":{"@id":"https:\/\/www.ecb.ee\/#\/schema\/logo\/image\/"}}]}},"_links":{"self":[{"href":"https:\/\/www.ecb.ee\/et\/wp-json\/wp\/v2\/pages\/27759","targetHints":{"allow":["GET"]}}],"collection":[{"href":"https:\/\/www.ecb.ee\/et\/wp-json\/wp\/v2\/pages"}],"about":[{"href":"https:\/\/www.ecb.ee\/et\/wp-json\/wp\/v2\/types\/page"}],"author":[{"embeddable":true,"href":"https:\/\/www.ecb.ee\/et\/wp-json\/wp\/v2\/users\/8"}],"replies":[{"embeddable":true,"href":"https:\/\/www.ecb.ee\/et\/wp-json\/wp\/v2\/comments?post=27759"}],"version-history":[{"count":13,"href":"https:\/\/www.ecb.ee\/et\/wp-json\/wp\/v2\/pages\/27759\/revisions"}],"predecessor-version":[{"id":41535,"href":"https:\/\/www.ecb.ee\/et\/wp-json\/wp\/v2\/pages\/27759\/revisions\/41535"}],"wp:attachment":[{"href":"https:\/\/www.ecb.ee\/et\/wp-json\/wp\/v2\/media?parent=27759"}],"curies":[{"name":"wp","href":"https:\/\/api.w.org\/{rel}","templated":true}]}}