{"id":17990,"date":"2021-02-02T09:23:33","date_gmt":"2021-02-02T09:23:33","guid":{"rendered":"https:\/\/www.ecb.ee\/?page_id=17990"},"modified":"2022-02-08T13:22:16","modified_gmt":"2022-02-08T13:22:16","slug":"privaatsustingimused","status":"publish","type":"page","link":"https:\/\/www.ecb.ee\/et\/privaatsustingimused\/","title":{"rendered":"Privaatsustingimused"},"content":{"rendered":"<p><strong><u>EESTI KONVERENTSIB\u00dcROO ANDMET\u00d6\u00d6TLUSP\u00d5HIM\u00d5TTED, \u00a0PRIVAATSUSE ja K\u00dcPSISTE EESKIRJAD<\/u><\/strong><\/p>\n<p>K\u00e4esolevad Andmet\u00f6\u00f6tlustingimused ja Privaatsuseeskirjad reguleerivad seda, kuidas Eesti Konverentsib\u00fcroo MT\u00dc kogub, kasutab, s\u00e4ilitab ja avalikustab veebilehel www.ecb.ee kasutajatelt kogutud teavet.<\/p>\n<p><strong><u>ISIKUTUVASTUSANDMED JA <\/u><\/strong><strong><u>ISIKUANDMETE T\u00d6\u00d6TLEMINE<\/u><\/strong><\/p>\n<p>M\u00f5isted:<\/p>\n<p><strong>Isikuandmete t\u00f6\u00f6tlemine<\/strong> on igasugune veebilehe kasutaja (edaspidi kasutaja) isikuandmetega tehtav tegevus \u2013 andmete kogumine, t\u00f6\u00f6tlemine, talletamine, parandamine v\u00f5i kustutamine.<\/p>\n<p><strong>Kasutajad<\/strong> on k\u00f5ik isikud, kes k\u00fclastavad veebilehte, tarbivad teenuseid v\u00f5i edastavad\u00a0Eesti Konverentsib\u00fcroole omalt poolt infot.<\/p>\n<p><strong>ISIKUANDMETE KASUTAMINE<\/strong><\/p>\n<p>Eesti Konverentsib\u00fcroo\u00a0MT\u00dc kogub veebilehe www.ecb.ee kaudu allj\u00e4rgnevaid kasutajate isikuandmeid j\u00e4rgnevalt kirjeldatud viisidel:<\/p>\n<ul>\n<li>kasutaja nimi ja e-posti aadress \u2013 kasutaja poolt infop\u00e4ringu tegemisel, \u00fcritusele registreerumisel osalejate nimekirja koostamiseks ja vajadusel Teiega \u00fchenduse v\u00f5tmiseks , uudiskirja tellimisel. Eesti Konverentsib\u00fcrookasutab isikuandmeidkasutajaga suhtlemiseks.<\/li>\n<\/ul>\n<ul>\n<li>veebilehe k\u00fclastatavuse statistika \u2013 Google Analyticsi abil. Eesti Konverentsib\u00fcroo MT\u00dcveebilehe k\u00fclastamisel kasutame Teie sessiooni identifitseerimiseks k\u00fcpsiseid (<em>cookies<\/em>). S\u00e4ilitame tehniliste andmetena Teie IP aadressi, veebilehitseja identifikaatorit, portaali poole p\u00f6\u00f6rdumisele eelneva veebilehe URL-i ja autentimisviisi.<\/li>\n<\/ul>\n<p>Veebilehte kasutades annab kasutaja n\u00f5usoleku oma andmete t\u00f6\u00f6tlemiseks koosk\u00f5las k\u00e4esolevate privaatsustingimustega.<\/p>\n<p>Kasutajal on igal ajal \u00f5igus keelata oma isikuandmete t\u00f6\u00f6tlemine.<\/p>\n<p><strong><u>ISIKUSTAMATA TUVASTUSANDMED<\/u><\/strong><\/p>\n<p>Eesti Konverentsib\u00fcroo kasutab veebilehe k\u00fclastatavuse statistikat veebilehe kasutajakogemuse parendamiseks ja efektiivsemaks turundamiseks. Veebilehtede k\u00fclastamise andmeid t\u00f6\u00f6tleme \u00fcksnes isikustamata kujul k\u00fclastusstatistika tegemiseks, et selle p\u00f5hjal lehek\u00fclgi arendada ja k\u00fclastajatele mugavamaks muuta. Sellegipoolest on Kasutajatel v\u00f5imalik meie Veebilehte ka anon\u00fc\u00fcmselt k\u00fclastada. Me kogume Kasutajatelt isikuandmeid ainult juhul, kui nad edastavad meile sellist teavet vabatahtlikult. Kasutajad v\u00f5ivad alati keelduda isikut t\u00f5endava teabe andmisest, kuigi neil ei pruugi selle tulemusel olla v\u00f5imalik m\u00f5nd Veebilehe funktsiooni kasutada.<\/p>\n<p>Me v\u00f5ime koguda kasutajate isikustamata tuvastusandmeid mis tahes ajal, kui nad meie Veebilehte kasutavad. Isikustamata tuvastusandmete hulka v\u00f5ivad kuuluda veebilehitseja nimi, arvuti t\u00fc\u00fcp ja tehniline teave selle kohta, kuidas Kasutajad on meie Veebilehega \u00fchenduses, n\u00e4iteks teave operatsioonis\u00fcsteemi ja kasutatavate interneti teenusepakkujate kohta ning muu sarnane teave.<\/p>\n<p>Kasutajakogemuse parandamiseks v\u00f5idakse meie Veebilehel kasutada k\u00fcpsiseid.<\/p>\n<p>Veebilehte kasutades annab kasutaja n\u00f5usoleku oma andmete t\u00f6\u00f6tlemiseks koosk\u00f5las k\u00e4esolevate privaatsustingimustega.<\/p>\n<p>Kasutajal on igal ajal \u00f5igus keelata oma isikuandmete t\u00f6\u00f6tlemine.<\/p>\n<p><strong><u>ISIKUANDMETE S\u00c4ILITAMINE JA TURVALISUS<\/u><\/strong><\/p>\n<p>Eesti Konverentsib\u00fcroo\u00a0s\u00e4ilitab isikuandmeid nii kaua, kuni see on eesm\u00e4rgi t\u00e4itmiseks vajalik. Meililistis olevat e-maili aadressi s\u00e4ilitatakse seni, kuni kasutaja avaldab soovi see sealt eemaldada.<\/p>\n<p>Eesti Konverentsib\u00fcroo\u00a0rakendab k\u00f5iki m\u00f5istlikke meetmeid t\u00f6\u00f6deldavate isikuandmete kaitseks. Juurdep\u00e4\u00e4s isikuandmete muutmiseks ja t\u00f6\u00f6tlemiseks on ainult selleks volitatud isikutel ning k\u00f5ikide kasutajate isikuandmeid k\u00e4sitletakse kui konfidentsiaalset informatsiooni.<\/p>\n<p><strong>KASUTAJA \u00d5IGUSED<\/strong><\/p>\n<p>Kasutajal on \u00f5igus igal ajal:<\/p>\n<ul>\n<li>igal ajal \u00f5igus keelata oma isikuandmete t\u00f6\u00f6tlemine<\/li>\n<li>avaldada soovi juurdep\u00e4\u00e4suks enda andmetele;<\/li>\n<li>n\u00f5uda isikuandmete parandamist, t\u00e4iendamist v\u00f5i seaduses etten\u00e4htud tingimustel kustutamist;<\/li>\n<li>n\u00f5uda isikuandmete t\u00f6\u00f6tlemise piiramist;<\/li>\n<li>n\u00f5uda isikuandmete \u00fclekandmist.<\/li>\n<\/ul>\n<p>Oma \u00f5iguste kasutamiseks tuleb kasutajal saata e-posti aadressile\u00a0<a href=\"mailto:info@ecb.ee\">info@ecb.ee<\/a>\u00a0vastavasisuline sooviavaldus.<\/p>\n<p>K\u00fcpsiste kasutamise piiramiseks saab kasutaja teha vastavad valikud oma veebilehitseja seadete alt.<\/p>\n<p>Kui Kasutaja usub, et tema \u00f5igusi on isikuandmete t\u00f6\u00f6tlemisel rikutud, on tal \u00f5igus p\u00f6\u00f6rduda Andmekaitse Inspektsiooni poole.<\/p>\n<p><strong><u>K\u00dcPSISE<\/u><\/strong><strong><u>TE EESKIRJAD <\/u><\/strong><\/p>\n<p>Eesti Konverentsib\u00fcroo MT\u00dc\u00a0veebilehel <a href=\"http:\/\/www.ecb.ee\/\">www.ecb.ee<\/a> kasutatakse k\u00fcpsiseid, eesm\u00e4rgiga tagada parem kasutajakogemus ja efektiivsem turundustegevus ning koguda kasutusstatistikat.<\/p>\n<p>Kasutades Eesti Konverentsib\u00fcroo\u00a0veebilehte, n\u00f5ustub kasutaja k\u00fcpsiste kasutamisega k\u00e4esolevas korras kirjeldatud viisil.<\/p>\n<p>K\u00fcpsis on v\u00e4ike tekstifail, mille veebilehitseja automaatselt kasutaja poolt kasutatavasse seadmesse salvestab. K\u00fcpsised v\u00f5ivad olla loodud erinevate teenusepakkujate poolt, n\u00e4iteks Google ja Facebook. K\u00fcpsisefailid ei ole arvuti jaoks ohtlikud.<\/p>\n<p>K\u00fcpsiseid on kahte t\u00fc\u00fcpi:<\/p>\n<p>P\u00fcsivaid k\u00fcpsiseid, mis j\u00e4\u00e4vad kasutaja arvutis olevasse k\u00fcpsiste faili p\u00fcsivalt. Neid v\u00f5idakse kasutada n\u00e4iteks kasutaja kui veebilehe korduvk\u00fclastaja \u00e4ratundmiseks ja veebilehe sisu kohandamiseks vastavalt kasutaja vajadustele v\u00f5i statistiliste andmete kogumiseks.<br \/>\nSeansik\u00fcpsised on ajutised ja kaovad, kui kasutaja veebilehelt lahkub v\u00f5i oma veebilehitseja sulgeb. Seansik\u00fcpsiseid v\u00f5idakse kasutada veebilehe teatud funktsioonide, n\u00e4iteks teenuse v\u00f5i toote taotlemise jms v\u00f5imaldamiseks.<br \/>\nK\u00fcpsiseid kasutatakse teabe kogumiseks selle kohta, kuidas veebilehte kasutatakse, et seda kasutajatele isiklikumaks ja kasutajas\u00f5bralikumaks muuta. Lisaks aitavad k\u00fcpsised koguda kasutajastatistikat, mis v\u00f5imaldab m\u00f5\u00f5ta ja parandada veebilehe toimivust ning annab alusandmed, et viia l\u00e4bi efektiivne turundustegevus.<\/p>\n<p>Kasutaja loetakse k\u00fcpsistega n\u00f5ustunuks, kui tema veebilehitseja seadistustes on k\u00fcpsised lubatud. Tihtipeale veebilehitsejad lubavad vaikimisi k\u00fcpsisefailide s\u00e4ilitamist seadmesse. Kasutaja v\u00f5ib oma seadmes k\u00fcpsiste kasutamise \u00e4ra keelata v\u00f5i need kustutada, muutes oma veebilehitseja vastavaid seadeid. K\u00fcpsiste mittekasutamisel ei pruugi veebileht korrektselt t\u00f6\u00f6tada.<\/p>\n<p>K\u00fcpsiste kasutamist on v\u00f5imalik keelata veebilehitseja seadetes (t\u00e4psemad juhised leiad oma veebilehitseja Help\/Spikker sektsioonist). Pea meeles, et k\u00fcpsiste keelamine m\u00f5jutab selle ja paljude teiste k\u00fclastatavate veebilehtede funktsioone. K\u00fcpsiste keelamine p\u00f5hjustab tavaliselt ka selle Veebilehe teatavate funktsionaalsuste ja funktsioonide blokeerimise. Seet\u00f5ttu ei ole soovitatav k\u00fcpsiseid keelata.<\/p>\n<p>Kasutusstatistika kogumiseks kasutab Eesti Konverentsib\u00fcroo\u00a0Google Analytics teenust, kogudes andmeid k\u00fclastatud alalehtede, k\u00fclastusaja, k\u00fclastuste arvu, kasutatavate seadmete, sisenemiskanalite ja muu statistika kohta.<\/p>\n<p>Google Analytics v\u00f5ib siiski koguda andmeid kasutajate aktiivsuse kohta ka ilma k\u00fcpsisefaile kasutamata. Selleks, et Google Analytics ei saaks andmeid kasutada, saab kasutaja paigaldada oma seadmesse Google Analytics\u2019i blokeeriva rakenduse.<\/p>\n<p><strong><u>KOLMANDATEST ISIKUTEST VEEBILEHED<\/u><\/strong><\/p>\n<p>Kasutajad v\u00f5ivad meie Veebilehelt leida sisu, mis suunab (linkide kaudu) nad edasi meie partnerite, tarnijate, sponsorite ja muude kolmandate osapoolte veebilehtede ja teenuste juurde. Nendel veebilehtedel kuvatav sisu ega lingid ei ole meie kontrolli all ning meie ei vastuta meie Veebilehelt lingitud (v\u00f5i meie lehele linkivate) veebilehtede tavade eest. Lisaks v\u00f5ivad need veebilehed v\u00f5i teenused, sealhulgas nende sisu ja lingid, pidevalt muutuda. Nendel veebilehtedel v\u00f5ivad olla enda eraldiseisvad privaatsuseeskirjad. Sirvimine ja suhtlemine mis tahes muu veebilehel, sh veebisaitidel, millel on link meie Veebilehele, kehtivad selle veebisaidi enda tingimused ja eeskirjad.<\/p>\n<p><strong><u>PRIVAATSUSTINGIMUSTE MUUTMINE<\/u><\/strong><\/p>\n<p>Eesti Konverentsib\u00fcroo\u00a0MT\u00dc j\u00e4tab endale \u00f5iguse muuta privaatsustingimusi \u00fchepoolselt ja ette teatamata, eesm\u00e4rgiga kindlustada nende vastavus seadustele. Privaatsustingimused on oma uusimas versioonis alati veebilehel saadaval.<\/p>\n<p>K\u00f5igi privaatsustingimuste ja andmet\u00f6\u00f6tluse kohta tekkivate k\u00fcsimustega palume v\u00f5tta meiega \u00fchendust aadressil <a href=\"mailto:info@ecb.ee\">info@ecb.ee<\/a><\/p>\n<p>&nbsp;<\/p>\n","protected":false},"excerpt":{"rendered":"<p>EESTI KONVERENTSIB\u00dcROO ANDMET\u00d6\u00d6TLUSP\u00d5HIM\u00d5TTED, \u00a0PRIVAATSUSE ja K\u00dcPSISTE EESKIRJAD K\u00e4esolevad Andmet\u00f6\u00f6tlustingimused ja Privaatsuseeskirjad reguleerivad seda, kuidas Eesti Konverentsib\u00fcroo MT\u00dc kogub, kasutab, s\u00e4ilitab ja avalikustab veebilehel www.ecb.ee kasutajatelt kogutud teavet. ISIKUTUVASTUSANDMED JA ISIKUANDMETE T\u00d6\u00d6TLEMINE M\u00f5isted: Isikuandmete t\u00f6\u00f6tlemine on igasugune veebilehe kasutaja (edaspidi kasutaja) isikuandmetega tehtav tegevus \u2013 andmete kogumine, t\u00f6\u00f6tlemine, talletamine, parandamine v\u00f5i kustutamine. Kasutajad on k\u00f5ik isikud, [&hellip;]<\/p>\n","protected":false},"author":2,"featured_media":0,"parent":0,"menu_order":159,"comment_status":"closed","ping_status":"closed","template":"","meta":{"_acf_changed":false,"footnotes":""},"class_list":["post-17990","page","type-page","status-publish","hentry"],"acf":[],"yoast_head":"<!-- This site is optimized with the Yoast SEO plugin v27.5 - https:\/\/yoast.com\/product\/yoast-seo-wordpress\/ -->\n<title>Privaatsustingimused - Estonian Convention Bureau<\/title>\n<meta name=\"robots\" content=\"index, follow, max-snippet:-1, max-image-preview:large, max-video-preview:-1\" \/>\n<link rel=\"canonical\" href=\"https:\/\/www.ecb.ee\/et\/privaatsustingimused\/\" \/>\n<meta property=\"og:locale\" content=\"et_EE\" \/>\n<meta property=\"og:type\" content=\"article\" \/>\n<meta property=\"og:title\" content=\"Privaatsustingimused - Estonian Convention Bureau\" \/>\n<meta property=\"og:description\" content=\"EESTI KONVERENTSIB\u00dcROO ANDMET\u00d6\u00d6TLUSP\u00d5HIM\u00d5TTED, \u00a0PRIVAATSUSE ja K\u00dcPSISTE EESKIRJAD K\u00e4esolevad Andmet\u00f6\u00f6tlustingimused ja Privaatsuseeskirjad reguleerivad seda, kuidas Eesti Konverentsib\u00fcroo MT\u00dc kogub, kasutab, s\u00e4ilitab ja avalikustab veebilehel www.ecb.ee kasutajatelt kogutud teavet. ISIKUTUVASTUSANDMED JA ISIKUANDMETE T\u00d6\u00d6TLEMINE M\u00f5isted: Isikuandmete t\u00f6\u00f6tlemine on igasugune veebilehe kasutaja (edaspidi kasutaja) isikuandmetega tehtav tegevus \u2013 andmete kogumine, t\u00f6\u00f6tlemine, talletamine, parandamine v\u00f5i kustutamine. Kasutajad on k\u00f5ik isikud, [&hellip;]\" \/>\n<meta property=\"og:url\" content=\"https:\/\/www.ecb.ee\/et\/privaatsustingimused\/\" \/>\n<meta property=\"og:site_name\" content=\"Estonian Convention Bureau\" \/>\n<meta property=\"article:modified_time\" content=\"2022-02-08T13:22:16+00:00\" \/>\n<meta name=\"twitter:card\" content=\"summary_large_image\" \/>\n<meta name=\"twitter:label1\" content=\"Est. reading time\" \/>\n\t<meta name=\"twitter:data1\" content=\"4 minutit\" \/>\n<script type=\"application\/ld+json\" class=\"yoast-schema-graph\">{\"@context\":\"https:\\\/\\\/schema.org\",\"@graph\":[{\"@type\":\"WebPage\",\"@id\":\"https:\\\/\\\/www.ecb.ee\\\/et\\\/privaatsustingimused\\\/\",\"url\":\"https:\\\/\\\/www.ecb.ee\\\/et\\\/privaatsustingimused\\\/\",\"name\":\"Privaatsustingimused - Estonian Convention Bureau\",\"isPartOf\":{\"@id\":\"https:\\\/\\\/www.ecb.ee\\\/#website\"},\"datePublished\":\"2021-02-02T09:23:33+00:00\",\"dateModified\":\"2022-02-08T13:22:16+00:00\",\"breadcrumb\":{\"@id\":\"https:\\\/\\\/www.ecb.ee\\\/et\\\/privaatsustingimused\\\/#breadcrumb\"},\"inLanguage\":\"et\",\"potentialAction\":[{\"@type\":\"ReadAction\",\"target\":[\"https:\\\/\\\/www.ecb.ee\\\/et\\\/privaatsustingimused\\\/\"]}]},{\"@type\":\"BreadcrumbList\",\"@id\":\"https:\\\/\\\/www.ecb.ee\\\/et\\\/privaatsustingimused\\\/#breadcrumb\",\"itemListElement\":[{\"@type\":\"ListItem\",\"position\":1,\"name\":\"Home\",\"item\":\"https:\\\/\\\/www.ecb.ee\\\/et\\\/\"},{\"@type\":\"ListItem\",\"position\":2,\"name\":\"Privaatsustingimused\"}]},{\"@type\":\"WebSite\",\"@id\":\"https:\\\/\\\/www.ecb.ee\\\/#website\",\"url\":\"https:\\\/\\\/www.ecb.ee\\\/\",\"name\":\"Estonian Convention Bureau\",\"description\":\"\",\"publisher\":{\"@id\":\"https:\\\/\\\/www.ecb.ee\\\/#organization\"},\"potentialAction\":[{\"@type\":\"SearchAction\",\"target\":{\"@type\":\"EntryPoint\",\"urlTemplate\":\"https:\\\/\\\/www.ecb.ee\\\/?s={search_term_string}\"},\"query-input\":{\"@type\":\"PropertyValueSpecification\",\"valueRequired\":true,\"valueName\":\"search_term_string\"}}],\"inLanguage\":\"et\"},{\"@type\":\"Organization\",\"@id\":\"https:\\\/\\\/www.ecb.ee\\\/#organization\",\"name\":\"Estonian Convention Bureau\",\"url\":\"https:\\\/\\\/www.ecb.ee\\\/\",\"logo\":{\"@type\":\"ImageObject\",\"inLanguage\":\"et\",\"@id\":\"https:\\\/\\\/www.ecb.ee\\\/#\\\/schema\\\/logo\\\/image\\\/\",\"url\":\"https:\\\/\\\/www.ecb.ee\\\/wp-content\\\/uploads\\\/2020\\\/12\\\/site_logo.svg\",\"contentUrl\":\"https:\\\/\\\/www.ecb.ee\\\/wp-content\\\/uploads\\\/2020\\\/12\\\/site_logo.svg\",\"caption\":\"Estonian Convention Bureau\"},\"image\":{\"@id\":\"https:\\\/\\\/www.ecb.ee\\\/#\\\/schema\\\/logo\\\/image\\\/\"}}]}<\/script>\n<!-- \/ Yoast SEO plugin. -->","yoast_head_json":{"title":"Privaatsustingimused - Estonian Convention Bureau","robots":{"index":"index","follow":"follow","max-snippet":"max-snippet:-1","max-image-preview":"max-image-preview:large","max-video-preview":"max-video-preview:-1"},"canonical":"https:\/\/www.ecb.ee\/et\/privaatsustingimused\/","og_locale":"et_EE","og_type":"article","og_title":"Privaatsustingimused - Estonian Convention Bureau","og_description":"EESTI KONVERENTSIB\u00dcROO ANDMET\u00d6\u00d6TLUSP\u00d5HIM\u00d5TTED, \u00a0PRIVAATSUSE ja K\u00dcPSISTE EESKIRJAD K\u00e4esolevad Andmet\u00f6\u00f6tlustingimused ja Privaatsuseeskirjad reguleerivad seda, kuidas Eesti Konverentsib\u00fcroo MT\u00dc kogub, kasutab, s\u00e4ilitab ja avalikustab veebilehel www.ecb.ee kasutajatelt kogutud teavet. ISIKUTUVASTUSANDMED JA ISIKUANDMETE T\u00d6\u00d6TLEMINE M\u00f5isted: Isikuandmete t\u00f6\u00f6tlemine on igasugune veebilehe kasutaja (edaspidi kasutaja) isikuandmetega tehtav tegevus \u2013 andmete kogumine, t\u00f6\u00f6tlemine, talletamine, parandamine v\u00f5i kustutamine. Kasutajad on k\u00f5ik isikud, [&hellip;]","og_url":"https:\/\/www.ecb.ee\/et\/privaatsustingimused\/","og_site_name":"Estonian Convention Bureau","article_modified_time":"2022-02-08T13:22:16+00:00","twitter_card":"summary_large_image","twitter_misc":{"Est. reading time":"4 minutit"},"schema":{"@context":"https:\/\/schema.org","@graph":[{"@type":"WebPage","@id":"https:\/\/www.ecb.ee\/et\/privaatsustingimused\/","url":"https:\/\/www.ecb.ee\/et\/privaatsustingimused\/","name":"Privaatsustingimused - Estonian Convention Bureau","isPartOf":{"@id":"https:\/\/www.ecb.ee\/#website"},"datePublished":"2021-02-02T09:23:33+00:00","dateModified":"2022-02-08T13:22:16+00:00","breadcrumb":{"@id":"https:\/\/www.ecb.ee\/et\/privaatsustingimused\/#breadcrumb"},"inLanguage":"et","potentialAction":[{"@type":"ReadAction","target":["https:\/\/www.ecb.ee\/et\/privaatsustingimused\/"]}]},{"@type":"BreadcrumbList","@id":"https:\/\/www.ecb.ee\/et\/privaatsustingimused\/#breadcrumb","itemListElement":[{"@type":"ListItem","position":1,"name":"Home","item":"https:\/\/www.ecb.ee\/et\/"},{"@type":"ListItem","position":2,"name":"Privaatsustingimused"}]},{"@type":"WebSite","@id":"https:\/\/www.ecb.ee\/#website","url":"https:\/\/www.ecb.ee\/","name":"Estonian Convention Bureau","description":"","publisher":{"@id":"https:\/\/www.ecb.ee\/#organization"},"potentialAction":[{"@type":"SearchAction","target":{"@type":"EntryPoint","urlTemplate":"https:\/\/www.ecb.ee\/?s={search_term_string}"},"query-input":{"@type":"PropertyValueSpecification","valueRequired":true,"valueName":"search_term_string"}}],"inLanguage":"et"},{"@type":"Organization","@id":"https:\/\/www.ecb.ee\/#organization","name":"Estonian Convention Bureau","url":"https:\/\/www.ecb.ee\/","logo":{"@type":"ImageObject","inLanguage":"et","@id":"https:\/\/www.ecb.ee\/#\/schema\/logo\/image\/","url":"https:\/\/www.ecb.ee\/wp-content\/uploads\/2020\/12\/site_logo.svg","contentUrl":"https:\/\/www.ecb.ee\/wp-content\/uploads\/2020\/12\/site_logo.svg","caption":"Estonian Convention Bureau"},"image":{"@id":"https:\/\/www.ecb.ee\/#\/schema\/logo\/image\/"}}]}},"_links":{"self":[{"href":"https:\/\/www.ecb.ee\/et\/wp-json\/wp\/v2\/pages\/17990","targetHints":{"allow":["GET"]}}],"collection":[{"href":"https:\/\/www.ecb.ee\/et\/wp-json\/wp\/v2\/pages"}],"about":[{"href":"https:\/\/www.ecb.ee\/et\/wp-json\/wp\/v2\/types\/page"}],"author":[{"embeddable":true,"href":"https:\/\/www.ecb.ee\/et\/wp-json\/wp\/v2\/users\/2"}],"replies":[{"embeddable":true,"href":"https:\/\/www.ecb.ee\/et\/wp-json\/wp\/v2\/comments?post=17990"}],"version-history":[{"count":5,"href":"https:\/\/www.ecb.ee\/et\/wp-json\/wp\/v2\/pages\/17990\/revisions"}],"predecessor-version":[{"id":24773,"href":"https:\/\/www.ecb.ee\/et\/wp-json\/wp\/v2\/pages\/17990\/revisions\/24773"}],"wp:attachment":[{"href":"https:\/\/www.ecb.ee\/et\/wp-json\/wp\/v2\/media?parent=17990"}],"curies":[{"name":"wp","href":"https:\/\/api.w.org\/{rel}","templated":true}]}}