{"id":15852,"date":"2021-01-13T13:28:29","date_gmt":"2021-01-13T13:28:29","guid":{"rendered":"https:\/\/www.ecb.ee\/?page_id=15852"},"modified":"2026-01-12T10:10:50","modified_gmt":"2026-01-12T10:10:50","slug":"tartu-linn","status":"publish","type":"page","link":"https:\/\/www.ecb.ee\/et\/linnad\/tartu-linn\/","title":{"rendered":"Tartu linn"},"content":{"rendered":"<p>Tartu linna eesm\u00e4rk on v\u00e4\u00e4rtustada ja arendada Tartut kui konverentsilinna ning aidata kaasa Tartu rahvusvahelise tuntuse ja tunnustatuse saavutamisele turismisihtkohana. Konverentsiturismi arendamine Tartus kuulub SA Tartumaa Turismi tegevusvaldkondade hulka.<\/p>\n<h2><strong>Viis p\u00f5hjust, miks tuua oma konverents Tartusse<\/strong><\/h2>\n<ol>\n<li><strong style=\"font-size: 16px;\">Tartu on Eesti teaduse kodu.\u00a0 <\/strong>Tartu on teadus- ja arendustegevuste keskus, kus asub \u00fcheksa k\u00f5rgkooli, mitmed uurimiskeskused, biotehnoloogiat\u00f6\u00f6stused ja tarkvaraettev\u00f5tted. Siinsed eksperdid ja teadmistepagas on aluseks maailma muutvate ideede ja lahenduste v\u00e4lja t\u00f6\u00f6tamiseks. Tartus toimub mitmeid teaduskonverentse, kus osalevad tippteadlased \u00fcle maailma ning Tartu on koduks Baltikumi suurimale \u00e4rifestivalile <a href=\"https:\/\/www.startupday.ee\/\" target=\"_blank\" rel=\"noopener\">sTARTUp Day<\/a>.<\/li>\n<\/ol>\n<ol start=\"2\">\n<li><strong> Tartu on kultuuripealinn. <\/strong>Tartul on oluline roll eesti kultuuri ja rahvusteadvuse kujunemisel. Siinsest \u00fclikoolist v\u00f5rsus esimene rahvuslik eliit, tegevust alustasid esimesed ajalehed, kultuuriseltsid, ning rahvusteater. Siin leidis aset esimene rahvuslik \u00fcldlaulupidu. Tartus asub mitu m\u00e4luasutust ning toimub aastaringselt v\u00e4ga palju eriilmelisi kultuuris\u00fcndmusi. Aastal 2024 on Tartu koos L\u00f5una-Eestiga Euroopa kultuuripealinn. Kultuuripealinna kontseptsioon &#8220;Elluj\u00e4\u00e4mise kunstid&#8221; t\u00e4hendab nii teadmisi, oskuseid kui ka v\u00e4\u00e4rtusi, mis aitavad meil tulevikus paremini elada. Rohkem infot <a href=\"https:\/\/www.tartu2024.ee\/\" target=\"_blank\" rel=\"noopener\">www.tartu2024.ee<\/a>.<\/li>\n<\/ol>\n<ol start=\"3\">\n<li><strong> Tartu on tunnustatud roheline sihtkoht. <\/strong>Tartu eesm\u00e4rk on areneda ja saada iga p\u00e4evaga aina paremaks, seejuures j\u00e4\u00e4des truuks oma v\u00e4\u00e4rtustele: inimesed ja koost\u00f6\u00f6, roheline elukeskkond, kompaktsus, turvalisus. K\u00f5ik need arvukad targad ja keskkonnas\u00f5bralikud lahendused, mis viimastel aastatel on Tartus l\u00e4bi viidud, panustavad nii kohalike kui k\u00fclaliste heaolusse. Tartul on targad eeldused: inimesi ja nende arvamust v\u00e4\u00e4rtustatakse ning eelistatakse kestlikke lahendusi. Kestlike s\u00fcndmuste korraldamiseks on v\u00e4lja t\u00f6\u00f6tatud <a href=\"https:\/\/www.tartu.ee\/sites\/default\/files\/uploads\/Kultuur%20ja%20vaba%20aeg\/Kultuur\/Tartu2024_KeskkonnahoidlikeS%C3%BCndmusteKorraldamiseJuhend.pdf\">keskkonnahoidlike s\u00fcndmuste juhend<\/a>, mis on Tartu linnaruumis toimuvatele avalikele s\u00fcndmustele ja <strong>toetuste saajatele<\/strong> kohustuslik j\u00e4rgida ning teistele s\u00fcndmuskorraldajatele hea teejuht. Sel aastal hinnati Tartut roheliste sihtkohtade plaatina taseme tunnustusega.<\/li>\n<\/ol>\n<ol start=\"4\">\n<li><strong> Tartus on palju erilisi s\u00fcndmuspaiku. <\/strong>Tartu on ideaalne paik meeldej\u00e4\u00e4va konverentsi korraldamiseks. Rohelises linnakeskkonnas on mitmeid hubaseid kohvikuid ja lokaale, kus saab nautida h\u00e4id maitseid ja v\u00f5rgustuda nii kohalike kui k\u00fclalistega. K\u00f5ik vajalikud paigad on k\u00e4e-jala ulatuses, mis muudab liikumise konverentsil osalejatel nii rattaga, jala v\u00f5i hoopis \u00fchistranspordiga mugavaks ja kiireks. Tartus on rohkelt mitmeid eriilmelisi s\u00fcndmuspaiku, mis sobivad mitmek\u00fclgsete \u00fcrituste korraldamiseks. Leia inspiratsiooni veebilehelt: <a href=\"https:\/\/visittartu.com\/et\/conference-venues\" target=\"_blank\" rel=\"noopener\">visittartu.com<\/a>. <strong>\u00a0<\/strong><strong>\u00a0<\/strong><\/li>\n<\/ol>\n<ol start=\"5\">\n<li><strong> Tartu pakub n\u00f5u ja tuge konverentsi korraldamisel. <\/strong>Tartu linn pakub k\u00f5igile Tartus konverentsi korraldada soovijatele tasuta konsultatsiooni v\u00f5imalust, tuge Tartu linna konverentsitoetuste taotlemisel ning valdkondlikku infovahetust. Lisaks on v\u00f5imalik taotleda Tartu konverentsitoetust ning osaleda saadikuklubi tegevustes.<\/li>\n<\/ol>\n<h3><strong>Abi konverentsi korraldamisel Tartus:<\/strong><\/h3>\n<ul>\n<li><strong>Sihtkohta tutvustavate taotlusdokumentide<\/strong> <strong>ettevalmistamise<\/strong> n\u00f5ustamine (n\u00f6 \u201cbid dokumendid\u201d) ning abi <strong>rahvusvahelise assotsiatsiooni tutvumisreisi korraldamisel<\/strong><\/li>\n<li><strong>N\u00f5ustamine s\u00fcndmuste planeerimisel<\/strong>: konverentsiruumide, majutuskohtade, korraldusfirmade, toitlustusteenuse pakkujate info<\/li>\n<li><strong>Konverentside<\/strong> <strong><em>pre<\/em>\u2013 ja <em>post<\/em>-tuuride <\/strong>ning <strong>vaba-ajaprogrammide<\/strong> info<\/li>\n<li><strong>Tartut kui sihtkohta tutvustavad materjalid<\/strong> (meedia v\u00f5i tr\u00fckimaterjalid)<\/li>\n<li><strong>Visit Tartu veebileht koondab v\u00f5imalikult palju infot, mis aitab konverentsikorraldaja t\u00f6\u00f6d lihtsustada.<\/strong> Leitavad on enamik <a href=\"https:\/\/visittartu.com\/et\/conference-venues\" target=\"_blank\" rel=\"noopener\">Tartus ja linna \u00fcmbruses asuvad seminariruumid<\/a>, <em>catering\u2019<\/em>i pakkujate kontaktid, transpordiga tegelevad ettev\u00f5tjad, konverentsikorraldusfirmad jne. Lisaks leiab ideid vaba-aja programmideks ning saab tutvuda erinevate Tartu linna tutvustavate materjalidega. <a href=\"https:\/\/visittartu.com\/et\/konverentsikalender\" target=\"_blank\" rel=\"noopener\">Konverentsikalender<\/a> annab \u00fclevaate, mis ja kus toimumas on. See aitab v\u00e4ltida olukorda, et \u00fcheaegselt on linnas mitu suurt konverentsi\u00fcritust, mis v\u00f5iksid \u00fcksteisele korralduslikes k\u00fcsimustes konkurentsi pakkuda.<\/li>\n<\/ul>\n<h3><strong>Tartu Konverentsisaadiku klubi<\/strong><\/h3>\n<p>Konverentsisaadiku klubi \u00fchendab aktiivseid teadlasi ja spetsialiste, kes on huvitatud oma valdkonna konverentside ja \u00fcrituste korraldamisest Eestis. Konverentsiklubi \u00fcrituste raames <strong>tutvustatakse uusi konverentsikohti<\/strong> ja <strong>p\u00f5nevaid vaba aja programme<\/strong>, kutsutakse k\u00fclla eriala eksperte ning jagatakse <strong>praktilisi konverentsi korraldamise kogemusi<\/strong>. Osalejatel on v\u00f5imalus saada uusi teadmisi, h\u00e4id n\u00f5uandeid ja jagada vastastikuseid kogemusi.<br \/>\nLiitu saadikuklubiga <a href=\"https:\/\/www.ecb.ee\/et\/saadikuklubi\/liitu-saadikuklubiga\/\" target=\"_blank\" rel=\"noopener\">siin<\/a>.<\/p>\n<h3><strong>Lisainfo<\/strong><\/h3>\n<p>Rohkem infot Tartu konverentsi- ja \u00fcritustev\u00f5imaluste kohta saab <a href=\"https:\/\/www.visittartu.com\/et\" target=\"_blank\" rel=\"noopener\">Visit Tartu veebilehelt.<\/a> Julgustame v\u00f5tma otse \u00fchendust, et saaksime arutada v\u00f5imalusi, kuidas korraldada \u00fcks meeldej\u00e4\u00e4v konverents Tartus.<\/p>\n<p>&nbsp;<\/p>\n<p>&nbsp;<\/p>\n","protected":false},"excerpt":{"rendered":"<p>Tartu linna eesm\u00e4rk on v\u00e4\u00e4rtustada ja arendada Tartut kui konverentsilinna ning aidata kaasa Tartu rahvusvahelise tuntuse ja tunnustatuse saavutamisele turismisihtkohana. Konverentsiturismi arendamine Tartus kuulub SA Tartumaa Turismi tegevusvaldkondade hulka. Viis p\u00f5hjust, miks tuua oma konverents Tartusse Tartu on Eesti teaduse kodu.\u00a0 Tartu on teadus- ja arendustegevuste keskus, kus asub \u00fcheksa k\u00f5rgkooli, mitmed uurimiskeskused, biotehnoloogiat\u00f6\u00f6stused ja [&hellip;]<\/p>\n","protected":false},"author":13,"featured_media":27551,"parent":15836,"menu_order":151,"comment_status":"closed","ping_status":"closed","template":"templates\/tpl-destination.php","meta":{"_acf_changed":false,"footnotes":""},"class_list":["post-15852","page","type-page","status-publish","has-post-thumbnail","hentry"],"acf":[],"yoast_head":"<!-- This site is optimized with the Yoast SEO plugin v27.5 - https:\/\/yoast.com\/product\/yoast-seo-wordpress\/ -->\n<title>Tartu linn - Estonian Convention Bureau<\/title>\n<meta name=\"robots\" content=\"index, follow, max-snippet:-1, max-image-preview:large, max-video-preview:-1\" \/>\n<link rel=\"canonical\" href=\"https:\/\/www.ecb.ee\/et\/linnad\/tartu-linn\/\" \/>\n<meta property=\"og:locale\" content=\"et_EE\" \/>\n<meta property=\"og:type\" content=\"article\" \/>\n<meta property=\"og:title\" content=\"Tartu linn - Estonian Convention Bureau\" \/>\n<meta property=\"og:description\" content=\"Tartu linna eesm\u00e4rk on v\u00e4\u00e4rtustada ja arendada Tartut kui konverentsilinna ning aidata kaasa Tartu rahvusvahelise tuntuse ja tunnustatuse saavutamisele turismisihtkohana. Konverentsiturismi arendamine Tartus kuulub SA Tartumaa Turismi tegevusvaldkondade hulka. Viis p\u00f5hjust, miks tuua oma konverents Tartusse Tartu on Eesti teaduse kodu.\u00a0 Tartu on teadus- ja arendustegevuste keskus, kus asub \u00fcheksa k\u00f5rgkooli, mitmed uurimiskeskused, biotehnoloogiat\u00f6\u00f6stused ja [&hellip;]\" \/>\n<meta property=\"og:url\" content=\"https:\/\/www.ecb.ee\/et\/linnad\/tartu-linn\/\" \/>\n<meta property=\"og:site_name\" content=\"Estonian Convention Bureau\" \/>\n<meta property=\"article:modified_time\" content=\"2026-01-12T10:10:50+00:00\" \/>\n<meta property=\"og:image\" content=\"https:\/\/www.ecb.ee\/wp-content\/uploads\/2015\/09\/Visit-Tartu-logo-color_RGB-e1669017519439.png\" \/>\n\t<meta property=\"og:image:width\" content=\"1454\" \/>\n\t<meta property=\"og:image:height\" content=\"420\" \/>\n\t<meta property=\"og:image:type\" content=\"image\/png\" \/>\n<meta name=\"twitter:card\" content=\"summary_large_image\" \/>\n<meta name=\"twitter:label1\" content=\"Est. reading time\" \/>\n\t<meta name=\"twitter:data1\" content=\"4 minutit\" \/>\n<script type=\"application\/ld+json\" class=\"yoast-schema-graph\">{\"@context\":\"https:\\\/\\\/schema.org\",\"@graph\":[{\"@type\":\"WebPage\",\"@id\":\"https:\\\/\\\/www.ecb.ee\\\/et\\\/linnad\\\/tartu-linn\\\/\",\"url\":\"https:\\\/\\\/www.ecb.ee\\\/et\\\/linnad\\\/tartu-linn\\\/\",\"name\":\"Tartu linn - Estonian Convention Bureau\",\"isPartOf\":{\"@id\":\"https:\\\/\\\/www.ecb.ee\\\/#website\"},\"primaryImageOfPage\":{\"@id\":\"https:\\\/\\\/www.ecb.ee\\\/et\\\/linnad\\\/tartu-linn\\\/#primaryimage\"},\"image\":{\"@id\":\"https:\\\/\\\/www.ecb.ee\\\/et\\\/linnad\\\/tartu-linn\\\/#primaryimage\"},\"thumbnailUrl\":\"https:\\\/\\\/www.ecb.ee\\\/wp-content\\\/uploads\\\/2015\\\/09\\\/Visit-Tartu-logo-color_RGB-e1669017519439.png\",\"datePublished\":\"2021-01-13T13:28:29+00:00\",\"dateModified\":\"2026-01-12T10:10:50+00:00\",\"breadcrumb\":{\"@id\":\"https:\\\/\\\/www.ecb.ee\\\/et\\\/linnad\\\/tartu-linn\\\/#breadcrumb\"},\"inLanguage\":\"et\",\"potentialAction\":[{\"@type\":\"ReadAction\",\"target\":[\"https:\\\/\\\/www.ecb.ee\\\/et\\\/linnad\\\/tartu-linn\\\/\"]}]},{\"@type\":\"ImageObject\",\"inLanguage\":\"et\",\"@id\":\"https:\\\/\\\/www.ecb.ee\\\/et\\\/linnad\\\/tartu-linn\\\/#primaryimage\",\"url\":\"https:\\\/\\\/www.ecb.ee\\\/wp-content\\\/uploads\\\/2015\\\/09\\\/Visit-Tartu-logo-color_RGB-e1669017519439.png\",\"contentUrl\":\"https:\\\/\\\/www.ecb.ee\\\/wp-content\\\/uploads\\\/2015\\\/09\\\/Visit-Tartu-logo-color_RGB-e1669017519439.png\",\"width\":1454,\"height\":420},{\"@type\":\"BreadcrumbList\",\"@id\":\"https:\\\/\\\/www.ecb.ee\\\/et\\\/linnad\\\/tartu-linn\\\/#breadcrumb\",\"itemListElement\":[{\"@type\":\"ListItem\",\"position\":1,\"name\":\"Home\",\"item\":\"https:\\\/\\\/www.ecb.ee\\\/et\\\/\"},{\"@type\":\"ListItem\",\"position\":2,\"name\":\"Linnad\",\"item\":\"https:\\\/\\\/www.ecb.ee\\\/et\\\/linnad\\\/\"},{\"@type\":\"ListItem\",\"position\":3,\"name\":\"Tartu linn\"}]},{\"@type\":\"WebSite\",\"@id\":\"https:\\\/\\\/www.ecb.ee\\\/#website\",\"url\":\"https:\\\/\\\/www.ecb.ee\\\/\",\"name\":\"Estonian Convention Bureau\",\"description\":\"\",\"publisher\":{\"@id\":\"https:\\\/\\\/www.ecb.ee\\\/#organization\"},\"potentialAction\":[{\"@type\":\"SearchAction\",\"target\":{\"@type\":\"EntryPoint\",\"urlTemplate\":\"https:\\\/\\\/www.ecb.ee\\\/?s={search_term_string}\"},\"query-input\":{\"@type\":\"PropertyValueSpecification\",\"valueRequired\":true,\"valueName\":\"search_term_string\"}}],\"inLanguage\":\"et\"},{\"@type\":\"Organization\",\"@id\":\"https:\\\/\\\/www.ecb.ee\\\/#organization\",\"name\":\"Estonian Convention Bureau\",\"url\":\"https:\\\/\\\/www.ecb.ee\\\/\",\"logo\":{\"@type\":\"ImageObject\",\"inLanguage\":\"et\",\"@id\":\"https:\\\/\\\/www.ecb.ee\\\/#\\\/schema\\\/logo\\\/image\\\/\",\"url\":\"https:\\\/\\\/www.ecb.ee\\\/wp-content\\\/uploads\\\/2020\\\/12\\\/site_logo.svg\",\"contentUrl\":\"https:\\\/\\\/www.ecb.ee\\\/wp-content\\\/uploads\\\/2020\\\/12\\\/site_logo.svg\",\"caption\":\"Estonian Convention Bureau\"},\"image\":{\"@id\":\"https:\\\/\\\/www.ecb.ee\\\/#\\\/schema\\\/logo\\\/image\\\/\"}}]}<\/script>\n<!-- \/ Yoast SEO plugin. -->","yoast_head_json":{"title":"Tartu linn - Estonian Convention Bureau","robots":{"index":"index","follow":"follow","max-snippet":"max-snippet:-1","max-image-preview":"max-image-preview:large","max-video-preview":"max-video-preview:-1"},"canonical":"https:\/\/www.ecb.ee\/et\/linnad\/tartu-linn\/","og_locale":"et_EE","og_type":"article","og_title":"Tartu linn - Estonian Convention Bureau","og_description":"Tartu linna eesm\u00e4rk on v\u00e4\u00e4rtustada ja arendada Tartut kui konverentsilinna ning aidata kaasa Tartu rahvusvahelise tuntuse ja tunnustatuse saavutamisele turismisihtkohana. Konverentsiturismi arendamine Tartus kuulub SA Tartumaa Turismi tegevusvaldkondade hulka. Viis p\u00f5hjust, miks tuua oma konverents Tartusse Tartu on Eesti teaduse kodu.\u00a0 Tartu on teadus- ja arendustegevuste keskus, kus asub \u00fcheksa k\u00f5rgkooli, mitmed uurimiskeskused, biotehnoloogiat\u00f6\u00f6stused ja [&hellip;]","og_url":"https:\/\/www.ecb.ee\/et\/linnad\/tartu-linn\/","og_site_name":"Estonian Convention Bureau","article_modified_time":"2026-01-12T10:10:50+00:00","og_image":[{"width":1454,"height":420,"url":"https:\/\/www.ecb.ee\/wp-content\/uploads\/2015\/09\/Visit-Tartu-logo-color_RGB-e1669017519439.png","type":"image\/png"}],"twitter_card":"summary_large_image","twitter_misc":{"Est. reading time":"4 minutit"},"schema":{"@context":"https:\/\/schema.org","@graph":[{"@type":"WebPage","@id":"https:\/\/www.ecb.ee\/et\/linnad\/tartu-linn\/","url":"https:\/\/www.ecb.ee\/et\/linnad\/tartu-linn\/","name":"Tartu linn - Estonian Convention Bureau","isPartOf":{"@id":"https:\/\/www.ecb.ee\/#website"},"primaryImageOfPage":{"@id":"https:\/\/www.ecb.ee\/et\/linnad\/tartu-linn\/#primaryimage"},"image":{"@id":"https:\/\/www.ecb.ee\/et\/linnad\/tartu-linn\/#primaryimage"},"thumbnailUrl":"https:\/\/www.ecb.ee\/wp-content\/uploads\/2015\/09\/Visit-Tartu-logo-color_RGB-e1669017519439.png","datePublished":"2021-01-13T13:28:29+00:00","dateModified":"2026-01-12T10:10:50+00:00","breadcrumb":{"@id":"https:\/\/www.ecb.ee\/et\/linnad\/tartu-linn\/#breadcrumb"},"inLanguage":"et","potentialAction":[{"@type":"ReadAction","target":["https:\/\/www.ecb.ee\/et\/linnad\/tartu-linn\/"]}]},{"@type":"ImageObject","inLanguage":"et","@id":"https:\/\/www.ecb.ee\/et\/linnad\/tartu-linn\/#primaryimage","url":"https:\/\/www.ecb.ee\/wp-content\/uploads\/2015\/09\/Visit-Tartu-logo-color_RGB-e1669017519439.png","contentUrl":"https:\/\/www.ecb.ee\/wp-content\/uploads\/2015\/09\/Visit-Tartu-logo-color_RGB-e1669017519439.png","width":1454,"height":420},{"@type":"BreadcrumbList","@id":"https:\/\/www.ecb.ee\/et\/linnad\/tartu-linn\/#breadcrumb","itemListElement":[{"@type":"ListItem","position":1,"name":"Home","item":"https:\/\/www.ecb.ee\/et\/"},{"@type":"ListItem","position":2,"name":"Linnad","item":"https:\/\/www.ecb.ee\/et\/linnad\/"},{"@type":"ListItem","position":3,"name":"Tartu linn"}]},{"@type":"WebSite","@id":"https:\/\/www.ecb.ee\/#website","url":"https:\/\/www.ecb.ee\/","name":"Estonian Convention Bureau","description":"","publisher":{"@id":"https:\/\/www.ecb.ee\/#organization"},"potentialAction":[{"@type":"SearchAction","target":{"@type":"EntryPoint","urlTemplate":"https:\/\/www.ecb.ee\/?s={search_term_string}"},"query-input":{"@type":"PropertyValueSpecification","valueRequired":true,"valueName":"search_term_string"}}],"inLanguage":"et"},{"@type":"Organization","@id":"https:\/\/www.ecb.ee\/#organization","name":"Estonian Convention Bureau","url":"https:\/\/www.ecb.ee\/","logo":{"@type":"ImageObject","inLanguage":"et","@id":"https:\/\/www.ecb.ee\/#\/schema\/logo\/image\/","url":"https:\/\/www.ecb.ee\/wp-content\/uploads\/2020\/12\/site_logo.svg","contentUrl":"https:\/\/www.ecb.ee\/wp-content\/uploads\/2020\/12\/site_logo.svg","caption":"Estonian Convention Bureau"},"image":{"@id":"https:\/\/www.ecb.ee\/#\/schema\/logo\/image\/"}}]}},"_links":{"self":[{"href":"https:\/\/www.ecb.ee\/et\/wp-json\/wp\/v2\/pages\/15852","targetHints":{"allow":["GET"]}}],"collection":[{"href":"https:\/\/www.ecb.ee\/et\/wp-json\/wp\/v2\/pages"}],"about":[{"href":"https:\/\/www.ecb.ee\/et\/wp-json\/wp\/v2\/types\/page"}],"author":[{"embeddable":true,"href":"https:\/\/www.ecb.ee\/et\/wp-json\/wp\/v2\/users\/13"}],"replies":[{"embeddable":true,"href":"https:\/\/www.ecb.ee\/et\/wp-json\/wp\/v2\/comments?post=15852"}],"version-history":[{"count":35,"href":"https:\/\/www.ecb.ee\/et\/wp-json\/wp\/v2\/pages\/15852\/revisions"}],"predecessor-version":[{"id":44069,"href":"https:\/\/www.ecb.ee\/et\/wp-json\/wp\/v2\/pages\/15852\/revisions\/44069"}],"up":[{"embeddable":true,"href":"https:\/\/www.ecb.ee\/et\/wp-json\/wp\/v2\/pages\/15836"}],"wp:featuredmedia":[{"embeddable":true,"href":"https:\/\/www.ecb.ee\/et\/wp-json\/wp\/v2\/media\/27551"}],"wp:attachment":[{"href":"https:\/\/www.ecb.ee\/et\/wp-json\/wp\/v2\/media?parent=15852"}],"curies":[{"name":"wp","href":"https:\/\/api.w.org\/{rel}","templated":true}]}}