{"id":15842,"date":"2021-01-13T13:21:32","date_gmt":"2021-01-13T13:21:32","guid":{"rendered":"https:\/\/www.ecb.ee\/?page_id=15842"},"modified":"2026-01-12T07:46:12","modified_gmt":"2026-01-12T07:46:12","slug":"tallinn","status":"publish","type":"page","link":"https:\/\/www.ecb.ee\/et\/linnad\/tallinn\/","title":{"rendered":"Tallinn"},"content":{"rendered":"<p><a href=\"https:\/\/www.visittallinn.ee\/est\/professionaal\" target=\"_blank\" rel=\"noopener\">Tallinna Konverentsib\u00fcroo<\/a> jagab tasuta professionaalset n\u00f5u konverentside ja elamuss\u00fcndmuste korraldamiseks, esindades Tallinna teenuse- ja tootepakkujaid. Tallinna Strateegiakeskuse ettev\u00f5tlusteenistuse turismiosakond on Tallinna linna ametlik turismiasutus. Tallinna Konverentsib\u00fcroo asutati aastal 2000 ning t\u00e4naseks on Tallinna Konverentsib\u00fcrool enam kui 200 partnerit. Tallinna Konverentsib\u00fcroo on European Cities Marketing liige aastast 2000 ning Eesti Konverentsib\u00fcroo asutajaliige.<\/p>\n<h3><strong>Praktilised t\u00f6\u00f6vahendid Tallinnas konverentsi planeerimiseks:\u00a0<\/strong><\/h3>\n<p>Tallinna turismiosakonna \u00e4riturismiveebile <a href=\"https:\/\/www.visittallinn.ee\/est\/professionaal\" target=\"_blank\" rel=\"noopener\">visittallinn.ee\/professionaal<\/a> on loodud rubriik <a href=\"https:\/\/www.visittallinn.ee\/est\/professionaal\/konverentsiturism\/lisaks\/praktilised-t%C3%B6%C3%B6vahendid\" target=\"_blank\" rel=\"noopener noreferrer\">\u201ePraktilised t\u00f6\u00f6vahendid\u201c<\/a>, kust \u00fcrituste korraldajad leiavad hulgaliselt kasulikke vahendeid ja lisainfot, mis on heaks abiks eduka s\u00fcndmuse korraldamisel Tallinnas. Lehel on loetletud <strong>Tallinna turismiosakonna abil saada olevad toetused<\/strong>, sealhulgas info <a href=\"https:\/\/visittallinn.ee\/est\/professionaal\/konverentsiturism\/lisaks\/praktilised-t%C3%B6%C3%B6vahendid\/tasuta-transport\" target=\"_blank\" rel=\"noopener\">tasuta \u00fchistranspordi taotlemise<\/a> ning linnapileti <em>Tallinn Card<\/em> sooduspakkumise kohta. Lisaks on lehel otselink <a href=\"https:\/\/mediabank.visittallinn.ee\/est\" target=\"_blank\" rel=\"noopener noreferrer\">Visit Tallinna meediapanka<\/a>, kust saab <strong>tasuta alla laadida erinevaid Tallinna turundusmaterjale<\/strong>, n\u00e4iteks videosid, fotosid ja tr\u00fckiseid.<\/p>\n<p>Abiks on kindlasti ka <a href=\"https:\/\/www.visittallinn.ee\/est\/professionaal\/konverentsiturism\/%C3%BCrituste-korraldamiseks\/kohtade-v%C3%B5rdlus\" target=\"_blank\" rel=\"noopener noreferrer\">konverentsikohtade v\u00f5rdlustabel<\/a>, kus saab mugavalt v\u00f5rrelda sinna koondatud Tallinna ja selle l\u00e4hi\u00fcmbruse \u00fcrituspaiku. Samuti on lehel v\u00e4lja toodud <strong>info <\/strong><a href=\"https:\/\/www.visittallinn.ee\/est\/professionaal\/praktiline-info\/hea-teada\/eeskirjad-load\" target=\"_blank\" rel=\"noopener noreferrer\">Tallinna linna eeskirjade ja lubade kohta<\/a>, mida tuleb teatud \u00fcrituste ja tegevuste puhul silmas pidada.<\/p>\n<h3><strong>Tallinna konverentsitoetus<\/strong><\/h3>\n<p><strong><span lang=\"et\" xml:lang=\"et\">Tallinna linna\u00a0<a href=\"https:\/\/www.visittallinn.ee\/est\/professionaal\/konverentsiturism\/konverentsitoetus\/%C3%BCldinfo\" target=\"_blank\" rel=\"noopener\">rahvusvahelise konverentsi toetuse<\/a>\u00a0eesm\u00e4rgiks<\/span><\/strong><span lang=\"et\" xml:lang=\"et\">\u00a0on suurendada Tallinna tuntust rahvusvaheliste konverentside toimumise sihtkohana, suurendada Tallinnas \u00f6\u00f6bivate v\u00e4lisriikidest p\u00e4rit konverentsituristide arvu ja seel\u00e4bi ka turismitulusid, ning hajutada turismi hooajalisust.<\/span><\/p>\n<h3><strong>Tallina Konverentsib\u00fcroo peamised tegevused<em>:<\/em><\/strong><\/h3>\n<ul>\n<li>Tallinna konverentsiv\u00f5imaluste tutvustamine<\/li>\n<li>Koost\u00f6\u00f6partnerite esindamine ja turundamine turundus\u00fcritustel<\/li>\n<li>n\u00f5ustamine konverentside planeerimisel: toimumiskoha valik, lisateenused jm<\/li>\n<li><a href=\"https:\/\/www.visittallinn.ee\/est\/professionaal\/tutvusta-tallinna\/abiks-turundamisel\/tutvumisreisid\" target=\"_blank\" rel=\"noopener\">tutvumisreiside korraldamine<\/a><\/li>\n<li><a href=\"https:\/\/www.visittallinn.ee\/est\/professionaal\/konverentsiturism\/%C3%BCrituste-korraldamiseks\/p%C3%A4ringuvorm\" target=\"_blank\" rel=\"noopener noreferrer\">konverentsip\u00e4ringutele vastamine<\/a><\/li>\n<li><a href=\"https:\/\/www.visittallinn.ee\/est\/professionaal\/tutvusta-tallinna\/abiks-turundamisel\/t%C3%B6%C3%B6riistakast\" target=\"_blank\" rel=\"noopener\">Tallinna tutvustavate turundusmaterjalide<\/a>\u00a0(tr\u00fckised, fotod, videod jm) tasuta jagamine<\/li>\n<li><a href=\"https:\/\/visittallinn.ee\/est\/professionaal\/konverentsiturism\/lisaks\/praktilised-t\u00f6\u00f6vahendid\/tasuta-transport\" target=\"_blank\" rel=\"noopener noreferrer\">tasuta \u00fchistranspordi taotluste koostamine konverentsidele<\/a><\/li>\n<li><a href=\"https:\/\/www.visittallinn.ee\/est\/professionaal\/uudised\" target=\"_blank\" rel=\"noopener\">konverentsiturismi uudiste<\/a>\u00a0ja\u00a0<a href=\"https:\/\/www.visittallinn.ee\/est\/k%C3%BClastaja\/loe-soovitusi\/k%C3%B5ik-artiklid-soovitused?object_category_id=3\" target=\"_blank\" rel=\"noopener\">artiklite<\/a>\u00a0loome\u00a0ning jagamine nii pressis kui sotsiaalmeedias<\/li>\n<li><a href=\"https:\/\/www.visittallinn.ee\/est\/professionaal\/konverentsiturism\/lisaks\/saadikuprogramm\" target=\"_blank\" rel=\"noopener\">Tallinna konverentsisaadikute programm<\/a><\/li>\n<li>Tallinna konverentsistatistika kogumine<\/li>\n<\/ul>\n<p>&nbsp;<\/p>\n<h3><strong>Miks korraldada konverents Tallinnas ?<\/strong><\/h3>\n<p>Tallinna esmamainimine ulatub aastasse 1154. Tallinna suurim vaatamisv\u00e4\u00e4rsus on kogu P\u00f5hja-Euroopa k\u00f5ige paremini s\u00e4ilinud\u00a0<a href=\"https:\/\/www.visittallinn.ee\/est\/k%C3%BClastaja\/mida-teha\/piirkonnad\/vanalinn\" target=\"_blank\" rel=\"noopener noreferrer\">vanalinn<\/a>, mis v\u00f5eti UNESCO maailmap\u00e4randi nimekirja 1997. aastal.<\/p>\n<ul>\n<li><a href=\"https:\/\/visittallinn.ee\/est\/k\u00fclastaja\" target=\"_blank\" rel=\"noopener noreferrer\">Tallinn<\/a>\u00a0on d\u00fcnaamiliselt arenev kompaktne linn. Hinnatud konverentsikohad ja head\u00a0<a href=\"https:\/\/www.visittallinn.ee\/est\/professionaal\/konverentsiturism\/%C3%BCrituste-korraldamiseks\/konverentsikohad?object_category_id=113\" target=\"_blank\" rel=\"noopener noreferrer\">hotellid<\/a>\u00a0asuvad l\u00e4hestikku, vanalinnast vaid jalutusk\u00e4igu kaugusel.<\/li>\n<li>Tallinnas on suur valik\u00a0<a href=\"https:\/\/www.visittallinn.ee\/est\/professionaal\/konverentsiturism\/%C3%BCrituste-korraldamiseks\/konverentsikohad?object_category_id=119\" target=\"_blank\" rel=\"noopener noreferrer\">eriilmelisi konverentsikohti<\/a>\u00a0nii klassikalise konverentsilahenduse hindajatele, kui ka neile, kes soovivad oma k\u00fclalisi erilisusega \u00fcllatada.<\/li>\n<li><a href=\"https:\/\/www.visittallinn.ee\/est\/professionaal\/konverentsiturism\/\u00fcrituste-korraldamiseks\/tugiteenused\" target=\"_blank\" rel=\"noopener noreferrer\">Tallinna korraldusfirmad<\/a>\u00a0on hinnatud oma professionaalse ja paindliku teenuse poolest.<\/li>\n<li>Tallinnas on kasutusel kaasaegsed IT-lahendused, tasuta wifi ja \u00fchenduse saadavus ja kvaliteet on k\u00fclaliste seas k\u00f5rgelt hinnatud.<\/li>\n<li><a href=\"http:\/\/www.tallinn-airport.ee\/\" target=\"_blank\" rel=\"noopener noreferrer\">Tallinna Lennujaam<\/a>\u00a0on moodne ja k\u00fclastajas\u00f5bralik ning asub kesklinnast vaid nelja kilomeetri kaugusel.<\/li>\n<\/ul>\n<p><a href=\"https:\/\/www.visittallinn.ee\/est\/professionaal\" target=\"_blank\" rel=\"noopener noreferrer\"><em>Rohkem infot siit.<\/em><\/a><\/p>\n<p>&nbsp;<\/p>\n","protected":false},"excerpt":{"rendered":"<p>Tallinna Konverentsib\u00fcroo jagab tasuta professionaalset n\u00f5u konverentside ja elamuss\u00fcndmuste korraldamiseks, esindades Tallinna teenuse- ja tootepakkujaid. Tallinna Strateegiakeskuse ettev\u00f5tlusteenistuse turismiosakond on Tallinna linna ametlik turismiasutus. Tallinna Konverentsib\u00fcroo asutati aastal 2000 ning t\u00e4naseks on Tallinna Konverentsib\u00fcrool enam kui 200 partnerit. Tallinna Konverentsib\u00fcroo on European Cities Marketing liige aastast 2000 ning Eesti Konverentsib\u00fcroo asutajaliige. Praktilised t\u00f6\u00f6vahendid Tallinnas konverentsi [&hellip;]<\/p>\n","protected":false},"author":13,"featured_media":30643,"parent":15836,"menu_order":149,"comment_status":"closed","ping_status":"closed","template":"templates\/tpl-destination.php","meta":{"_acf_changed":false,"footnotes":""},"class_list":["post-15842","page","type-page","status-publish","has-post-thumbnail","hentry"],"acf":[],"yoast_head":"<!-- This site is optimized with the Yoast SEO plugin v27.5 - https:\/\/yoast.com\/product\/yoast-seo-wordpress\/ -->\n<title>Tallinn - Estonian Convention Bureau<\/title>\n<meta name=\"robots\" content=\"index, follow, max-snippet:-1, max-image-preview:large, max-video-preview:-1\" \/>\n<link rel=\"canonical\" href=\"https:\/\/www.ecb.ee\/et\/linnad\/tallinn\/\" \/>\n<meta property=\"og:locale\" content=\"et_EE\" \/>\n<meta property=\"og:type\" content=\"article\" \/>\n<meta property=\"og:title\" content=\"Tallinn - Estonian Convention Bureau\" \/>\n<meta property=\"og:description\" content=\"Tallinna Konverentsib\u00fcroo jagab tasuta professionaalset n\u00f5u konverentside ja elamuss\u00fcndmuste korraldamiseks, esindades Tallinna teenuse- ja tootepakkujaid. Tallinna Strateegiakeskuse ettev\u00f5tlusteenistuse turismiosakond on Tallinna linna ametlik turismiasutus. Tallinna Konverentsib\u00fcroo asutati aastal 2000 ning t\u00e4naseks on Tallinna Konverentsib\u00fcrool enam kui 200 partnerit. Tallinna Konverentsib\u00fcroo on European Cities Marketing liige aastast 2000 ning Eesti Konverentsib\u00fcroo asutajaliige. Praktilised t\u00f6\u00f6vahendid Tallinnas konverentsi [&hellip;]\" \/>\n<meta property=\"og:url\" content=\"https:\/\/www.ecb.ee\/et\/linnad\/tallinn\/\" \/>\n<meta property=\"og:site_name\" content=\"Estonian Convention Bureau\" \/>\n<meta property=\"article:modified_time\" content=\"2026-01-12T07:46:12+00:00\" \/>\n<meta property=\"og:image\" content=\"https:\/\/www.ecb.ee\/wp-content\/uploads\/2023\/09\/tallinn.png\" \/>\n\t<meta property=\"og:image:width\" content=\"540\" \/>\n\t<meta property=\"og:image:height\" content=\"340\" \/>\n\t<meta property=\"og:image:type\" content=\"image\/png\" \/>\n<meta name=\"twitter:card\" content=\"summary_large_image\" \/>\n<meta name=\"twitter:label1\" content=\"Est. reading time\" \/>\n\t<meta name=\"twitter:data1\" content=\"3 minutit\" \/>\n<script type=\"application\/ld+json\" class=\"yoast-schema-graph\">{\"@context\":\"https:\\\/\\\/schema.org\",\"@graph\":[{\"@type\":\"WebPage\",\"@id\":\"https:\\\/\\\/www.ecb.ee\\\/et\\\/linnad\\\/tallinn\\\/\",\"url\":\"https:\\\/\\\/www.ecb.ee\\\/et\\\/linnad\\\/tallinn\\\/\",\"name\":\"Tallinn - Estonian Convention Bureau\",\"isPartOf\":{\"@id\":\"https:\\\/\\\/www.ecb.ee\\\/#website\"},\"primaryImageOfPage\":{\"@id\":\"https:\\\/\\\/www.ecb.ee\\\/et\\\/linnad\\\/tallinn\\\/#primaryimage\"},\"image\":{\"@id\":\"https:\\\/\\\/www.ecb.ee\\\/et\\\/linnad\\\/tallinn\\\/#primaryimage\"},\"thumbnailUrl\":\"https:\\\/\\\/www.ecb.ee\\\/wp-content\\\/uploads\\\/2023\\\/09\\\/tallinn.png\",\"datePublished\":\"2021-01-13T13:21:32+00:00\",\"dateModified\":\"2026-01-12T07:46:12+00:00\",\"breadcrumb\":{\"@id\":\"https:\\\/\\\/www.ecb.ee\\\/et\\\/linnad\\\/tallinn\\\/#breadcrumb\"},\"inLanguage\":\"et\",\"potentialAction\":[{\"@type\":\"ReadAction\",\"target\":[\"https:\\\/\\\/www.ecb.ee\\\/et\\\/linnad\\\/tallinn\\\/\"]}]},{\"@type\":\"ImageObject\",\"inLanguage\":\"et\",\"@id\":\"https:\\\/\\\/www.ecb.ee\\\/et\\\/linnad\\\/tallinn\\\/#primaryimage\",\"url\":\"https:\\\/\\\/www.ecb.ee\\\/wp-content\\\/uploads\\\/2023\\\/09\\\/tallinn.png\",\"contentUrl\":\"https:\\\/\\\/www.ecb.ee\\\/wp-content\\\/uploads\\\/2023\\\/09\\\/tallinn.png\",\"width\":540,\"height\":340},{\"@type\":\"BreadcrumbList\",\"@id\":\"https:\\\/\\\/www.ecb.ee\\\/et\\\/linnad\\\/tallinn\\\/#breadcrumb\",\"itemListElement\":[{\"@type\":\"ListItem\",\"position\":1,\"name\":\"Home\",\"item\":\"https:\\\/\\\/www.ecb.ee\\\/et\\\/\"},{\"@type\":\"ListItem\",\"position\":2,\"name\":\"Linnad\",\"item\":\"https:\\\/\\\/www.ecb.ee\\\/et\\\/linnad\\\/\"},{\"@type\":\"ListItem\",\"position\":3,\"name\":\"Tallinn\"}]},{\"@type\":\"WebSite\",\"@id\":\"https:\\\/\\\/www.ecb.ee\\\/#website\",\"url\":\"https:\\\/\\\/www.ecb.ee\\\/\",\"name\":\"Estonian Convention Bureau\",\"description\":\"\",\"publisher\":{\"@id\":\"https:\\\/\\\/www.ecb.ee\\\/#organization\"},\"potentialAction\":[{\"@type\":\"SearchAction\",\"target\":{\"@type\":\"EntryPoint\",\"urlTemplate\":\"https:\\\/\\\/www.ecb.ee\\\/?s={search_term_string}\"},\"query-input\":{\"@type\":\"PropertyValueSpecification\",\"valueRequired\":true,\"valueName\":\"search_term_string\"}}],\"inLanguage\":\"et\"},{\"@type\":\"Organization\",\"@id\":\"https:\\\/\\\/www.ecb.ee\\\/#organization\",\"name\":\"Estonian Convention Bureau\",\"url\":\"https:\\\/\\\/www.ecb.ee\\\/\",\"logo\":{\"@type\":\"ImageObject\",\"inLanguage\":\"et\",\"@id\":\"https:\\\/\\\/www.ecb.ee\\\/#\\\/schema\\\/logo\\\/image\\\/\",\"url\":\"https:\\\/\\\/www.ecb.ee\\\/wp-content\\\/uploads\\\/2020\\\/12\\\/site_logo.svg\",\"contentUrl\":\"https:\\\/\\\/www.ecb.ee\\\/wp-content\\\/uploads\\\/2020\\\/12\\\/site_logo.svg\",\"caption\":\"Estonian Convention Bureau\"},\"image\":{\"@id\":\"https:\\\/\\\/www.ecb.ee\\\/#\\\/schema\\\/logo\\\/image\\\/\"}}]}<\/script>\n<!-- \/ Yoast SEO plugin. -->","yoast_head_json":{"title":"Tallinn - Estonian Convention Bureau","robots":{"index":"index","follow":"follow","max-snippet":"max-snippet:-1","max-image-preview":"max-image-preview:large","max-video-preview":"max-video-preview:-1"},"canonical":"https:\/\/www.ecb.ee\/et\/linnad\/tallinn\/","og_locale":"et_EE","og_type":"article","og_title":"Tallinn - Estonian Convention Bureau","og_description":"Tallinna Konverentsib\u00fcroo jagab tasuta professionaalset n\u00f5u konverentside ja elamuss\u00fcndmuste korraldamiseks, esindades Tallinna teenuse- ja tootepakkujaid. Tallinna Strateegiakeskuse ettev\u00f5tlusteenistuse turismiosakond on Tallinna linna ametlik turismiasutus. Tallinna Konverentsib\u00fcroo asutati aastal 2000 ning t\u00e4naseks on Tallinna Konverentsib\u00fcrool enam kui 200 partnerit. Tallinna Konverentsib\u00fcroo on European Cities Marketing liige aastast 2000 ning Eesti Konverentsib\u00fcroo asutajaliige. Praktilised t\u00f6\u00f6vahendid Tallinnas konverentsi [&hellip;]","og_url":"https:\/\/www.ecb.ee\/et\/linnad\/tallinn\/","og_site_name":"Estonian Convention Bureau","article_modified_time":"2026-01-12T07:46:12+00:00","og_image":[{"width":540,"height":340,"url":"https:\/\/www.ecb.ee\/wp-content\/uploads\/2023\/09\/tallinn.png","type":"image\/png"}],"twitter_card":"summary_large_image","twitter_misc":{"Est. reading time":"3 minutit"},"schema":{"@context":"https:\/\/schema.org","@graph":[{"@type":"WebPage","@id":"https:\/\/www.ecb.ee\/et\/linnad\/tallinn\/","url":"https:\/\/www.ecb.ee\/et\/linnad\/tallinn\/","name":"Tallinn - Estonian Convention Bureau","isPartOf":{"@id":"https:\/\/www.ecb.ee\/#website"},"primaryImageOfPage":{"@id":"https:\/\/www.ecb.ee\/et\/linnad\/tallinn\/#primaryimage"},"image":{"@id":"https:\/\/www.ecb.ee\/et\/linnad\/tallinn\/#primaryimage"},"thumbnailUrl":"https:\/\/www.ecb.ee\/wp-content\/uploads\/2023\/09\/tallinn.png","datePublished":"2021-01-13T13:21:32+00:00","dateModified":"2026-01-12T07:46:12+00:00","breadcrumb":{"@id":"https:\/\/www.ecb.ee\/et\/linnad\/tallinn\/#breadcrumb"},"inLanguage":"et","potentialAction":[{"@type":"ReadAction","target":["https:\/\/www.ecb.ee\/et\/linnad\/tallinn\/"]}]},{"@type":"ImageObject","inLanguage":"et","@id":"https:\/\/www.ecb.ee\/et\/linnad\/tallinn\/#primaryimage","url":"https:\/\/www.ecb.ee\/wp-content\/uploads\/2023\/09\/tallinn.png","contentUrl":"https:\/\/www.ecb.ee\/wp-content\/uploads\/2023\/09\/tallinn.png","width":540,"height":340},{"@type":"BreadcrumbList","@id":"https:\/\/www.ecb.ee\/et\/linnad\/tallinn\/#breadcrumb","itemListElement":[{"@type":"ListItem","position":1,"name":"Home","item":"https:\/\/www.ecb.ee\/et\/"},{"@type":"ListItem","position":2,"name":"Linnad","item":"https:\/\/www.ecb.ee\/et\/linnad\/"},{"@type":"ListItem","position":3,"name":"Tallinn"}]},{"@type":"WebSite","@id":"https:\/\/www.ecb.ee\/#website","url":"https:\/\/www.ecb.ee\/","name":"Estonian Convention Bureau","description":"","publisher":{"@id":"https:\/\/www.ecb.ee\/#organization"},"potentialAction":[{"@type":"SearchAction","target":{"@type":"EntryPoint","urlTemplate":"https:\/\/www.ecb.ee\/?s={search_term_string}"},"query-input":{"@type":"PropertyValueSpecification","valueRequired":true,"valueName":"search_term_string"}}],"inLanguage":"et"},{"@type":"Organization","@id":"https:\/\/www.ecb.ee\/#organization","name":"Estonian Convention Bureau","url":"https:\/\/www.ecb.ee\/","logo":{"@type":"ImageObject","inLanguage":"et","@id":"https:\/\/www.ecb.ee\/#\/schema\/logo\/image\/","url":"https:\/\/www.ecb.ee\/wp-content\/uploads\/2020\/12\/site_logo.svg","contentUrl":"https:\/\/www.ecb.ee\/wp-content\/uploads\/2020\/12\/site_logo.svg","caption":"Estonian Convention Bureau"},"image":{"@id":"https:\/\/www.ecb.ee\/#\/schema\/logo\/image\/"}}]}},"_links":{"self":[{"href":"https:\/\/www.ecb.ee\/et\/wp-json\/wp\/v2\/pages\/15842","targetHints":{"allow":["GET"]}}],"collection":[{"href":"https:\/\/www.ecb.ee\/et\/wp-json\/wp\/v2\/pages"}],"about":[{"href":"https:\/\/www.ecb.ee\/et\/wp-json\/wp\/v2\/types\/page"}],"author":[{"embeddable":true,"href":"https:\/\/www.ecb.ee\/et\/wp-json\/wp\/v2\/users\/13"}],"replies":[{"embeddable":true,"href":"https:\/\/www.ecb.ee\/et\/wp-json\/wp\/v2\/comments?post=15842"}],"version-history":[{"count":27,"href":"https:\/\/www.ecb.ee\/et\/wp-json\/wp\/v2\/pages\/15842\/revisions"}],"predecessor-version":[{"id":44062,"href":"https:\/\/www.ecb.ee\/et\/wp-json\/wp\/v2\/pages\/15842\/revisions\/44062"}],"up":[{"embeddable":true,"href":"https:\/\/www.ecb.ee\/et\/wp-json\/wp\/v2\/pages\/15836"}],"wp:featuredmedia":[{"embeddable":true,"href":"https:\/\/www.ecb.ee\/et\/wp-json\/wp\/v2\/media\/30643"}],"wp:attachment":[{"href":"https:\/\/www.ecb.ee\/et\/wp-json\/wp\/v2\/media?parent=15842"}],"curies":[{"name":"wp","href":"https:\/\/api.w.org\/{rel}","templated":true}]}}