{"id":15720,"date":"2021-01-11T13:22:32","date_gmt":"2021-01-11T13:22:32","guid":{"rendered":"https:\/\/www.ecb.ee\/?page_id=15720"},"modified":"2024-09-13T07:08:52","modified_gmt":"2024-09-13T07:08:52","slug":"konverentsi-korraldamise-abimaterjalid","status":"publish","type":"page","link":"https:\/\/www.ecb.ee\/et\/korraldajale\/konverentsi-korraldamise-abimaterjalid\/","title":{"rendered":"Konverentsi korraldamise abimaterjalid"},"content":{"rendered":"<div class=\"wrapper\">\n<div class=\"main-content__helper\">\n<h2><strong>Konverentsi korraldamise abimaterjalid<\/strong><\/h2>\n<article class=\"main-content\">\n<div class=\"container\">\n<div class=\"row\">\n<div class=\"col-12\">\n<div class=\"main-content__section position-relative px-3\">\n<ul>\n<li><a href=\"https:\/\/tartu.ee\/et\/rohejuhend#Keskkonnahoidlike-s%C3%BCndmuste-korraldamise-juhend\" target=\"_blank\" rel=\"noopener\">Keskkonnahoidlike s\u00fcndmuste korraldamise juhend Tartu linnalt<\/a><\/li>\n<li><a href=\"https:\/\/www.ecb.ee\/et\/blog-et\/konverentsikorraldus\/kes-aitab-korraldada-virtuaaluritust\/\" target=\"_blank\" rel=\"noopener noreferrer\">Kes aitab korraldada virtuaal\u00fcritust?<\/a><\/li>\n<li><a href=\"https:\/\/www.ecb.ee\/et\/uudised\/tasuta-uhistransport-konverentsideks-tallinnas\/\" target=\"_blank\" rel=\"noopener noreferrer\">Tasuta \u00fchistransport konverentsideks Tallinnas<\/a><\/li>\n<li><a href=\"https:\/\/www.ecb.ee\/et\/blog-et\/kuidas-planeerida-konverentsi-eelarvet\/\" target=\"_blank\" rel=\"noopener noreferrer\">Kuidas planeerida konverentsi eelarvet?<\/a><\/li>\n<li><a href=\"https:\/\/www.ecb.ee\/et\/blog-et\/konverentside-korraldamine-milliseid-teenuseid-pakuvad-konverentsikorraldusfirmad\/\" target=\"_blank\" rel=\"noopener noreferrer\">Milliseid teenuseid pakuvad konverentsikorraldusfirmad?\u00a0<\/a><\/li>\n<li><a href=\"https:\/\/www.ecb.ee\/et\/blog-et\/konverentsikorraldus\/kuidas-edukalt-turundada-uritust\/\" target=\"_blank\" rel=\"noopener noreferrer\">Kuidas edukalt turundada \u00fcritust?<\/a><\/li>\n<li><a href=\"https:\/\/www.ecb.ee\/et\/blog-et\/konverentsi-planeerimise-kontrollnimekiri-ehk-checklist\/\" target=\"_blank\" rel=\"noopener noreferrer\">Konverentsi planeerimise kontrollnimekiri<\/a><\/li>\n<li><a href=\"https:\/\/www.ecb.ee\/et\/blog-et\/konverentsi-ruumipaigutuse-peamised-paigutusstiilid-ja-mida-tahele-panna-valikut-tehes\/\" target=\"_blank\" rel=\"noopener noreferrer\">Konverentsiruumide paigutusstiilid<\/a><\/li>\n<li><a href=\"https:\/\/www.ecb.ee\/et\/blog-et\/keskkonnasaastlikud-konverentsilahendused\/\" target=\"_blank\" rel=\"noopener noreferrer\">Keskkonnas\u00e4\u00e4stlikud konverentsilahendused<\/a><\/li>\n<li><a href=\"https:\/\/www.ecb.ee\/et\/blog-et\/erilised-ja-praktilised-eesti-kingitused-konverentsi-esinejatele-ja-osalejatele\/\" target=\"_blank\" rel=\"noopener noreferrer\">Erilised ja praktilised Eesti kingitused konverentsi osalejatele<\/a><\/li>\n<li><a href=\"https:\/\/www.ecb.ee\/et\/blog-et\/parimad-keskkonnasobralikud-konverentsilahendused-jci-maailmakongressi-naitel\/\" target=\"_blank\" rel=\"noopener noreferrer\">Parimad keskkonnas\u00f5bralikud konveerntsilahendused JCI Maailmakongressi n\u00e4itel<\/a><\/li>\n<\/ul>\n<\/div>\n<\/div>\n<\/div>\n<\/div>\n<\/article>\n<\/div>\n<\/div>\n","protected":false},"excerpt":{"rendered":"<p>Konverentsi korraldamise abimaterjalid Keskkonnahoidlike s\u00fcndmuste korraldamise juhend Tartu linnalt Kes aitab korraldada virtuaal\u00fcritust? Tasuta \u00fchistransport konverentsideks Tallinnas Kuidas planeerida konverentsi eelarvet? Milliseid teenuseid pakuvad konverentsikorraldusfirmad?\u00a0 Kuidas edukalt turundada \u00fcritust? Konverentsi planeerimise kontrollnimekiri Konverentsiruumide paigutusstiilid Keskkonnas\u00e4\u00e4stlikud konverentsilahendused Erilised ja praktilised Eesti kingitused konverentsi osalejatele Parimad keskkonnas\u00f5bralikud konveerntsilahendused JCI Maailmakongressi n\u00e4itel<\/p>\n","protected":false},"author":13,"featured_media":0,"parent":15632,"menu_order":146,"comment_status":"closed","ping_status":"closed","template":"","meta":{"_acf_changed":false,"footnotes":""},"class_list":["post-15720","page","type-page","status-publish","hentry"],"acf":[],"yoast_head":"<!-- This site is optimized with the Yoast SEO plugin v27.5 - https:\/\/yoast.com\/product\/yoast-seo-wordpress\/ -->\n<title>Konverentsi korraldamise abimaterjalid - Estonian Convention Bureau<\/title>\n<meta name=\"robots\" content=\"index, follow, max-snippet:-1, max-image-preview:large, max-video-preview:-1\" \/>\n<link rel=\"canonical\" href=\"https:\/\/www.ecb.ee\/et\/korraldajale\/konverentsi-korraldamise-abimaterjalid\/\" \/>\n<meta property=\"og:locale\" content=\"et_EE\" \/>\n<meta property=\"og:type\" content=\"article\" \/>\n<meta property=\"og:title\" content=\"Konverentsi korraldamise abimaterjalid - Estonian Convention Bureau\" \/>\n<meta property=\"og:description\" content=\"Konverentsi korraldamise abimaterjalid Keskkonnahoidlike s\u00fcndmuste korraldamise juhend Tartu linnalt Kes aitab korraldada virtuaal\u00fcritust? Tasuta \u00fchistransport konverentsideks Tallinnas Kuidas planeerida konverentsi eelarvet? Milliseid teenuseid pakuvad konverentsikorraldusfirmad?\u00a0 Kuidas edukalt turundada \u00fcritust? Konverentsi planeerimise kontrollnimekiri Konverentsiruumide paigutusstiilid Keskkonnas\u00e4\u00e4stlikud konverentsilahendused Erilised ja praktilised Eesti kingitused konverentsi osalejatele Parimad keskkonnas\u00f5bralikud konveerntsilahendused JCI Maailmakongressi n\u00e4itel\" \/>\n<meta property=\"og:url\" content=\"https:\/\/www.ecb.ee\/et\/korraldajale\/konverentsi-korraldamise-abimaterjalid\/\" \/>\n<meta property=\"og:site_name\" content=\"Estonian Convention Bureau\" \/>\n<meta property=\"article:modified_time\" content=\"2024-09-13T07:08:52+00:00\" \/>\n<meta name=\"twitter:card\" content=\"summary_large_image\" \/>\n<meta name=\"twitter:label1\" content=\"Est. reading time\" \/>\n\t<meta name=\"twitter:data1\" content=\"1 minut\" \/>\n<script type=\"application\/ld+json\" class=\"yoast-schema-graph\">{\"@context\":\"https:\\\/\\\/schema.org\",\"@graph\":[{\"@type\":\"WebPage\",\"@id\":\"https:\\\/\\\/www.ecb.ee\\\/et\\\/korraldajale\\\/konverentsi-korraldamise-abimaterjalid\\\/\",\"url\":\"https:\\\/\\\/www.ecb.ee\\\/et\\\/korraldajale\\\/konverentsi-korraldamise-abimaterjalid\\\/\",\"name\":\"Konverentsi korraldamise abimaterjalid - Estonian Convention Bureau\",\"isPartOf\":{\"@id\":\"https:\\\/\\\/www.ecb.ee\\\/#website\"},\"datePublished\":\"2021-01-11T13:22:32+00:00\",\"dateModified\":\"2024-09-13T07:08:52+00:00\",\"breadcrumb\":{\"@id\":\"https:\\\/\\\/www.ecb.ee\\\/et\\\/korraldajale\\\/konverentsi-korraldamise-abimaterjalid\\\/#breadcrumb\"},\"inLanguage\":\"et\",\"potentialAction\":[{\"@type\":\"ReadAction\",\"target\":[\"https:\\\/\\\/www.ecb.ee\\\/et\\\/korraldajale\\\/konverentsi-korraldamise-abimaterjalid\\\/\"]}]},{\"@type\":\"BreadcrumbList\",\"@id\":\"https:\\\/\\\/www.ecb.ee\\\/et\\\/korraldajale\\\/konverentsi-korraldamise-abimaterjalid\\\/#breadcrumb\",\"itemListElement\":[{\"@type\":\"ListItem\",\"position\":1,\"name\":\"Home\",\"item\":\"https:\\\/\\\/www.ecb.ee\\\/et\\\/\"},{\"@type\":\"ListItem\",\"position\":2,\"name\":\"Korraldajale\",\"item\":\"https:\\\/\\\/www.ecb.ee\\\/et\\\/korraldajale\\\/\"},{\"@type\":\"ListItem\",\"position\":3,\"name\":\"Konverentsi korraldamise abimaterjalid\"}]},{\"@type\":\"WebSite\",\"@id\":\"https:\\\/\\\/www.ecb.ee\\\/#website\",\"url\":\"https:\\\/\\\/www.ecb.ee\\\/\",\"name\":\"Estonian Convention Bureau\",\"description\":\"\",\"publisher\":{\"@id\":\"https:\\\/\\\/www.ecb.ee\\\/#organization\"},\"potentialAction\":[{\"@type\":\"SearchAction\",\"target\":{\"@type\":\"EntryPoint\",\"urlTemplate\":\"https:\\\/\\\/www.ecb.ee\\\/?s={search_term_string}\"},\"query-input\":{\"@type\":\"PropertyValueSpecification\",\"valueRequired\":true,\"valueName\":\"search_term_string\"}}],\"inLanguage\":\"et\"},{\"@type\":\"Organization\",\"@id\":\"https:\\\/\\\/www.ecb.ee\\\/#organization\",\"name\":\"Estonian Convention Bureau\",\"url\":\"https:\\\/\\\/www.ecb.ee\\\/\",\"logo\":{\"@type\":\"ImageObject\",\"inLanguage\":\"et\",\"@id\":\"https:\\\/\\\/www.ecb.ee\\\/#\\\/schema\\\/logo\\\/image\\\/\",\"url\":\"https:\\\/\\\/www.ecb.ee\\\/wp-content\\\/uploads\\\/2020\\\/12\\\/site_logo.svg\",\"contentUrl\":\"https:\\\/\\\/www.ecb.ee\\\/wp-content\\\/uploads\\\/2020\\\/12\\\/site_logo.svg\",\"caption\":\"Estonian Convention Bureau\"},\"image\":{\"@id\":\"https:\\\/\\\/www.ecb.ee\\\/#\\\/schema\\\/logo\\\/image\\\/\"}}]}<\/script>\n<!-- \/ Yoast SEO plugin. -->","yoast_head_json":{"title":"Konverentsi korraldamise abimaterjalid - Estonian Convention Bureau","robots":{"index":"index","follow":"follow","max-snippet":"max-snippet:-1","max-image-preview":"max-image-preview:large","max-video-preview":"max-video-preview:-1"},"canonical":"https:\/\/www.ecb.ee\/et\/korraldajale\/konverentsi-korraldamise-abimaterjalid\/","og_locale":"et_EE","og_type":"article","og_title":"Konverentsi korraldamise abimaterjalid - Estonian Convention Bureau","og_description":"Konverentsi korraldamise abimaterjalid Keskkonnahoidlike s\u00fcndmuste korraldamise juhend Tartu linnalt Kes aitab korraldada virtuaal\u00fcritust? Tasuta \u00fchistransport konverentsideks Tallinnas Kuidas planeerida konverentsi eelarvet? Milliseid teenuseid pakuvad konverentsikorraldusfirmad?\u00a0 Kuidas edukalt turundada \u00fcritust? Konverentsi planeerimise kontrollnimekiri Konverentsiruumide paigutusstiilid Keskkonnas\u00e4\u00e4stlikud konverentsilahendused Erilised ja praktilised Eesti kingitused konverentsi osalejatele Parimad keskkonnas\u00f5bralikud konveerntsilahendused JCI Maailmakongressi n\u00e4itel","og_url":"https:\/\/www.ecb.ee\/et\/korraldajale\/konverentsi-korraldamise-abimaterjalid\/","og_site_name":"Estonian Convention Bureau","article_modified_time":"2024-09-13T07:08:52+00:00","twitter_card":"summary_large_image","twitter_misc":{"Est. reading time":"1 minut"},"schema":{"@context":"https:\/\/schema.org","@graph":[{"@type":"WebPage","@id":"https:\/\/www.ecb.ee\/et\/korraldajale\/konverentsi-korraldamise-abimaterjalid\/","url":"https:\/\/www.ecb.ee\/et\/korraldajale\/konverentsi-korraldamise-abimaterjalid\/","name":"Konverentsi korraldamise abimaterjalid - Estonian Convention Bureau","isPartOf":{"@id":"https:\/\/www.ecb.ee\/#website"},"datePublished":"2021-01-11T13:22:32+00:00","dateModified":"2024-09-13T07:08:52+00:00","breadcrumb":{"@id":"https:\/\/www.ecb.ee\/et\/korraldajale\/konverentsi-korraldamise-abimaterjalid\/#breadcrumb"},"inLanguage":"et","potentialAction":[{"@type":"ReadAction","target":["https:\/\/www.ecb.ee\/et\/korraldajale\/konverentsi-korraldamise-abimaterjalid\/"]}]},{"@type":"BreadcrumbList","@id":"https:\/\/www.ecb.ee\/et\/korraldajale\/konverentsi-korraldamise-abimaterjalid\/#breadcrumb","itemListElement":[{"@type":"ListItem","position":1,"name":"Home","item":"https:\/\/www.ecb.ee\/et\/"},{"@type":"ListItem","position":2,"name":"Korraldajale","item":"https:\/\/www.ecb.ee\/et\/korraldajale\/"},{"@type":"ListItem","position":3,"name":"Konverentsi korraldamise abimaterjalid"}]},{"@type":"WebSite","@id":"https:\/\/www.ecb.ee\/#website","url":"https:\/\/www.ecb.ee\/","name":"Estonian Convention Bureau","description":"","publisher":{"@id":"https:\/\/www.ecb.ee\/#organization"},"potentialAction":[{"@type":"SearchAction","target":{"@type":"EntryPoint","urlTemplate":"https:\/\/www.ecb.ee\/?s={search_term_string}"},"query-input":{"@type":"PropertyValueSpecification","valueRequired":true,"valueName":"search_term_string"}}],"inLanguage":"et"},{"@type":"Organization","@id":"https:\/\/www.ecb.ee\/#organization","name":"Estonian Convention Bureau","url":"https:\/\/www.ecb.ee\/","logo":{"@type":"ImageObject","inLanguage":"et","@id":"https:\/\/www.ecb.ee\/#\/schema\/logo\/image\/","url":"https:\/\/www.ecb.ee\/wp-content\/uploads\/2020\/12\/site_logo.svg","contentUrl":"https:\/\/www.ecb.ee\/wp-content\/uploads\/2020\/12\/site_logo.svg","caption":"Estonian Convention Bureau"},"image":{"@id":"https:\/\/www.ecb.ee\/#\/schema\/logo\/image\/"}}]}},"_links":{"self":[{"href":"https:\/\/www.ecb.ee\/et\/wp-json\/wp\/v2\/pages\/15720","targetHints":{"allow":["GET"]}}],"collection":[{"href":"https:\/\/www.ecb.ee\/et\/wp-json\/wp\/v2\/pages"}],"about":[{"href":"https:\/\/www.ecb.ee\/et\/wp-json\/wp\/v2\/types\/page"}],"author":[{"embeddable":true,"href":"https:\/\/www.ecb.ee\/et\/wp-json\/wp\/v2\/users\/13"}],"replies":[{"embeddable":true,"href":"https:\/\/www.ecb.ee\/et\/wp-json\/wp\/v2\/comments?post=15720"}],"version-history":[{"count":15,"href":"https:\/\/www.ecb.ee\/et\/wp-json\/wp\/v2\/pages\/15720\/revisions"}],"predecessor-version":[{"id":37348,"href":"https:\/\/www.ecb.ee\/et\/wp-json\/wp\/v2\/pages\/15720\/revisions\/37348"}],"up":[{"embeddable":true,"href":"https:\/\/www.ecb.ee\/et\/wp-json\/wp\/v2\/pages\/15632"}],"wp:attachment":[{"href":"https:\/\/www.ecb.ee\/et\/wp-json\/wp\/v2\/media?parent=15720"}],"curies":[{"name":"wp","href":"https:\/\/api.w.org\/{rel}","templated":true}]}}