{"id":15708,"date":"2021-01-11T12:57:21","date_gmt":"2021-01-11T12:57:21","guid":{"rendered":"https:\/\/www.ecb.ee\/?page_id=15708"},"modified":"2021-03-19T09:34:58","modified_gmt":"2021-03-19T09:34:58","slug":"ekskursioonid-ja-vaba-aja-programmid","status":"publish","type":"page","link":"https:\/\/www.ecb.ee\/et\/korraldajale\/ekskursioonid-ja-vaba-aja-programmid\/","title":{"rendered":"Ekskursioonid ja vaba-aja programmid"},"content":{"rendered":"<p>Eestis toimuvate rahvusvaheliste konverentside osalejad k\u00fclastavad Eestit tavaliselt esmakordselt. Sellep\u00e4rast soovitakse tihti lisaks sisukale konverentsiprogrammile teha pisutki tutvust Eesti kultuuri, ajaloo, looduse ja lihtsalt igap\u00e4evase eluoluga. Sisukate vabaajaprogrammide j\u00e4rele on vajadus ka siis, kui konverentsi raames pakutakse\u00a0<strong>konverentsiosalejate kaaslastele<\/strong>\u00a0v\u00e4lja eraldi programm.<\/p>\n<h3>Ideed konverentside ekskursioonideks ja vaba-aja programmideks:<\/h3>\n<ul>\n<li><a href=\"https:\/\/www.ecb.ee\/et\/blog-et\/vaba-ajaprogrammid\/populaarseimad-tallinnas-toimuvate-rahvusvaheliste-konverentside-vabaajaprogrammid-ja-ekskursioonid\/\" target=\"_blank\" rel=\"noopener noreferrer\"><strong>TALLINNA<\/strong>\u00a0konverentside populaarseimad vaba-ajaprogrammid ja ekskursioonid<\/a><\/li>\n<li><a href=\"https:\/\/www.ecb.ee\/et\/blog-et\/vaba-ajaprogrammid\/tartu-konverentside-populaarseimad-vaba-aja-programmid\/\" target=\"_blank\" rel=\"noopener noreferrer\"><strong>TARTU<\/strong>\u00a0konverentside populaarseimad vaba-ajaprogrammid<\/a><\/li>\n<li><a href=\"https:\/\/www.ecb.ee\/et\/blog-et\/vaba-ajaprogrammid\/mida-teha-parnus-parast-konverentsi-ponevad-elamused-ja-positiivsed-emotsioonid\/\" target=\"_blank\" rel=\"noopener noreferrer\">Mida teha\u00a0<strong>P\u00c4RNUS<\/strong>\u00a0p\u00e4rast konverentsi- p\u00f5nevad elamused ja positiivsed emotsioonid<\/a><\/li>\n<li><a href=\"https:\/\/www.ecb.ee\/wp-content\/uploads\/2021\/01\/conference-expert-estonia-tour-options1.pdf\" target=\"_blank\" rel=\"noopener noreferrer\">Reisieksperdi poolt pakutavad ekskursioonid ja vaba-ajaprogrammid<\/a><\/li>\n<\/ul>\n<h3><\/h3>\n<p>Vahvaid ideid\u00a0<strong>konverentsituurideks ja erilisteks networking tegevusteks<\/strong> leiab ka meie kodulehe inglisekeelselt <strong><a href=\"https:\/\/www.ecb.ee\/programs\/\" target=\"_blank\" rel=\"noopener noreferrer\">GROUP ACTIVITIES <\/a><\/strong>alamlehelt, kus on esile toodud ohtralt erinevaid vaba-ajaprogramme ja ekskursioone, mida v\u00f5imalik \u00fcritustel osalejatele pakkuda nii Tallinnas, Tartus, P\u00e4rnus kui \u00fcle Eesti.<\/p>\n<h3>Kaasa kogenud korralduspartnerid!<\/h3>\n<p>Konverentside vaba-aja\u00fcritusi, tuure ja\u00a0 ekskursioone aitavad korraldada kogenud\u00a0<strong><a href=\"https:\/\/www.ecb.ee\/et\/firmad\/\" target=\"_blank\" rel=\"noopener noreferrer\">reisiteenuseettev\u00f5tted<\/a><\/strong>, kellega tasub julgelt \u00fchendust v\u00f5tta nii pakkumiste kui ka ideede k\u00fcsimiseks!<\/p>\n","protected":false},"excerpt":{"rendered":"<p>Eestis toimuvate rahvusvaheliste konverentside osalejad k\u00fclastavad Eestit tavaliselt esmakordselt. Sellep\u00e4rast soovitakse tihti lisaks sisukale konverentsiprogrammile teha pisutki tutvust Eesti kultuuri, ajaloo, looduse ja lihtsalt igap\u00e4evase eluoluga. Sisukate vabaajaprogrammide j\u00e4rele on vajadus ka siis, kui konverentsi raames pakutakse\u00a0konverentsiosalejate kaaslastele\u00a0v\u00e4lja eraldi programm. Ideed konverentside ekskursioonideks ja vaba-aja programmideks: TALLINNA\u00a0konverentside populaarseimad vaba-ajaprogrammid ja ekskursioonid TARTU\u00a0konverentside populaarseimad vaba-ajaprogrammid Mida [&hellip;]<\/p>\n","protected":false},"author":13,"featured_media":0,"parent":15632,"menu_order":146,"comment_status":"closed","ping_status":"closed","template":"","meta":{"_acf_changed":false,"footnotes":""},"class_list":["post-15708","page","type-page","status-publish","hentry"],"acf":[],"yoast_head":"<!-- This site is optimized with the Yoast SEO plugin v27.5 - https:\/\/yoast.com\/product\/yoast-seo-wordpress\/ -->\n<title>Ekskursioonid ja vaba-aja programmid - Estonian Convention Bureau<\/title>\n<meta name=\"robots\" content=\"index, follow, max-snippet:-1, max-image-preview:large, max-video-preview:-1\" \/>\n<link rel=\"canonical\" href=\"https:\/\/www.ecb.ee\/et\/korraldajale\/ekskursioonid-ja-vaba-aja-programmid\/\" \/>\n<meta property=\"og:locale\" content=\"et_EE\" \/>\n<meta property=\"og:type\" content=\"article\" \/>\n<meta property=\"og:title\" content=\"Ekskursioonid ja vaba-aja programmid - Estonian Convention Bureau\" \/>\n<meta property=\"og:description\" content=\"Eestis toimuvate rahvusvaheliste konverentside osalejad k\u00fclastavad Eestit tavaliselt esmakordselt. Sellep\u00e4rast soovitakse tihti lisaks sisukale konverentsiprogrammile teha pisutki tutvust Eesti kultuuri, ajaloo, looduse ja lihtsalt igap\u00e4evase eluoluga. Sisukate vabaajaprogrammide j\u00e4rele on vajadus ka siis, kui konverentsi raames pakutakse\u00a0konverentsiosalejate kaaslastele\u00a0v\u00e4lja eraldi programm. Ideed konverentside ekskursioonideks ja vaba-aja programmideks: TALLINNA\u00a0konverentside populaarseimad vaba-ajaprogrammid ja ekskursioonid TARTU\u00a0konverentside populaarseimad vaba-ajaprogrammid Mida [&hellip;]\" \/>\n<meta property=\"og:url\" content=\"https:\/\/www.ecb.ee\/et\/korraldajale\/ekskursioonid-ja-vaba-aja-programmid\/\" \/>\n<meta property=\"og:site_name\" content=\"Estonian Convention Bureau\" \/>\n<meta property=\"article:modified_time\" content=\"2021-03-19T09:34:58+00:00\" \/>\n<meta name=\"twitter:card\" content=\"summary_large_image\" \/>\n<meta name=\"twitter:label1\" content=\"Est. reading time\" \/>\n\t<meta name=\"twitter:data1\" content=\"1 minut\" \/>\n<script type=\"application\/ld+json\" class=\"yoast-schema-graph\">{\"@context\":\"https:\\\/\\\/schema.org\",\"@graph\":[{\"@type\":\"WebPage\",\"@id\":\"https:\\\/\\\/www.ecb.ee\\\/et\\\/korraldajale\\\/ekskursioonid-ja-vaba-aja-programmid\\\/\",\"url\":\"https:\\\/\\\/www.ecb.ee\\\/et\\\/korraldajale\\\/ekskursioonid-ja-vaba-aja-programmid\\\/\",\"name\":\"Ekskursioonid ja vaba-aja programmid - Estonian Convention Bureau\",\"isPartOf\":{\"@id\":\"https:\\\/\\\/www.ecb.ee\\\/#website\"},\"datePublished\":\"2021-01-11T12:57:21+00:00\",\"dateModified\":\"2021-03-19T09:34:58+00:00\",\"breadcrumb\":{\"@id\":\"https:\\\/\\\/www.ecb.ee\\\/et\\\/korraldajale\\\/ekskursioonid-ja-vaba-aja-programmid\\\/#breadcrumb\"},\"inLanguage\":\"et\",\"potentialAction\":[{\"@type\":\"ReadAction\",\"target\":[\"https:\\\/\\\/www.ecb.ee\\\/et\\\/korraldajale\\\/ekskursioonid-ja-vaba-aja-programmid\\\/\"]}]},{\"@type\":\"BreadcrumbList\",\"@id\":\"https:\\\/\\\/www.ecb.ee\\\/et\\\/korraldajale\\\/ekskursioonid-ja-vaba-aja-programmid\\\/#breadcrumb\",\"itemListElement\":[{\"@type\":\"ListItem\",\"position\":1,\"name\":\"Home\",\"item\":\"https:\\\/\\\/www.ecb.ee\\\/et\\\/\"},{\"@type\":\"ListItem\",\"position\":2,\"name\":\"Korraldajale\",\"item\":\"https:\\\/\\\/www.ecb.ee\\\/et\\\/korraldajale\\\/\"},{\"@type\":\"ListItem\",\"position\":3,\"name\":\"Ekskursioonid ja vaba-aja programmid\"}]},{\"@type\":\"WebSite\",\"@id\":\"https:\\\/\\\/www.ecb.ee\\\/#website\",\"url\":\"https:\\\/\\\/www.ecb.ee\\\/\",\"name\":\"Estonian Convention Bureau\",\"description\":\"\",\"publisher\":{\"@id\":\"https:\\\/\\\/www.ecb.ee\\\/#organization\"},\"potentialAction\":[{\"@type\":\"SearchAction\",\"target\":{\"@type\":\"EntryPoint\",\"urlTemplate\":\"https:\\\/\\\/www.ecb.ee\\\/?s={search_term_string}\"},\"query-input\":{\"@type\":\"PropertyValueSpecification\",\"valueRequired\":true,\"valueName\":\"search_term_string\"}}],\"inLanguage\":\"et\"},{\"@type\":\"Organization\",\"@id\":\"https:\\\/\\\/www.ecb.ee\\\/#organization\",\"name\":\"Estonian Convention Bureau\",\"url\":\"https:\\\/\\\/www.ecb.ee\\\/\",\"logo\":{\"@type\":\"ImageObject\",\"inLanguage\":\"et\",\"@id\":\"https:\\\/\\\/www.ecb.ee\\\/#\\\/schema\\\/logo\\\/image\\\/\",\"url\":\"https:\\\/\\\/www.ecb.ee\\\/wp-content\\\/uploads\\\/2020\\\/12\\\/site_logo.svg\",\"contentUrl\":\"https:\\\/\\\/www.ecb.ee\\\/wp-content\\\/uploads\\\/2020\\\/12\\\/site_logo.svg\",\"caption\":\"Estonian Convention Bureau\"},\"image\":{\"@id\":\"https:\\\/\\\/www.ecb.ee\\\/#\\\/schema\\\/logo\\\/image\\\/\"}}]}<\/script>\n<!-- \/ Yoast SEO plugin. -->","yoast_head_json":{"title":"Ekskursioonid ja vaba-aja programmid - Estonian Convention Bureau","robots":{"index":"index","follow":"follow","max-snippet":"max-snippet:-1","max-image-preview":"max-image-preview:large","max-video-preview":"max-video-preview:-1"},"canonical":"https:\/\/www.ecb.ee\/et\/korraldajale\/ekskursioonid-ja-vaba-aja-programmid\/","og_locale":"et_EE","og_type":"article","og_title":"Ekskursioonid ja vaba-aja programmid - Estonian Convention Bureau","og_description":"Eestis toimuvate rahvusvaheliste konverentside osalejad k\u00fclastavad Eestit tavaliselt esmakordselt. Sellep\u00e4rast soovitakse tihti lisaks sisukale konverentsiprogrammile teha pisutki tutvust Eesti kultuuri, ajaloo, looduse ja lihtsalt igap\u00e4evase eluoluga. Sisukate vabaajaprogrammide j\u00e4rele on vajadus ka siis, kui konverentsi raames pakutakse\u00a0konverentsiosalejate kaaslastele\u00a0v\u00e4lja eraldi programm. Ideed konverentside ekskursioonideks ja vaba-aja programmideks: TALLINNA\u00a0konverentside populaarseimad vaba-ajaprogrammid ja ekskursioonid TARTU\u00a0konverentside populaarseimad vaba-ajaprogrammid Mida [&hellip;]","og_url":"https:\/\/www.ecb.ee\/et\/korraldajale\/ekskursioonid-ja-vaba-aja-programmid\/","og_site_name":"Estonian Convention Bureau","article_modified_time":"2021-03-19T09:34:58+00:00","twitter_card":"summary_large_image","twitter_misc":{"Est. reading time":"1 minut"},"schema":{"@context":"https:\/\/schema.org","@graph":[{"@type":"WebPage","@id":"https:\/\/www.ecb.ee\/et\/korraldajale\/ekskursioonid-ja-vaba-aja-programmid\/","url":"https:\/\/www.ecb.ee\/et\/korraldajale\/ekskursioonid-ja-vaba-aja-programmid\/","name":"Ekskursioonid ja vaba-aja programmid - Estonian Convention Bureau","isPartOf":{"@id":"https:\/\/www.ecb.ee\/#website"},"datePublished":"2021-01-11T12:57:21+00:00","dateModified":"2021-03-19T09:34:58+00:00","breadcrumb":{"@id":"https:\/\/www.ecb.ee\/et\/korraldajale\/ekskursioonid-ja-vaba-aja-programmid\/#breadcrumb"},"inLanguage":"et","potentialAction":[{"@type":"ReadAction","target":["https:\/\/www.ecb.ee\/et\/korraldajale\/ekskursioonid-ja-vaba-aja-programmid\/"]}]},{"@type":"BreadcrumbList","@id":"https:\/\/www.ecb.ee\/et\/korraldajale\/ekskursioonid-ja-vaba-aja-programmid\/#breadcrumb","itemListElement":[{"@type":"ListItem","position":1,"name":"Home","item":"https:\/\/www.ecb.ee\/et\/"},{"@type":"ListItem","position":2,"name":"Korraldajale","item":"https:\/\/www.ecb.ee\/et\/korraldajale\/"},{"@type":"ListItem","position":3,"name":"Ekskursioonid ja vaba-aja programmid"}]},{"@type":"WebSite","@id":"https:\/\/www.ecb.ee\/#website","url":"https:\/\/www.ecb.ee\/","name":"Estonian Convention Bureau","description":"","publisher":{"@id":"https:\/\/www.ecb.ee\/#organization"},"potentialAction":[{"@type":"SearchAction","target":{"@type":"EntryPoint","urlTemplate":"https:\/\/www.ecb.ee\/?s={search_term_string}"},"query-input":{"@type":"PropertyValueSpecification","valueRequired":true,"valueName":"search_term_string"}}],"inLanguage":"et"},{"@type":"Organization","@id":"https:\/\/www.ecb.ee\/#organization","name":"Estonian Convention Bureau","url":"https:\/\/www.ecb.ee\/","logo":{"@type":"ImageObject","inLanguage":"et","@id":"https:\/\/www.ecb.ee\/#\/schema\/logo\/image\/","url":"https:\/\/www.ecb.ee\/wp-content\/uploads\/2020\/12\/site_logo.svg","contentUrl":"https:\/\/www.ecb.ee\/wp-content\/uploads\/2020\/12\/site_logo.svg","caption":"Estonian Convention Bureau"},"image":{"@id":"https:\/\/www.ecb.ee\/#\/schema\/logo\/image\/"}}]}},"_links":{"self":[{"href":"https:\/\/www.ecb.ee\/et\/wp-json\/wp\/v2\/pages\/15708","targetHints":{"allow":["GET"]}}],"collection":[{"href":"https:\/\/www.ecb.ee\/et\/wp-json\/wp\/v2\/pages"}],"about":[{"href":"https:\/\/www.ecb.ee\/et\/wp-json\/wp\/v2\/types\/page"}],"author":[{"embeddable":true,"href":"https:\/\/www.ecb.ee\/et\/wp-json\/wp\/v2\/users\/13"}],"replies":[{"embeddable":true,"href":"https:\/\/www.ecb.ee\/et\/wp-json\/wp\/v2\/comments?post=15708"}],"version-history":[{"count":9,"href":"https:\/\/www.ecb.ee\/et\/wp-json\/wp\/v2\/pages\/15708\/revisions"}],"predecessor-version":[{"id":19977,"href":"https:\/\/www.ecb.ee\/et\/wp-json\/wp\/v2\/pages\/15708\/revisions\/19977"}],"up":[{"embeddable":true,"href":"https:\/\/www.ecb.ee\/et\/wp-json\/wp\/v2\/pages\/15632"}],"wp:attachment":[{"href":"https:\/\/www.ecb.ee\/et\/wp-json\/wp\/v2\/media?parent=15708"}],"curies":[{"name":"wp","href":"https:\/\/api.w.org\/{rel}","templated":true}]}}