{"id":15619,"date":"2021-01-10T11:25:24","date_gmt":"2021-01-10T11:25:24","guid":{"rendered":"https:\/\/www.ecb.ee\/?page_id=15619"},"modified":"2026-03-04T13:42:19","modified_gmt":"2026-03-04T13:42:19","slug":"saadikuklubi-uritused","status":"publish","type":"page","link":"https:\/\/www.ecb.ee\/et\/saadikuklubi\/saadikuklubi-uritused\/","title":{"rendered":"Saadikuklubi toimunud \u00fcritused"},"content":{"rendered":"<p>Korraldame igal aastal Konverentsisaadiku klubis osalejatele mitmeid eksklusiivseid \u00fcritusi, et tutvustada uusi atraktiivseid konverentsikohti,\u00a0 p\u00f5nevaid vaba-aja programme, konverentsimaailma trende ning jagada kasulikke kogemusi ja n\u00e4pun\u00e4iteid neilt saadikutelt, kes juba on oma rahvusvahelise konverentsi Eestis korraldanud. Saadikuklubi \u00fcritused toimuvad nii Tallinnas kui Tartus. \u00dcritustel osalemiseks\u00a0<a href=\"http:\/\/www.ecb.ee\/et\/saadikuprogramm\/liitu-saadikuklubiga\/\" target=\"_blank\" rel=\"noopener noreferrer\">liituge meie saadikuklubiga<\/a>!<\/p>\n<h3>Toimunud \u00fcritused 2026<\/h3>\n<ul>\n<li><strong>16. veebruar, Tallinna Raekoda<\/strong> &#8211; Tallinna Aasta Konverentsitegu 2025 auhinna \u00fcleandmine ja uute Tallinna konverentsisaadikute tunnustamine<\/li>\n<li><strong>28. jaanuar, Hotell Lydia s\u00fcndmuskeskus<\/strong> &#8211; Tartu Aasta Konverentsitegu 2025 auhinna \u00fcleandmine ja uute Tartu konverentsisaadikute tunnustamine<\/li>\n<\/ul>\n<h3>Toimunud \u00fcritused 2025<\/h3>\n<ul>\n<li><strong>25. november<\/strong> &#8211; Seminar <a href=\"https:\/\/elutubalavataga.ee\/\">Elutuba Lava Taga<\/a> elamusruumis &#8211; arutelupaneel &#8220;Konverentsikorraldus ei ole raketiteadus &#8211; korraldusfirmade nipid ladusaks ja muretuks s\u00fcndmuseks&#8221;<\/li>\n<li><strong>29. oktoober<\/strong> &#8211; Tutvumine <a href=\"https:\/\/www.prototehas.ee\/\">Proto Avastustehase<\/a> konverentsi- ja seminariruumidega, tiimim\u00e4ng<\/li>\n<li><strong>28. mai<\/strong> &#8211; Tutvumine <a href=\"https:\/\/www.ecb.ee\/ruum\/centennial-hotel-tallinn\/\">Centennial Nexus Hotel Tallinnaga<\/a> ning uuenenud <a href=\"https:\/\/www.rara.ee\/\">Eesti Rahvusraamatukoguga<\/a><\/li>\n<li><strong>3. juuni<\/strong> &#8211; Tutvumine <a href=\"https:\/\/lodi.ee\/\">Emaj\u00f5e Lodjakojaga<\/a> ning retk Emaj\u00f5el Eesti suurima lodjaga Suur Sume<\/li>\n<li><strong>6. veebruar, Eesti Rahva Muuseum<\/strong> &#8211; Aasta Konverentsitegu 2024 auhinna \u00fcleandmine ja uute Tartu konverentsisaadikute tunnustamine<\/li>\n<li><strong>4. veebruar, M\u00f6venpick Hotel Tallinn<\/strong> &#8211; Aasta Konverentsitegu 2024 auhinna \u00fcleandmine ja uute Tallinna konverentsisaadikute tunnustamine<\/li>\n<\/ul>\n<h3>Toimunud \u00fcritused 2024<\/h3>\n<ul>\n<li><strong>17. september<\/strong> &#8211; Tutvumine TYPA tr\u00fcki- ja paberikunstikeskuse ning PENINUKI d\u017einnivalmistamise tehasega Tartus<\/li>\n<li><strong>16. september<\/strong> &#8211; Tallinna vanalinna jalutusk\u00e4ik Jaak Juskega, tutvumine restoraniga Olde Hansa ja Nunne Boutique Hotelliga<\/li>\n<li><strong>12. juuni, v\u00e4ljas\u00f5it P\u00e4rnusse, tutvuma linna konverentsikohtadega<\/strong> &#8211; Hestia Hotel Strand, Estonia Resort Hotel &amp; Spa, Rannahotell, Wasa Resort, Hedon Spa &amp; Hotel, Valgeranna veinitall, Allikukivi veinim\u00f5is<\/li>\n<li><strong>29. aprill, tutvumisk\u00fclastus Viimsi Artiumisse ja Tallinna Teletorni<\/strong><\/li>\n<li><strong>13. veebruar, Fotografiska <\/strong>&#8211; Aasta Konverentsitegu 2023 auhinna \u00fcleandmine ja uute Tallinna konverentsisaadikute tunnustamine<\/li>\n<li><strong>6. veebruar, Alexela Loomelava<\/strong> &#8211; Tartu konverentsikorraldajate t\u00e4namine ja uute konverentsisaadikute tunnustamine<\/li>\n<\/ul>\n<h3>Toimunud \u00fcritused 2023<\/h3>\n<p><strong>TALLINNA SAADIKUKLUBI<br \/>\n<\/strong><\/p>\n<ul>\n<li><strong>3. oktoober, tutvumine \u00fcrituskohtadega Rotermanni kvartalis<\/strong> &#8211; Metropol Spa Hotell, Roseni Torn, PoCo Pop Art Museum<\/li>\n<li><strong><strong><strong>10. mai, tutvumisk\u00fclastus LaSpa Hotelli ning Arvo P\u00e4rdi Keskusesse Laulasmaal<\/strong><\/strong><\/strong><\/li>\n<li><strong>17. aprill, Swiss\u00f4tel Tallinn<\/strong> &#8211; uue rahvusvaheliste konverentside korraldus\u00f5iguse taotlemise programmi ja konverentside toetusmeetmete tutvustus; Dr. Raido Paasma, AS La\u0308a\u0308ne-Tallinna Keskhaigla ettekanne &#8220;Rahvusvaheliste konverentside korraldamise kogemusest Eestis&#8221;. Vaata k\u00f5iki \u00fcrituse ettekandeid <a href=\"https:\/\/www.youtube.com\/channel\/UCtmmdJ3-jhX-o_dCqWRYcfg\/featured\">siit<\/a>.<\/li>\n<li><strong>22. veebruar, Proto Avastustehas<\/strong> &#8211; Aasta Konverentsitegu 2022 auhindade \u00fcleandmine ja uute Tallinna konverentsisaadikute tunnustamine<\/li>\n<\/ul>\n<p><strong>TARTU SAADIKUKLUBI<br \/>\n<\/strong><\/p>\n<ul>\n<li><strong>1. november<\/strong> &#8211; <strong>tutvumine <a href=\"https:\/\/knorring.ee\/\">Knorringu aadlimajaga<\/a> ja seminar<\/strong><br \/>\nMerje Laimets, Visit Tartu: Tartu konverentsiuudised; ideid konverentsik\u00fclaliste vabaajaprogrammideks<br \/>\nReimo M\u00fcrgim\u00e4e, Wanderlust Matkad: Matkad ja tiimi\u00fcritused vabas \u00f5hus<br \/>\nEvelin Org, Your Brand Up Studio: Mainekujundus l\u00e4bi persoonibr\u00e4ndingu<\/li>\n<li><strong>14. juuni, tutvumine Tartumaa p\u00f5nevate kohtadega &#8211; <\/strong>Luke m\u00f5is, Viinam\u00e4rdi Talu &amp; Meierei, J\u00e4riste Veinitalu<\/li>\n<li><strong>13. aprill, Eesti Rahva Muuseum<\/strong> &#8211; uue rahvusvaheliste konverentside korraldus\u00f5iguse taotlemise programmi ja konverentside toetusmeetmete tutvustus; Madli Linder, Eesti Loodusuurijate Selts (Neobiota 2022 korraldaja) ettekanne &#8220;Professionaalne sisu ja po\u0303nev va\u0308ikelinn &#8211; mis meelitab fu\u0308u\u0308siliselt konverentsile kohale tulema ka segasel ajal.&#8221;; Merje Laimets, Visit Tartu a\u0308ri- ja konverentsiturismi valdkonnajuht &#8220;Rahast ja ringlusest su\u0308ndmuste korraldamisel Tartus\u201c<\/li>\n<li><strong>16. veebruar, V Spa Hotell<\/strong> &#8211; Aasta Konverentsitegu 2022 auhindade \u00fcleandmine ja uute Tartu konverentsisaadikute tunnustamine<\/li>\n<\/ul>\n","protected":false},"excerpt":{"rendered":"<p>Korraldame igal aastal Konverentsisaadiku klubis osalejatele mitmeid eksklusiivseid \u00fcritusi, et tutvustada uusi atraktiivseid konverentsikohti,\u00a0 p\u00f5nevaid vaba-aja programme, konverentsimaailma trende ning jagada kasulikke kogemusi ja n\u00e4pun\u00e4iteid neilt saadikutelt, kes juba on oma rahvusvahelise konverentsi Eestis korraldanud. Saadikuklubi \u00fcritused toimuvad nii Tallinnas kui Tartus. \u00dcritustel osalemiseks\u00a0liituge meie saadikuklubiga! Toimunud \u00fcritused 2026 16. veebruar, Tallinna Raekoda &#8211; Tallinna [&hellip;]<\/p>\n","protected":false},"author":2,"featured_media":31490,"parent":15579,"menu_order":133,"comment_status":"closed","ping_status":"closed","template":"","meta":{"_acf_changed":false,"footnotes":""},"class_list":["post-15619","page","type-page","status-publish","has-post-thumbnail","hentry"],"acf":[],"yoast_head":"<!-- This site is optimized with the Yoast SEO plugin v27.5 - https:\/\/yoast.com\/product\/yoast-seo-wordpress\/ -->\n<title>Saadikuklubi toimunud \u00fcritused - Estonian Convention Bureau<\/title>\n<meta name=\"robots\" content=\"index, follow, max-snippet:-1, max-image-preview:large, max-video-preview:-1\" \/>\n<link rel=\"canonical\" href=\"https:\/\/www.ecb.ee\/et\/saadikuklubi\/saadikuklubi-uritused\/\" \/>\n<meta property=\"og:locale\" content=\"et_EE\" \/>\n<meta property=\"og:type\" content=\"article\" \/>\n<meta property=\"og:title\" content=\"Saadikuklubi toimunud \u00fcritused - Estonian Convention Bureau\" \/>\n<meta property=\"og:description\" content=\"Korraldame igal aastal Konverentsisaadiku klubis osalejatele mitmeid eksklusiivseid \u00fcritusi, et tutvustada uusi atraktiivseid konverentsikohti,\u00a0 p\u00f5nevaid vaba-aja programme, konverentsimaailma trende ning jagada kasulikke kogemusi ja n\u00e4pun\u00e4iteid neilt saadikutelt, kes juba on oma rahvusvahelise konverentsi Eestis korraldanud. Saadikuklubi \u00fcritused toimuvad nii Tallinnas kui Tartus. \u00dcritustel osalemiseks\u00a0liituge meie saadikuklubiga! Toimunud \u00fcritused 2026 16. veebruar, Tallinna Raekoda &#8211; Tallinna [&hellip;]\" \/>\n<meta property=\"og:url\" content=\"https:\/\/www.ecb.ee\/et\/saadikuklubi\/saadikuklubi-uritused\/\" \/>\n<meta property=\"og:site_name\" content=\"Estonian Convention Bureau\" \/>\n<meta property=\"article:modified_time\" content=\"2026-03-04T13:42:19+00:00\" \/>\n<meta property=\"og:image\" content=\"https:\/\/www.ecb.ee\/wp-content\/uploads\/2023\/11\/2023ECB_133-scaled.jpg\" \/>\n\t<meta property=\"og:image:width\" content=\"2560\" \/>\n\t<meta property=\"og:image:height\" content=\"1708\" \/>\n\t<meta property=\"og:image:type\" content=\"image\/jpeg\" \/>\n<meta name=\"twitter:card\" content=\"summary_large_image\" \/>\n<meta name=\"twitter:label1\" content=\"Est. reading time\" \/>\n\t<meta name=\"twitter:data1\" content=\"3 minutit\" \/>\n<script type=\"application\/ld+json\" class=\"yoast-schema-graph\">{\"@context\":\"https:\\\/\\\/schema.org\",\"@graph\":[{\"@type\":\"WebPage\",\"@id\":\"https:\\\/\\\/www.ecb.ee\\\/et\\\/saadikuklubi\\\/saadikuklubi-uritused\\\/\",\"url\":\"https:\\\/\\\/www.ecb.ee\\\/et\\\/saadikuklubi\\\/saadikuklubi-uritused\\\/\",\"name\":\"Saadikuklubi toimunud \u00fcritused - Estonian Convention Bureau\",\"isPartOf\":{\"@id\":\"https:\\\/\\\/www.ecb.ee\\\/#website\"},\"primaryImageOfPage\":{\"@id\":\"https:\\\/\\\/www.ecb.ee\\\/et\\\/saadikuklubi\\\/saadikuklubi-uritused\\\/#primaryimage\"},\"image\":{\"@id\":\"https:\\\/\\\/www.ecb.ee\\\/et\\\/saadikuklubi\\\/saadikuklubi-uritused\\\/#primaryimage\"},\"thumbnailUrl\":\"https:\\\/\\\/www.ecb.ee\\\/wp-content\\\/uploads\\\/2023\\\/11\\\/2023ECB_133-scaled.jpg\",\"datePublished\":\"2021-01-10T11:25:24+00:00\",\"dateModified\":\"2026-03-04T13:42:19+00:00\",\"breadcrumb\":{\"@id\":\"https:\\\/\\\/www.ecb.ee\\\/et\\\/saadikuklubi\\\/saadikuklubi-uritused\\\/#breadcrumb\"},\"inLanguage\":\"et\",\"potentialAction\":[{\"@type\":\"ReadAction\",\"target\":[\"https:\\\/\\\/www.ecb.ee\\\/et\\\/saadikuklubi\\\/saadikuklubi-uritused\\\/\"]}]},{\"@type\":\"ImageObject\",\"inLanguage\":\"et\",\"@id\":\"https:\\\/\\\/www.ecb.ee\\\/et\\\/saadikuklubi\\\/saadikuklubi-uritused\\\/#primaryimage\",\"url\":\"https:\\\/\\\/www.ecb.ee\\\/wp-content\\\/uploads\\\/2023\\\/11\\\/2023ECB_133-scaled.jpg\",\"contentUrl\":\"https:\\\/\\\/www.ecb.ee\\\/wp-content\\\/uploads\\\/2023\\\/11\\\/2023ECB_133-scaled.jpg\",\"width\":2560,\"height\":1708},{\"@type\":\"BreadcrumbList\",\"@id\":\"https:\\\/\\\/www.ecb.ee\\\/et\\\/saadikuklubi\\\/saadikuklubi-uritused\\\/#breadcrumb\",\"itemListElement\":[{\"@type\":\"ListItem\",\"position\":1,\"name\":\"Home\",\"item\":\"https:\\\/\\\/www.ecb.ee\\\/et\\\/\"},{\"@type\":\"ListItem\",\"position\":2,\"name\":\"Saadikuklubi\",\"item\":\"https:\\\/\\\/www.ecb.ee\\\/et\\\/saadikuklubi\\\/\"},{\"@type\":\"ListItem\",\"position\":3,\"name\":\"Saadikuklubi toimunud \u00fcritused\"}]},{\"@type\":\"WebSite\",\"@id\":\"https:\\\/\\\/www.ecb.ee\\\/#website\",\"url\":\"https:\\\/\\\/www.ecb.ee\\\/\",\"name\":\"Estonian Convention Bureau\",\"description\":\"\",\"publisher\":{\"@id\":\"https:\\\/\\\/www.ecb.ee\\\/#organization\"},\"potentialAction\":[{\"@type\":\"SearchAction\",\"target\":{\"@type\":\"EntryPoint\",\"urlTemplate\":\"https:\\\/\\\/www.ecb.ee\\\/?s={search_term_string}\"},\"query-input\":{\"@type\":\"PropertyValueSpecification\",\"valueRequired\":true,\"valueName\":\"search_term_string\"}}],\"inLanguage\":\"et\"},{\"@type\":\"Organization\",\"@id\":\"https:\\\/\\\/www.ecb.ee\\\/#organization\",\"name\":\"Estonian Convention Bureau\",\"url\":\"https:\\\/\\\/www.ecb.ee\\\/\",\"logo\":{\"@type\":\"ImageObject\",\"inLanguage\":\"et\",\"@id\":\"https:\\\/\\\/www.ecb.ee\\\/#\\\/schema\\\/logo\\\/image\\\/\",\"url\":\"https:\\\/\\\/www.ecb.ee\\\/wp-content\\\/uploads\\\/2020\\\/12\\\/site_logo.svg\",\"contentUrl\":\"https:\\\/\\\/www.ecb.ee\\\/wp-content\\\/uploads\\\/2020\\\/12\\\/site_logo.svg\",\"caption\":\"Estonian Convention Bureau\"},\"image\":{\"@id\":\"https:\\\/\\\/www.ecb.ee\\\/#\\\/schema\\\/logo\\\/image\\\/\"}}]}<\/script>\n<!-- \/ Yoast SEO plugin. -->","yoast_head_json":{"title":"Saadikuklubi toimunud \u00fcritused - Estonian Convention Bureau","robots":{"index":"index","follow":"follow","max-snippet":"max-snippet:-1","max-image-preview":"max-image-preview:large","max-video-preview":"max-video-preview:-1"},"canonical":"https:\/\/www.ecb.ee\/et\/saadikuklubi\/saadikuklubi-uritused\/","og_locale":"et_EE","og_type":"article","og_title":"Saadikuklubi toimunud \u00fcritused - Estonian Convention Bureau","og_description":"Korraldame igal aastal Konverentsisaadiku klubis osalejatele mitmeid eksklusiivseid \u00fcritusi, et tutvustada uusi atraktiivseid konverentsikohti,\u00a0 p\u00f5nevaid vaba-aja programme, konverentsimaailma trende ning jagada kasulikke kogemusi ja n\u00e4pun\u00e4iteid neilt saadikutelt, kes juba on oma rahvusvahelise konverentsi Eestis korraldanud. Saadikuklubi \u00fcritused toimuvad nii Tallinnas kui Tartus. \u00dcritustel osalemiseks\u00a0liituge meie saadikuklubiga! Toimunud \u00fcritused 2026 16. veebruar, Tallinna Raekoda &#8211; Tallinna [&hellip;]","og_url":"https:\/\/www.ecb.ee\/et\/saadikuklubi\/saadikuklubi-uritused\/","og_site_name":"Estonian Convention Bureau","article_modified_time":"2026-03-04T13:42:19+00:00","og_image":[{"width":2560,"height":1708,"url":"https:\/\/www.ecb.ee\/wp-content\/uploads\/2023\/11\/2023ECB_133-scaled.jpg","type":"image\/jpeg"}],"twitter_card":"summary_large_image","twitter_misc":{"Est. reading time":"3 minutit"},"schema":{"@context":"https:\/\/schema.org","@graph":[{"@type":"WebPage","@id":"https:\/\/www.ecb.ee\/et\/saadikuklubi\/saadikuklubi-uritused\/","url":"https:\/\/www.ecb.ee\/et\/saadikuklubi\/saadikuklubi-uritused\/","name":"Saadikuklubi toimunud \u00fcritused - Estonian Convention Bureau","isPartOf":{"@id":"https:\/\/www.ecb.ee\/#website"},"primaryImageOfPage":{"@id":"https:\/\/www.ecb.ee\/et\/saadikuklubi\/saadikuklubi-uritused\/#primaryimage"},"image":{"@id":"https:\/\/www.ecb.ee\/et\/saadikuklubi\/saadikuklubi-uritused\/#primaryimage"},"thumbnailUrl":"https:\/\/www.ecb.ee\/wp-content\/uploads\/2023\/11\/2023ECB_133-scaled.jpg","datePublished":"2021-01-10T11:25:24+00:00","dateModified":"2026-03-04T13:42:19+00:00","breadcrumb":{"@id":"https:\/\/www.ecb.ee\/et\/saadikuklubi\/saadikuklubi-uritused\/#breadcrumb"},"inLanguage":"et","potentialAction":[{"@type":"ReadAction","target":["https:\/\/www.ecb.ee\/et\/saadikuklubi\/saadikuklubi-uritused\/"]}]},{"@type":"ImageObject","inLanguage":"et","@id":"https:\/\/www.ecb.ee\/et\/saadikuklubi\/saadikuklubi-uritused\/#primaryimage","url":"https:\/\/www.ecb.ee\/wp-content\/uploads\/2023\/11\/2023ECB_133-scaled.jpg","contentUrl":"https:\/\/www.ecb.ee\/wp-content\/uploads\/2023\/11\/2023ECB_133-scaled.jpg","width":2560,"height":1708},{"@type":"BreadcrumbList","@id":"https:\/\/www.ecb.ee\/et\/saadikuklubi\/saadikuklubi-uritused\/#breadcrumb","itemListElement":[{"@type":"ListItem","position":1,"name":"Home","item":"https:\/\/www.ecb.ee\/et\/"},{"@type":"ListItem","position":2,"name":"Saadikuklubi","item":"https:\/\/www.ecb.ee\/et\/saadikuklubi\/"},{"@type":"ListItem","position":3,"name":"Saadikuklubi toimunud \u00fcritused"}]},{"@type":"WebSite","@id":"https:\/\/www.ecb.ee\/#website","url":"https:\/\/www.ecb.ee\/","name":"Estonian Convention Bureau","description":"","publisher":{"@id":"https:\/\/www.ecb.ee\/#organization"},"potentialAction":[{"@type":"SearchAction","target":{"@type":"EntryPoint","urlTemplate":"https:\/\/www.ecb.ee\/?s={search_term_string}"},"query-input":{"@type":"PropertyValueSpecification","valueRequired":true,"valueName":"search_term_string"}}],"inLanguage":"et"},{"@type":"Organization","@id":"https:\/\/www.ecb.ee\/#organization","name":"Estonian Convention Bureau","url":"https:\/\/www.ecb.ee\/","logo":{"@type":"ImageObject","inLanguage":"et","@id":"https:\/\/www.ecb.ee\/#\/schema\/logo\/image\/","url":"https:\/\/www.ecb.ee\/wp-content\/uploads\/2020\/12\/site_logo.svg","contentUrl":"https:\/\/www.ecb.ee\/wp-content\/uploads\/2020\/12\/site_logo.svg","caption":"Estonian Convention Bureau"},"image":{"@id":"https:\/\/www.ecb.ee\/#\/schema\/logo\/image\/"}}]}},"_links":{"self":[{"href":"https:\/\/www.ecb.ee\/et\/wp-json\/wp\/v2\/pages\/15619","targetHints":{"allow":["GET"]}}],"collection":[{"href":"https:\/\/www.ecb.ee\/et\/wp-json\/wp\/v2\/pages"}],"about":[{"href":"https:\/\/www.ecb.ee\/et\/wp-json\/wp\/v2\/types\/page"}],"author":[{"embeddable":true,"href":"https:\/\/www.ecb.ee\/et\/wp-json\/wp\/v2\/users\/2"}],"replies":[{"embeddable":true,"href":"https:\/\/www.ecb.ee\/et\/wp-json\/wp\/v2\/comments?post=15619"}],"version-history":[{"count":41,"href":"https:\/\/www.ecb.ee\/et\/wp-json\/wp\/v2\/pages\/15619\/revisions"}],"predecessor-version":[{"id":45444,"href":"https:\/\/www.ecb.ee\/et\/wp-json\/wp\/v2\/pages\/15619\/revisions\/45444"}],"up":[{"embeddable":true,"href":"https:\/\/www.ecb.ee\/et\/wp-json\/wp\/v2\/pages\/15579"}],"wp:featuredmedia":[{"embeddable":true,"href":"https:\/\/www.ecb.ee\/et\/wp-json\/wp\/v2\/media\/31490"}],"wp:attachment":[{"href":"https:\/\/www.ecb.ee\/et\/wp-json\/wp\/v2\/media?parent=15619"}],"curies":[{"name":"wp","href":"https:\/\/api.w.org\/{rel}","templated":true}]}}