{"id":15618,"date":"2021-01-10T11:27:27","date_gmt":"2021-01-10T11:27:27","guid":{"rendered":"https:\/\/www.ecb.ee\/?page_id=15618"},"modified":"2021-04-01T10:49:55","modified_gmt":"2021-04-01T10:49:55","slug":"saadikuklubi-tutvustus","status":"publish","type":"page","link":"https:\/\/www.ecb.ee\/et\/saadikuklubi\/saadikuklubi-tutvustus\/","title":{"rendered":"Saadikuklubi tutvustus"},"content":{"rendered":"<div class=\"wrapper\">\n<div class=\"main-content__helper\">\n<div class=\"container\">\n<div class=\"row\">\n<div class=\"col-md-10 col-md-offset-1\">\n<p>&nbsp;<\/p>\n<article class=\"main-content__section\">\n<h2 class=\"main-content__title brand-red\">Konverentsisaadiku klubi<\/h2>\n<p>Toetamaks k\u00f5iki konverentsikorraldajaid, kes organiseerivad Eestis rahvusvahelisi konverentse v\u00f5i on huvitatud oma erialas\u00fcndmuse Eestisse kutsumisest, on Eesti Konverentsib\u00fcroo loonud Eesti Konverentsisaadiku Klubi. Eesti Konverentsisaadiku programmis osaleja on oma eriala (tipp)spetsialist, kes osaleb regulaarselt oma valdkonna rahvusvahelistes koost\u00f6\u00f6projektides ning soovib tuua \u00fchenduse konverentsi Eestisse.<\/p>\n<p><b>Konverentsisaadiku Klubi\u00a0<\/b><em>(inglise keeles \u201cAmbassador Program\u201d)\u00a0<\/em>idee on toetada ja tunnustada konverentside korraldajaid, kes oma erialas\u00fcndmuse Eestisse toomisega juhivad t\u00e4helepanu Eestile kui teaduskeskusele ning aitavad Eestit kui konverentsisihtkohta tuntumaks teha. Klubi eesm\u00e4rgiks on jagada infot uutest p\u00f5nevatest toimumiskohtadest, pakkuda huvilistele konverentside korraldamise alast koolitust ja temaatilisi seminare. Osalejatel on v\u00f5imalus saada uusi teadmisi, h\u00e4id n\u00f5uandeid, jagada vastastikuseid kogemusi,\u00a0 osaleda saadikutele korraldatavatel eksklusiivsetel \u00fcritustel. Saadikuklubi tegevused toimuvad koost\u00f6\u00f6s Tallinna Konverentsiturismi b\u00fcroo ja Tartu Konverentsib\u00fcrooga.<\/p>\n<div align=\"justify\">\n<h3 class=\"brand-red\">Saadikuklubi\u00a0 tegevused<\/h3>\n<p>Klubi jaguneb asukohaj\u00e4rgselt\u00a0<strong>Tartu Konverentsisaadik<\/strong>\u00a0ja\u00a0<strong>Tallinna Konverentsisaadik,<\/strong>\u00a0konverentsisaadikutele m\u00f5eldud eksklusiivsed \u00fcritused toimuvad m\u00f5lemas linnas. Kutsutakse k\u00fclla eriala eksperte, tutvustatakse uusi konverentsikohti ja p\u00f5nevaid vaba-ajaprogramme, jagatakse praktilisi konverentsi korraldamise kogemusi. Toimunud \u00fcritusi n\u00e4eb\u00a0<a href=\"https:\/\/www.ecb.ee\/et\/saadikuklubi\/saadikuklubi-uritused\/\" target=\"_blank\" rel=\"noopener noreferrer\">siit<\/a>.<\/p>\n<h3 class=\"brand-red\">Konverentsisaadiku klubiga liitumine<\/h3>\n<div>Saadikuklubiga on oodatud liituma k\u00f5ik, kes soovivad tulevikus oma eriala konverentsi Eestisse tuua v\u00f5i kes on juba Eestis rahvusvahelist konverentsi korraldamas.\u00a0 Konverentsisaadikuks on oodatud ka k\u00f5ik need, kes soovivad juhtida (rahvusvahelist) t\u00e4helepanu oma teadusharule v\u00f5i tegevusele ja olla kasulikud oma organisatsioonile, erialale v\u00f5i linnale. Saadikuklubis osalemine on tasuta.<\/div>\n<p>Liitumiseks palume t\u00e4ita\u00a0<a title=\"Liitumisankeet\" href=\"http:\/\/www.ecb.ee\/et\/saadikuprogramm\/liitu-saadikuklubiga\/\" target=\"_blank\" rel=\"noopener noreferrer\">liitumisankeet<\/a>.<\/p>\n<p>Klubi kohta lisainfo saamiseks palume meiega \u00fchendust v\u00f5tta telefonil 6 450 086 v\u00f5i\u00a0 emailil\u00a0<a>info@ecb.ee<\/a><\/p>\n<p>&nbsp;<\/p>\n<\/div>\n<h3 class=\"brand-red\">Tule ja osale Konverentsisaadiku Klubis! Saadikuklubi aitab teil muuta head ideed meeldej\u00e4\u00e4vateks konverentsideks<\/h3>\n<\/article>\n<p>&nbsp;<\/p>\n<\/div>\n<\/div>\n<\/div>\n<\/div>\n<\/div>\n<footer class=\"main-footer\">\n<div class=\"container\">\n<div class=\"row\">\n<div class=\"col-xs-12 col-md-4\">\n<div class=\"main-footer__social\"><a class=\"social-link social-link_fb\" href=\"https:\/\/www.facebook.com\/pages\/Estonian-Convention-Bureau\/355217361171055\" target=\"_blank\" rel=\"noopener noreferrer\"><span class=\"sr-only\">Facebook<\/span><\/a><a class=\"social-link social-link_li\" href=\"https:\/\/www.linkedin.com\/company\/estonian-convention-bureau\/\" target=\"_blank\" rel=\"noopener noreferrer\"><span class=\"sr-only\">G+<\/span><\/a><a class=\"social-link social-link_yt\" href=\"https:\/\/www.youtube.com\/channel\/UCtmmdJ3-jhX-o_dCqWRYcfg\/featured\" target=\"_blank\" rel=\"noopener noreferrer\"><span class=\"sr-only\">Youtube<\/span><\/a><a class=\"social-link social-link_in\" href=\"http:\/\/www.instagram.com\/estonian_cvb\/\" target=\"_blank\" rel=\"noopener noreferrer\"><span class=\"sr-only\">Instagram<\/span><\/a><\/div>\n<\/div>\n<div class=\"col-xs-12 col-md-4\">\n<p class=\"main-footer__contact\">\n<\/div>\n<\/div>\n<\/div>\n<\/footer>\n","protected":false},"excerpt":{"rendered":"<p>&nbsp; Konverentsisaadiku klubi Toetamaks k\u00f5iki konverentsikorraldajaid, kes organiseerivad Eestis rahvusvahelisi konverentse v\u00f5i on huvitatud oma erialas\u00fcndmuse Eestisse kutsumisest, on Eesti Konverentsib\u00fcroo loonud Eesti Konverentsisaadiku Klubi. Eesti Konverentsisaadiku programmis osaleja on oma eriala (tipp)spetsialist, kes osaleb regulaarselt oma valdkonna rahvusvahelistes koost\u00f6\u00f6projektides ning soovib tuua \u00fchenduse konverentsi Eestisse. Konverentsisaadiku Klubi\u00a0(inglise keeles \u201cAmbassador Program\u201d)\u00a0idee on toetada ja tunnustada [&hellip;]<\/p>\n","protected":false},"author":2,"featured_media":0,"parent":15579,"menu_order":134,"comment_status":"closed","ping_status":"closed","template":"","meta":{"_acf_changed":false,"footnotes":""},"class_list":["post-15618","page","type-page","status-publish","hentry"],"acf":[],"yoast_head":"<!-- This site is optimized with the Yoast SEO plugin v27.5 - https:\/\/yoast.com\/product\/yoast-seo-wordpress\/ -->\n<title>Saadikuklubi tutvustus - Estonian Convention Bureau<\/title>\n<meta name=\"robots\" content=\"index, follow, max-snippet:-1, max-image-preview:large, max-video-preview:-1\" \/>\n<link rel=\"canonical\" href=\"https:\/\/www.ecb.ee\/et\/saadikuklubi\/saadikuklubi-tutvustus\/\" \/>\n<meta property=\"og:locale\" content=\"et_EE\" \/>\n<meta property=\"og:type\" content=\"article\" \/>\n<meta property=\"og:title\" content=\"Saadikuklubi tutvustus - Estonian Convention Bureau\" \/>\n<meta property=\"og:description\" content=\"&nbsp; Konverentsisaadiku klubi Toetamaks k\u00f5iki konverentsikorraldajaid, kes organiseerivad Eestis rahvusvahelisi konverentse v\u00f5i on huvitatud oma erialas\u00fcndmuse Eestisse kutsumisest, on Eesti Konverentsib\u00fcroo loonud Eesti Konverentsisaadiku Klubi. Eesti Konverentsisaadiku programmis osaleja on oma eriala (tipp)spetsialist, kes osaleb regulaarselt oma valdkonna rahvusvahelistes koost\u00f6\u00f6projektides ning soovib tuua \u00fchenduse konverentsi Eestisse. Konverentsisaadiku Klubi\u00a0(inglise keeles \u201cAmbassador Program\u201d)\u00a0idee on toetada ja tunnustada [&hellip;]\" \/>\n<meta property=\"og:url\" content=\"https:\/\/www.ecb.ee\/et\/saadikuklubi\/saadikuklubi-tutvustus\/\" \/>\n<meta property=\"og:site_name\" content=\"Estonian Convention Bureau\" \/>\n<meta property=\"article:modified_time\" content=\"2021-04-01T10:49:55+00:00\" \/>\n<meta name=\"twitter:card\" content=\"summary_large_image\" \/>\n<meta name=\"twitter:label1\" content=\"Est. reading time\" \/>\n\t<meta name=\"twitter:data1\" content=\"2 minutit\" \/>\n<script type=\"application\/ld+json\" class=\"yoast-schema-graph\">{\"@context\":\"https:\\\/\\\/schema.org\",\"@graph\":[{\"@type\":\"WebPage\",\"@id\":\"https:\\\/\\\/www.ecb.ee\\\/et\\\/saadikuklubi\\\/saadikuklubi-tutvustus\\\/\",\"url\":\"https:\\\/\\\/www.ecb.ee\\\/et\\\/saadikuklubi\\\/saadikuklubi-tutvustus\\\/\",\"name\":\"Saadikuklubi tutvustus - Estonian Convention Bureau\",\"isPartOf\":{\"@id\":\"https:\\\/\\\/www.ecb.ee\\\/#website\"},\"datePublished\":\"2021-01-10T11:27:27+00:00\",\"dateModified\":\"2021-04-01T10:49:55+00:00\",\"breadcrumb\":{\"@id\":\"https:\\\/\\\/www.ecb.ee\\\/et\\\/saadikuklubi\\\/saadikuklubi-tutvustus\\\/#breadcrumb\"},\"inLanguage\":\"et\",\"potentialAction\":[{\"@type\":\"ReadAction\",\"target\":[\"https:\\\/\\\/www.ecb.ee\\\/et\\\/saadikuklubi\\\/saadikuklubi-tutvustus\\\/\"]}]},{\"@type\":\"BreadcrumbList\",\"@id\":\"https:\\\/\\\/www.ecb.ee\\\/et\\\/saadikuklubi\\\/saadikuklubi-tutvustus\\\/#breadcrumb\",\"itemListElement\":[{\"@type\":\"ListItem\",\"position\":1,\"name\":\"Home\",\"item\":\"https:\\\/\\\/www.ecb.ee\\\/et\\\/\"},{\"@type\":\"ListItem\",\"position\":2,\"name\":\"Saadikuklubi\",\"item\":\"https:\\\/\\\/www.ecb.ee\\\/et\\\/saadikuklubi\\\/\"},{\"@type\":\"ListItem\",\"position\":3,\"name\":\"Saadikuklubi tutvustus\"}]},{\"@type\":\"WebSite\",\"@id\":\"https:\\\/\\\/www.ecb.ee\\\/#website\",\"url\":\"https:\\\/\\\/www.ecb.ee\\\/\",\"name\":\"Estonian Convention Bureau\",\"description\":\"\",\"publisher\":{\"@id\":\"https:\\\/\\\/www.ecb.ee\\\/#organization\"},\"potentialAction\":[{\"@type\":\"SearchAction\",\"target\":{\"@type\":\"EntryPoint\",\"urlTemplate\":\"https:\\\/\\\/www.ecb.ee\\\/?s={search_term_string}\"},\"query-input\":{\"@type\":\"PropertyValueSpecification\",\"valueRequired\":true,\"valueName\":\"search_term_string\"}}],\"inLanguage\":\"et\"},{\"@type\":\"Organization\",\"@id\":\"https:\\\/\\\/www.ecb.ee\\\/#organization\",\"name\":\"Estonian Convention Bureau\",\"url\":\"https:\\\/\\\/www.ecb.ee\\\/\",\"logo\":{\"@type\":\"ImageObject\",\"inLanguage\":\"et\",\"@id\":\"https:\\\/\\\/www.ecb.ee\\\/#\\\/schema\\\/logo\\\/image\\\/\",\"url\":\"https:\\\/\\\/www.ecb.ee\\\/wp-content\\\/uploads\\\/2020\\\/12\\\/site_logo.svg\",\"contentUrl\":\"https:\\\/\\\/www.ecb.ee\\\/wp-content\\\/uploads\\\/2020\\\/12\\\/site_logo.svg\",\"caption\":\"Estonian Convention Bureau\"},\"image\":{\"@id\":\"https:\\\/\\\/www.ecb.ee\\\/#\\\/schema\\\/logo\\\/image\\\/\"}}]}<\/script>\n<!-- \/ Yoast SEO plugin. -->","yoast_head_json":{"title":"Saadikuklubi tutvustus - Estonian Convention Bureau","robots":{"index":"index","follow":"follow","max-snippet":"max-snippet:-1","max-image-preview":"max-image-preview:large","max-video-preview":"max-video-preview:-1"},"canonical":"https:\/\/www.ecb.ee\/et\/saadikuklubi\/saadikuklubi-tutvustus\/","og_locale":"et_EE","og_type":"article","og_title":"Saadikuklubi tutvustus - Estonian Convention Bureau","og_description":"&nbsp; Konverentsisaadiku klubi Toetamaks k\u00f5iki konverentsikorraldajaid, kes organiseerivad Eestis rahvusvahelisi konverentse v\u00f5i on huvitatud oma erialas\u00fcndmuse Eestisse kutsumisest, on Eesti Konverentsib\u00fcroo loonud Eesti Konverentsisaadiku Klubi. Eesti Konverentsisaadiku programmis osaleja on oma eriala (tipp)spetsialist, kes osaleb regulaarselt oma valdkonna rahvusvahelistes koost\u00f6\u00f6projektides ning soovib tuua \u00fchenduse konverentsi Eestisse. Konverentsisaadiku Klubi\u00a0(inglise keeles \u201cAmbassador Program\u201d)\u00a0idee on toetada ja tunnustada [&hellip;]","og_url":"https:\/\/www.ecb.ee\/et\/saadikuklubi\/saadikuklubi-tutvustus\/","og_site_name":"Estonian Convention Bureau","article_modified_time":"2021-04-01T10:49:55+00:00","twitter_card":"summary_large_image","twitter_misc":{"Est. reading time":"2 minutit"},"schema":{"@context":"https:\/\/schema.org","@graph":[{"@type":"WebPage","@id":"https:\/\/www.ecb.ee\/et\/saadikuklubi\/saadikuklubi-tutvustus\/","url":"https:\/\/www.ecb.ee\/et\/saadikuklubi\/saadikuklubi-tutvustus\/","name":"Saadikuklubi tutvustus - Estonian Convention Bureau","isPartOf":{"@id":"https:\/\/www.ecb.ee\/#website"},"datePublished":"2021-01-10T11:27:27+00:00","dateModified":"2021-04-01T10:49:55+00:00","breadcrumb":{"@id":"https:\/\/www.ecb.ee\/et\/saadikuklubi\/saadikuklubi-tutvustus\/#breadcrumb"},"inLanguage":"et","potentialAction":[{"@type":"ReadAction","target":["https:\/\/www.ecb.ee\/et\/saadikuklubi\/saadikuklubi-tutvustus\/"]}]},{"@type":"BreadcrumbList","@id":"https:\/\/www.ecb.ee\/et\/saadikuklubi\/saadikuklubi-tutvustus\/#breadcrumb","itemListElement":[{"@type":"ListItem","position":1,"name":"Home","item":"https:\/\/www.ecb.ee\/et\/"},{"@type":"ListItem","position":2,"name":"Saadikuklubi","item":"https:\/\/www.ecb.ee\/et\/saadikuklubi\/"},{"@type":"ListItem","position":3,"name":"Saadikuklubi tutvustus"}]},{"@type":"WebSite","@id":"https:\/\/www.ecb.ee\/#website","url":"https:\/\/www.ecb.ee\/","name":"Estonian Convention Bureau","description":"","publisher":{"@id":"https:\/\/www.ecb.ee\/#organization"},"potentialAction":[{"@type":"SearchAction","target":{"@type":"EntryPoint","urlTemplate":"https:\/\/www.ecb.ee\/?s={search_term_string}"},"query-input":{"@type":"PropertyValueSpecification","valueRequired":true,"valueName":"search_term_string"}}],"inLanguage":"et"},{"@type":"Organization","@id":"https:\/\/www.ecb.ee\/#organization","name":"Estonian Convention Bureau","url":"https:\/\/www.ecb.ee\/","logo":{"@type":"ImageObject","inLanguage":"et","@id":"https:\/\/www.ecb.ee\/#\/schema\/logo\/image\/","url":"https:\/\/www.ecb.ee\/wp-content\/uploads\/2020\/12\/site_logo.svg","contentUrl":"https:\/\/www.ecb.ee\/wp-content\/uploads\/2020\/12\/site_logo.svg","caption":"Estonian Convention Bureau"},"image":{"@id":"https:\/\/www.ecb.ee\/#\/schema\/logo\/image\/"}}]}},"_links":{"self":[{"href":"https:\/\/www.ecb.ee\/et\/wp-json\/wp\/v2\/pages\/15618","targetHints":{"allow":["GET"]}}],"collection":[{"href":"https:\/\/www.ecb.ee\/et\/wp-json\/wp\/v2\/pages"}],"about":[{"href":"https:\/\/www.ecb.ee\/et\/wp-json\/wp\/v2\/types\/page"}],"author":[{"embeddable":true,"href":"https:\/\/www.ecb.ee\/et\/wp-json\/wp\/v2\/users\/2"}],"replies":[{"embeddable":true,"href":"https:\/\/www.ecb.ee\/et\/wp-json\/wp\/v2\/comments?post=15618"}],"version-history":[{"count":4,"href":"https:\/\/www.ecb.ee\/et\/wp-json\/wp\/v2\/pages\/15618\/revisions"}],"predecessor-version":[{"id":20144,"href":"https:\/\/www.ecb.ee\/et\/wp-json\/wp\/v2\/pages\/15618\/revisions\/20144"}],"up":[{"embeddable":true,"href":"https:\/\/www.ecb.ee\/et\/wp-json\/wp\/v2\/pages\/15579"}],"wp:attachment":[{"href":"https:\/\/www.ecb.ee\/et\/wp-json\/wp\/v2\/media?parent=15618"}],"curies":[{"name":"wp","href":"https:\/\/api.w.org\/{rel}","templated":true}]}}