{"id":15613,"date":"2021-01-10T11:16:07","date_gmt":"2021-01-10T11:16:07","guid":{"rendered":"https:\/\/www.ecb.ee\/aasta-konverentsitegu-auhind\/"},"modified":"2025-11-04T12:54:30","modified_gmt":"2025-11-04T12:54:30","slug":"aasta-konverentsitegu-auhind","status":"publish","type":"page","link":"https:\/\/www.ecb.ee\/et\/saadikuklubi\/aasta-konverentsitegu-auhind\/","title":{"rendered":"Aasta Konverentsitegu auhind"},"content":{"rendered":"<p style=\"font-weight: 400;\">\u201cAasta Konverentsitegu\u201d on Eesti Konverentsib\u00fcroo poolt v\u00e4lja antav tunnustus, mis omistatakse eelneval aastal Eestis toimunud silmapaistvale rahvusvahelisele konverentsile. Aasta Konverentsitegu tiitli on p\u00e4lvinud konverentsid, mille toimumine Eestis on olnud m\u00e4rkimisv\u00e4\u00e4rne s\u00fcndmus ning mille korraldamine on toonud olulist kasu selle l\u00e4biviijale, valdkonnale laiemalt ning Eesti konverentsiturismi teenusepakkujatele. Laureaadid on silma paistnud m\u00e4rkimisv\u00e4\u00e4rselt suure osav\u00f5tjate ja v\u00e4lisk\u00fclaliste arvuga, loovate ja leidlike konverentsilahenduste ning mahukate erialaste ja sotsiaalprogrammidega.<\/p>\n<p style=\"font-weight: 400;\">Aasta Konverentsitegu tiitli p\u00e4lvija valivad MT\u00dc Eesti Konverentsib\u00fcroo liikmed ning v\u00f5itja kuulutatakse v\u00e4lja ja tunnustus antakse \u00fcle veebruaris toimuvatel konverentsisaadikute programmi pidulikel t\u00e4nu\u00fcritustel Tallinnas ja Tartus.<\/p>\n<hr class=\"brand-red\" \/>\n<h5 class=\"main-content__title brand-red\">Tutvu Aasta Konverentsitegu auhinna varasemate v\u00f5itjatega <a href=\"https:\/\/www.ecb.ee\/et\/aasta-konverentsitegu-auhinna-varasemad-voitjad\/\">siin<\/a>.<\/h5>\n","protected":false},"excerpt":{"rendered":"<p>\u201cAasta Konverentsitegu\u201d on Eesti Konverentsib\u00fcroo poolt v\u00e4lja antav tunnustus, mis omistatakse eelneval aastal Eestis toimunud silmapaistvale rahvusvahelisele konverentsile. Aasta Konverentsitegu tiitli on p\u00e4lvinud konverentsid, mille toimumine Eestis on olnud m\u00e4rkimisv\u00e4\u00e4rne s\u00fcndmus ning mille korraldamine on toonud olulist kasu selle l\u00e4biviijale, valdkonnale laiemalt ning Eesti konverentsiturismi teenusepakkujatele. Laureaadid on silma paistnud m\u00e4rkimisv\u00e4\u00e4rselt suure osav\u00f5tjate ja v\u00e4lisk\u00fclaliste [&hellip;]<\/p>\n","protected":false},"author":2,"featured_media":0,"parent":15579,"menu_order":132,"comment_status":"closed","ping_status":"closed","template":"","meta":{"_acf_changed":false,"footnotes":""},"class_list":["post-15613","page","type-page","status-publish","hentry"],"acf":[],"yoast_head":"<!-- This site is optimized with the Yoast SEO plugin v27.5 - https:\/\/yoast.com\/product\/yoast-seo-wordpress\/ -->\n<title>Aasta Konverentsitegu auhind - Estonian Convention Bureau<\/title>\n<meta name=\"robots\" content=\"index, follow, max-snippet:-1, max-image-preview:large, max-video-preview:-1\" \/>\n<link rel=\"canonical\" href=\"https:\/\/www.ecb.ee\/et\/saadikuklubi\/aasta-konverentsitegu-auhind\/\" \/>\n<meta property=\"og:locale\" content=\"et_EE\" \/>\n<meta property=\"og:type\" content=\"article\" \/>\n<meta property=\"og:title\" content=\"Aasta Konverentsitegu auhind - Estonian Convention Bureau\" \/>\n<meta property=\"og:description\" content=\"\u201cAasta Konverentsitegu\u201d on Eesti Konverentsib\u00fcroo poolt v\u00e4lja antav tunnustus, mis omistatakse eelneval aastal Eestis toimunud silmapaistvale rahvusvahelisele konverentsile. Aasta Konverentsitegu tiitli on p\u00e4lvinud konverentsid, mille toimumine Eestis on olnud m\u00e4rkimisv\u00e4\u00e4rne s\u00fcndmus ning mille korraldamine on toonud olulist kasu selle l\u00e4biviijale, valdkonnale laiemalt ning Eesti konverentsiturismi teenusepakkujatele. Laureaadid on silma paistnud m\u00e4rkimisv\u00e4\u00e4rselt suure osav\u00f5tjate ja v\u00e4lisk\u00fclaliste [&hellip;]\" \/>\n<meta property=\"og:url\" content=\"https:\/\/www.ecb.ee\/et\/saadikuklubi\/aasta-konverentsitegu-auhind\/\" \/>\n<meta property=\"og:site_name\" content=\"Estonian Convention Bureau\" \/>\n<meta property=\"article:modified_time\" content=\"2025-11-04T12:54:30+00:00\" \/>\n<meta name=\"twitter:card\" content=\"summary_large_image\" \/>\n<meta name=\"twitter:label1\" content=\"Est. reading time\" \/>\n\t<meta name=\"twitter:data1\" content=\"1 minut\" \/>\n<script type=\"application\/ld+json\" class=\"yoast-schema-graph\">{\"@context\":\"https:\\\/\\\/schema.org\",\"@graph\":[{\"@type\":\"WebPage\",\"@id\":\"https:\\\/\\\/www.ecb.ee\\\/et\\\/saadikuklubi\\\/aasta-konverentsitegu-auhind\\\/\",\"url\":\"https:\\\/\\\/www.ecb.ee\\\/et\\\/saadikuklubi\\\/aasta-konverentsitegu-auhind\\\/\",\"name\":\"Aasta Konverentsitegu auhind - Estonian Convention Bureau\",\"isPartOf\":{\"@id\":\"https:\\\/\\\/www.ecb.ee\\\/#website\"},\"datePublished\":\"2021-01-10T11:16:07+00:00\",\"dateModified\":\"2025-11-04T12:54:30+00:00\",\"breadcrumb\":{\"@id\":\"https:\\\/\\\/www.ecb.ee\\\/et\\\/saadikuklubi\\\/aasta-konverentsitegu-auhind\\\/#breadcrumb\"},\"inLanguage\":\"et\",\"potentialAction\":[{\"@type\":\"ReadAction\",\"target\":[\"https:\\\/\\\/www.ecb.ee\\\/et\\\/saadikuklubi\\\/aasta-konverentsitegu-auhind\\\/\"]}]},{\"@type\":\"BreadcrumbList\",\"@id\":\"https:\\\/\\\/www.ecb.ee\\\/et\\\/saadikuklubi\\\/aasta-konverentsitegu-auhind\\\/#breadcrumb\",\"itemListElement\":[{\"@type\":\"ListItem\",\"position\":1,\"name\":\"Home\",\"item\":\"https:\\\/\\\/www.ecb.ee\\\/et\\\/\"},{\"@type\":\"ListItem\",\"position\":2,\"name\":\"Saadikuklubi\",\"item\":\"https:\\\/\\\/www.ecb.ee\\\/et\\\/saadikuklubi\\\/\"},{\"@type\":\"ListItem\",\"position\":3,\"name\":\"Aasta Konverentsitegu auhind\"}]},{\"@type\":\"WebSite\",\"@id\":\"https:\\\/\\\/www.ecb.ee\\\/#website\",\"url\":\"https:\\\/\\\/www.ecb.ee\\\/\",\"name\":\"Estonian Convention Bureau\",\"description\":\"\",\"publisher\":{\"@id\":\"https:\\\/\\\/www.ecb.ee\\\/#organization\"},\"potentialAction\":[{\"@type\":\"SearchAction\",\"target\":{\"@type\":\"EntryPoint\",\"urlTemplate\":\"https:\\\/\\\/www.ecb.ee\\\/?s={search_term_string}\"},\"query-input\":{\"@type\":\"PropertyValueSpecification\",\"valueRequired\":true,\"valueName\":\"search_term_string\"}}],\"inLanguage\":\"et\"},{\"@type\":\"Organization\",\"@id\":\"https:\\\/\\\/www.ecb.ee\\\/#organization\",\"name\":\"Estonian Convention Bureau\",\"url\":\"https:\\\/\\\/www.ecb.ee\\\/\",\"logo\":{\"@type\":\"ImageObject\",\"inLanguage\":\"et\",\"@id\":\"https:\\\/\\\/www.ecb.ee\\\/#\\\/schema\\\/logo\\\/image\\\/\",\"url\":\"https:\\\/\\\/www.ecb.ee\\\/wp-content\\\/uploads\\\/2020\\\/12\\\/site_logo.svg\",\"contentUrl\":\"https:\\\/\\\/www.ecb.ee\\\/wp-content\\\/uploads\\\/2020\\\/12\\\/site_logo.svg\",\"caption\":\"Estonian Convention Bureau\"},\"image\":{\"@id\":\"https:\\\/\\\/www.ecb.ee\\\/#\\\/schema\\\/logo\\\/image\\\/\"}}]}<\/script>\n<!-- \/ Yoast SEO plugin. -->","yoast_head_json":{"title":"Aasta Konverentsitegu auhind - Estonian Convention Bureau","robots":{"index":"index","follow":"follow","max-snippet":"max-snippet:-1","max-image-preview":"max-image-preview:large","max-video-preview":"max-video-preview:-1"},"canonical":"https:\/\/www.ecb.ee\/et\/saadikuklubi\/aasta-konverentsitegu-auhind\/","og_locale":"et_EE","og_type":"article","og_title":"Aasta Konverentsitegu auhind - Estonian Convention Bureau","og_description":"\u201cAasta Konverentsitegu\u201d on Eesti Konverentsib\u00fcroo poolt v\u00e4lja antav tunnustus, mis omistatakse eelneval aastal Eestis toimunud silmapaistvale rahvusvahelisele konverentsile. Aasta Konverentsitegu tiitli on p\u00e4lvinud konverentsid, mille toimumine Eestis on olnud m\u00e4rkimisv\u00e4\u00e4rne s\u00fcndmus ning mille korraldamine on toonud olulist kasu selle l\u00e4biviijale, valdkonnale laiemalt ning Eesti konverentsiturismi teenusepakkujatele. Laureaadid on silma paistnud m\u00e4rkimisv\u00e4\u00e4rselt suure osav\u00f5tjate ja v\u00e4lisk\u00fclaliste [&hellip;]","og_url":"https:\/\/www.ecb.ee\/et\/saadikuklubi\/aasta-konverentsitegu-auhind\/","og_site_name":"Estonian Convention Bureau","article_modified_time":"2025-11-04T12:54:30+00:00","twitter_card":"summary_large_image","twitter_misc":{"Est. reading time":"1 minut"},"schema":{"@context":"https:\/\/schema.org","@graph":[{"@type":"WebPage","@id":"https:\/\/www.ecb.ee\/et\/saadikuklubi\/aasta-konverentsitegu-auhind\/","url":"https:\/\/www.ecb.ee\/et\/saadikuklubi\/aasta-konverentsitegu-auhind\/","name":"Aasta Konverentsitegu auhind - Estonian Convention Bureau","isPartOf":{"@id":"https:\/\/www.ecb.ee\/#website"},"datePublished":"2021-01-10T11:16:07+00:00","dateModified":"2025-11-04T12:54:30+00:00","breadcrumb":{"@id":"https:\/\/www.ecb.ee\/et\/saadikuklubi\/aasta-konverentsitegu-auhind\/#breadcrumb"},"inLanguage":"et","potentialAction":[{"@type":"ReadAction","target":["https:\/\/www.ecb.ee\/et\/saadikuklubi\/aasta-konverentsitegu-auhind\/"]}]},{"@type":"BreadcrumbList","@id":"https:\/\/www.ecb.ee\/et\/saadikuklubi\/aasta-konverentsitegu-auhind\/#breadcrumb","itemListElement":[{"@type":"ListItem","position":1,"name":"Home","item":"https:\/\/www.ecb.ee\/et\/"},{"@type":"ListItem","position":2,"name":"Saadikuklubi","item":"https:\/\/www.ecb.ee\/et\/saadikuklubi\/"},{"@type":"ListItem","position":3,"name":"Aasta Konverentsitegu auhind"}]},{"@type":"WebSite","@id":"https:\/\/www.ecb.ee\/#website","url":"https:\/\/www.ecb.ee\/","name":"Estonian Convention Bureau","description":"","publisher":{"@id":"https:\/\/www.ecb.ee\/#organization"},"potentialAction":[{"@type":"SearchAction","target":{"@type":"EntryPoint","urlTemplate":"https:\/\/www.ecb.ee\/?s={search_term_string}"},"query-input":{"@type":"PropertyValueSpecification","valueRequired":true,"valueName":"search_term_string"}}],"inLanguage":"et"},{"@type":"Organization","@id":"https:\/\/www.ecb.ee\/#organization","name":"Estonian Convention Bureau","url":"https:\/\/www.ecb.ee\/","logo":{"@type":"ImageObject","inLanguage":"et","@id":"https:\/\/www.ecb.ee\/#\/schema\/logo\/image\/","url":"https:\/\/www.ecb.ee\/wp-content\/uploads\/2020\/12\/site_logo.svg","contentUrl":"https:\/\/www.ecb.ee\/wp-content\/uploads\/2020\/12\/site_logo.svg","caption":"Estonian Convention Bureau"},"image":{"@id":"https:\/\/www.ecb.ee\/#\/schema\/logo\/image\/"}}]}},"_links":{"self":[{"href":"https:\/\/www.ecb.ee\/et\/wp-json\/wp\/v2\/pages\/15613","targetHints":{"allow":["GET"]}}],"collection":[{"href":"https:\/\/www.ecb.ee\/et\/wp-json\/wp\/v2\/pages"}],"about":[{"href":"https:\/\/www.ecb.ee\/et\/wp-json\/wp\/v2\/types\/page"}],"author":[{"embeddable":true,"href":"https:\/\/www.ecb.ee\/et\/wp-json\/wp\/v2\/users\/2"}],"replies":[{"embeddable":true,"href":"https:\/\/www.ecb.ee\/et\/wp-json\/wp\/v2\/comments?post=15613"}],"version-history":[{"count":16,"href":"https:\/\/www.ecb.ee\/et\/wp-json\/wp\/v2\/pages\/15613\/revisions"}],"predecessor-version":[{"id":43134,"href":"https:\/\/www.ecb.ee\/et\/wp-json\/wp\/v2\/pages\/15613\/revisions\/43134"}],"up":[{"embeddable":true,"href":"https:\/\/www.ecb.ee\/et\/wp-json\/wp\/v2\/pages\/15579"}],"wp:attachment":[{"href":"https:\/\/www.ecb.ee\/et\/wp-json\/wp\/v2\/media?parent=15613"}],"curies":[{"name":"wp","href":"https:\/\/api.w.org\/{rel}","templated":true}]}}