{"id":15579,"date":"2021-01-08T04:41:52","date_gmt":"2021-01-08T04:41:52","guid":{"rendered":"https:\/\/www.ecb.ee\/saadikuklubi\/"},"modified":"2026-01-08T11:29:08","modified_gmt":"2026-01-08T11:29:08","slug":"saadikuklubi","status":"publish","type":"page","link":"https:\/\/www.ecb.ee\/et\/saadikuklubi\/","title":{"rendered":"Saadikuklubi"},"content":{"rendered":"<p><strong>Konverentsisaadikute klubi<\/strong> \u00fchendab aktiivseid eesti spetsialiste ja teadlasi, kes on huvitatud oma valdkonna konverentside ja \u00fcrituste korraldamisest Eestis.\u00a0 Saadikuklubi idee on toetada\u00a0 konverentside korraldajaid, kes oma erialas\u00fcndmuse Eestisse toomisega juhivad t\u00e4helepanu Eestile kui teaduskeskusele ning aitavad Eestit kui konverentsisihtkohta tuntumaks teha.<\/p>\n<p>Korraldame saadikuklubis osalejatele\u00a0 <strong>regulaarselt p\u00f5nevaid \u00fcritusi, tutvumisk\u00fclask\u00e4ike<\/strong>\u00a0ja <strong>inspireerivaid kohtumisi<\/strong>. Tutvustame uusi konverentsideks ja \u00fcritusteks sobivaid kohti, huvitavaid vaba-ajaprogramme, kutsume k\u00fclla erialaeksperte, jagame praktilisi konverentsi korraldamise kogemusi. Osalejatel on v\u00f5imalus saada uusi teadmisi, h\u00e4id n\u00f5uandeid ja jagada vastastikuseid kogemusi. Saadikuklubi toimunud \u00fcrituste kohta saab rohkem infot <a href=\"https:\/\/www.ecb.ee\/et\/saadikuklubi\/saadikuklubi-uritused\/\" target=\"_blank\" rel=\"noopener noreferrer\">siit<\/a>.<\/p>\n<p>Saadikuklubi jaguneb asukohaj\u00e4rgselt <strong>Tartu Konverentsisaadik<\/strong>\u00a0ja\u00a0<strong>Tallinna Konverentsisaadik,<\/strong> konverentsisaadikutele m\u00f5eldud\u00a0 \u00fcritused toimuvad vastavalt m\u00f5lemas linnas. Saadikuklubi tegevused toimuvad koost\u00f6\u00f6s Tallinna,\u00a0 Tartu \u00a0ja P\u00e4rnu linnaga.<\/p>\n<h3><strong>Liitu eksklusiivse Konverentsisaadiku klubiga\u00a0<\/strong><\/h3>\n<p>Saadikuklubiga on oodatud liituma k\u00f5ik, kes soovivad tulevikus oma valdkonna konverentsi Eestisse tuua v\u00f5i kes on juba Eestis rahvusvahelist konverentsi korraldamas.\u00a0 Saadikuklubis osalemine on tasuta. Liitumiseks palume t\u00e4ita <a title=\"Liitumisankeet\" href=\"https:\/\/www.ecb.ee\/et\/saadikuklubi\/liitu-saadikuklubiga\/\" target=\"_blank\" rel=\"noopener noreferrer\">liitumisankeet<\/a>. Lisainfo: K\u00fclli Teimann, <a href=\"mailto:kylli.teimann@ecb.ee\" target=\"_blank\" rel=\"noopener\">kylli.teimann@ecb.ee<\/a><\/p>\n<div><\/div>\n<h3><strong>Vaata lisaks:\u00a0<\/strong><\/h3>\n<div><\/div>\n","protected":false},"excerpt":{"rendered":"<p>Konverentsisaadikute klubi \u00fchendab aktiivseid eesti spetsialiste ja teadlasi, kes on huvitatud oma valdkonna konverentside ja \u00fcrituste korraldamisest Eestis.\u00a0 Saadikuklubi idee on toetada\u00a0 konverentside korraldajaid, kes oma erialas\u00fcndmuse Eestisse toomisega juhivad t\u00e4helepanu Eestile kui teaduskeskusele ning aitavad Eestit kui konverentsisihtkohta tuntumaks teha. Korraldame saadikuklubis osalejatele\u00a0 regulaarselt p\u00f5nevaid \u00fcritusi, tutvumisk\u00fclask\u00e4ike\u00a0ja inspireerivaid kohtumisi. Tutvustame uusi konverentsideks ja \u00fcritusteks [&hellip;]<\/p>\n","protected":false},"author":13,"featured_media":0,"parent":0,"menu_order":130,"comment_status":"closed","ping_status":"closed","template":"templates\/tpl-content-list.php","meta":{"_acf_changed":false,"footnotes":""},"class_list":["post-15579","page","type-page","status-publish","hentry"],"acf":[],"yoast_head":"<!-- This site is optimized with the Yoast SEO plugin v27.5 - https:\/\/yoast.com\/product\/yoast-seo-wordpress\/ -->\n<title>Saadikuklubi - Estonian Convention Bureau<\/title>\n<meta name=\"robots\" content=\"index, follow, max-snippet:-1, max-image-preview:large, max-video-preview:-1\" \/>\n<link rel=\"canonical\" href=\"https:\/\/www.ecb.ee\/et\/saadikuklubi\/\" \/>\n<meta property=\"og:locale\" content=\"et_EE\" \/>\n<meta property=\"og:type\" content=\"article\" \/>\n<meta property=\"og:title\" content=\"Saadikuklubi - Estonian Convention Bureau\" \/>\n<meta property=\"og:description\" content=\"Konverentsisaadikute klubi \u00fchendab aktiivseid eesti spetsialiste ja teadlasi, kes on huvitatud oma valdkonna konverentside ja \u00fcrituste korraldamisest Eestis.\u00a0 Saadikuklubi idee on toetada\u00a0 konverentside korraldajaid, kes oma erialas\u00fcndmuse Eestisse toomisega juhivad t\u00e4helepanu Eestile kui teaduskeskusele ning aitavad Eestit kui konverentsisihtkohta tuntumaks teha. Korraldame saadikuklubis osalejatele\u00a0 regulaarselt p\u00f5nevaid \u00fcritusi, tutvumisk\u00fclask\u00e4ike\u00a0ja inspireerivaid kohtumisi. Tutvustame uusi konverentsideks ja \u00fcritusteks [&hellip;]\" \/>\n<meta property=\"og:url\" content=\"https:\/\/www.ecb.ee\/et\/saadikuklubi\/\" \/>\n<meta property=\"og:site_name\" content=\"Estonian Convention Bureau\" \/>\n<meta property=\"article:modified_time\" content=\"2026-01-08T11:29:08+00:00\" \/>\n<meta name=\"twitter:card\" content=\"summary_large_image\" \/>\n<meta name=\"twitter:label1\" content=\"Est. reading time\" \/>\n\t<meta name=\"twitter:data1\" content=\"2 minutit\" \/>\n<script type=\"application\/ld+json\" class=\"yoast-schema-graph\">{\"@context\":\"https:\\\/\\\/schema.org\",\"@graph\":[{\"@type\":\"WebPage\",\"@id\":\"https:\\\/\\\/www.ecb.ee\\\/et\\\/saadikuklubi\\\/\",\"url\":\"https:\\\/\\\/www.ecb.ee\\\/et\\\/saadikuklubi\\\/\",\"name\":\"Saadikuklubi - Estonian Convention Bureau\",\"isPartOf\":{\"@id\":\"https:\\\/\\\/www.ecb.ee\\\/#website\"},\"datePublished\":\"2021-01-08T04:41:52+00:00\",\"dateModified\":\"2026-01-08T11:29:08+00:00\",\"breadcrumb\":{\"@id\":\"https:\\\/\\\/www.ecb.ee\\\/et\\\/saadikuklubi\\\/#breadcrumb\"},\"inLanguage\":\"et\",\"potentialAction\":[{\"@type\":\"ReadAction\",\"target\":[\"https:\\\/\\\/www.ecb.ee\\\/et\\\/saadikuklubi\\\/\"]}]},{\"@type\":\"BreadcrumbList\",\"@id\":\"https:\\\/\\\/www.ecb.ee\\\/et\\\/saadikuklubi\\\/#breadcrumb\",\"itemListElement\":[{\"@type\":\"ListItem\",\"position\":1,\"name\":\"Home\",\"item\":\"https:\\\/\\\/www.ecb.ee\\\/et\\\/\"},{\"@type\":\"ListItem\",\"position\":2,\"name\":\"Saadikuklubi\"}]},{\"@type\":\"WebSite\",\"@id\":\"https:\\\/\\\/www.ecb.ee\\\/#website\",\"url\":\"https:\\\/\\\/www.ecb.ee\\\/\",\"name\":\"Estonian Convention Bureau\",\"description\":\"\",\"publisher\":{\"@id\":\"https:\\\/\\\/www.ecb.ee\\\/#organization\"},\"potentialAction\":[{\"@type\":\"SearchAction\",\"target\":{\"@type\":\"EntryPoint\",\"urlTemplate\":\"https:\\\/\\\/www.ecb.ee\\\/?s={search_term_string}\"},\"query-input\":{\"@type\":\"PropertyValueSpecification\",\"valueRequired\":true,\"valueName\":\"search_term_string\"}}],\"inLanguage\":\"et\"},{\"@type\":\"Organization\",\"@id\":\"https:\\\/\\\/www.ecb.ee\\\/#organization\",\"name\":\"Estonian Convention Bureau\",\"url\":\"https:\\\/\\\/www.ecb.ee\\\/\",\"logo\":{\"@type\":\"ImageObject\",\"inLanguage\":\"et\",\"@id\":\"https:\\\/\\\/www.ecb.ee\\\/#\\\/schema\\\/logo\\\/image\\\/\",\"url\":\"https:\\\/\\\/www.ecb.ee\\\/wp-content\\\/uploads\\\/2020\\\/12\\\/site_logo.svg\",\"contentUrl\":\"https:\\\/\\\/www.ecb.ee\\\/wp-content\\\/uploads\\\/2020\\\/12\\\/site_logo.svg\",\"caption\":\"Estonian Convention Bureau\"},\"image\":{\"@id\":\"https:\\\/\\\/www.ecb.ee\\\/#\\\/schema\\\/logo\\\/image\\\/\"}}]}<\/script>\n<!-- \/ Yoast SEO plugin. -->","yoast_head_json":{"title":"Saadikuklubi - Estonian Convention Bureau","robots":{"index":"index","follow":"follow","max-snippet":"max-snippet:-1","max-image-preview":"max-image-preview:large","max-video-preview":"max-video-preview:-1"},"canonical":"https:\/\/www.ecb.ee\/et\/saadikuklubi\/","og_locale":"et_EE","og_type":"article","og_title":"Saadikuklubi - Estonian Convention Bureau","og_description":"Konverentsisaadikute klubi \u00fchendab aktiivseid eesti spetsialiste ja teadlasi, kes on huvitatud oma valdkonna konverentside ja \u00fcrituste korraldamisest Eestis.\u00a0 Saadikuklubi idee on toetada\u00a0 konverentside korraldajaid, kes oma erialas\u00fcndmuse Eestisse toomisega juhivad t\u00e4helepanu Eestile kui teaduskeskusele ning aitavad Eestit kui konverentsisihtkohta tuntumaks teha. Korraldame saadikuklubis osalejatele\u00a0 regulaarselt p\u00f5nevaid \u00fcritusi, tutvumisk\u00fclask\u00e4ike\u00a0ja inspireerivaid kohtumisi. Tutvustame uusi konverentsideks ja \u00fcritusteks [&hellip;]","og_url":"https:\/\/www.ecb.ee\/et\/saadikuklubi\/","og_site_name":"Estonian Convention Bureau","article_modified_time":"2026-01-08T11:29:08+00:00","twitter_card":"summary_large_image","twitter_misc":{"Est. reading time":"2 minutit"},"schema":{"@context":"https:\/\/schema.org","@graph":[{"@type":"WebPage","@id":"https:\/\/www.ecb.ee\/et\/saadikuklubi\/","url":"https:\/\/www.ecb.ee\/et\/saadikuklubi\/","name":"Saadikuklubi - Estonian Convention Bureau","isPartOf":{"@id":"https:\/\/www.ecb.ee\/#website"},"datePublished":"2021-01-08T04:41:52+00:00","dateModified":"2026-01-08T11:29:08+00:00","breadcrumb":{"@id":"https:\/\/www.ecb.ee\/et\/saadikuklubi\/#breadcrumb"},"inLanguage":"et","potentialAction":[{"@type":"ReadAction","target":["https:\/\/www.ecb.ee\/et\/saadikuklubi\/"]}]},{"@type":"BreadcrumbList","@id":"https:\/\/www.ecb.ee\/et\/saadikuklubi\/#breadcrumb","itemListElement":[{"@type":"ListItem","position":1,"name":"Home","item":"https:\/\/www.ecb.ee\/et\/"},{"@type":"ListItem","position":2,"name":"Saadikuklubi"}]},{"@type":"WebSite","@id":"https:\/\/www.ecb.ee\/#website","url":"https:\/\/www.ecb.ee\/","name":"Estonian Convention Bureau","description":"","publisher":{"@id":"https:\/\/www.ecb.ee\/#organization"},"potentialAction":[{"@type":"SearchAction","target":{"@type":"EntryPoint","urlTemplate":"https:\/\/www.ecb.ee\/?s={search_term_string}"},"query-input":{"@type":"PropertyValueSpecification","valueRequired":true,"valueName":"search_term_string"}}],"inLanguage":"et"},{"@type":"Organization","@id":"https:\/\/www.ecb.ee\/#organization","name":"Estonian Convention Bureau","url":"https:\/\/www.ecb.ee\/","logo":{"@type":"ImageObject","inLanguage":"et","@id":"https:\/\/www.ecb.ee\/#\/schema\/logo\/image\/","url":"https:\/\/www.ecb.ee\/wp-content\/uploads\/2020\/12\/site_logo.svg","contentUrl":"https:\/\/www.ecb.ee\/wp-content\/uploads\/2020\/12\/site_logo.svg","caption":"Estonian Convention Bureau"},"image":{"@id":"https:\/\/www.ecb.ee\/#\/schema\/logo\/image\/"}}]}},"_links":{"self":[{"href":"https:\/\/www.ecb.ee\/et\/wp-json\/wp\/v2\/pages\/15579","targetHints":{"allow":["GET"]}}],"collection":[{"href":"https:\/\/www.ecb.ee\/et\/wp-json\/wp\/v2\/pages"}],"about":[{"href":"https:\/\/www.ecb.ee\/et\/wp-json\/wp\/v2\/types\/page"}],"author":[{"embeddable":true,"href":"https:\/\/www.ecb.ee\/et\/wp-json\/wp\/v2\/users\/13"}],"replies":[{"embeddable":true,"href":"https:\/\/www.ecb.ee\/et\/wp-json\/wp\/v2\/comments?post=15579"}],"version-history":[{"count":64,"href":"https:\/\/www.ecb.ee\/et\/wp-json\/wp\/v2\/pages\/15579\/revisions"}],"predecessor-version":[{"id":44042,"href":"https:\/\/www.ecb.ee\/et\/wp-json\/wp\/v2\/pages\/15579\/revisions\/44042"}],"wp:attachment":[{"href":"https:\/\/www.ecb.ee\/et\/wp-json\/wp\/v2\/media?parent=15579"}],"curies":[{"name":"wp","href":"https:\/\/api.w.org\/{rel}","templated":true}]}}