{"id":15417,"date":"2021-01-05T09:59:04","date_gmt":"2021-01-05T09:59:04","guid":{"rendered":"https:\/\/www.ecb.ee\/meist\/go-wild-choose-estonia-story-telling-campaign\/"},"modified":"2021-01-07T09:14:57","modified_gmt":"2021-01-07T09:14:57","slug":"go-wild-choose-estonia-turunduskampaania","status":"publish","type":"page","link":"https:\/\/www.ecb.ee\/et\/meist\/go-wild-choose-estonia-turunduskampaania\/","title":{"rendered":"Go Wild, Choose Estonia \u2013 turunduskampaania"},"content":{"rendered":"<p>\u201e<em>Go Wild, Choose Estonia<\/em>\u201c on Eesti Konverentsib\u00fcroo poolt loodud rahvusvaheline sisuloome- ja kommunikatsioonikampaania. Kampaania lansseeriti 2019.a.alguses.<\/p>\n<p>Kampaania slogani taga on mitmet\u00e4henduslikud s\u00f5numid: korralda konverents mitte tavap\u00e4rases tuntud ja traditsioonilises sihtkohas, vaid uues ja p\u00f5nevas (nagu Eesti); Eestis on palju puutumatut ja puhast loodust, mis annavad v\u00f5imalusi mitmek\u00fclgseteks vaba-aja programmideks, Eestis on mitmeid unikaalseid ja omap\u00e4raseid \u00fcrituste toimumiskohti.<\/p>\n<p><strong><u>Kampaania eesm\u00e4rgid:<\/u><\/strong><\/p>\n<p>Meie eesm\u00e4rk on eriliste lugude jutustamise kaudu teha Eesti tuntumaks ja \u00e4gedamaks \u2013 et \u00fcritused tahaksid siia tulla. Meie s\u00f5num on, et Eesti on \u00e4ge ja eriline, kuid samas kvaliteetsete teenustega riik, kus tasub kindlasti oma \u00fcritust korraldada.<\/p>\n<p>L\u00f5ppeesm\u00e4rgiks on suurendada Eestis toimuvate rahvusvaheliste konverentside, \u00fcrituste ja motivatsioonireiside arvu. \u00a0Laiemalt on aga tegemist br\u00e4nditurunduse, imago loomise, kuvandi parandamisega \u2013 et suurendada Eesti kui sihtkoha n\u00e4htavust ja tuntust. Konverentsi\u00e4ri on globaalne\u00a0 \u2013 peame olema eristuvad ja silmapaistvad v\u00e4ga tihedas\u00a0 konkurentsis, sest \u00e4rituristi ihkavad k\u00f5ik sihtkohad. P\u00f5hjus selleks on lihtne \u2013 \u00e4riturist j\u00e4\u00e4b tavaliselt mitmeks \u00f6\u00f6ks, tarbib kvaliteetsema ja kallima segmendi teenuseid.<\/p>\n<p><strong><u>Kampaania tegevused ja kanalid:<\/u><\/strong><\/p>\n<p>Kampaania p\u00f5hineb kreatiivsel sisuloomel, v\u00fcrtsitatud silmatorkavate visuaalidega. Kajastame inspireerivaid, p\u00f5nevaid, vahel naljakaid v\u00f5i intrigeerivaid elamusi, mida Eestis teha saab.\u00a0 Ehedaid elamusi jagasime oma sotsiaalmeediakanalites, blogipostitustes, rahvusvahelistel \u00e4riturismimessidel ja muudel kontakt\u00fcritustel, kodulehel ja rahvusvahelistes kommunikatsioonitegevustes.<\/p>\n<p><strong>ICCA Best Marketing Marketing Award:<\/strong><\/p>\n<p><em>\u201cGo Wild, Choose Estonia\u201d<\/em>\u00a0kampaania v\u00f5itis 2019.a. s\u00fcgisel ka \u00e4riturismi edendava rahvusvahelise katusorganisatsiooni ICCA (International Congress and Convention Association)\u00a0<a href=\"http:\/\/www.ecb.ee\/et\/konverentsid\/eesti-voitis-ariturismi-oscari\/\" target=\"_blank\" rel=\"noopener noreferrer\">\u00e4riturismi turundusauhinna \u201cICCA Best Marketing Award\u201d<\/a>.<\/p>\n<p><img loading=\"lazy\" decoding=\"async\" class=\"alignnone size-medium wp-image-15287\" src=\"https:\/\/www.ecb.ee\/wp-content\/uploads\/2021\/01\/chooseESTONIA_2020-768x768-1-300x300.png\" alt=\"\" width=\"300\" height=\"300\" srcset=\"https:\/\/www.ecb.ee\/wp-content\/uploads\/2021\/01\/chooseESTONIA_2020-768x768-1-300x300.png 300w, https:\/\/www.ecb.ee\/wp-content\/uploads\/2021\/01\/chooseESTONIA_2020-768x768-1-150x150.png 150w, https:\/\/www.ecb.ee\/wp-content\/uploads\/2021\/01\/chooseESTONIA_2020-768x768-1.png 768w\" sizes=\"auto, (max-width: 300px) 100vw, 300px\" \/><\/p>\n<p><img loading=\"lazy\" decoding=\"async\" class=\"alignnone size-medium wp-image-15285\" src=\"https:\/\/www.ecb.ee\/wp-content\/uploads\/2021\/01\/chooseESTONIA-768x768-1-300x300.png\" alt=\"\" width=\"300\" height=\"300\" srcset=\"https:\/\/www.ecb.ee\/wp-content\/uploads\/2021\/01\/chooseESTONIA-768x768-1-300x300.png 300w, https:\/\/www.ecb.ee\/wp-content\/uploads\/2021\/01\/chooseESTONIA-768x768-1-150x150.png 150w, https:\/\/www.ecb.ee\/wp-content\/uploads\/2021\/01\/chooseESTONIA-768x768-1.png 768w\" sizes=\"auto, (max-width: 300px) 100vw, 300px\" \/><\/p>\n","protected":false},"excerpt":{"rendered":"<p>\u201eGo Wild, Choose Estonia\u201c on Eesti Konverentsib\u00fcroo poolt loodud rahvusvaheline sisuloome- ja kommunikatsioonikampaania. Kampaania lansseeriti 2019.a.alguses. Kampaania slogani taga on mitmet\u00e4henduslikud s\u00f5numid: korralda konverents mitte tavap\u00e4rases tuntud ja traditsioonilises sihtkohas, vaid uues ja p\u00f5nevas (nagu Eesti); Eestis on palju puutumatut ja puhast loodust, mis annavad v\u00f5imalusi mitmek\u00fclgseteks vaba-aja programmideks, Eestis on mitmeid unikaalseid ja omap\u00e4raseid [&hellip;]<\/p>\n","protected":false},"author":2,"featured_media":0,"parent":14983,"menu_order":126,"comment_status":"closed","ping_status":"closed","template":"templates\/tpl-about_us.php","meta":{"_acf_changed":false,"footnotes":""},"class_list":["post-15417","page","type-page","status-publish","hentry"],"acf":[],"yoast_head":"<!-- This site is optimized with the Yoast SEO plugin v27.5 - https:\/\/yoast.com\/product\/yoast-seo-wordpress\/ -->\n<title>Go Wild, Choose Estonia \u2013 turunduskampaania - Estonian Convention Bureau<\/title>\n<meta name=\"robots\" content=\"index, follow, max-snippet:-1, max-image-preview:large, max-video-preview:-1\" \/>\n<link rel=\"canonical\" href=\"https:\/\/www.ecb.ee\/et\/meist\/go-wild-choose-estonia-turunduskampaania\/\" \/>\n<meta property=\"og:locale\" content=\"et_EE\" \/>\n<meta property=\"og:type\" content=\"article\" \/>\n<meta property=\"og:title\" content=\"Go Wild, Choose Estonia \u2013 turunduskampaania - Estonian Convention Bureau\" \/>\n<meta property=\"og:description\" content=\"\u201eGo Wild, Choose Estonia\u201c on Eesti Konverentsib\u00fcroo poolt loodud rahvusvaheline sisuloome- ja kommunikatsioonikampaania. Kampaania lansseeriti 2019.a.alguses. Kampaania slogani taga on mitmet\u00e4henduslikud s\u00f5numid: korralda konverents mitte tavap\u00e4rases tuntud ja traditsioonilises sihtkohas, vaid uues ja p\u00f5nevas (nagu Eesti); Eestis on palju puutumatut ja puhast loodust, mis annavad v\u00f5imalusi mitmek\u00fclgseteks vaba-aja programmideks, Eestis on mitmeid unikaalseid ja omap\u00e4raseid [&hellip;]\" \/>\n<meta property=\"og:url\" content=\"https:\/\/www.ecb.ee\/et\/meist\/go-wild-choose-estonia-turunduskampaania\/\" \/>\n<meta property=\"og:site_name\" content=\"Estonian Convention Bureau\" \/>\n<meta property=\"article:modified_time\" content=\"2021-01-07T09:14:57+00:00\" \/>\n<meta property=\"og:image\" content=\"https:\/\/www.ecb.ee\/wp-content\/uploads\/2021\/01\/chooseESTONIA_2020-768x768-1-300x300.png\" \/>\n<meta name=\"twitter:card\" content=\"summary_large_image\" \/>\n<meta name=\"twitter:label1\" content=\"Est. reading time\" \/>\n\t<meta name=\"twitter:data1\" content=\"1 minut\" \/>\n<script type=\"application\/ld+json\" class=\"yoast-schema-graph\">{\"@context\":\"https:\\\/\\\/schema.org\",\"@graph\":[{\"@type\":\"WebPage\",\"@id\":\"https:\\\/\\\/www.ecb.ee\\\/et\\\/meist\\\/go-wild-choose-estonia-turunduskampaania\\\/\",\"url\":\"https:\\\/\\\/www.ecb.ee\\\/et\\\/meist\\\/go-wild-choose-estonia-turunduskampaania\\\/\",\"name\":\"Go Wild, Choose Estonia \u2013 turunduskampaania - Estonian Convention Bureau\",\"isPartOf\":{\"@id\":\"https:\\\/\\\/www.ecb.ee\\\/#website\"},\"primaryImageOfPage\":{\"@id\":\"https:\\\/\\\/www.ecb.ee\\\/et\\\/meist\\\/go-wild-choose-estonia-turunduskampaania\\\/#primaryimage\"},\"image\":{\"@id\":\"https:\\\/\\\/www.ecb.ee\\\/et\\\/meist\\\/go-wild-choose-estonia-turunduskampaania\\\/#primaryimage\"},\"thumbnailUrl\":\"https:\\\/\\\/www.ecb.ee\\\/wp-content\\\/uploads\\\/2021\\\/01\\\/chooseESTONIA_2020-768x768-1-300x300.png\",\"datePublished\":\"2021-01-05T09:59:04+00:00\",\"dateModified\":\"2021-01-07T09:14:57+00:00\",\"breadcrumb\":{\"@id\":\"https:\\\/\\\/www.ecb.ee\\\/et\\\/meist\\\/go-wild-choose-estonia-turunduskampaania\\\/#breadcrumb\"},\"inLanguage\":\"et\",\"potentialAction\":[{\"@type\":\"ReadAction\",\"target\":[\"https:\\\/\\\/www.ecb.ee\\\/et\\\/meist\\\/go-wild-choose-estonia-turunduskampaania\\\/\"]}]},{\"@type\":\"ImageObject\",\"inLanguage\":\"et\",\"@id\":\"https:\\\/\\\/www.ecb.ee\\\/et\\\/meist\\\/go-wild-choose-estonia-turunduskampaania\\\/#primaryimage\",\"url\":\"https:\\\/\\\/www.ecb.ee\\\/wp-content\\\/uploads\\\/2021\\\/01\\\/chooseESTONIA_2020-768x768-1-300x300.png\",\"contentUrl\":\"https:\\\/\\\/www.ecb.ee\\\/wp-content\\\/uploads\\\/2021\\\/01\\\/chooseESTONIA_2020-768x768-1-300x300.png\"},{\"@type\":\"BreadcrumbList\",\"@id\":\"https:\\\/\\\/www.ecb.ee\\\/et\\\/meist\\\/go-wild-choose-estonia-turunduskampaania\\\/#breadcrumb\",\"itemListElement\":[{\"@type\":\"ListItem\",\"position\":1,\"name\":\"Home\",\"item\":\"https:\\\/\\\/www.ecb.ee\\\/et\\\/\"},{\"@type\":\"ListItem\",\"position\":2,\"name\":\"Meist\",\"item\":\"https:\\\/\\\/www.ecb.ee\\\/et\\\/meist\\\/\"},{\"@type\":\"ListItem\",\"position\":3,\"name\":\"Go Wild, Choose Estonia \u2013 turunduskampaania\"}]},{\"@type\":\"WebSite\",\"@id\":\"https:\\\/\\\/www.ecb.ee\\\/#website\",\"url\":\"https:\\\/\\\/www.ecb.ee\\\/\",\"name\":\"Estonian Convention Bureau\",\"description\":\"\",\"publisher\":{\"@id\":\"https:\\\/\\\/www.ecb.ee\\\/#organization\"},\"potentialAction\":[{\"@type\":\"SearchAction\",\"target\":{\"@type\":\"EntryPoint\",\"urlTemplate\":\"https:\\\/\\\/www.ecb.ee\\\/?s={search_term_string}\"},\"query-input\":{\"@type\":\"PropertyValueSpecification\",\"valueRequired\":true,\"valueName\":\"search_term_string\"}}],\"inLanguage\":\"et\"},{\"@type\":\"Organization\",\"@id\":\"https:\\\/\\\/www.ecb.ee\\\/#organization\",\"name\":\"Estonian Convention Bureau\",\"url\":\"https:\\\/\\\/www.ecb.ee\\\/\",\"logo\":{\"@type\":\"ImageObject\",\"inLanguage\":\"et\",\"@id\":\"https:\\\/\\\/www.ecb.ee\\\/#\\\/schema\\\/logo\\\/image\\\/\",\"url\":\"https:\\\/\\\/www.ecb.ee\\\/wp-content\\\/uploads\\\/2020\\\/12\\\/site_logo.svg\",\"contentUrl\":\"https:\\\/\\\/www.ecb.ee\\\/wp-content\\\/uploads\\\/2020\\\/12\\\/site_logo.svg\",\"caption\":\"Estonian Convention Bureau\"},\"image\":{\"@id\":\"https:\\\/\\\/www.ecb.ee\\\/#\\\/schema\\\/logo\\\/image\\\/\"}}]}<\/script>\n<!-- \/ Yoast SEO plugin. -->","yoast_head_json":{"title":"Go Wild, Choose Estonia \u2013 turunduskampaania - Estonian Convention Bureau","robots":{"index":"index","follow":"follow","max-snippet":"max-snippet:-1","max-image-preview":"max-image-preview:large","max-video-preview":"max-video-preview:-1"},"canonical":"https:\/\/www.ecb.ee\/et\/meist\/go-wild-choose-estonia-turunduskampaania\/","og_locale":"et_EE","og_type":"article","og_title":"Go Wild, Choose Estonia \u2013 turunduskampaania - Estonian Convention Bureau","og_description":"\u201eGo Wild, Choose Estonia\u201c on Eesti Konverentsib\u00fcroo poolt loodud rahvusvaheline sisuloome- ja kommunikatsioonikampaania. Kampaania lansseeriti 2019.a.alguses. Kampaania slogani taga on mitmet\u00e4henduslikud s\u00f5numid: korralda konverents mitte tavap\u00e4rases tuntud ja traditsioonilises sihtkohas, vaid uues ja p\u00f5nevas (nagu Eesti); Eestis on palju puutumatut ja puhast loodust, mis annavad v\u00f5imalusi mitmek\u00fclgseteks vaba-aja programmideks, Eestis on mitmeid unikaalseid ja omap\u00e4raseid [&hellip;]","og_url":"https:\/\/www.ecb.ee\/et\/meist\/go-wild-choose-estonia-turunduskampaania\/","og_site_name":"Estonian Convention Bureau","article_modified_time":"2021-01-07T09:14:57+00:00","og_image":[{"url":"https:\/\/www.ecb.ee\/wp-content\/uploads\/2021\/01\/chooseESTONIA_2020-768x768-1-300x300.png","type":"","width":"","height":""}],"twitter_card":"summary_large_image","twitter_misc":{"Est. reading time":"1 minut"},"schema":{"@context":"https:\/\/schema.org","@graph":[{"@type":"WebPage","@id":"https:\/\/www.ecb.ee\/et\/meist\/go-wild-choose-estonia-turunduskampaania\/","url":"https:\/\/www.ecb.ee\/et\/meist\/go-wild-choose-estonia-turunduskampaania\/","name":"Go Wild, Choose Estonia \u2013 turunduskampaania - Estonian Convention Bureau","isPartOf":{"@id":"https:\/\/www.ecb.ee\/#website"},"primaryImageOfPage":{"@id":"https:\/\/www.ecb.ee\/et\/meist\/go-wild-choose-estonia-turunduskampaania\/#primaryimage"},"image":{"@id":"https:\/\/www.ecb.ee\/et\/meist\/go-wild-choose-estonia-turunduskampaania\/#primaryimage"},"thumbnailUrl":"https:\/\/www.ecb.ee\/wp-content\/uploads\/2021\/01\/chooseESTONIA_2020-768x768-1-300x300.png","datePublished":"2021-01-05T09:59:04+00:00","dateModified":"2021-01-07T09:14:57+00:00","breadcrumb":{"@id":"https:\/\/www.ecb.ee\/et\/meist\/go-wild-choose-estonia-turunduskampaania\/#breadcrumb"},"inLanguage":"et","potentialAction":[{"@type":"ReadAction","target":["https:\/\/www.ecb.ee\/et\/meist\/go-wild-choose-estonia-turunduskampaania\/"]}]},{"@type":"ImageObject","inLanguage":"et","@id":"https:\/\/www.ecb.ee\/et\/meist\/go-wild-choose-estonia-turunduskampaania\/#primaryimage","url":"https:\/\/www.ecb.ee\/wp-content\/uploads\/2021\/01\/chooseESTONIA_2020-768x768-1-300x300.png","contentUrl":"https:\/\/www.ecb.ee\/wp-content\/uploads\/2021\/01\/chooseESTONIA_2020-768x768-1-300x300.png"},{"@type":"BreadcrumbList","@id":"https:\/\/www.ecb.ee\/et\/meist\/go-wild-choose-estonia-turunduskampaania\/#breadcrumb","itemListElement":[{"@type":"ListItem","position":1,"name":"Home","item":"https:\/\/www.ecb.ee\/et\/"},{"@type":"ListItem","position":2,"name":"Meist","item":"https:\/\/www.ecb.ee\/et\/meist\/"},{"@type":"ListItem","position":3,"name":"Go Wild, Choose Estonia \u2013 turunduskampaania"}]},{"@type":"WebSite","@id":"https:\/\/www.ecb.ee\/#website","url":"https:\/\/www.ecb.ee\/","name":"Estonian Convention Bureau","description":"","publisher":{"@id":"https:\/\/www.ecb.ee\/#organization"},"potentialAction":[{"@type":"SearchAction","target":{"@type":"EntryPoint","urlTemplate":"https:\/\/www.ecb.ee\/?s={search_term_string}"},"query-input":{"@type":"PropertyValueSpecification","valueRequired":true,"valueName":"search_term_string"}}],"inLanguage":"et"},{"@type":"Organization","@id":"https:\/\/www.ecb.ee\/#organization","name":"Estonian Convention Bureau","url":"https:\/\/www.ecb.ee\/","logo":{"@type":"ImageObject","inLanguage":"et","@id":"https:\/\/www.ecb.ee\/#\/schema\/logo\/image\/","url":"https:\/\/www.ecb.ee\/wp-content\/uploads\/2020\/12\/site_logo.svg","contentUrl":"https:\/\/www.ecb.ee\/wp-content\/uploads\/2020\/12\/site_logo.svg","caption":"Estonian Convention Bureau"},"image":{"@id":"https:\/\/www.ecb.ee\/#\/schema\/logo\/image\/"}}]}},"_links":{"self":[{"href":"https:\/\/www.ecb.ee\/et\/wp-json\/wp\/v2\/pages\/15417","targetHints":{"allow":["GET"]}}],"collection":[{"href":"https:\/\/www.ecb.ee\/et\/wp-json\/wp\/v2\/pages"}],"about":[{"href":"https:\/\/www.ecb.ee\/et\/wp-json\/wp\/v2\/types\/page"}],"author":[{"embeddable":true,"href":"https:\/\/www.ecb.ee\/et\/wp-json\/wp\/v2\/users\/2"}],"replies":[{"embeddable":true,"href":"https:\/\/www.ecb.ee\/et\/wp-json\/wp\/v2\/comments?post=15417"}],"version-history":[{"count":1,"href":"https:\/\/www.ecb.ee\/et\/wp-json\/wp\/v2\/pages\/15417\/revisions"}],"predecessor-version":[{"id":15418,"href":"https:\/\/www.ecb.ee\/et\/wp-json\/wp\/v2\/pages\/15417\/revisions\/15418"}],"up":[{"embeddable":true,"href":"https:\/\/www.ecb.ee\/et\/wp-json\/wp\/v2\/pages\/14983"}],"wp:attachment":[{"href":"https:\/\/www.ecb.ee\/et\/wp-json\/wp\/v2\/media?parent=15417"}],"curies":[{"name":"wp","href":"https:\/\/api.w.org\/{rel}","templated":true}]}}