{"id":15413,"date":"2021-01-07T09:11:57","date_gmt":"2021-01-07T09:11:57","guid":{"rendered":"https:\/\/www.ecb.ee\/?page_id=15413"},"modified":"2026-04-06T11:51:27","modified_gmt":"2026-04-06T11:51:27","slug":"juhatus","status":"publish","type":"page","link":"https:\/\/www.ecb.ee\/et\/meist\/juhatus\/","title":{"rendered":"Juhatus"},"content":{"rendered":"<p>EKB k\u00f5rgeim organ on liikmete \u00fcldkoosolek. EKB igap\u00e4evat\u00f6\u00f6d juhib ja esindab EKB juhatus. Juhatus m\u00e4\u00e4ratakse ametisse liikmete \u00fcldkoosoleku poolt 3 aastaks. Praegune juhatus on ametis 2025.a. detsembrist:<\/p>\n<ul>\n<li><strong>Ott Sarapuu<\/strong>, <strong>juhatuse esimees<\/strong>, Proto Avastustehase juhatuse liige. Kontakt: <a href=\"mailto:ott@pg.ee\" target=\"_blank\" rel=\"noopener\">ott@pg.ee<\/a><\/li>\n<li><strong>Aivar Sirelpuu<\/strong>, Alexela Kontserdimaja tegevjuht. Kontakt: <a href=\"mailto:aivar@kontserdimaja.ee\" target=\"_blank\" rel=\"noopener\">aivar@kontserdimaja.ee<\/a><\/li>\n<li><strong>Andres Kask<\/strong>, Tallinna Strateegiakeskuse ettev\u00f5tlusteenistuse rahvusvahelise majanduspartnerluse osakonna juhataja. Kontakt: <a href=\"mailto:andres.kask@tallinnlv.ee\" target=\"_blank\" rel=\"noopener\">andres.kask@tallinnlv.ee<\/a><\/li>\n<li><strong>Anne Samlik<\/strong>, Estraveli n\u00f5ukogu liige. Kontakt: <a href=\"mailto:anne@estravel.ee\" target=\"_blank\" rel=\"noopener\">anne@estravel.ee<\/a><\/li>\n<li><strong>Annika Raadik<\/strong>, P\u00e4rnu linnavalitsuse arenguosakonna turismiarenduse juht. Kontakt: <a href=\"mailto:annika.raadik@parnu.ee\" target=\"_blank\" rel=\"noopener\">annika.raadik@parnu.ee<\/a><\/li>\n<li><strong>Eero P\u00e4rgm\u00e4e<\/strong>, Tallinna Lennujaama juhatuse liige. Kontakt: <a href=\"mailto:eero.pargmae@tll.aero\" target=\"_blank\" rel=\"noopener\">eero.pargmae@tll.aero<\/a><\/li>\n<li><strong>Evelyn Silvet<\/strong>, Nordic Hotel Forum m\u00fc\u00fcgijuht. Kontakt: <a href=\"mailto:Evelyn.Silvet@nordichotels.eu\" target=\"_blank\" rel=\"noopener\">Evelyn.Silvet@nordichotels.eu<\/a><\/li>\n<li><strong>Heli Kuik<\/strong>, Konverentsimeistrid O\u00dc juht. Kontakt: <a href=\"mailto:heli@konverentsimeistrid.ee\" target=\"_blank\" rel=\"noopener\">heli@konverentsimeistrid.ee<\/a><\/li>\n<li><strong>Marko Dobrus<\/strong>, Duco Hotels juhatuse liige. Kontakt: <a href=\"mailto:marko.dobrus@accor.com\" target=\"_blank\" rel=\"noopener\">marko.dobrus@accor.com<\/a><\/li>\n<li><strong>Marleen Kirsip<\/strong>, Tartu linna turundusjuht. Kontakt: <a href=\"mailto:marleen.kirsip@tartu.ee\" target=\"_blank\" rel=\"noopener\">marleen.kirsip@tartu.ee<\/a><\/li>\n<\/ul>\n<p>Juhatuse liikmetele t\u00f6\u00f6tasu ei maksta.<\/p>\n","protected":false},"excerpt":{"rendered":"<p>EKB k\u00f5rgeim organ on liikmete \u00fcldkoosolek. EKB igap\u00e4evat\u00f6\u00f6d juhib ja esindab EKB juhatus. Juhatus m\u00e4\u00e4ratakse ametisse liikmete \u00fcldkoosoleku poolt 3 aastaks. Praegune juhatus on ametis 2025.a. detsembrist: Ott Sarapuu, juhatuse esimees, Proto Avastustehase juhatuse liige. Kontakt: ott@pg.ee Aivar Sirelpuu, Alexela Kontserdimaja tegevjuht. Kontakt: aivar@kontserdimaja.ee Andres Kask, Tallinna Strateegiakeskuse ettev\u00f5tlusteenistuse rahvusvahelise majanduspartnerluse osakonna juhataja. Kontakt: andres.kask@tallinnlv.ee [&hellip;]<\/p>\n","protected":false},"author":2,"featured_media":0,"parent":14983,"menu_order":128,"comment_status":"closed","ping_status":"closed","template":"templates\/tpl-about_us.php","meta":{"_acf_changed":false,"footnotes":""},"class_list":["post-15413","page","type-page","status-publish","hentry"],"acf":[],"yoast_head":"<!-- This site is optimized with the Yoast SEO plugin v27.5 - https:\/\/yoast.com\/product\/yoast-seo-wordpress\/ -->\n<title>Juhatus - Estonian Convention Bureau<\/title>\n<meta name=\"robots\" content=\"index, follow, max-snippet:-1, max-image-preview:large, max-video-preview:-1\" \/>\n<link rel=\"canonical\" href=\"https:\/\/www.ecb.ee\/et\/meist\/juhatus\/\" \/>\n<meta property=\"og:locale\" content=\"et_EE\" \/>\n<meta property=\"og:type\" content=\"article\" \/>\n<meta property=\"og:title\" content=\"Juhatus - Estonian Convention Bureau\" \/>\n<meta property=\"og:description\" content=\"EKB k\u00f5rgeim organ on liikmete \u00fcldkoosolek. EKB igap\u00e4evat\u00f6\u00f6d juhib ja esindab EKB juhatus. Juhatus m\u00e4\u00e4ratakse ametisse liikmete \u00fcldkoosoleku poolt 3 aastaks. Praegune juhatus on ametis 2025.a. detsembrist: Ott Sarapuu, juhatuse esimees, Proto Avastustehase juhatuse liige. Kontakt: ott@pg.ee Aivar Sirelpuu, Alexela Kontserdimaja tegevjuht. Kontakt: aivar@kontserdimaja.ee Andres Kask, Tallinna Strateegiakeskuse ettev\u00f5tlusteenistuse rahvusvahelise majanduspartnerluse osakonna juhataja. Kontakt: andres.kask@tallinnlv.ee [&hellip;]\" \/>\n<meta property=\"og:url\" content=\"https:\/\/www.ecb.ee\/et\/meist\/juhatus\/\" \/>\n<meta property=\"og:site_name\" content=\"Estonian Convention Bureau\" \/>\n<meta property=\"article:modified_time\" content=\"2026-04-06T11:51:27+00:00\" \/>\n<meta name=\"twitter:card\" content=\"summary_large_image\" \/>\n<meta name=\"twitter:label1\" content=\"Est. reading time\" \/>\n\t<meta name=\"twitter:data1\" content=\"1 minut\" \/>\n<script type=\"application\/ld+json\" class=\"yoast-schema-graph\">{\"@context\":\"https:\\\/\\\/schema.org\",\"@graph\":[{\"@type\":\"WebPage\",\"@id\":\"https:\\\/\\\/www.ecb.ee\\\/et\\\/meist\\\/juhatus\\\/\",\"url\":\"https:\\\/\\\/www.ecb.ee\\\/et\\\/meist\\\/juhatus\\\/\",\"name\":\"Juhatus - Estonian Convention Bureau\",\"isPartOf\":{\"@id\":\"https:\\\/\\\/www.ecb.ee\\\/#website\"},\"datePublished\":\"2021-01-07T09:11:57+00:00\",\"dateModified\":\"2026-04-06T11:51:27+00:00\",\"breadcrumb\":{\"@id\":\"https:\\\/\\\/www.ecb.ee\\\/et\\\/meist\\\/juhatus\\\/#breadcrumb\"},\"inLanguage\":\"et\",\"potentialAction\":[{\"@type\":\"ReadAction\",\"target\":[\"https:\\\/\\\/www.ecb.ee\\\/et\\\/meist\\\/juhatus\\\/\"]}]},{\"@type\":\"BreadcrumbList\",\"@id\":\"https:\\\/\\\/www.ecb.ee\\\/et\\\/meist\\\/juhatus\\\/#breadcrumb\",\"itemListElement\":[{\"@type\":\"ListItem\",\"position\":1,\"name\":\"Home\",\"item\":\"https:\\\/\\\/www.ecb.ee\\\/et\\\/\"},{\"@type\":\"ListItem\",\"position\":2,\"name\":\"Meist\",\"item\":\"https:\\\/\\\/www.ecb.ee\\\/et\\\/meist\\\/\"},{\"@type\":\"ListItem\",\"position\":3,\"name\":\"Juhatus\"}]},{\"@type\":\"WebSite\",\"@id\":\"https:\\\/\\\/www.ecb.ee\\\/#website\",\"url\":\"https:\\\/\\\/www.ecb.ee\\\/\",\"name\":\"Estonian Convention Bureau\",\"description\":\"\",\"publisher\":{\"@id\":\"https:\\\/\\\/www.ecb.ee\\\/#organization\"},\"potentialAction\":[{\"@type\":\"SearchAction\",\"target\":{\"@type\":\"EntryPoint\",\"urlTemplate\":\"https:\\\/\\\/www.ecb.ee\\\/?s={search_term_string}\"},\"query-input\":{\"@type\":\"PropertyValueSpecification\",\"valueRequired\":true,\"valueName\":\"search_term_string\"}}],\"inLanguage\":\"et\"},{\"@type\":\"Organization\",\"@id\":\"https:\\\/\\\/www.ecb.ee\\\/#organization\",\"name\":\"Estonian Convention Bureau\",\"url\":\"https:\\\/\\\/www.ecb.ee\\\/\",\"logo\":{\"@type\":\"ImageObject\",\"inLanguage\":\"et\",\"@id\":\"https:\\\/\\\/www.ecb.ee\\\/#\\\/schema\\\/logo\\\/image\\\/\",\"url\":\"https:\\\/\\\/www.ecb.ee\\\/wp-content\\\/uploads\\\/2020\\\/12\\\/site_logo.svg\",\"contentUrl\":\"https:\\\/\\\/www.ecb.ee\\\/wp-content\\\/uploads\\\/2020\\\/12\\\/site_logo.svg\",\"caption\":\"Estonian Convention Bureau\"},\"image\":{\"@id\":\"https:\\\/\\\/www.ecb.ee\\\/#\\\/schema\\\/logo\\\/image\\\/\"}}]}<\/script>\n<!-- \/ Yoast SEO plugin. -->","yoast_head_json":{"title":"Juhatus - Estonian Convention Bureau","robots":{"index":"index","follow":"follow","max-snippet":"max-snippet:-1","max-image-preview":"max-image-preview:large","max-video-preview":"max-video-preview:-1"},"canonical":"https:\/\/www.ecb.ee\/et\/meist\/juhatus\/","og_locale":"et_EE","og_type":"article","og_title":"Juhatus - Estonian Convention Bureau","og_description":"EKB k\u00f5rgeim organ on liikmete \u00fcldkoosolek. EKB igap\u00e4evat\u00f6\u00f6d juhib ja esindab EKB juhatus. Juhatus m\u00e4\u00e4ratakse ametisse liikmete \u00fcldkoosoleku poolt 3 aastaks. Praegune juhatus on ametis 2025.a. detsembrist: Ott Sarapuu, juhatuse esimees, Proto Avastustehase juhatuse liige. Kontakt: ott@pg.ee Aivar Sirelpuu, Alexela Kontserdimaja tegevjuht. Kontakt: aivar@kontserdimaja.ee Andres Kask, Tallinna Strateegiakeskuse ettev\u00f5tlusteenistuse rahvusvahelise majanduspartnerluse osakonna juhataja. Kontakt: andres.kask@tallinnlv.ee [&hellip;]","og_url":"https:\/\/www.ecb.ee\/et\/meist\/juhatus\/","og_site_name":"Estonian Convention Bureau","article_modified_time":"2026-04-06T11:51:27+00:00","twitter_card":"summary_large_image","twitter_misc":{"Est. reading time":"1 minut"},"schema":{"@context":"https:\/\/schema.org","@graph":[{"@type":"WebPage","@id":"https:\/\/www.ecb.ee\/et\/meist\/juhatus\/","url":"https:\/\/www.ecb.ee\/et\/meist\/juhatus\/","name":"Juhatus - Estonian Convention Bureau","isPartOf":{"@id":"https:\/\/www.ecb.ee\/#website"},"datePublished":"2021-01-07T09:11:57+00:00","dateModified":"2026-04-06T11:51:27+00:00","breadcrumb":{"@id":"https:\/\/www.ecb.ee\/et\/meist\/juhatus\/#breadcrumb"},"inLanguage":"et","potentialAction":[{"@type":"ReadAction","target":["https:\/\/www.ecb.ee\/et\/meist\/juhatus\/"]}]},{"@type":"BreadcrumbList","@id":"https:\/\/www.ecb.ee\/et\/meist\/juhatus\/#breadcrumb","itemListElement":[{"@type":"ListItem","position":1,"name":"Home","item":"https:\/\/www.ecb.ee\/et\/"},{"@type":"ListItem","position":2,"name":"Meist","item":"https:\/\/www.ecb.ee\/et\/meist\/"},{"@type":"ListItem","position":3,"name":"Juhatus"}]},{"@type":"WebSite","@id":"https:\/\/www.ecb.ee\/#website","url":"https:\/\/www.ecb.ee\/","name":"Estonian Convention Bureau","description":"","publisher":{"@id":"https:\/\/www.ecb.ee\/#organization"},"potentialAction":[{"@type":"SearchAction","target":{"@type":"EntryPoint","urlTemplate":"https:\/\/www.ecb.ee\/?s={search_term_string}"},"query-input":{"@type":"PropertyValueSpecification","valueRequired":true,"valueName":"search_term_string"}}],"inLanguage":"et"},{"@type":"Organization","@id":"https:\/\/www.ecb.ee\/#organization","name":"Estonian Convention Bureau","url":"https:\/\/www.ecb.ee\/","logo":{"@type":"ImageObject","inLanguage":"et","@id":"https:\/\/www.ecb.ee\/#\/schema\/logo\/image\/","url":"https:\/\/www.ecb.ee\/wp-content\/uploads\/2020\/12\/site_logo.svg","contentUrl":"https:\/\/www.ecb.ee\/wp-content\/uploads\/2020\/12\/site_logo.svg","caption":"Estonian Convention Bureau"},"image":{"@id":"https:\/\/www.ecb.ee\/#\/schema\/logo\/image\/"}}]}},"_links":{"self":[{"href":"https:\/\/www.ecb.ee\/et\/wp-json\/wp\/v2\/pages\/15413","targetHints":{"allow":["GET"]}}],"collection":[{"href":"https:\/\/www.ecb.ee\/et\/wp-json\/wp\/v2\/pages"}],"about":[{"href":"https:\/\/www.ecb.ee\/et\/wp-json\/wp\/v2\/types\/page"}],"author":[{"embeddable":true,"href":"https:\/\/www.ecb.ee\/et\/wp-json\/wp\/v2\/users\/2"}],"replies":[{"embeddable":true,"href":"https:\/\/www.ecb.ee\/et\/wp-json\/wp\/v2\/comments?post=15413"}],"version-history":[{"count":33,"href":"https:\/\/www.ecb.ee\/et\/wp-json\/wp\/v2\/pages\/15413\/revisions"}],"predecessor-version":[{"id":45859,"href":"https:\/\/www.ecb.ee\/et\/wp-json\/wp\/v2\/pages\/15413\/revisions\/45859"}],"up":[{"embeddable":true,"href":"https:\/\/www.ecb.ee\/et\/wp-json\/wp\/v2\/pages\/14983"}],"wp:attachment":[{"href":"https:\/\/www.ecb.ee\/et\/wp-json\/wp\/v2\/media?parent=15413"}],"curies":[{"name":"wp","href":"https:\/\/api.w.org\/{rel}","templated":true}]}}