{"id":15407,"date":"2021-01-07T09:09:00","date_gmt":"2021-01-07T09:09:00","guid":{"rendered":"https:\/\/www.ecb.ee\/?page_id=15407"},"modified":"2025-02-25T14:16:29","modified_gmt":"2025-02-25T14:16:29","slug":"tule-liikmeks","status":"publish","type":"page","link":"https:\/\/www.ecb.ee\/et\/meist\/tule-liikmeks\/","title":{"rendered":"Tule EKB liikmeks"},"content":{"rendered":"<p>MT\u00dc Eesti Konverentsib\u00fcroo on Eesti konverentsivaldkonna esindusorganisatsioon, mille eesm\u00e4rk on\u00a0<strong>suurendada Eesti kui konverentsisihtkoha rahvusvahelist tuntust<\/strong>\u00a0ja konkurentsiv\u00f5imet,\u00a0<strong>kasvatada Eestis toimuvate rahvusvaheliste konverentside arvu<\/strong>\u00a0ning\u00a0<strong>luua \u00e4riv\u00f5imalusi b\u00fcroo liikmetel<\/strong>e.<\/p>\n<p>EKB p\u00f5hitegevuseks on\u00a0<strong>Eesti kui rahvusvaheliste konverentside sihtkoha tutvustamine<\/strong>\u00a0ning\u00a0<strong>korraldajate n\u00f5ustamine<\/strong>\u00a0konverentside Eestisse planeerimisel ja teenusepakkujate leidmisel.<\/p>\n<h3>Eesti Konverentsib\u00fcroo peamised tegevused:<\/h3>\n<ul>\n<li>Konverentsikorraldajate n\u00f5ustamine konverentside planeerimisel ja abi korraldus\u00f5iguse taotlemisel (bidding)<\/li>\n<li>Koost\u00f6\u00f6 Eesti teadlaste ja spetsialistidega konverentside Eestisse kutsumisel,\u00a0<a href=\"http:\/\/www.ecb.ee\/et\/saadikuprogramm\/\"><em>Eesti Konverentsisaadiku programmi<\/em>\u00a0<\/a>haldamine<\/li>\n<\/ul>\n<ul>\n<li>Eestit kui konverentsimaad tutvustavad kommunikatsiooni- ja turundustegevused\n<ul>\n<li>Eesti kui konverentsimaa kuvandi loomine, sihtkoha ning konverentsitoodete ja -teenuste tutvustamine Euroopa konverentsi- ja \u00fcrituskorraldajatele<\/li>\n<li>Osalemine rahvusvahelistel erialamessidel , workshopidel jt. kontakt\u00fcritustel<\/li>\n<li>Digiturundus Eesti konverentsitoodete ja -teenuste tutvustamiseks<\/li>\n<li>Rahvusvaheline\u00a0 meediakoost\u00f6\u00f6: Eestit tutvustavad pressiteated, artiklid v\u00e4lismeedias<\/li>\n<li>Konverentsikorraldajate tutvumis- ja\u00a0<em>site inspection<\/em>\u00a0reiside korraldamine Eestisse<\/li>\n<li>Tutvustavate materjalide koostamine<\/li>\n<\/ul>\n<\/li>\n<li>Meie liikmetele infoseminaride ja tutvumisk\u00fclastuste korraldamine<\/li>\n<li>Eestis toimuvate\u00a0<a href=\"http:\/\/www.ecb.ee\/et\/kalender\/\" target=\"_blank\" rel=\"noopener noreferrer\">rahvusvaheliste konverentside kalendri pidamine<\/a>\u00a0ning statistika kogumine<\/li>\n<li><em>Lobby<\/em>-tegevused ja valdkonna huvide esindamine riiklikul tasandil<\/li>\n<\/ul>\n<h3>Kuidas saada EKB liikmeks?<\/h3>\n<p>EKB liikmeks v\u00f5ivad olla\u00a0<strong>Eestis registreeritud ning konverentside korraldamisega otseselt v\u00f5i kaudselt seotud juriidilised isikud, organisatsioonid, \u00fchingud, \u00f5ppe- ja teadusasutused\u00a0<\/strong>ning<strong>\u00a0kohalikud omavalitsused<\/strong>. Tegemist on koost\u00f6\u00f6platvormiga mis \u00fchendab k\u00f5iki p\u00f5hilisi konverentsidele vajalike teenuste pakkujaid ja partnereid. Liikmete nimekirja leiab\u00a0<a href=\"https:\/\/www.ecb.ee\/et\/meist\/eesti-konverentsiburoo-liikmed\/\">siit<\/a>.<\/p>\n<p>L\u00e4bi EKB liikmelisuse on ettev\u00f5tetel ja organisatsioonidel v\u00f5imalik osaleda konverentsivaldkonna koost\u00f6\u00f6tegevustes, samuti olla esindatud EKB turundustegevustes ja -materjalides soovitatud teenusepakkujana, saada p\u00e4ringuid EKB kaudu, olla kursis konverentsisektori uudistega, osaleda infoseminaridel ning r\u00e4\u00e4kida kaasa konverentsisektori arendamisel Eestis. EKB liikmestaatus on m\u00e4rk kvaliteedist ning annab lisav\u00f5imalused rahvusvaheliseks turunduseks, mida vaid omal k\u00e4el teostada on kallim ja aegan\u00f5udvam.<\/p>\n<p>Lisaks toimuvad EKB liikmetele toimuvad regulaarselt erinevad eksklusiivsed \u00fcritused.<\/p>\n<p>Eesti Konverentsib\u00fcrooga liitumiseks tuleb esitada\u00a0liitumisavaldus<strong>.<\/strong><\/p>\n<h3>Lisainfo liikmeks astumise ning liikmetasude kohta:<\/h3>\n<p>Kadri Karu, EKB tegevjuht tel 51 58 240,\u00a0<a>kadri.karu@ecb.ee<\/a><\/p>\n","protected":false},"excerpt":{"rendered":"<p>MT\u00dc Eesti Konverentsib\u00fcroo on Eesti konverentsivaldkonna esindusorganisatsioon, mille eesm\u00e4rk on\u00a0suurendada Eesti kui konverentsisihtkoha rahvusvahelist tuntust\u00a0ja konkurentsiv\u00f5imet,\u00a0kasvatada Eestis toimuvate rahvusvaheliste konverentside arvu\u00a0ning\u00a0luua \u00e4riv\u00f5imalusi b\u00fcroo liikmetele. EKB p\u00f5hitegevuseks on\u00a0Eesti kui rahvusvaheliste konverentside sihtkoha tutvustamine\u00a0ning\u00a0korraldajate n\u00f5ustamine\u00a0konverentside Eestisse planeerimisel ja teenusepakkujate leidmisel. Eesti Konverentsib\u00fcroo peamised tegevused: Konverentsikorraldajate n\u00f5ustamine konverentside planeerimisel ja abi korraldus\u00f5iguse taotlemisel (bidding) Koost\u00f6\u00f6 Eesti teadlaste ja [&hellip;]<\/p>\n","protected":false},"author":2,"featured_media":0,"parent":14983,"menu_order":127,"comment_status":"closed","ping_status":"closed","template":"templates\/tpl-about_us.php","meta":{"_acf_changed":false,"footnotes":""},"class_list":["post-15407","page","type-page","status-publish","hentry"],"acf":[],"yoast_head":"<!-- This site is optimized with the Yoast SEO plugin v27.5 - https:\/\/yoast.com\/product\/yoast-seo-wordpress\/ -->\n<title>Tule EKB liikmeks - Estonian Convention Bureau<\/title>\n<meta name=\"robots\" content=\"index, follow, max-snippet:-1, max-image-preview:large, max-video-preview:-1\" \/>\n<link rel=\"canonical\" href=\"https:\/\/www.ecb.ee\/et\/meist\/tule-liikmeks\/\" \/>\n<meta property=\"og:locale\" content=\"et_EE\" \/>\n<meta property=\"og:type\" content=\"article\" \/>\n<meta property=\"og:title\" content=\"Tule EKB liikmeks - Estonian Convention Bureau\" \/>\n<meta property=\"og:description\" content=\"MT\u00dc Eesti Konverentsib\u00fcroo on Eesti konverentsivaldkonna esindusorganisatsioon, mille eesm\u00e4rk on\u00a0suurendada Eesti kui konverentsisihtkoha rahvusvahelist tuntust\u00a0ja konkurentsiv\u00f5imet,\u00a0kasvatada Eestis toimuvate rahvusvaheliste konverentside arvu\u00a0ning\u00a0luua \u00e4riv\u00f5imalusi b\u00fcroo liikmetele. EKB p\u00f5hitegevuseks on\u00a0Eesti kui rahvusvaheliste konverentside sihtkoha tutvustamine\u00a0ning\u00a0korraldajate n\u00f5ustamine\u00a0konverentside Eestisse planeerimisel ja teenusepakkujate leidmisel. Eesti Konverentsib\u00fcroo peamised tegevused: Konverentsikorraldajate n\u00f5ustamine konverentside planeerimisel ja abi korraldus\u00f5iguse taotlemisel (bidding) Koost\u00f6\u00f6 Eesti teadlaste ja [&hellip;]\" \/>\n<meta property=\"og:url\" content=\"https:\/\/www.ecb.ee\/et\/meist\/tule-liikmeks\/\" \/>\n<meta property=\"og:site_name\" content=\"Estonian Convention Bureau\" \/>\n<meta property=\"article:modified_time\" content=\"2025-02-25T14:16:29+00:00\" \/>\n<meta name=\"twitter:card\" content=\"summary_large_image\" \/>\n<meta name=\"twitter:label1\" content=\"Est. reading time\" \/>\n\t<meta name=\"twitter:data1\" content=\"2 minutit\" \/>\n<script type=\"application\/ld+json\" class=\"yoast-schema-graph\">{\"@context\":\"https:\\\/\\\/schema.org\",\"@graph\":[{\"@type\":\"WebPage\",\"@id\":\"https:\\\/\\\/www.ecb.ee\\\/et\\\/meist\\\/tule-liikmeks\\\/\",\"url\":\"https:\\\/\\\/www.ecb.ee\\\/et\\\/meist\\\/tule-liikmeks\\\/\",\"name\":\"Tule EKB liikmeks - Estonian Convention Bureau\",\"isPartOf\":{\"@id\":\"https:\\\/\\\/www.ecb.ee\\\/#website\"},\"datePublished\":\"2021-01-07T09:09:00+00:00\",\"dateModified\":\"2025-02-25T14:16:29+00:00\",\"breadcrumb\":{\"@id\":\"https:\\\/\\\/www.ecb.ee\\\/et\\\/meist\\\/tule-liikmeks\\\/#breadcrumb\"},\"inLanguage\":\"et\",\"potentialAction\":[{\"@type\":\"ReadAction\",\"target\":[\"https:\\\/\\\/www.ecb.ee\\\/et\\\/meist\\\/tule-liikmeks\\\/\"]}]},{\"@type\":\"BreadcrumbList\",\"@id\":\"https:\\\/\\\/www.ecb.ee\\\/et\\\/meist\\\/tule-liikmeks\\\/#breadcrumb\",\"itemListElement\":[{\"@type\":\"ListItem\",\"position\":1,\"name\":\"Home\",\"item\":\"https:\\\/\\\/www.ecb.ee\\\/et\\\/\"},{\"@type\":\"ListItem\",\"position\":2,\"name\":\"Meist\",\"item\":\"https:\\\/\\\/www.ecb.ee\\\/et\\\/meist\\\/\"},{\"@type\":\"ListItem\",\"position\":3,\"name\":\"Tule EKB liikmeks\"}]},{\"@type\":\"WebSite\",\"@id\":\"https:\\\/\\\/www.ecb.ee\\\/#website\",\"url\":\"https:\\\/\\\/www.ecb.ee\\\/\",\"name\":\"Estonian Convention Bureau\",\"description\":\"\",\"publisher\":{\"@id\":\"https:\\\/\\\/www.ecb.ee\\\/#organization\"},\"potentialAction\":[{\"@type\":\"SearchAction\",\"target\":{\"@type\":\"EntryPoint\",\"urlTemplate\":\"https:\\\/\\\/www.ecb.ee\\\/?s={search_term_string}\"},\"query-input\":{\"@type\":\"PropertyValueSpecification\",\"valueRequired\":true,\"valueName\":\"search_term_string\"}}],\"inLanguage\":\"et\"},{\"@type\":\"Organization\",\"@id\":\"https:\\\/\\\/www.ecb.ee\\\/#organization\",\"name\":\"Estonian Convention Bureau\",\"url\":\"https:\\\/\\\/www.ecb.ee\\\/\",\"logo\":{\"@type\":\"ImageObject\",\"inLanguage\":\"et\",\"@id\":\"https:\\\/\\\/www.ecb.ee\\\/#\\\/schema\\\/logo\\\/image\\\/\",\"url\":\"https:\\\/\\\/www.ecb.ee\\\/wp-content\\\/uploads\\\/2020\\\/12\\\/site_logo.svg\",\"contentUrl\":\"https:\\\/\\\/www.ecb.ee\\\/wp-content\\\/uploads\\\/2020\\\/12\\\/site_logo.svg\",\"caption\":\"Estonian Convention Bureau\"},\"image\":{\"@id\":\"https:\\\/\\\/www.ecb.ee\\\/#\\\/schema\\\/logo\\\/image\\\/\"}}]}<\/script>\n<!-- \/ Yoast SEO plugin. -->","yoast_head_json":{"title":"Tule EKB liikmeks - Estonian Convention Bureau","robots":{"index":"index","follow":"follow","max-snippet":"max-snippet:-1","max-image-preview":"max-image-preview:large","max-video-preview":"max-video-preview:-1"},"canonical":"https:\/\/www.ecb.ee\/et\/meist\/tule-liikmeks\/","og_locale":"et_EE","og_type":"article","og_title":"Tule EKB liikmeks - Estonian Convention Bureau","og_description":"MT\u00dc Eesti Konverentsib\u00fcroo on Eesti konverentsivaldkonna esindusorganisatsioon, mille eesm\u00e4rk on\u00a0suurendada Eesti kui konverentsisihtkoha rahvusvahelist tuntust\u00a0ja konkurentsiv\u00f5imet,\u00a0kasvatada Eestis toimuvate rahvusvaheliste konverentside arvu\u00a0ning\u00a0luua \u00e4riv\u00f5imalusi b\u00fcroo liikmetele. EKB p\u00f5hitegevuseks on\u00a0Eesti kui rahvusvaheliste konverentside sihtkoha tutvustamine\u00a0ning\u00a0korraldajate n\u00f5ustamine\u00a0konverentside Eestisse planeerimisel ja teenusepakkujate leidmisel. Eesti Konverentsib\u00fcroo peamised tegevused: Konverentsikorraldajate n\u00f5ustamine konverentside planeerimisel ja abi korraldus\u00f5iguse taotlemisel (bidding) Koost\u00f6\u00f6 Eesti teadlaste ja [&hellip;]","og_url":"https:\/\/www.ecb.ee\/et\/meist\/tule-liikmeks\/","og_site_name":"Estonian Convention Bureau","article_modified_time":"2025-02-25T14:16:29+00:00","twitter_card":"summary_large_image","twitter_misc":{"Est. reading time":"2 minutit"},"schema":{"@context":"https:\/\/schema.org","@graph":[{"@type":"WebPage","@id":"https:\/\/www.ecb.ee\/et\/meist\/tule-liikmeks\/","url":"https:\/\/www.ecb.ee\/et\/meist\/tule-liikmeks\/","name":"Tule EKB liikmeks - Estonian Convention Bureau","isPartOf":{"@id":"https:\/\/www.ecb.ee\/#website"},"datePublished":"2021-01-07T09:09:00+00:00","dateModified":"2025-02-25T14:16:29+00:00","breadcrumb":{"@id":"https:\/\/www.ecb.ee\/et\/meist\/tule-liikmeks\/#breadcrumb"},"inLanguage":"et","potentialAction":[{"@type":"ReadAction","target":["https:\/\/www.ecb.ee\/et\/meist\/tule-liikmeks\/"]}]},{"@type":"BreadcrumbList","@id":"https:\/\/www.ecb.ee\/et\/meist\/tule-liikmeks\/#breadcrumb","itemListElement":[{"@type":"ListItem","position":1,"name":"Home","item":"https:\/\/www.ecb.ee\/et\/"},{"@type":"ListItem","position":2,"name":"Meist","item":"https:\/\/www.ecb.ee\/et\/meist\/"},{"@type":"ListItem","position":3,"name":"Tule EKB liikmeks"}]},{"@type":"WebSite","@id":"https:\/\/www.ecb.ee\/#website","url":"https:\/\/www.ecb.ee\/","name":"Estonian Convention Bureau","description":"","publisher":{"@id":"https:\/\/www.ecb.ee\/#organization"},"potentialAction":[{"@type":"SearchAction","target":{"@type":"EntryPoint","urlTemplate":"https:\/\/www.ecb.ee\/?s={search_term_string}"},"query-input":{"@type":"PropertyValueSpecification","valueRequired":true,"valueName":"search_term_string"}}],"inLanguage":"et"},{"@type":"Organization","@id":"https:\/\/www.ecb.ee\/#organization","name":"Estonian Convention Bureau","url":"https:\/\/www.ecb.ee\/","logo":{"@type":"ImageObject","inLanguage":"et","@id":"https:\/\/www.ecb.ee\/#\/schema\/logo\/image\/","url":"https:\/\/www.ecb.ee\/wp-content\/uploads\/2020\/12\/site_logo.svg","contentUrl":"https:\/\/www.ecb.ee\/wp-content\/uploads\/2020\/12\/site_logo.svg","caption":"Estonian Convention Bureau"},"image":{"@id":"https:\/\/www.ecb.ee\/#\/schema\/logo\/image\/"}}]}},"_links":{"self":[{"href":"https:\/\/www.ecb.ee\/et\/wp-json\/wp\/v2\/pages\/15407","targetHints":{"allow":["GET"]}}],"collection":[{"href":"https:\/\/www.ecb.ee\/et\/wp-json\/wp\/v2\/pages"}],"about":[{"href":"https:\/\/www.ecb.ee\/et\/wp-json\/wp\/v2\/types\/page"}],"author":[{"embeddable":true,"href":"https:\/\/www.ecb.ee\/et\/wp-json\/wp\/v2\/users\/2"}],"replies":[{"embeddable":true,"href":"https:\/\/www.ecb.ee\/et\/wp-json\/wp\/v2\/comments?post=15407"}],"version-history":[{"count":9,"href":"https:\/\/www.ecb.ee\/et\/wp-json\/wp\/v2\/pages\/15407\/revisions"}],"predecessor-version":[{"id":40063,"href":"https:\/\/www.ecb.ee\/et\/wp-json\/wp\/v2\/pages\/15407\/revisions\/40063"}],"up":[{"embeddable":true,"href":"https:\/\/www.ecb.ee\/et\/wp-json\/wp\/v2\/pages\/14983"}],"wp:attachment":[{"href":"https:\/\/www.ecb.ee\/et\/wp-json\/wp\/v2\/media?parent=15407"}],"curies":[{"name":"wp","href":"https:\/\/api.w.org\/{rel}","templated":true}]}}