{"id":15012,"date":"2021-01-04T11:32:52","date_gmt":"2021-01-04T11:32:52","guid":{"rendered":"https:\/\/www.ecb.ee\/?page_id=15012"},"modified":"2023-08-16T12:05:14","modified_gmt":"2023-08-16T12:05:14","slug":"eesti-konverentsiburoo-liikmed","status":"publish","type":"page","link":"https:\/\/www.ecb.ee\/et\/meist\/eesti-konverentsiburoo-liikmed\/","title":{"rendered":"Liikmed"},"content":{"rendered":"<div align=\"justify\">\n<p>Eesti Konverentsib\u00fcroo on liikmep\u00f5hine organisatsioon. Meie liikmeskond \u00fchendab endas ettev\u00f5tteid ning omavalitsusi, kellel k\u00f5igil on olemas rahvusvaheliste \u00fcrituste korraldamiseks vajalikud teadmised ning kogemustepagas. Meie liikmete hulka kuuluvad nt Tallinna ja Tartu linn, \u00e4riklassihotellid, \u00fcritus- ja konverentsikorraldusfirmad, Tallinna \u00dclikool ja Tallinna Tehnika\u00fclikool, \u00fcrituste toimumiskohad, Tallinna Lennujaam.<\/p>\n<p>Eesti Konverentsib\u00fcroo liikmesettev\u00f5tted pakuvad laias valikus konverentsiteenuseid, korraldades mitmesuguseid \u00fcritusi, alates v\u00e4ikestest seminaridest kuni suurte rahvusvaheliste kongressideni. Pakutakse nii konverentsi korraldamise t\u00e4isteenust kui ka teenuseid eraldi \u00fcksikteenustena. EKB liikmestaatus on m\u00e4rk kvaliteedist.<\/p>\n<p>Kui olete oma ettev\u00f5ttega huvitatud meiega liitumisest, v\u00f5tke palun julgesti \u00fchendust meie tegevjuhi Kadri Karuga, kes meie tegemisi l\u00e4hemalt tutvustab! Meie kontaktid leiab <a href=\"https:\/\/www.ecb.ee\/et\/kontakt\/\" target=\"_blank\" rel=\"noopener noreferrer\">siit.<\/a><\/p>\n<h2>Eesti Konverentsib\u00fcroo liikmed:<\/h2>\n<\/div>\n<h5>LINNAD<\/h5>\n<ul>\n<li><a href=\"https:\/\/www.visittallinn.ee\/est\/professionaal\/konverentsiturism\/lisaks\/praktilised-t%C3%B6%C3%B6vahendid\" target=\"_blank\" rel=\"noopener noreferrer\">Tallinna\u00a0linn<\/a><\/li>\n<li><a href=\"http:\/\/www.visittartu.com\/\" target=\"_blank\" rel=\"noopener noreferrer\">Tartu linn<\/a><\/li>\n<li><a href=\"https:\/\/visitparnu.com\/\" target=\"_blank\" rel=\"noopener noreferrer\">P\u00e4rnu linn<\/a><\/li>\n<\/ul>\n<h5>TRANSPORT<\/h5>\n<ul>\n<li><a href=\"https:\/\/www.tallinn-airport.ee\/\" target=\"_blank\" rel=\"noopener noreferrer\">Lennart Meri Tallinna Lennujaam<\/a><\/li>\n<\/ul>\n<h5>\u00dcLIKOOLID<\/h5>\n<ul>\n<li><a href=\"https:\/\/www.tlu.ee\/konverentsikeskus\/konverentsiteenused\" target=\"_blank\" rel=\"noopener noreferrer\">Tallinna \u00dclikooli Konverentsikeskus<\/a><\/li>\n<li><a href=\"http:\/\/www.ecb.ee\/et\/ruum\/taltech-konverentsikeskus\/\" target=\"_blank\" rel=\"noopener noreferrer\">TalTech Konverentsikeskus<\/a><\/li>\n<\/ul>\n<h5>\u00dcRITUSTE TOIMUMISKOHAD<\/h5>\n<ul>\n<li><a href=\"http:\/\/www.tallinnconcerthall.com\/\" target=\"_blank\" rel=\"noopener noreferrer\">Alexela Kontserdimaja<\/a><\/li>\n<li><a href=\"http:\/\/kultuurikatel.ee\/\" target=\"_blank\" rel=\"noopener noreferrer\">Kultuurikatel<\/a><\/li>\n<li><a href=\"http:\/\/lennusadam.eu\/en\/\" target=\"_blank\" rel=\"noopener noreferrer\">Eesti Meremuuseum \/ Lennusadam<\/a><\/li>\n<li><a href=\"https:\/\/prototehas.ee\/korralda-uritus\/\" target=\"_blank\" rel=\"noopener noreferrer\">Proto Avastustehas<\/a><\/li>\n<li><a href=\"https:\/\/www.ecb.ee\/et\/ruum\/tallinna-sadama-kruiisiterminal\/\" target=\"_blank\" rel=\"noopener\">Tallinna Sadama Kruiisiterminal<\/a><\/li>\n<li><a href=\"https:\/\/www.fotografiska.com\/tallinn\/\" target=\"_blank\" rel=\"noopener noreferrer\">Fotografiska Tallinn<\/a><\/li>\n<li><a href=\"https:\/\/www.erinevatetubadeklubi.ee\/\" target=\"_blank\" rel=\"noopener\">Erinevate Tubade Klubi<\/a><\/li>\n<\/ul>\n<h5>HOTELLID<\/h5>\n<ul>\n<li><a href=\"https:\/\/www.centennialhoteltallinn.com\/et\/\" target=\"_blank\" rel=\"noopener\">Centennial Hotel Tallinn<\/a><\/li>\n<li><a href=\"http:\/\/www3.hilton.com\/en\/hotels\/estonia\/hilton-tallinn-park-TLLHIHI\/index.html\" target=\"_blank\" rel=\"noopener noreferrer\">Hilton Tallinn Park<\/a><\/li>\n<li><a href=\"https:\/\/lembituhotel.ee\/avaleht\/\" target=\"_blank\" rel=\"noopener noreferrer\">L\u00b4Embitu Hotell<\/a><\/li>\n<li><a href=\"https:\/\/www.laspa.ee\/et\/\" target=\"_blank\" rel=\"noopener\">LaSpa<\/a><\/li>\n<li><a href=\"https:\/\/www.metropol.ee\/\" target=\"_blank\" rel=\"noopener noreferrer\">Metropol Spa Hotell<\/a><\/li>\n<li><a href=\"http:\/\/www.nordichotels.eu\/\" target=\"_blank\" rel=\"noopener noreferrer\">Nordic Hotel Forum<\/a><\/li>\n<li><a href=\"http:\/\/www.ecb.ee\/et\/ruum\/radisson-meriton-conference-spa-hotel-tallinn\/\" target=\"_blank\" rel=\"noopener noreferrer\">Park Inn by Radisson Meriton Conference &amp; Spa Hotel Tallinn<\/a><\/li>\n<li><a href=\"https:\/\/www.ecb.ee\/et\/ruum\/radisson-collection-hotel-tallinn\/\" target=\"_blank\" rel=\"noopener\">Radisson Collection Hotel Tallinn<\/a><\/li>\n<li><a href=\"http:\/\/www.revalhotels.com\/\" target=\"_blank\" rel=\"noopener noreferrer\">Radisson Blul Hotel Ol\u00fcmpia<\/a><\/li>\n<li><a href=\"http:\/\/www.viru.ee\/\" target=\"_blank\" rel=\"noopener noreferrer\">Original Sokos Hotel Viru<\/a><\/li>\n<li><a href=\"http:\/\/www.swissotel.com\/tallinn\" target=\"_blank\" rel=\"noopener noreferrer\">Swissotel Tallinn<\/a><\/li>\n<li><a href=\"http:\/\/www.tallinkhotels.com\/hotel\" target=\"_blank\" rel=\"noopener noreferrer\">Tallink Hotels<\/a><\/li>\n<li><a href=\"http:\/\/www.vihulamanor.com\/\" target=\"_blank\" rel=\"noopener noreferrer\">Vihula M\u00f5is<\/a><\/li>\n<li><a href=\"http:\/\/vspa.ee\/\" target=\"_blank\" rel=\"noopener noreferrer\">V Spaahotell ja Konverentsikeskus<\/a><\/li>\n<\/ul>\n<h5>KONVERENTSIDE , \u00dcRITUSTE JA VABA-AJAPROGRAMMIDE KORRALDUSFIRMAD<\/h5>\n<ul>\n<li><a href=\"http:\/\/amazing.ee\/\" target=\"_blank\" rel=\"noopener\">Amazing Productions<\/a><\/li>\n<li><a href=\"http:\/\/www.baltictours.ee\/\" target=\"_blank\" rel=\"noopener noreferrer\">Baltic Tours<\/a><\/li>\n<li><a href=\"http:\/\/www.baltic.travel\/\" target=\"_blank\" rel=\"noopener noreferrer\">Baltic Travel Group<\/a><\/li>\n<li><a href=\"https:\/\/www.bluedrum.eu\/\" target=\"_blank\" rel=\"noopener noreferrer\">Blue Drum<\/a><\/li>\n<li><a href=\"https:\/\/dmc-nordic.com\" target=\"_blank\" rel=\"noopener noreferrer\">DMC Nordic Estonia<\/a><\/li>\n<li><a href=\"http:\/\/www.estravel.ee\/\" target=\"_blank\" rel=\"noopener noreferrer\">Estravel<\/a><\/li>\n<li><a href=\"https:\/\/foodsightseeing.ee\/et\" target=\"_blank\" rel=\"noopener\">Food Sightseeing Estonia<\/a><\/li>\n<li><a href=\"https:\/\/hype.ee\/\" target=\"_blank\" rel=\"noopener noreferrer\">Hype<\/a><\/li>\n<li><a href=\"https:\/\/jolos.eu\" target=\"_blank\" rel=\"noopener noreferrer\">Jolos<\/a><\/li>\n<li><a href=\"https:\/\/www.konverentsimeistrid.ee\" target=\"_blank\" rel=\"noopener noreferrer\">Konverentsimeistrid<\/a><\/li>\n<li><a href=\"https:\/\/www.milttonevents.ee\/\" target=\"_blank\" rel=\"noopener\">Miltton Events<\/a><\/li>\n<li><a href=\"http:\/\/www.publicon.ee\/\" target=\"_blank\" rel=\"noopener noreferrer\">Publicon<\/a><\/li>\n<li><a href=\"https:\/\/www.conference-expert.eu\/et\" target=\"_blank\" rel=\"noopener noreferrer\">Reisiekspert<\/a><\/li>\n<li><a href=\"http:\/\/www.orangetime.ee\/\" target=\"_blank\" rel=\"noopener noreferrer\">Orangetime\u00a0Event<\/a><\/li>\n<li><a href=\"http:\/\/www.viahansa.com\/\" target=\"_blank\" rel=\"noopener noreferrer\">Via Hansa DMC &amp; PCO<\/a><\/li>\n<li><a href=\"https:\/\/wanderlust.ee\/\" target=\"_blank\" rel=\"noopener\">Wanderlust Matkad O\u00dc<\/a><\/li>\n<\/ul>\n<h5><strong>KONVERENTSITEHNIKA, TUGITEENUSED<\/strong><\/h5>\n<ul>\n<li><a href=\"https:\/\/eventcenter.ee\/\" target=\"_blank\" rel=\"noopener\">Event Center<\/a><\/li>\n<li><a href=\"https:\/\/tehnikateenused.ee\/\" target=\"_blank\" rel=\"noopener\">Eesti Tehnikateenused<\/a><\/li>\n<li><a href=\"https:\/\/extrahaus.ee\/\" target=\"_blank\" rel=\"noopener\">Extrahaus<\/a><\/li>\n<li><a href=\"https:\/\/rgb.ee\/\" target=\"_blank\" rel=\"noopener\">RGB<\/a><\/li>\n<\/ul>\n<h5>TOITLUSTUS<\/h5>\n<ul>\n<li><a href=\"http:\/\/pohjalacatering.ee\/\" target=\"_blank\" rel=\"noopener noreferrer\">P\u00f5hjala Catering<\/a><\/li>\n<li><a href=\"https:\/\/nordiccatering.ee\/\" target=\"_blank\" rel=\"noopener\">Nordic Catering<\/a><\/li>\n<\/ul>\n","protected":false},"excerpt":{"rendered":"<p>Eesti Konverentsib\u00fcroo on liikmep\u00f5hine organisatsioon. Meie liikmeskond \u00fchendab endas ettev\u00f5tteid ning omavalitsusi, kellel k\u00f5igil on olemas rahvusvaheliste \u00fcrituste korraldamiseks vajalikud teadmised ning kogemustepagas. Meie liikmete hulka kuuluvad nt Tallinna ja Tartu linn, \u00e4riklassihotellid, \u00fcritus- ja konverentsikorraldusfirmad, Tallinna \u00dclikool ja Tallinna Tehnika\u00fclikool, \u00fcrituste toimumiskohad, Tallinna Lennujaam. Eesti Konverentsib\u00fcroo liikmesettev\u00f5tted pakuvad laias valikus konverentsiteenuseid, korraldades mitmesuguseid \u00fcritusi, [&hellip;]<\/p>\n","protected":false},"author":2,"featured_media":0,"parent":14983,"menu_order":123,"comment_status":"closed","ping_status":"closed","template":"templates\/tpl-about_us.php","meta":{"_acf_changed":false,"footnotes":""},"class_list":["post-15012","page","type-page","status-publish","hentry"],"acf":[],"yoast_head":"<!-- This site is optimized with the Yoast SEO plugin v27.5 - https:\/\/yoast.com\/product\/yoast-seo-wordpress\/ -->\n<title>Liikmed - Estonian Convention Bureau<\/title>\n<meta name=\"robots\" content=\"index, follow, max-snippet:-1, max-image-preview:large, max-video-preview:-1\" \/>\n<link rel=\"canonical\" href=\"https:\/\/www.ecb.ee\/et\/meist\/eesti-konverentsiburoo-liikmed\/\" \/>\n<meta property=\"og:locale\" content=\"et_EE\" \/>\n<meta property=\"og:type\" content=\"article\" \/>\n<meta property=\"og:title\" content=\"Liikmed - Estonian Convention Bureau\" \/>\n<meta property=\"og:description\" content=\"Eesti Konverentsib\u00fcroo on liikmep\u00f5hine organisatsioon. Meie liikmeskond \u00fchendab endas ettev\u00f5tteid ning omavalitsusi, kellel k\u00f5igil on olemas rahvusvaheliste \u00fcrituste korraldamiseks vajalikud teadmised ning kogemustepagas. Meie liikmete hulka kuuluvad nt Tallinna ja Tartu linn, \u00e4riklassihotellid, \u00fcritus- ja konverentsikorraldusfirmad, Tallinna \u00dclikool ja Tallinna Tehnika\u00fclikool, \u00fcrituste toimumiskohad, Tallinna Lennujaam. Eesti Konverentsib\u00fcroo liikmesettev\u00f5tted pakuvad laias valikus konverentsiteenuseid, korraldades mitmesuguseid \u00fcritusi, [&hellip;]\" \/>\n<meta property=\"og:url\" content=\"https:\/\/www.ecb.ee\/et\/meist\/eesti-konverentsiburoo-liikmed\/\" \/>\n<meta property=\"og:site_name\" content=\"Estonian Convention Bureau\" \/>\n<meta property=\"article:modified_time\" content=\"2023-08-16T12:05:14+00:00\" \/>\n<meta name=\"twitter:card\" content=\"summary_large_image\" \/>\n<meta name=\"twitter:label1\" content=\"Est. reading time\" \/>\n\t<meta name=\"twitter:data1\" content=\"2 minutit\" \/>\n<script type=\"application\/ld+json\" class=\"yoast-schema-graph\">{\"@context\":\"https:\\\/\\\/schema.org\",\"@graph\":[{\"@type\":\"WebPage\",\"@id\":\"https:\\\/\\\/www.ecb.ee\\\/et\\\/meist\\\/eesti-konverentsiburoo-liikmed\\\/\",\"url\":\"https:\\\/\\\/www.ecb.ee\\\/et\\\/meist\\\/eesti-konverentsiburoo-liikmed\\\/\",\"name\":\"Liikmed - Estonian Convention Bureau\",\"isPartOf\":{\"@id\":\"https:\\\/\\\/www.ecb.ee\\\/#website\"},\"datePublished\":\"2021-01-04T11:32:52+00:00\",\"dateModified\":\"2023-08-16T12:05:14+00:00\",\"breadcrumb\":{\"@id\":\"https:\\\/\\\/www.ecb.ee\\\/et\\\/meist\\\/eesti-konverentsiburoo-liikmed\\\/#breadcrumb\"},\"inLanguage\":\"et\",\"potentialAction\":[{\"@type\":\"ReadAction\",\"target\":[\"https:\\\/\\\/www.ecb.ee\\\/et\\\/meist\\\/eesti-konverentsiburoo-liikmed\\\/\"]}]},{\"@type\":\"BreadcrumbList\",\"@id\":\"https:\\\/\\\/www.ecb.ee\\\/et\\\/meist\\\/eesti-konverentsiburoo-liikmed\\\/#breadcrumb\",\"itemListElement\":[{\"@type\":\"ListItem\",\"position\":1,\"name\":\"Home\",\"item\":\"https:\\\/\\\/www.ecb.ee\\\/et\\\/\"},{\"@type\":\"ListItem\",\"position\":2,\"name\":\"Meist\",\"item\":\"https:\\\/\\\/www.ecb.ee\\\/et\\\/meist\\\/\"},{\"@type\":\"ListItem\",\"position\":3,\"name\":\"Liikmed\"}]},{\"@type\":\"WebSite\",\"@id\":\"https:\\\/\\\/www.ecb.ee\\\/#website\",\"url\":\"https:\\\/\\\/www.ecb.ee\\\/\",\"name\":\"Estonian Convention Bureau\",\"description\":\"\",\"publisher\":{\"@id\":\"https:\\\/\\\/www.ecb.ee\\\/#organization\"},\"potentialAction\":[{\"@type\":\"SearchAction\",\"target\":{\"@type\":\"EntryPoint\",\"urlTemplate\":\"https:\\\/\\\/www.ecb.ee\\\/?s={search_term_string}\"},\"query-input\":{\"@type\":\"PropertyValueSpecification\",\"valueRequired\":true,\"valueName\":\"search_term_string\"}}],\"inLanguage\":\"et\"},{\"@type\":\"Organization\",\"@id\":\"https:\\\/\\\/www.ecb.ee\\\/#organization\",\"name\":\"Estonian Convention Bureau\",\"url\":\"https:\\\/\\\/www.ecb.ee\\\/\",\"logo\":{\"@type\":\"ImageObject\",\"inLanguage\":\"et\",\"@id\":\"https:\\\/\\\/www.ecb.ee\\\/#\\\/schema\\\/logo\\\/image\\\/\",\"url\":\"https:\\\/\\\/www.ecb.ee\\\/wp-content\\\/uploads\\\/2020\\\/12\\\/site_logo.svg\",\"contentUrl\":\"https:\\\/\\\/www.ecb.ee\\\/wp-content\\\/uploads\\\/2020\\\/12\\\/site_logo.svg\",\"caption\":\"Estonian Convention Bureau\"},\"image\":{\"@id\":\"https:\\\/\\\/www.ecb.ee\\\/#\\\/schema\\\/logo\\\/image\\\/\"}}]}<\/script>\n<!-- \/ Yoast SEO plugin. -->","yoast_head_json":{"title":"Liikmed - Estonian Convention Bureau","robots":{"index":"index","follow":"follow","max-snippet":"max-snippet:-1","max-image-preview":"max-image-preview:large","max-video-preview":"max-video-preview:-1"},"canonical":"https:\/\/www.ecb.ee\/et\/meist\/eesti-konverentsiburoo-liikmed\/","og_locale":"et_EE","og_type":"article","og_title":"Liikmed - Estonian Convention Bureau","og_description":"Eesti Konverentsib\u00fcroo on liikmep\u00f5hine organisatsioon. Meie liikmeskond \u00fchendab endas ettev\u00f5tteid ning omavalitsusi, kellel k\u00f5igil on olemas rahvusvaheliste \u00fcrituste korraldamiseks vajalikud teadmised ning kogemustepagas. Meie liikmete hulka kuuluvad nt Tallinna ja Tartu linn, \u00e4riklassihotellid, \u00fcritus- ja konverentsikorraldusfirmad, Tallinna \u00dclikool ja Tallinna Tehnika\u00fclikool, \u00fcrituste toimumiskohad, Tallinna Lennujaam. Eesti Konverentsib\u00fcroo liikmesettev\u00f5tted pakuvad laias valikus konverentsiteenuseid, korraldades mitmesuguseid \u00fcritusi, [&hellip;]","og_url":"https:\/\/www.ecb.ee\/et\/meist\/eesti-konverentsiburoo-liikmed\/","og_site_name":"Estonian Convention Bureau","article_modified_time":"2023-08-16T12:05:14+00:00","twitter_card":"summary_large_image","twitter_misc":{"Est. reading time":"2 minutit"},"schema":{"@context":"https:\/\/schema.org","@graph":[{"@type":"WebPage","@id":"https:\/\/www.ecb.ee\/et\/meist\/eesti-konverentsiburoo-liikmed\/","url":"https:\/\/www.ecb.ee\/et\/meist\/eesti-konverentsiburoo-liikmed\/","name":"Liikmed - Estonian Convention Bureau","isPartOf":{"@id":"https:\/\/www.ecb.ee\/#website"},"datePublished":"2021-01-04T11:32:52+00:00","dateModified":"2023-08-16T12:05:14+00:00","breadcrumb":{"@id":"https:\/\/www.ecb.ee\/et\/meist\/eesti-konverentsiburoo-liikmed\/#breadcrumb"},"inLanguage":"et","potentialAction":[{"@type":"ReadAction","target":["https:\/\/www.ecb.ee\/et\/meist\/eesti-konverentsiburoo-liikmed\/"]}]},{"@type":"BreadcrumbList","@id":"https:\/\/www.ecb.ee\/et\/meist\/eesti-konverentsiburoo-liikmed\/#breadcrumb","itemListElement":[{"@type":"ListItem","position":1,"name":"Home","item":"https:\/\/www.ecb.ee\/et\/"},{"@type":"ListItem","position":2,"name":"Meist","item":"https:\/\/www.ecb.ee\/et\/meist\/"},{"@type":"ListItem","position":3,"name":"Liikmed"}]},{"@type":"WebSite","@id":"https:\/\/www.ecb.ee\/#website","url":"https:\/\/www.ecb.ee\/","name":"Estonian Convention Bureau","description":"","publisher":{"@id":"https:\/\/www.ecb.ee\/#organization"},"potentialAction":[{"@type":"SearchAction","target":{"@type":"EntryPoint","urlTemplate":"https:\/\/www.ecb.ee\/?s={search_term_string}"},"query-input":{"@type":"PropertyValueSpecification","valueRequired":true,"valueName":"search_term_string"}}],"inLanguage":"et"},{"@type":"Organization","@id":"https:\/\/www.ecb.ee\/#organization","name":"Estonian Convention Bureau","url":"https:\/\/www.ecb.ee\/","logo":{"@type":"ImageObject","inLanguage":"et","@id":"https:\/\/www.ecb.ee\/#\/schema\/logo\/image\/","url":"https:\/\/www.ecb.ee\/wp-content\/uploads\/2020\/12\/site_logo.svg","contentUrl":"https:\/\/www.ecb.ee\/wp-content\/uploads\/2020\/12\/site_logo.svg","caption":"Estonian Convention Bureau"},"image":{"@id":"https:\/\/www.ecb.ee\/#\/schema\/logo\/image\/"}}]}},"_links":{"self":[{"href":"https:\/\/www.ecb.ee\/et\/wp-json\/wp\/v2\/pages\/15012","targetHints":{"allow":["GET"]}}],"collection":[{"href":"https:\/\/www.ecb.ee\/et\/wp-json\/wp\/v2\/pages"}],"about":[{"href":"https:\/\/www.ecb.ee\/et\/wp-json\/wp\/v2\/types\/page"}],"author":[{"embeddable":true,"href":"https:\/\/www.ecb.ee\/et\/wp-json\/wp\/v2\/users\/2"}],"replies":[{"embeddable":true,"href":"https:\/\/www.ecb.ee\/et\/wp-json\/wp\/v2\/comments?post=15012"}],"version-history":[{"count":36,"href":"https:\/\/www.ecb.ee\/et\/wp-json\/wp\/v2\/pages\/15012\/revisions"}],"predecessor-version":[{"id":30012,"href":"https:\/\/www.ecb.ee\/et\/wp-json\/wp\/v2\/pages\/15012\/revisions\/30012"}],"up":[{"embeddable":true,"href":"https:\/\/www.ecb.ee\/et\/wp-json\/wp\/v2\/pages\/14983"}],"wp:attachment":[{"href":"https:\/\/www.ecb.ee\/et\/wp-json\/wp\/v2\/media?parent=15012"}],"curies":[{"name":"wp","href":"https:\/\/api.w.org\/{rel}","templated":true}]}}