{"id":14983,"date":"2020-12-08T13:56:20","date_gmt":"2020-12-08T13:56:20","guid":{"rendered":"https:\/\/www.ecb.ee\/about-us\/"},"modified":"2026-01-19T13:30:53","modified_gmt":"2026-01-19T13:30:53","slug":"meist","status":"publish","type":"page","link":"https:\/\/www.ecb.ee\/et\/meist\/","title":{"rendered":"Meist"},"content":{"rendered":"<div align=\"justify\">\n<h3>Kes me oleme?<\/h3>\n<p><strong>MT\u00dc Eesti Konverentsib\u00fcroo<\/strong> (ing.k. <em>Estonian Convention Bureau<\/em>) on\u00a0 liikmesp\u00f5hine <strong>Eesti<\/strong> <strong>konverentsiturismi katusorganisatsioon<\/strong>, mille eesm\u00e4rgiks on Eesti kui konverentsimaa rahvusvahelise maine kujundamine ja tuntuse t\u00f5stmine ning Eestis toimuvate rahvusvaheliste konverentside arvu suurendamine. EKB p\u00f5hitegevuseks on\u00a0<strong>Eesti kui rahvusvaheliste konverentside sihtkoha tutvustamine<\/strong>\u00a0ning\u00a0<strong>korraldajate n\u00f5ustamine<\/strong> konverentside Eestisse planeerimisel ja teenusepakkujate leidmisel.<\/p>\n<p>Esindame <strong>konverentside korraldamisega seotud ettev\u00f5tteid ning riiki ja omavalitsusi<\/strong> ja tihedat koost\u00f6\u00f6d Eesti tutvustamiseks teeme Ettev\u00f5tluse ja Innovatsiooni SA Turismiarenduskeskusega. \u00dchisesse organisatsiooni on koondunud ettev\u00f5tted, kes soovivad kaasa r\u00e4\u00e4kida ja anda oma panuse konverentsivaldkonna arendamisel Eestis ning need, kes saavad kasu meie pakutavatest praktilistest teenustest ja valdkonna-alasest informatsioonist.<\/p>\n<p>Meie liikmeskonna hulka kuuluvad <strong>Tallinna, Tartu ja P\u00e4rnu linnad<\/strong>, <strong>suurimad konverentsihotellid<\/strong>, <strong>konverentsi- ja \u00fcrituskorraldusfirmad<\/strong>, <strong>Tallinna \u00dclikool<\/strong>, erinevad <strong>s\u00fcndmuspaigad<\/strong>, <strong>Tallinna lennujaam<\/strong> ja <strong>Tallinna Sadam<\/strong>. Vaata kogu <a href=\"https:\/\/www.ecb.ee\/et\/liikmed\/\" target=\"_blank\" rel=\"noopener\">l<\/a><a href=\"https:\/\/www.ecb.ee\/et\/liikmed\/\" target=\"_blank\" rel=\"noopener\">iikmete nimekirja<\/a>.<\/p>\n<p>EKB on ka rahvusvahelise katusorganisatsiooni <a href=\"https:\/\/www.iccaworld.org\/\" target=\"_blank\" rel=\"noopener noreferrer\">ICCA (International Congress and Convention Association)<\/a> liige.<\/p>\n<h3>Pakutavad teenused klientidele:<\/h3>\n<p>Kavandades m\u00f5ne rahvusvahelise konverentsi korraldamist Eestis, oleme esimeseks kontaktiks ja n\u00f5uandjaks, kelle poole konverentsi ettevalmistuse algusj\u00e4rgus tasuks p\u00f6\u00f6rduda. Meilt saate tasuta abi k\u00f5iges konverentsidega seonduvas:<\/p>\n<ul>\n<li><strong>N\u00f5ustamine konverentsi planeerimisel\u00a0<\/strong><\/li>\n<li><strong>Taotlusdokumentide (nn &#8220;Bid documents&#8221;) koostamine<\/strong> \u2013 kui v\u00e4lisorganisatsioonile on vaja esitada ametlik taotlus j\u00e4rgmise konverentsi korraldamiseks Eestis, aitame taotlust koostada. Vaata lisaks: <a href=\"https:\/\/www.ecb.ee\/et\/korraldajale\/konverentsi-korraldusoiguse-taotlemine\/\" target=\"_blank\" rel=\"noopener noreferrer\">Konverentsi korraldus\u00f5iguse taotlemine<\/a><\/li>\n<li><a href=\"https:\/\/www.ecb.ee\/et\/konverentsiruumid\/\" target=\"_blank\" rel=\"noopener noreferrer\">Konverentsiruumide ja majutuse info<\/a> \u2013 aitame leida teie konverentsiks ja sellega seotud \u00fcritusteks sobiva ruumilahenduse ning sobivaimad hotellid osalejatele<\/li>\n<li>Aitame leida teile koost\u00f6\u00f6partneriks <a href=\"https:\/\/www.ecb.ee\/et\/firmad\/\" target=\"_blank\" rel=\"noopener noreferrer\">professionaalse konverentsikorraldusfirma<\/a>, vahendame erinevate konverentsikorraldusfirmade hinnapakkumisi, anname n\u00f5u valikute tegemiseks, suhtleme teenusepakkujatega<\/li>\n<li>Anname soovitusi\u00a0 konverentside ja \u00fcrituste <a href=\"https:\/\/www.ecb.ee\/et\/elamustegevused\/\" target=\"_blank\" rel=\"noopener noreferrer\">Vabaajaprogrammide<\/a> osas<\/li>\n<li>Abistame vajadusel konverentsi toimumiseks vajaliku\u00a0<strong>tutvumisk\u00fclastuse <\/strong>(site inspection) korraldamisel<\/li>\n<li>Kuvame teie rahvusvahelise konverentsi infot <a>meie<\/a><a href=\"https:\/\/www.ecb.ee\/et\/konverentsikalender\/\" target=\"_blank\" rel=\"noopener noreferrer\"> konverentsikalendris<\/a><\/li>\n<\/ul>\n<h3>Kuidas saada EKB liikmeks?<\/h3>\n<p>EKB liikmeks v\u00f5ivad olla\u00a0<strong>Eestis registreeritud ning konverentside korraldamisega otseselt v\u00f5i kaudselt seotud juriidilised isikud, organisatsioonid, \u00fchingud, \u00f5ppe- ja teadusasutused\u00a0<\/strong>ning<strong>\u00a0kohalikud omavalitsused<\/strong>. Lisainfot meiega liitumise kohta leiab <a href=\"https:\/\/www.ecb.ee\/et\/meist\/liitumine-eesti-konverentsiburooga\/\" target=\"_blank\" rel=\"noopener noreferrer\">siit.<\/a><\/p>\n<p>&nbsp;<\/p>\n<\/div>\n<h3>Toetajad<\/h3>\n<p>Meie tegevust toetavad <a href=\"https:\/\/eis.ee\/\" target=\"_blank\" rel=\"noopener\">Ettev\u00f5tluse ja Innovatsiooni Sihtasutus<\/a>, <a href=\"https:\/\/www.visittallinn.ee\/est\/professionaal\/konverentsiturism\/lisaks\/praktilised-t\u00f6\u00f6vahendid\" target=\"_blank\" rel=\"noopener noreferrer\">Tallinna linn,<\/a>\u00a0<a href=\"https:\/\/visittartu.com\/et\/tegevusvaldkonnad\" target=\"_blank\" rel=\"noopener noreferrer\">Tartu linn<\/a>\u00a0ja <a href=\"https:\/\/parnu.ee\/\" target=\"_blank\" rel=\"noopener noreferrer\">P\u00e4rnu linn<\/a>.<\/p>\n<p><img loading=\"lazy\" decoding=\"async\" class=\"alignnone wp-image-37679 size-full\" src=\"https:\/\/www.ecb.ee\/wp-content\/uploads\/2024\/10\/toetajad222.jpg\" alt=\"\" width=\"1170\" height=\"200\" srcset=\"https:\/\/www.ecb.ee\/wp-content\/uploads\/2024\/10\/toetajad222.jpg 1170w, https:\/\/www.ecb.ee\/wp-content\/uploads\/2024\/10\/toetajad222-300x51.jpg 300w, https:\/\/www.ecb.ee\/wp-content\/uploads\/2024\/10\/toetajad222-1024x175.jpg 1024w, https:\/\/www.ecb.ee\/wp-content\/uploads\/2024\/10\/toetajad222-768x131.jpg 768w\" sizes=\"auto, (max-width: 1170px) 100vw, 1170px\" \/><\/p>\n<p>&nbsp;<\/p>\n<h1>Vaata lisaks:<\/h1>\n","protected":false},"excerpt":{"rendered":"<p>Kes me oleme? MT\u00dc Eesti Konverentsib\u00fcroo (ing.k. Estonian Convention Bureau) on\u00a0 liikmesp\u00f5hine Eesti konverentsiturismi katusorganisatsioon, mille eesm\u00e4rgiks on Eesti kui konverentsimaa rahvusvahelise maine kujundamine ja tuntuse t\u00f5stmine ning Eestis toimuvate rahvusvaheliste konverentside arvu suurendamine. EKB p\u00f5hitegevuseks on\u00a0Eesti kui rahvusvaheliste konverentside sihtkoha tutvustamine\u00a0ning\u00a0korraldajate n\u00f5ustamine konverentside Eestisse planeerimisel ja teenusepakkujate leidmisel. Esindame konverentside korraldamisega seotud ettev\u00f5tteid ning [&hellip;]<\/p>\n","protected":false},"author":13,"featured_media":0,"parent":0,"menu_order":106,"comment_status":"closed","ping_status":"closed","template":"templates\/tpl-about_us.php","meta":{"_acf_changed":false,"footnotes":""},"class_list":["post-14983","page","type-page","status-publish","hentry"],"acf":[],"yoast_head":"<!-- This site is optimized with the Yoast SEO plugin v27.5 - https:\/\/yoast.com\/product\/yoast-seo-wordpress\/ -->\n<title>Meist - Estonian Convention Bureau<\/title>\n<meta name=\"robots\" content=\"index, follow, max-snippet:-1, max-image-preview:large, max-video-preview:-1\" \/>\n<link rel=\"canonical\" href=\"https:\/\/www.ecb.ee\/et\/meist\/\" \/>\n<meta property=\"og:locale\" content=\"et_EE\" \/>\n<meta property=\"og:type\" content=\"article\" \/>\n<meta property=\"og:title\" content=\"Meist - Estonian Convention Bureau\" \/>\n<meta property=\"og:description\" content=\"Kes me oleme? MT\u00dc Eesti Konverentsib\u00fcroo (ing.k. Estonian Convention Bureau) on\u00a0 liikmesp\u00f5hine Eesti konverentsiturismi katusorganisatsioon, mille eesm\u00e4rgiks on Eesti kui konverentsimaa rahvusvahelise maine kujundamine ja tuntuse t\u00f5stmine ning Eestis toimuvate rahvusvaheliste konverentside arvu suurendamine. EKB p\u00f5hitegevuseks on\u00a0Eesti kui rahvusvaheliste konverentside sihtkoha tutvustamine\u00a0ning\u00a0korraldajate n\u00f5ustamine konverentside Eestisse planeerimisel ja teenusepakkujate leidmisel. Esindame konverentside korraldamisega seotud ettev\u00f5tteid ning [&hellip;]\" \/>\n<meta property=\"og:url\" content=\"https:\/\/www.ecb.ee\/et\/meist\/\" \/>\n<meta property=\"og:site_name\" content=\"Estonian Convention Bureau\" \/>\n<meta property=\"article:modified_time\" content=\"2026-01-19T13:30:53+00:00\" \/>\n<meta property=\"og:image\" content=\"https:\/\/www.ecb.ee\/wp-content\/uploads\/2024\/10\/toetajad222.jpg\" \/>\n\t<meta property=\"og:image:width\" content=\"1170\" \/>\n\t<meta property=\"og:image:height\" content=\"200\" \/>\n\t<meta property=\"og:image:type\" content=\"image\/jpeg\" \/>\n<meta name=\"twitter:card\" content=\"summary_large_image\" \/>\n<meta name=\"twitter:label1\" content=\"Est. reading time\" \/>\n\t<meta name=\"twitter:data1\" content=\"3 minutit\" \/>\n<script type=\"application\/ld+json\" class=\"yoast-schema-graph\">{\"@context\":\"https:\\\/\\\/schema.org\",\"@graph\":[{\"@type\":\"WebPage\",\"@id\":\"https:\\\/\\\/www.ecb.ee\\\/et\\\/meist\\\/\",\"url\":\"https:\\\/\\\/www.ecb.ee\\\/et\\\/meist\\\/\",\"name\":\"Meist - Estonian Convention Bureau\",\"isPartOf\":{\"@id\":\"https:\\\/\\\/www.ecb.ee\\\/#website\"},\"primaryImageOfPage\":{\"@id\":\"https:\\\/\\\/www.ecb.ee\\\/et\\\/meist\\\/#primaryimage\"},\"image\":{\"@id\":\"https:\\\/\\\/www.ecb.ee\\\/et\\\/meist\\\/#primaryimage\"},\"thumbnailUrl\":\"https:\\\/\\\/www.ecb.ee\\\/wp-content\\\/uploads\\\/2024\\\/10\\\/toetajad222.jpg\",\"datePublished\":\"2020-12-08T13:56:20+00:00\",\"dateModified\":\"2026-01-19T13:30:53+00:00\",\"breadcrumb\":{\"@id\":\"https:\\\/\\\/www.ecb.ee\\\/et\\\/meist\\\/#breadcrumb\"},\"inLanguage\":\"et\",\"potentialAction\":[{\"@type\":\"ReadAction\",\"target\":[\"https:\\\/\\\/www.ecb.ee\\\/et\\\/meist\\\/\"]}]},{\"@type\":\"ImageObject\",\"inLanguage\":\"et\",\"@id\":\"https:\\\/\\\/www.ecb.ee\\\/et\\\/meist\\\/#primaryimage\",\"url\":\"https:\\\/\\\/www.ecb.ee\\\/wp-content\\\/uploads\\\/2024\\\/10\\\/toetajad222.jpg\",\"contentUrl\":\"https:\\\/\\\/www.ecb.ee\\\/wp-content\\\/uploads\\\/2024\\\/10\\\/toetajad222.jpg\"},{\"@type\":\"BreadcrumbList\",\"@id\":\"https:\\\/\\\/www.ecb.ee\\\/et\\\/meist\\\/#breadcrumb\",\"itemListElement\":[{\"@type\":\"ListItem\",\"position\":1,\"name\":\"Home\",\"item\":\"https:\\\/\\\/www.ecb.ee\\\/et\\\/\"},{\"@type\":\"ListItem\",\"position\":2,\"name\":\"Meist\"}]},{\"@type\":\"WebSite\",\"@id\":\"https:\\\/\\\/www.ecb.ee\\\/#website\",\"url\":\"https:\\\/\\\/www.ecb.ee\\\/\",\"name\":\"Estonian Convention Bureau\",\"description\":\"\",\"publisher\":{\"@id\":\"https:\\\/\\\/www.ecb.ee\\\/#organization\"},\"potentialAction\":[{\"@type\":\"SearchAction\",\"target\":{\"@type\":\"EntryPoint\",\"urlTemplate\":\"https:\\\/\\\/www.ecb.ee\\\/?s={search_term_string}\"},\"query-input\":{\"@type\":\"PropertyValueSpecification\",\"valueRequired\":true,\"valueName\":\"search_term_string\"}}],\"inLanguage\":\"et\"},{\"@type\":\"Organization\",\"@id\":\"https:\\\/\\\/www.ecb.ee\\\/#organization\",\"name\":\"Estonian Convention Bureau\",\"url\":\"https:\\\/\\\/www.ecb.ee\\\/\",\"logo\":{\"@type\":\"ImageObject\",\"inLanguage\":\"et\",\"@id\":\"https:\\\/\\\/www.ecb.ee\\\/#\\\/schema\\\/logo\\\/image\\\/\",\"url\":\"https:\\\/\\\/www.ecb.ee\\\/wp-content\\\/uploads\\\/2020\\\/12\\\/site_logo.svg\",\"contentUrl\":\"https:\\\/\\\/www.ecb.ee\\\/wp-content\\\/uploads\\\/2020\\\/12\\\/site_logo.svg\",\"caption\":\"Estonian Convention Bureau\"},\"image\":{\"@id\":\"https:\\\/\\\/www.ecb.ee\\\/#\\\/schema\\\/logo\\\/image\\\/\"}}]}<\/script>\n<!-- \/ Yoast SEO plugin. -->","yoast_head_json":{"title":"Meist - Estonian Convention Bureau","robots":{"index":"index","follow":"follow","max-snippet":"max-snippet:-1","max-image-preview":"max-image-preview:large","max-video-preview":"max-video-preview:-1"},"canonical":"https:\/\/www.ecb.ee\/et\/meist\/","og_locale":"et_EE","og_type":"article","og_title":"Meist - Estonian Convention Bureau","og_description":"Kes me oleme? MT\u00dc Eesti Konverentsib\u00fcroo (ing.k. Estonian Convention Bureau) on\u00a0 liikmesp\u00f5hine Eesti konverentsiturismi katusorganisatsioon, mille eesm\u00e4rgiks on Eesti kui konverentsimaa rahvusvahelise maine kujundamine ja tuntuse t\u00f5stmine ning Eestis toimuvate rahvusvaheliste konverentside arvu suurendamine. EKB p\u00f5hitegevuseks on\u00a0Eesti kui rahvusvaheliste konverentside sihtkoha tutvustamine\u00a0ning\u00a0korraldajate n\u00f5ustamine konverentside Eestisse planeerimisel ja teenusepakkujate leidmisel. Esindame konverentside korraldamisega seotud ettev\u00f5tteid ning [&hellip;]","og_url":"https:\/\/www.ecb.ee\/et\/meist\/","og_site_name":"Estonian Convention Bureau","article_modified_time":"2026-01-19T13:30:53+00:00","og_image":[{"width":1170,"height":200,"url":"https:\/\/www.ecb.ee\/wp-content\/uploads\/2024\/10\/toetajad222.jpg","type":"image\/jpeg"}],"twitter_card":"summary_large_image","twitter_misc":{"Est. reading time":"3 minutit"},"schema":{"@context":"https:\/\/schema.org","@graph":[{"@type":"WebPage","@id":"https:\/\/www.ecb.ee\/et\/meist\/","url":"https:\/\/www.ecb.ee\/et\/meist\/","name":"Meist - Estonian Convention Bureau","isPartOf":{"@id":"https:\/\/www.ecb.ee\/#website"},"primaryImageOfPage":{"@id":"https:\/\/www.ecb.ee\/et\/meist\/#primaryimage"},"image":{"@id":"https:\/\/www.ecb.ee\/et\/meist\/#primaryimage"},"thumbnailUrl":"https:\/\/www.ecb.ee\/wp-content\/uploads\/2024\/10\/toetajad222.jpg","datePublished":"2020-12-08T13:56:20+00:00","dateModified":"2026-01-19T13:30:53+00:00","breadcrumb":{"@id":"https:\/\/www.ecb.ee\/et\/meist\/#breadcrumb"},"inLanguage":"et","potentialAction":[{"@type":"ReadAction","target":["https:\/\/www.ecb.ee\/et\/meist\/"]}]},{"@type":"ImageObject","inLanguage":"et","@id":"https:\/\/www.ecb.ee\/et\/meist\/#primaryimage","url":"https:\/\/www.ecb.ee\/wp-content\/uploads\/2024\/10\/toetajad222.jpg","contentUrl":"https:\/\/www.ecb.ee\/wp-content\/uploads\/2024\/10\/toetajad222.jpg"},{"@type":"BreadcrumbList","@id":"https:\/\/www.ecb.ee\/et\/meist\/#breadcrumb","itemListElement":[{"@type":"ListItem","position":1,"name":"Home","item":"https:\/\/www.ecb.ee\/et\/"},{"@type":"ListItem","position":2,"name":"Meist"}]},{"@type":"WebSite","@id":"https:\/\/www.ecb.ee\/#website","url":"https:\/\/www.ecb.ee\/","name":"Estonian Convention Bureau","description":"","publisher":{"@id":"https:\/\/www.ecb.ee\/#organization"},"potentialAction":[{"@type":"SearchAction","target":{"@type":"EntryPoint","urlTemplate":"https:\/\/www.ecb.ee\/?s={search_term_string}"},"query-input":{"@type":"PropertyValueSpecification","valueRequired":true,"valueName":"search_term_string"}}],"inLanguage":"et"},{"@type":"Organization","@id":"https:\/\/www.ecb.ee\/#organization","name":"Estonian Convention Bureau","url":"https:\/\/www.ecb.ee\/","logo":{"@type":"ImageObject","inLanguage":"et","@id":"https:\/\/www.ecb.ee\/#\/schema\/logo\/image\/","url":"https:\/\/www.ecb.ee\/wp-content\/uploads\/2020\/12\/site_logo.svg","contentUrl":"https:\/\/www.ecb.ee\/wp-content\/uploads\/2020\/12\/site_logo.svg","caption":"Estonian Convention Bureau"},"image":{"@id":"https:\/\/www.ecb.ee\/#\/schema\/logo\/image\/"}}]}},"_links":{"self":[{"href":"https:\/\/www.ecb.ee\/et\/wp-json\/wp\/v2\/pages\/14983","targetHints":{"allow":["GET"]}}],"collection":[{"href":"https:\/\/www.ecb.ee\/et\/wp-json\/wp\/v2\/pages"}],"about":[{"href":"https:\/\/www.ecb.ee\/et\/wp-json\/wp\/v2\/types\/page"}],"author":[{"embeddable":true,"href":"https:\/\/www.ecb.ee\/et\/wp-json\/wp\/v2\/users\/13"}],"replies":[{"embeddable":true,"href":"https:\/\/www.ecb.ee\/et\/wp-json\/wp\/v2\/comments?post=14983"}],"version-history":[{"count":93,"href":"https:\/\/www.ecb.ee\/et\/wp-json\/wp\/v2\/pages\/14983\/revisions"}],"predecessor-version":[{"id":44237,"href":"https:\/\/www.ecb.ee\/et\/wp-json\/wp\/v2\/pages\/14983\/revisions\/44237"}],"wp:attachment":[{"href":"https:\/\/www.ecb.ee\/et\/wp-json\/wp\/v2\/media?parent=14983"}],"curies":[{"name":"wp","href":"https:\/\/api.w.org\/{rel}","templated":true}]}}