{"id":14796,"date":"2020-12-08T13:51:02","date_gmt":"2020-12-08T13:51:02","guid":{"rendered":"https:\/\/www.ecb.ee\/suppliers\/"},"modified":"2026-04-07T07:59:51","modified_gmt":"2026-04-07T07:59:51","slug":"firmad","status":"publish","type":"page","link":"https:\/\/www.ecb.ee\/et\/firmad\/","title":{"rendered":"Teenusepakkujad"},"content":{"rendered":"<h2>Teenusepakkujad<\/h2>\n<p data-start=\"101\" data-end=\"351\">Meie liikmesettev\u00f5tted pakuvad professionaalset <strong data-start=\"149\" data-end=\"206\">konverentsikorraldust ja \u00fcrituste korraldamist Eestis<\/strong>, h\u00f5lmates nii seminare, konverentse kui ka rahvusvahelisi kongresse. Lisaks korraldatakse konverentside <strong data-start=\"311\" data-end=\"350\">ekskursiooni- ja vaba aja programme<\/strong>.<\/p>\n<p data-start=\"490\" data-end=\"593\">Sobiva <strong data-start=\"497\" data-end=\"542\">\u00fcrituskorralduspartneri leidmiseks Eestis<\/strong> tutvuge meie liikmetega v\u00f5i v\u00f5tke meiega \u00fchendust.<\/p>\n","protected":false},"excerpt":{"rendered":"<p>Teenusepakkujad Meie liikmesettev\u00f5tted pakuvad professionaalset konverentsikorraldust ja \u00fcrituste korraldamist Eestis, h\u00f5lmates nii seminare, konverentse kui ka rahvusvahelisi kongresse. Lisaks korraldatakse konverentside ekskursiooni- ja vaba aja programme. Sobiva \u00fcrituskorralduspartneri leidmiseks Eestis tutvuge meie liikmetega v\u00f5i v\u00f5tke meiega \u00fchendust.<\/p>\n","protected":false},"author":13,"featured_media":0,"parent":0,"menu_order":94,"comment_status":"closed","ping_status":"closed","template":"templates\/tpl-suppliers.php","meta":{"_acf_changed":false,"footnotes":""},"class_list":["post-14796","page","type-page","status-publish","hentry"],"acf":[],"yoast_head":"<!-- This site is optimized with the Yoast SEO plugin v27.5 - https:\/\/yoast.com\/product\/yoast-seo-wordpress\/ -->\n<title>Teenusepakkujad - Estonian Convention Bureau<\/title>\n<meta name=\"robots\" content=\"index, follow, max-snippet:-1, max-image-preview:large, max-video-preview:-1\" \/>\n<link rel=\"canonical\" href=\"https:\/\/www.ecb.ee\/et\/firmad\/\" \/>\n<meta property=\"og:locale\" content=\"et_EE\" \/>\n<meta property=\"og:type\" content=\"article\" \/>\n<meta property=\"og:title\" content=\"Teenusepakkujad - Estonian Convention Bureau\" \/>\n<meta property=\"og:description\" content=\"Teenusepakkujad Meie liikmesettev\u00f5tted pakuvad professionaalset konverentsikorraldust ja \u00fcrituste korraldamist Eestis, h\u00f5lmates nii seminare, konverentse kui ka rahvusvahelisi kongresse. Lisaks korraldatakse konverentside ekskursiooni- ja vaba aja programme. Sobiva \u00fcrituskorralduspartneri leidmiseks Eestis tutvuge meie liikmetega v\u00f5i v\u00f5tke meiega \u00fchendust.\" \/>\n<meta property=\"og:url\" content=\"https:\/\/www.ecb.ee\/et\/firmad\/\" \/>\n<meta property=\"og:site_name\" content=\"Estonian Convention Bureau\" \/>\n<meta property=\"article:modified_time\" content=\"2026-04-07T07:59:51+00:00\" \/>\n<meta name=\"twitter:card\" content=\"summary_large_image\" \/>\n<meta name=\"twitter:label1\" content=\"Est. reading time\" \/>\n\t<meta name=\"twitter:data1\" content=\"1 minut\" \/>\n<script type=\"application\/ld+json\" class=\"yoast-schema-graph\">{\"@context\":\"https:\\\/\\\/schema.org\",\"@graph\":[{\"@type\":\"WebPage\",\"@id\":\"https:\\\/\\\/www.ecb.ee\\\/et\\\/firmad\\\/\",\"url\":\"https:\\\/\\\/www.ecb.ee\\\/et\\\/firmad\\\/\",\"name\":\"Teenusepakkujad - Estonian Convention Bureau\",\"isPartOf\":{\"@id\":\"https:\\\/\\\/www.ecb.ee\\\/#website\"},\"datePublished\":\"2020-12-08T13:51:02+00:00\",\"dateModified\":\"2026-04-07T07:59:51+00:00\",\"breadcrumb\":{\"@id\":\"https:\\\/\\\/www.ecb.ee\\\/et\\\/firmad\\\/#breadcrumb\"},\"inLanguage\":\"et\",\"potentialAction\":[{\"@type\":\"ReadAction\",\"target\":[\"https:\\\/\\\/www.ecb.ee\\\/et\\\/firmad\\\/\"]}]},{\"@type\":\"BreadcrumbList\",\"@id\":\"https:\\\/\\\/www.ecb.ee\\\/et\\\/firmad\\\/#breadcrumb\",\"itemListElement\":[{\"@type\":\"ListItem\",\"position\":1,\"name\":\"Home\",\"item\":\"https:\\\/\\\/www.ecb.ee\\\/et\\\/\"},{\"@type\":\"ListItem\",\"position\":2,\"name\":\"Teenusepakkujad\"}]},{\"@type\":\"WebSite\",\"@id\":\"https:\\\/\\\/www.ecb.ee\\\/#website\",\"url\":\"https:\\\/\\\/www.ecb.ee\\\/\",\"name\":\"Estonian Convention Bureau\",\"description\":\"\",\"publisher\":{\"@id\":\"https:\\\/\\\/www.ecb.ee\\\/#organization\"},\"potentialAction\":[{\"@type\":\"SearchAction\",\"target\":{\"@type\":\"EntryPoint\",\"urlTemplate\":\"https:\\\/\\\/www.ecb.ee\\\/?s={search_term_string}\"},\"query-input\":{\"@type\":\"PropertyValueSpecification\",\"valueRequired\":true,\"valueName\":\"search_term_string\"}}],\"inLanguage\":\"et\"},{\"@type\":\"Organization\",\"@id\":\"https:\\\/\\\/www.ecb.ee\\\/#organization\",\"name\":\"Estonian Convention Bureau\",\"url\":\"https:\\\/\\\/www.ecb.ee\\\/\",\"logo\":{\"@type\":\"ImageObject\",\"inLanguage\":\"et\",\"@id\":\"https:\\\/\\\/www.ecb.ee\\\/#\\\/schema\\\/logo\\\/image\\\/\",\"url\":\"https:\\\/\\\/www.ecb.ee\\\/wp-content\\\/uploads\\\/2020\\\/12\\\/site_logo.svg\",\"contentUrl\":\"https:\\\/\\\/www.ecb.ee\\\/wp-content\\\/uploads\\\/2020\\\/12\\\/site_logo.svg\",\"caption\":\"Estonian Convention Bureau\"},\"image\":{\"@id\":\"https:\\\/\\\/www.ecb.ee\\\/#\\\/schema\\\/logo\\\/image\\\/\"}}]}<\/script>\n<!-- \/ Yoast SEO plugin. -->","yoast_head_json":{"title":"Teenusepakkujad - Estonian Convention Bureau","robots":{"index":"index","follow":"follow","max-snippet":"max-snippet:-1","max-image-preview":"max-image-preview:large","max-video-preview":"max-video-preview:-1"},"canonical":"https:\/\/www.ecb.ee\/et\/firmad\/","og_locale":"et_EE","og_type":"article","og_title":"Teenusepakkujad - Estonian Convention Bureau","og_description":"Teenusepakkujad Meie liikmesettev\u00f5tted pakuvad professionaalset konverentsikorraldust ja \u00fcrituste korraldamist Eestis, h\u00f5lmates nii seminare, konverentse kui ka rahvusvahelisi kongresse. Lisaks korraldatakse konverentside ekskursiooni- ja vaba aja programme. Sobiva \u00fcrituskorralduspartneri leidmiseks Eestis tutvuge meie liikmetega v\u00f5i v\u00f5tke meiega \u00fchendust.","og_url":"https:\/\/www.ecb.ee\/et\/firmad\/","og_site_name":"Estonian Convention Bureau","article_modified_time":"2026-04-07T07:59:51+00:00","twitter_card":"summary_large_image","twitter_misc":{"Est. reading time":"1 minut"},"schema":{"@context":"https:\/\/schema.org","@graph":[{"@type":"WebPage","@id":"https:\/\/www.ecb.ee\/et\/firmad\/","url":"https:\/\/www.ecb.ee\/et\/firmad\/","name":"Teenusepakkujad - Estonian Convention Bureau","isPartOf":{"@id":"https:\/\/www.ecb.ee\/#website"},"datePublished":"2020-12-08T13:51:02+00:00","dateModified":"2026-04-07T07:59:51+00:00","breadcrumb":{"@id":"https:\/\/www.ecb.ee\/et\/firmad\/#breadcrumb"},"inLanguage":"et","potentialAction":[{"@type":"ReadAction","target":["https:\/\/www.ecb.ee\/et\/firmad\/"]}]},{"@type":"BreadcrumbList","@id":"https:\/\/www.ecb.ee\/et\/firmad\/#breadcrumb","itemListElement":[{"@type":"ListItem","position":1,"name":"Home","item":"https:\/\/www.ecb.ee\/et\/"},{"@type":"ListItem","position":2,"name":"Teenusepakkujad"}]},{"@type":"WebSite","@id":"https:\/\/www.ecb.ee\/#website","url":"https:\/\/www.ecb.ee\/","name":"Estonian Convention Bureau","description":"","publisher":{"@id":"https:\/\/www.ecb.ee\/#organization"},"potentialAction":[{"@type":"SearchAction","target":{"@type":"EntryPoint","urlTemplate":"https:\/\/www.ecb.ee\/?s={search_term_string}"},"query-input":{"@type":"PropertyValueSpecification","valueRequired":true,"valueName":"search_term_string"}}],"inLanguage":"et"},{"@type":"Organization","@id":"https:\/\/www.ecb.ee\/#organization","name":"Estonian Convention Bureau","url":"https:\/\/www.ecb.ee\/","logo":{"@type":"ImageObject","inLanguage":"et","@id":"https:\/\/www.ecb.ee\/#\/schema\/logo\/image\/","url":"https:\/\/www.ecb.ee\/wp-content\/uploads\/2020\/12\/site_logo.svg","contentUrl":"https:\/\/www.ecb.ee\/wp-content\/uploads\/2020\/12\/site_logo.svg","caption":"Estonian Convention Bureau"},"image":{"@id":"https:\/\/www.ecb.ee\/#\/schema\/logo\/image\/"}}]}},"_links":{"self":[{"href":"https:\/\/www.ecb.ee\/et\/wp-json\/wp\/v2\/pages\/14796","targetHints":{"allow":["GET"]}}],"collection":[{"href":"https:\/\/www.ecb.ee\/et\/wp-json\/wp\/v2\/pages"}],"about":[{"href":"https:\/\/www.ecb.ee\/et\/wp-json\/wp\/v2\/types\/page"}],"author":[{"embeddable":true,"href":"https:\/\/www.ecb.ee\/et\/wp-json\/wp\/v2\/users\/13"}],"replies":[{"embeddable":true,"href":"https:\/\/www.ecb.ee\/et\/wp-json\/wp\/v2\/comments?post=14796"}],"version-history":[{"count":15,"href":"https:\/\/www.ecb.ee\/et\/wp-json\/wp\/v2\/pages\/14796\/revisions"}],"predecessor-version":[{"id":45908,"href":"https:\/\/www.ecb.ee\/et\/wp-json\/wp\/v2\/pages\/14796\/revisions\/45908"}],"wp:attachment":[{"href":"https:\/\/www.ecb.ee\/et\/wp-json\/wp\/v2\/media?parent=14796"}],"curies":[{"name":"wp","href":"https:\/\/api.w.org\/{rel}","templated":true}]}}